{"id":948,"date":"2018-09-19T14:41:14","date_gmt":"2018-09-19T17:41:14","guid":{"rendered":"http:\/\/ecoinovar.institucional.ws\/?page_id=948"},"modified":"2020-10-30T19:16:09","modified_gmt":"2020-10-30T22:16:09","slug":"submissao-de-projetos","status":"publish","type":"page","link":"https:\/\/ecoinovar.com\/9\/expo\/submissao-de-projetos\/","title":{"rendered":"Submiss\u00e3o de Projetos"},"content":{"rendered":"\t\t<div data-elementor-type=\"wp-page\" data-elementor-id=\"948\" class=\"elementor elementor-948\" data-elementor-post-type=\"page\">\n\t\t\t\t\t\t<section class=\"elementor-section elementor-top-section elementor-element elementor-element-6c301e5b elementor-section-boxed elementor-section-height-default elementor-section-height-default\" data-id=\"6c301e5b\" data-element_type=\"section\">\n\t\t\t\t\t\t<div class=\"elementor-container elementor-column-gap-default\">\n\t\t\t\t\t<div class=\"elementor-column elementor-col-100 elementor-top-column elementor-element elementor-element-dc05eb\" data-id=\"dc05eb\" data-element_type=\"column\">\n\t\t\t<div class=\"elementor-widget-wrap elementor-element-populated\">\n\t\t\t\t\t\t<div class=\"elementor-element elementor-element-36de98da elementor-widget elementor-widget-text-editor\" data-id=\"36de98da\" data-element_type=\"widget\" data-widget_type=\"text-editor.default\">\n\t\t\t\t<div class=\"elementor-widget-container\">\n\t\t\t\t\t\t\t\t\t<p style=\"text-align: justify;\">As submiss\u00f5es de projetos para a III Expo Ecoinovar<b>&nbsp;<\/b><span style=\"word-spacing: normal;\">est\u00e3o abertas&nbsp;<\/span><span style=\"word-spacing: normal; font-weight: bold;\">at\u00e9 as 23h59m do dia 06 de novembro de 2020.<\/span><\/p>\n<p style=\"text-align: justify;\">Os projetos a serem submetidos \u00e0 Expo Ecoinovar devem contemplar ideias e solu\u00e7\u00f5es, por meio de <strong>produtos, servi\u00e7os, pr\u00e1ticas e\/ou a\u00e7\u00f5es<\/strong>, existentes ou em desenvolvimento, que possam contribuir para um futuro mais justo e sustent\u00e1vel. Os projetos ser\u00e3o submetidos no formato de resumo, contendo: <em><strong>T\u00edtulo; Identifica\u00e7\u00e3o dos integrantes da Equipe; Institui\u00e7\u00e3o; Categoria; S\u00edntese do Projeto; Resultados e Benef\u00edcios Esperados; Conclus\u00e3o<\/strong><\/em>.<\/p>\n<p style=\"text-align: justify;\">Observa-se que os projetos devem ser submetidos em arquivo formato .PDF de, no m\u00e1ximo, uma (1) p\u00e1gina. Al\u00e9m disso,&nbsp;n\u00e3o h\u00e1 um n\u00famero limite de equipes\/projetos por institui\u00e7\u00e3o, desde que cada integrante participe de, no m\u00e1ximo, dois projetos.<\/p>\n<p style=\"text-align: justify;\">Cada equipe ser\u00e1 composta por, no m\u00e1ximo, 5 (cinco) integrantes e a&nbsp;equipe dever\u00e1 eleger um integrante respons\u00e1vel pela equipe e pela submiss\u00e3o do projeto.<\/p>\n<p style=\"text-align: justify;\">A equipe dever\u00e1 se inscrever em uma das categorias, a seguir:<\/p>\n<ul>\n<li style=\"text-align: justify;\">CATEGORIA I: ALUNOS DO ENSINO SUPERIOR<\/li>\n<li style=\"text-align: justify;\">CATEGORIA II: EMPREENDEDORES DE STARTUPS<\/li>\n<li style=\"text-align: justify;\">CATEGORIA III: EMPREENDEDORES DE EMPRESAS<\/li>\n<li style=\"text-align: justify;\">CATEGORIA IV: EMPREENDEDORES DE ONGs<\/li>\n<\/ul>\n<p style=\"text-align: justify;\"><strong>IMPORTANTE:<\/strong> <span style=\"text-decoration: underline;\">O integrante respons\u00e1vel pela submiss\u00e3o dever\u00e1 realizar um cadastro no sistema para, ent\u00e3o, iniciar o processo de submiss\u00e3o do projeto.<\/span> Na submiss\u00e3o, o respons\u00e1vel, entre outras informa\u00e7\u00f5es, dever\u00e1 informar os dados do projeto e dos participantes da equipe. <span style=\"text-decoration: underline;\">Os demais integrantes n\u00e3o necessitam realizar cadastro no sistema.<\/span><\/p>\t\t\t\t\t\t\t\t<\/div>\n\t\t\t\t<\/div>\n\t\t\t\t\t<\/div>\n\t\t<\/div>\n\t\t\t\t\t<\/div>\n\t\t<\/section>\n\t\t\t\t<section class=\"elementor-section elementor-top-section elementor-element elementor-element-fc295a8 elementor-section-boxed elementor-section-height-default elementor-section-height-default\" data-id=\"fc295a8\" data-element_type=\"section\">\n\t\t\t\t\t\t<div class=\"elementor-container elementor-column-gap-default\">\n\t\t\t\t\t<div class=\"elementor-column elementor-col-100 elementor-top-column elementor-element elementor-element-454e08f\" data-id=\"454e08f\" data-element_type=\"column\">\n\t\t\t<div class=\"elementor-widget-wrap elementor-element-populated\">\n\t\t\t\t\t\t<section class=\"elementor-section elementor-inner-section elementor-element elementor-element-75679b9 elementor-section-boxed elementor-section-height-default elementor-section-height-default\" data-id=\"75679b9\" data-element_type=\"section\">\n\t\t\t\t\t\t<div class=\"elementor-container elementor-column-gap-default\">\n\t\t\t\t\t<div class=\"elementor-column elementor-col-50 elementor-inner-column elementor-element elementor-element-bc2666a\" data-id=\"bc2666a\" data-element_type=\"column\">\n\t\t\t<div class=\"elementor-widget-wrap elementor-element-populated\">\n\t\t\t\t\t\t<div class=\"elementor-element elementor-element-d886c02 elementor-align-center elementor-widget elementor-widget-button\" data-id=\"d886c02\" data-element_type=\"widget\" data-widget_type=\"button.default\">\n\t\t\t\t<div class=\"elementor-widget-container\">\n\t\t\t\t\t\t\t\t\t<div class=\"elementor-button-wrapper\">\n\t\t\t\t\t<a class=\"elementor-button elementor-button-link elementor-size-xl\" href=\"https:\/\/ecoinovar.com\/9\/wp-content\/uploads\/2020\/10\/Regulamento_ExpoEcoinovar_2020-1.pdf\" target=\"_blank\" id=\"btn-home\">\n\t\t\t\t\t\t<span class=\"elementor-button-content-wrapper\">\n\t\t\t\t\t\t\t\t\t<span class=\"elementor-button-text\">REGULAMENTO - III EXPO ECOINOVAR<br> <span class=\"subtituloBtnCaixa\"> Baixe o regulamento...<\/span><\/span>\n\t\t\t\t\t<\/span>\n\t\t\t\t\t<\/a>\n\t\t\t\t<\/div>\n\t\t\t\t\t\t\t\t<\/div>\n\t\t\t\t<\/div>\n\t\t\t\t\t<\/div>\n\t\t<\/div>\n\t\t\t\t<div class=\"elementor-column elementor-col-50 elementor-inner-column elementor-element elementor-element-7da5963\" data-id=\"7da5963\" data-element_type=\"column\">\n\t\t\t<div class=\"elementor-widget-wrap\">\n\t\t\t\t\t\t\t<\/div>\n\t\t<\/div>\n\t\t\t\t\t<\/div>\n\t\t<\/section>\n\t\t\t\t<div class=\"elementor-element elementor-element-9da3b1f elementor-widget elementor-widget-heading\" data-id=\"9da3b1f\" data-element_type=\"widget\" data-widget_type=\"heading.default\">\n\t\t\t\t<div class=\"elementor-widget-container\">\n\t\t\t\t\t<h3 class=\"elementor-heading-title elementor-size-large\">Envie seu trabalho online<\/h3>\t\t\t\t<\/div>\n\t\t\t\t<\/div>\n\t\t\t\t<section class=\"elementor-section elementor-inner-section elementor-element elementor-element-a1b14bb elementor-section-boxed elementor-section-height-default elementor-section-height-default\" data-id=\"a1b14bb\" data-element_type=\"section\">\n\t\t\t\t\t\t<div class=\"elementor-container elementor-column-gap-default\">\n\t\t\t\t\t<div class=\"elementor-column elementor-col-50 elementor-inner-column elementor-element elementor-element-77c9e5d\" data-id=\"77c9e5d\" data-element_type=\"column\">\n\t\t\t<div class=\"elementor-widget-wrap elementor-element-populated\">\n\t\t\t\t\t\t<div class=\"elementor-element elementor-element-0285b7a elementor-align-center elementor-widget elementor-widget-button\" data-id=\"0285b7a\" data-element_type=\"widget\" data-widget_type=\"button.default\">\n\t\t\t\t<div class=\"elementor-widget-container\">\n\t\t\t\t\t\t\t\t\t<div class=\"elementor-button-wrapper\">\n\t\t\t\t\t<a class=\"elementor-button elementor-button-link elementor-size-xl\" href=\"http:\/\/ecoinovar.submissao.com.br\/3expoecoinovar\/login.php\" target=\"_blank\" id=\"btn-home\">\n\t\t\t\t\t\t<span class=\"elementor-button-content-wrapper\">\n\t\t\t\t\t\t\t\t\t<span class=\"elementor-button-text\">ACESSE O SISTEMA<br> <span class=\"subtituloBtnCaixa\"> Acesse o sistema e envie seu trabalho <\/span><\/span>\n\t\t\t\t\t<\/span>\n\t\t\t\t\t<\/a>\n\t\t\t\t<\/div>\n\t\t\t\t\t\t\t\t<\/div>\n\t\t\t\t<\/div>\n\t\t\t\t\t<\/div>\n\t\t<\/div>\n\t\t\t\t<div class=\"elementor-column elementor-col-50 elementor-inner-column elementor-element elementor-element-a8fd5fb\" data-id=\"a8fd5fb\" data-element_type=\"column\">\n\t\t\t<div class=\"elementor-widget-wrap\">\n\t\t\t\t\t\t\t<\/div>\n\t\t<\/div>\n\t\t\t\t\t<\/div>\n\t\t<\/section>\n\t\t\t\t\t<\/div>\n\t\t<\/div>\n\t\t\t\t\t<\/div>\n\t\t<\/section>\n\t\t\t\t<\/div>\n\t\t","protected":false},"excerpt":{"rendered":"<p>As submiss\u00f5es de projetos para a III Expo Ecoinovar&nbsp;est\u00e3o abertas&nbsp;at\u00e9 as 23h59m do dia 06 de novembro de 2020. Os projetos a serem submetidos \u00e0 Expo Ecoinovar devem contemplar ideias e solu\u00e7\u00f5es, por meio de produtos, servi\u00e7os, pr\u00e1ticas e\/ou a\u00e7\u00f5es, existentes ou em desenvolvimento, que possam contribuir para um futuro mais justo e sustent\u00e1vel. Os&hellip;<\/p>\n","protected":false},"author":1,"featured_media":0,"parent":944,"menu_order":0,"comment_status":"closed","ping_status":"closed","template":"","meta":{"footnotes":"","_links_to":"","_links_to_target":""},"class_list":["post-948","page","type-page","status-publish","hentry"],"_links":{"self":[{"href":"https:\/\/ecoinovar.com\/9\/wp-json\/wp\/v2\/pages\/948","targetHints":{"allow":["GET"]}}],"collection":[{"href":"https:\/\/ecoinovar.com\/9\/wp-json\/wp\/v2\/pages"}],"about":[{"href":"https:\/\/ecoinovar.com\/9\/wp-json\/wp\/v2\/types\/page"}],"author":[{"embeddable":true,"href":"https:\/\/ecoinovar.com\/9\/wp-json\/wp\/v2\/users\/1"}],"replies":[{"embeddable":true,"href":"https:\/\/ecoinovar.com\/9\/wp-json\/wp\/v2\/comments?post=948"}],"version-history":[{"count":9,"href":"https:\/\/ecoinovar.com\/9\/wp-json\/wp\/v2\/pages\/948\/revisions"}],"predecessor-version":[{"id":3198,"href":"https:\/\/ecoinovar.com\/9\/wp-json\/wp\/v2\/pages\/948\/revisions\/3198"}],"up":[{"embeddable":true,"href":"https:\/\/ecoinovar.com\/9\/wp-json\/wp\/v2\/pages\/944"}],"wp:attachment":[{"href":"https:\/\/ecoinovar.com\/9\/wp-json\/wp\/v2\/media?parent=948"}],"curies":[{"name":"wp","href":"https:\/\/api.w.org\/{rel}","templated":true}]}}