{"id":590,"date":"2017-06-05T17:47:15","date_gmt":"2017-06-05T20:47:15","guid":{"rendered":"http:\/\/ecoinovar.institucional.ws\/?page_id=590"},"modified":"2020-11-15T15:06:22","modified_gmt":"2020-11-15T18:06:22","slug":"trabalhos-aprovados-mostra","status":"publish","type":"page","link":"https:\/\/ecoinovar.com\/9\/mostra-cientifica\/trabalhos-aprovados-mostra\/","title":{"rendered":"Trabalhos Aprovados"},"content":{"rendered":"\t\t<div data-elementor-type=\"wp-page\" data-elementor-id=\"590\" class=\"elementor elementor-590\" data-elementor-post-type=\"page\">\n\t\t\t\t\t\t<section class=\"elementor-section elementor-top-section elementor-element elementor-element-b674dad elementor-section-boxed elementor-section-height-default elementor-section-height-default\" data-id=\"b674dad\" data-element_type=\"section\">\n\t\t\t\t\t\t<div class=\"elementor-container elementor-column-gap-default\">\n\t\t\t\t\t<div class=\"elementor-column elementor-col-100 elementor-top-column elementor-element elementor-element-4766745\" data-id=\"4766745\" data-element_type=\"column\">\n\t\t\t<div class=\"elementor-widget-wrap elementor-element-populated\">\n\t\t\t\t\t\t<div class=\"elementor-element elementor-element-a256970 elementor-widget elementor-widget-text-editor\" data-id=\"a256970\" data-element_type=\"widget\" data-widget_type=\"text-editor.default\">\n\t\t\t\t<div class=\"elementor-widget-container\">\n\t\t\t\t\t\t\t\t\t<p><span style=\"text-align: justify;\">Abaixo, confira a rela\u00e7\u00e3o dos projetos aprovados na IV Mostra Cient\u00edfica Ecoinovar.<\/span><\/p>\t\t\t\t\t\t\t\t<\/div>\n\t\t\t\t<\/div>\n\t\t\t\t<section class=\"elementor-section elementor-inner-section elementor-element elementor-element-63871d2 elementor-section-boxed elementor-section-height-default elementor-section-height-default\" data-id=\"63871d2\" data-element_type=\"section\">\n\t\t\t\t\t\t<div class=\"elementor-container elementor-column-gap-default\">\n\t\t\t\t\t<div class=\"elementor-column elementor-col-50 elementor-inner-column elementor-element elementor-element-afb1af3\" data-id=\"afb1af3\" data-element_type=\"column\">\n\t\t\t<div class=\"elementor-widget-wrap elementor-element-populated\">\n\t\t\t\t\t\t<div class=\"elementor-element elementor-element-281373c elementor-align-center elementor-widget elementor-widget-button\" data-id=\"281373c\" data-element_type=\"widget\" data-widget_type=\"button.default\">\n\t\t\t\t<div class=\"elementor-widget-container\">\n\t\t\t\t\t\t\t\t\t<div class=\"elementor-button-wrapper\">\n\t\t\t\t\t<a class=\"elementor-button elementor-button-link elementor-size-xl\" href=\"https:\/\/ecoinovar.com\/9\/wp-content\/uploads\/2020\/11\/Programacao-Mostra.pdf\" target=\"_blank\" id=\"btn-home\">\n\t\t\t\t\t\t<span class=\"elementor-button-content-wrapper\">\n\t\t\t\t\t\t\t\t\t<span class=\"elementor-button-text\">TRABALHO APROVADOS <br> <span class=\"subtituloBtnCaixa\"> Dispon\u00edvel<\/span><\/span>\n\t\t\t\t\t<\/span>\n\t\t\t\t\t<\/a>\n\t\t\t\t<\/div>\n\t\t\t\t\t\t\t\t<\/div>\n\t\t\t\t<\/div>\n\t\t\t\t\t<\/div>\n\t\t<\/div>\n\t\t\t\t<div class=\"elementor-column elementor-col-50 elementor-inner-column elementor-element elementor-element-76acfbe\" data-id=\"76acfbe\" data-element_type=\"column\">\n\t\t\t<div class=\"elementor-widget-wrap\">\n\t\t\t\t\t\t\t<\/div>\n\t\t<\/div>\n\t\t\t\t\t<\/div>\n\t\t<\/section>\n\t\t\t\t\t<\/div>\n\t\t<\/div>\n\t\t\t\t\t<\/div>\n\t\t<\/section>\n\t\t\t\t<section class=\"elementor-section elementor-top-section elementor-element elementor-element-20bf0b42 elementor-section-boxed elementor-section-height-default elementor-section-height-default\" data-id=\"20bf0b42\" data-element_type=\"section\">\n\t\t\t\t\t\t<div class=\"elementor-container elementor-column-gap-default\">\n\t\t\t\t\t<div class=\"elementor-column elementor-col-100 elementor-top-column elementor-element elementor-element-7c2aae86\" data-id=\"7c2aae86\" data-element_type=\"column\">\n\t\t\t<div class=\"elementor-widget-wrap elementor-element-populated\">\n\t\t\t\t\t\t<div class=\"elementor-element elementor-element-1832f164 elementor-widget elementor-widget-text-editor\" data-id=\"1832f164\" data-element_type=\"widget\" data-widget_type=\"text-editor.default\">\n\t\t\t\t<div class=\"elementor-widget-container\">\n\t\t\t\t\t\t\t\t\t<p style=\"text-align: justify;\"><strong style=\"word-spacing: normal;\">IMPORTANTE:<\/strong><span style=\"word-spacing: normal;\"> Todos os participantes das equipes com projetos aprovados informados no momento da submiss\u00e3o est\u00e3o automaticamente inscritos na IV Mostra Cient\u00edfica Ecoinovar.<\/span><br><\/p>\n<p style=\"text-align: justify;\">\u00c9 obrigat\u00f3ria a participa\u00e7\u00e3o do aluno l\u00edder e do professor coordenador (caso o aluno participante seja menor de 18 anos) de cada projeto aprovado. A participa\u00e7\u00e3o dos demais integrantes \u00e9 optativa.<\/p>\n<p style=\"text-align: justify;\">Ressalta-se que os integrantes das equipes com trabalhos aprovados na Mostra Cient\u00edfica Ecoinovar n\u00e3o precisar\u00e3o realizar o pagamento de taxa de inscri\u00e7\u00e3o.<\/p>\n<p style=\"text-align: justify;\">Al\u00e9m dos Certificados de Participa\u00e7\u00e3o na Mostra Cient\u00edfica Ecoinovar (8h\/aula) que ser\u00e3o concedidos para aqueles que obtiverem frequ\u00eancia m\u00ednima (75%) nas atividades, a Mostra ir\u00e1 premiar os projetos com melhores coloca\u00e7\u00f5es (vide o regulamento).<\/p>\n<p style=\"text-align: justify;\">Ressalta-se ainda, que os participantes da Mostra Cient\u00edfica Ecoinovar n\u00e3o receber\u00e3o certificado do 9\u00ba F\u00f3rum Internacional Ecoinovar, j\u00e1 que as atividades s\u00e3o distintas.<\/p>\t\t\t\t\t\t\t\t<\/div>\n\t\t\t\t<\/div>\n\t\t\t\t\t<\/div>\n\t\t<\/div>\n\t\t\t\t\t<\/div>\n\t\t<\/section>\n\t\t\t\t<\/div>\n\t\t","protected":false},"excerpt":{"rendered":"<p>Abaixo, confira a rela\u00e7\u00e3o dos projetos aprovados na IV Mostra Cient\u00edfica Ecoinovar. TRABALHO APROVADOS Dispon\u00edvel IMPORTANTE: Todos os participantes das equipes com projetos aprovados informados no momento da submiss\u00e3o est\u00e3o automaticamente inscritos na IV Mostra Cient\u00edfica Ecoinovar. \u00c9 obrigat\u00f3ria a participa\u00e7\u00e3o do aluno l\u00edder e do professor coordenador (caso o aluno participante seja menor de&hellip;<\/p>\n","protected":false},"author":1,"featured_media":0,"parent":578,"menu_order":30,"comment_status":"closed","ping_status":"closed","template":"","meta":{"footnotes":"","_links_to":"","_links_to_target":""},"class_list":["post-590","page","type-page","status-publish","hentry"],"_links":{"self":[{"href":"https:\/\/ecoinovar.com\/9\/wp-json\/wp\/v2\/pages\/590","targetHints":{"allow":["GET"]}}],"collection":[{"href":"https:\/\/ecoinovar.com\/9\/wp-json\/wp\/v2\/pages"}],"about":[{"href":"https:\/\/ecoinovar.com\/9\/wp-json\/wp\/v2\/types\/page"}],"author":[{"embeddable":true,"href":"https:\/\/ecoinovar.com\/9\/wp-json\/wp\/v2\/users\/1"}],"replies":[{"embeddable":true,"href":"https:\/\/ecoinovar.com\/9\/wp-json\/wp\/v2\/comments?post=590"}],"version-history":[{"count":5,"href":"https:\/\/ecoinovar.com\/9\/wp-json\/wp\/v2\/pages\/590\/revisions"}],"predecessor-version":[{"id":3389,"href":"https:\/\/ecoinovar.com\/9\/wp-json\/wp\/v2\/pages\/590\/revisions\/3389"}],"up":[{"embeddable":true,"href":"https:\/\/ecoinovar.com\/9\/wp-json\/wp\/v2\/pages\/578"}],"wp:attachment":[{"href":"https:\/\/ecoinovar.com\/9\/wp-json\/wp\/v2\/media?parent=590"}],"curies":[{"name":"wp","href":"https:\/\/api.w.org\/{rel}","templated":true}]}}