{"id":583,"date":"2017-06-05T17:41:24","date_gmt":"2017-06-05T20:41:24","guid":{"rendered":"http:\/\/ecoinovar.institucional.ws\/?page_id=583"},"modified":"2020-10-30T19:14:33","modified_gmt":"2020-10-30T22:14:33","slug":"submissao-de-trabalhos","status":"publish","type":"page","link":"https:\/\/ecoinovar.com\/9\/mostra-cientifica\/submissao-de-trabalhos\/","title":{"rendered":"Submiss\u00e3o de Trabalhos"},"content":{"rendered":"\t\t<div data-elementor-type=\"wp-page\" data-elementor-id=\"583\" class=\"elementor elementor-583\" data-elementor-post-type=\"page\">\n\t\t\t\t\t\t<section class=\"elementor-section elementor-top-section elementor-element elementor-element-1a40dd8d elementor-section-boxed elementor-section-height-default elementor-section-height-default\" data-id=\"1a40dd8d\" data-element_type=\"section\">\n\t\t\t\t\t\t<div class=\"elementor-container elementor-column-gap-default\">\n\t\t\t\t\t<div class=\"elementor-column elementor-col-100 elementor-top-column elementor-element elementor-element-11fe3bbb\" data-id=\"11fe3bbb\" data-element_type=\"column\">\n\t\t\t<div class=\"elementor-widget-wrap elementor-element-populated\">\n\t\t\t\t\t\t<div class=\"elementor-element elementor-element-438485a4 elementor-widget elementor-widget-text-editor\" data-id=\"438485a4\" data-element_type=\"widget\" data-widget_type=\"text-editor.default\">\n\t\t\t\t<div class=\"elementor-widget-container\">\n\t\t\t\t\t\t\t\t\t<p style=\"text-align: justify;\">As submiss\u00f5es de projetos para a IV Mostra Cient\u00edfica Ecoinovar est\u00e3o abertas <strong>at\u00e9 as 23h59m do dia 06 de novembro de 2020.<\/strong><\/p>\n<p style=\"text-align: justify;\">O projeto deve ser submetido em formato resumo e abordar temas relacionados a <strong><em>Inova\u00e7\u00e3o<\/em><\/strong> e\/ou <strong><em>Sustentabilidade<\/em><\/strong>, contendo introdu\u00e7\u00e3o, objetivos, metodologia, resultados (esperados\/alcan\u00e7ados) e conclus\u00e3o.<\/p>\n<p style=\"text-align: justify;\">Observa-se que os projetos devem ser submetidos em arquivo formato .PDF&nbsp;de, no m\u00e1ximo, uma (1) p\u00e1gina. Al\u00e9m disso, n\u00e3o ter\u00e1 n\u00famero limite para a inscri\u00e7\u00e3o de equipes por escola, desde que cada aluno participe apenas de um projeto.<\/p>\n<p style=\"text-align: justify;\">Os projetos que estiverem associados a uma equipe dever\u00e3o ser compostos por, no m\u00e1ximo, quatro (4) alunos, sendo um (1) aluno l\u00edder. Preferencialmente, os estudantes devem estar no mesmo n\u00edvel de ensino da mesma institui\u00e7\u00e3o. Al\u00e9m disso, devem conter um professor coordenador, respons\u00e1vel pela submiss\u00e3o, al\u00e9m da op\u00e7\u00e3o de mais dois professores colaboradores.<\/p>\n<p style=\"text-align: justify;\">A equipe dever\u00e1 se inscrever em uma das categorias, a seguir:<\/p>\n<ul style=\"text-align: justify;\">\n<li>CATEGORIA I: ALUNOS DO ENSINO T\u00c9CNICO<\/li>\n<li>CATEGORIA II: ALUNOS DO ENSINO M\u00c9DIO<\/li>\n<li>CATEGORIA III: ALUNOS DO ENSINO FUNDAMENTAL<\/li>\n<\/ul>\n<p style=\"text-align: justify;\"><strong>IMPORTANTE:<\/strong>&nbsp;<span style=\"text-decoration: underline;\">O professor coordenador&nbsp;dever\u00e1 realizar um cadastro no sistema<\/span> e, ap\u00f3s, iniciar o processo de&nbsp;submiss\u00e3o do resumo no sistema. Na submiss\u00e3o, o professor coordenador, entre outras informa\u00e7\u00f5es, dever\u00e1 informar os alunos participantes do projeto, incluindo o aluno l\u00edder, e os professores colaboradores (caso houver). <span style=\"text-decoration: underline;\">Os alunos e os professores colaboradores n\u00e3o necessitam realizar cadastro no sistema<\/span>.<\/p>\n<p style=\"text-align: justify;\">Todos os trabalhos apresentados na IV Mostra Cient\u00edfica Ecoinovar ser\u00e3o publicados nos Anais no evento.<\/p>\n<p style=\"text-align: justify;\">\n<\/p>\t\t\t\t\t\t\t\t<\/div>\n\t\t\t\t<\/div>\n\t\t\t\t\t<\/div>\n\t\t<\/div>\n\t\t\t\t\t<\/div>\n\t\t<\/section>\n\t\t\t\t<section class=\"elementor-section elementor-top-section elementor-element elementor-element-933f392 elementor-section-boxed elementor-section-height-default elementor-section-height-default\" data-id=\"933f392\" data-element_type=\"section\">\n\t\t\t\t\t\t<div class=\"elementor-container elementor-column-gap-default\">\n\t\t\t\t\t<div class=\"elementor-column elementor-col-50 elementor-top-column elementor-element elementor-element-9bf9a97\" data-id=\"9bf9a97\" data-element_type=\"column\">\n\t\t\t<div class=\"elementor-widget-wrap elementor-element-populated\">\n\t\t\t\t\t\t<div class=\"elementor-element elementor-element-9630573 elementor-align-center elementor-widget elementor-widget-button\" data-id=\"9630573\" data-element_type=\"widget\" data-widget_type=\"button.default\">\n\t\t\t\t<div class=\"elementor-widget-container\">\n\t\t\t\t\t\t\t\t\t<div class=\"elementor-button-wrapper\">\n\t\t\t\t\t<a class=\"elementor-button elementor-button-link elementor-size-xl\" href=\"https:\/\/ecoinovar.com\/9\/wp-content\/uploads\/2020\/10\/Regulamento_MostraEcoinovar_2020-1.pdf\" target=\"_blank\" id=\"btn-home\">\n\t\t\t\t\t\t<span class=\"elementor-button-content-wrapper\">\n\t\t\t\t\t\t\t\t\t<span class=\"elementor-button-text\">REGULAMENTO - IV MOSTRA CIENT\u00cdFICA ECOINOVAR<br> <span class=\"subtituloBtnCaixa\"> Baixe o regulamento... <\/span><\/span>\n\t\t\t\t\t<\/span>\n\t\t\t\t\t<\/a>\n\t\t\t\t<\/div>\n\t\t\t\t\t\t\t\t<\/div>\n\t\t\t\t<\/div>\n\t\t\t\t\t<\/div>\n\t\t<\/div>\n\t\t\t\t<div class=\"elementor-column elementor-col-50 elementor-top-column elementor-element elementor-element-cfd33f8\" data-id=\"cfd33f8\" data-element_type=\"column\">\n\t\t\t<div class=\"elementor-widget-wrap\">\n\t\t\t\t\t\t\t<\/div>\n\t\t<\/div>\n\t\t\t\t\t<\/div>\n\t\t<\/section>\n\t\t\t\t<section class=\"elementor-section elementor-top-section elementor-element elementor-element-df96a61 elementor-section-boxed elementor-section-height-default elementor-section-height-default\" data-id=\"df96a61\" data-element_type=\"section\">\n\t\t\t\t\t\t<div class=\"elementor-container elementor-column-gap-default\">\n\t\t\t\t\t<div class=\"elementor-column elementor-col-100 elementor-top-column elementor-element elementor-element-d37a4b3\" data-id=\"d37a4b3\" data-element_type=\"column\">\n\t\t\t<div class=\"elementor-widget-wrap elementor-element-populated\">\n\t\t\t\t\t\t<div class=\"elementor-element elementor-element-f3b139f elementor-widget elementor-widget-heading\" data-id=\"f3b139f\" data-element_type=\"widget\" data-widget_type=\"heading.default\">\n\t\t\t\t<div class=\"elementor-widget-container\">\n\t\t\t\t\t<h3 class=\"elementor-heading-title elementor-size-default\">Envie seu Trabalho online<\/h3>\t\t\t\t<\/div>\n\t\t\t\t<\/div>\n\t\t\t\t\t<\/div>\n\t\t<\/div>\n\t\t\t\t\t<\/div>\n\t\t<\/section>\n\t\t\t\t<section class=\"elementor-section elementor-top-section elementor-element elementor-element-ff17926 elementor-section-boxed elementor-section-height-default elementor-section-height-default\" data-id=\"ff17926\" data-element_type=\"section\">\n\t\t\t\t\t\t<div class=\"elementor-container elementor-column-gap-default\">\n\t\t\t\t\t<div class=\"elementor-column elementor-col-50 elementor-top-column elementor-element elementor-element-da0f092\" data-id=\"da0f092\" data-element_type=\"column\">\n\t\t\t<div class=\"elementor-widget-wrap elementor-element-populated\">\n\t\t\t\t\t\t<div class=\"elementor-element elementor-element-de9638c elementor-align-center elementor-widget elementor-widget-button\" data-id=\"de9638c\" data-element_type=\"widget\" data-widget_type=\"button.default\">\n\t\t\t\t<div class=\"elementor-widget-container\">\n\t\t\t\t\t\t\t\t\t<div class=\"elementor-button-wrapper\">\n\t\t\t\t\t<a class=\"elementor-button elementor-button-link elementor-size-xl\" href=\"http:\/\/ecoinovar.submissao.com.br\/4mostraecoinovar\/login.php\" target=\"_blank\" id=\"btn-home\">\n\t\t\t\t\t\t<span class=\"elementor-button-content-wrapper\">\n\t\t\t\t\t\t\t\t\t<span class=\"elementor-button-text\">ACESSE O SISTEMA<br> <span class=\"subtituloBtnCaixa\"> Acesse o sistema e envie seu trabalho <\/span><\/span>\n\t\t\t\t\t<\/span>\n\t\t\t\t\t<\/a>\n\t\t\t\t<\/div>\n\t\t\t\t\t\t\t\t<\/div>\n\t\t\t\t<\/div>\n\t\t\t\t\t<\/div>\n\t\t<\/div>\n\t\t\t\t<div class=\"elementor-column elementor-col-50 elementor-top-column elementor-element elementor-element-a6e0e64\" data-id=\"a6e0e64\" data-element_type=\"column\">\n\t\t\t<div class=\"elementor-widget-wrap\">\n\t\t\t\t\t\t\t<\/div>\n\t\t<\/div>\n\t\t\t\t\t<\/div>\n\t\t<\/section>\n\t\t\t\t<\/div>\n\t\t","protected":false},"excerpt":{"rendered":"<p>As submiss\u00f5es de projetos para a IV Mostra Cient\u00edfica Ecoinovar est\u00e3o abertas at\u00e9 as 23h59m do dia 06 de novembro de 2020. O projeto deve ser submetido em formato resumo e abordar temas relacionados a Inova\u00e7\u00e3o e\/ou Sustentabilidade, contendo introdu\u00e7\u00e3o, objetivos, metodologia, resultados (esperados\/alcan\u00e7ados) e conclus\u00e3o. Observa-se que os projetos devem ser submetidos em arquivo&hellip;<\/p>\n","protected":false},"author":1,"featured_media":0,"parent":578,"menu_order":20,"comment_status":"closed","ping_status":"closed","template":"","meta":{"footnotes":"","_links_to":"","_links_to_target":""},"class_list":["post-583","page","type-page","status-publish","hentry"],"_links":{"self":[{"href":"https:\/\/ecoinovar.com\/9\/wp-json\/wp\/v2\/pages\/583","targetHints":{"allow":["GET"]}}],"collection":[{"href":"https:\/\/ecoinovar.com\/9\/wp-json\/wp\/v2\/pages"}],"about":[{"href":"https:\/\/ecoinovar.com\/9\/wp-json\/wp\/v2\/types\/page"}],"author":[{"embeddable":true,"href":"https:\/\/ecoinovar.com\/9\/wp-json\/wp\/v2\/users\/1"}],"replies":[{"embeddable":true,"href":"https:\/\/ecoinovar.com\/9\/wp-json\/wp\/v2\/comments?post=583"}],"version-history":[{"count":11,"href":"https:\/\/ecoinovar.com\/9\/wp-json\/wp\/v2\/pages\/583\/revisions"}],"predecessor-version":[{"id":3196,"href":"https:\/\/ecoinovar.com\/9\/wp-json\/wp\/v2\/pages\/583\/revisions\/3196"}],"up":[{"embeddable":true,"href":"https:\/\/ecoinovar.com\/9\/wp-json\/wp\/v2\/pages\/578"}],"wp:attachment":[{"href":"https:\/\/ecoinovar.com\/9\/wp-json\/wp\/v2\/media?parent=583"}],"curies":[{"name":"wp","href":"https:\/\/api.w.org\/{rel}","templated":true}]}}