{"id":3309,"date":"2020-11-10T08:19:00","date_gmt":"2020-11-10T11:19:00","guid":{"rendered":"http:\/\/ecoinovar.com\/9\/?page_id=3309"},"modified":"2021-10-15T18:08:20","modified_gmt":"2021-10-15T21:08:20","slug":"instrucoes-para-apresentacao","status":"publish","type":"page","link":"https:\/\/ecoinovar.com\/9\/expo\/instrucoes-para-apresentacao\/","title":{"rendered":"Instru\u00e7\u00f5es para apresenta\u00e7\u00e3o"},"content":{"rendered":"\n<p>A equipe dever\u00e1 produzir o v\u00eddeo com a apresenta\u00e7\u00e3o do trabalho aprovado e fazer o upload no Formul\u00e1rio do Google Forms &#8211; <a href=\"https:\/\/forms.gle\/FmoJ1p3mLZ5GeXwy5\" target=\"_blank\" rel=\"noreferrer noopener\">https:\/\/forms.gle\/FmoJ1p3mLZ5GeXwy5<\/a> ( \u00c9 necess\u00e1rio realizar o login com uma conta do Google ). Assim que as informa\u00e7\u00f5es do trabalho (c\u00f3digo do trabalho gerado no sistema de submiss\u00e3o, t\u00edtulo do trabalho e integrante respons\u00e1vel) forem informadas e o v\u00eddeo adicionado ser\u00e1 necess\u00e1rio submeter o formul\u00e1rio no campo \u201cEnviar\u201d.<\/p>\n\n\n\n<p>Os v\u00eddeos poder\u00e3o ser produzidos por meio da ferramenta Zoom, Power Point ou de aparelhos como c\u00e2meras e celulares.<\/p>\n\n\n\n<p>Todos os passos para gravar v\u00eddeos no Zoom e Power Point est\u00e3o descritos, com detalhes, nos tutoriais abaixo:<\/p>\n\n\n\n<div class=\"wp-block-file\"><a href=\"https:\/\/ecoinovar.com\/9\/wp-content\/uploads\/sites\/6\/2020\/11\/TUTORIAL-PARA-PRODUCAO-DE-VIDEOS-PowerPoint.pdf\"><br>TUTORIAL PARA PRODU\u00c7\u00c3O DE V\u00cdDEO NO POWER POINT<\/a><a href=\"https:\/\/ecoinovar.com\/9\/wp-content\/uploads\/sites\/6\/2020\/11\/TUTORIAL-PARA-PRODUCAO-DE-VIDEOS-PowerPoint.pdf\" class=\"wp-block-file__button\" download>Baixar<\/a><\/div>\n\n\n\n<div class=\"wp-block-file\"><a href=\"https:\/\/ecoinovar.com\/9\/wp-content\/uploads\/sites\/6\/2020\/11\/TUTORIAL-PARA-PRODUCAO-DE-VIDEOS-ZOOM.pdf\">TUTORIAL PARA PRODU\u00c7\u00c3O DE V\u00cdDEOS NO ZOOM<\/a><a href=\"https:\/\/ecoinovar.com\/9\/wp-content\/uploads\/sites\/6\/2020\/11\/TUTORIAL-PARA-PRODUCAO-DE-VIDEOS-ZOOM.pdf\" class=\"wp-block-file__button\" download>Baixar<\/a><\/div>\n\n\n\n<p><a href=\"https:\/\/ecoinovar.com\/9\/wp-content\/uploads\/sites\/6\/2020\/11\/blackgroud-mostra-e-expo-1.png\" target=\"_blank\" rel=\"noreferrer noopener\">Fundo oficial para utiliza\u00e7\u00e3o no Zoom ( Virtual Background )<\/a><\/p>\n\n\n\n<p>Para a confec\u00e7\u00e3o dos v\u00eddeos \u00e9 sugerido o&nbsp;<em>template<\/em>&nbsp;que pode ser acessado em: <\/p>\n\n\n\n<p><a href=\"https:\/\/ecoinovar.com\/9\/wp-content\/uploads\/sites\/6\/2020\/11\/Template-poster-Expo.pptx\">Template P\u00f4ster<\/a><\/p>\n\n\n\n<p><a href=\"https:\/\/ecoinovar.com\/9\/wp-content\/uploads\/sites\/6\/2020\/11\/Template-Ap.-Oral-Expo.pptx\">Template Apresenta\u00e7\u00e3o Oral<\/a><\/p>\n\n\n\n<p>Sugerimos seguir este roteiro:<\/p>\n\n\n\n<ul class=\"wp-block-list\"><li>Apresenta\u00e7\u00e3o Pessoal;<\/li><li>Apresenta\u00e7\u00e3o da Institui\u00e7\u00e3o;<\/li><li>Detalhes do trabalho.<\/li><\/ul>\n\n\n\n<p>Por fim, outras informa\u00e7\u00f5es importantes:<\/p>\n\n\n\n<p>\u2013 A grava\u00e7\u00e3o do v\u00eddeo n\u00e3o poder\u00e1 ultrapassar&nbsp;<strong>5 minutos<\/strong>;<\/p>\n\n\n\n<p>\u2013 O link do v\u00eddeo deve ser postado impreterivelmente at\u00e9 o dia <strong>15 de novembro<\/strong>;<\/p>\n\n\n\n<p>\u2013 Recomenda-se a grava\u00e7\u00e3o dos v\u00eddeos em qualidade Full HD-1080p e na extens\u00e3o .mp4;<\/p>\n\n\n\n<p><strong>\u2013 Os trabalhos e as apresenta\u00e7\u00f5es ficar\u00e3o expostos durante o dia 19 de novembro para aprecia\u00e7\u00e3o dos avaliadores e demais participantes do evento. As apresenta\u00e7\u00f5es poder\u00e3o receber coment\u00e1rios e curtidas. \u00c9 importante que os autores atentem em responder as perguntas que forem feitas em seu respectivo trabalho.<\/strong><\/p>\n\n\n\n<p><strong>\u2013 As equipes e demais participantes s\u00e3o convidados a trocar ideias sobre os trabalhos e demais atividades do evento na Sess\u00e3o de Networking prevista na programa\u00e7\u00e3o.<\/strong><\/p>\n\n\n\n<p>D\u00favidas poder\u00e3o ser esclarecidas por meio do e-mail <a href=\"mailto:contato@ecoinovar.com.br\/9\">contato@ecoinovar.com.br<\/a><\/p>\n\n\n\n<div style=\"height:100px\" aria-hidden=\"true\" class=\"wp-block-spacer\"><\/div>\n","protected":false},"excerpt":{"rendered":"<p>A equipe dever\u00e1 produzir o v\u00eddeo com a apresenta\u00e7\u00e3o do trabalho aprovado e fazer o upload no Formul\u00e1rio do Google Forms &#8211; https:\/\/forms.gle\/FmoJ1p3mLZ5GeXwy5 ( \u00c9 necess\u00e1rio realizar o login com uma conta do Google ). Assim que as informa\u00e7\u00f5es do trabalho (c\u00f3digo do trabalho gerado no sistema de submiss\u00e3o, t\u00edtulo do trabalho e integrante respons\u00e1vel)&hellip;<\/p>\n","protected":false},"author":2,"featured_media":0,"parent":944,"menu_order":0,"comment_status":"closed","ping_status":"closed","template":"","meta":{"footnotes":"","_links_to":"","_links_to_target":""},"class_list":["post-3309","page","type-page","status-publish","hentry","description-off"],"_links":{"self":[{"href":"https:\/\/ecoinovar.com\/9\/wp-json\/wp\/v2\/pages\/3309","targetHints":{"allow":["GET"]}}],"collection":[{"href":"https:\/\/ecoinovar.com\/9\/wp-json\/wp\/v2\/pages"}],"about":[{"href":"https:\/\/ecoinovar.com\/9\/wp-json\/wp\/v2\/types\/page"}],"author":[{"embeddable":true,"href":"https:\/\/ecoinovar.com\/9\/wp-json\/wp\/v2\/users\/2"}],"replies":[{"embeddable":true,"href":"https:\/\/ecoinovar.com\/9\/wp-json\/wp\/v2\/comments?post=3309"}],"version-history":[{"count":6,"href":"https:\/\/ecoinovar.com\/9\/wp-json\/wp\/v2\/pages\/3309\/revisions"}],"predecessor-version":[{"id":3585,"href":"https:\/\/ecoinovar.com\/9\/wp-json\/wp\/v2\/pages\/3309\/revisions\/3585"}],"up":[{"embeddable":true,"href":"https:\/\/ecoinovar.com\/9\/wp-json\/wp\/v2\/pages\/944"}],"wp:attachment":[{"href":"https:\/\/ecoinovar.com\/9\/wp-json\/wp\/v2\/media?parent=3309"}],"curies":[{"name":"wp","href":"https:\/\/api.w.org\/{rel}","templated":true}]}}