{"id":3204,"date":"2020-11-03T11:47:48","date_gmt":"2020-11-03T14:47:48","guid":{"rendered":"http:\/\/ecoinovar.com\/9\/?page_id=3204"},"modified":"2020-11-04T13:08:08","modified_gmt":"2020-11-04T16:08:08","slug":"instrucoes-para-a-apresentacao-dos-trabalhos-em-sessoes-de-posteres","status":"publish","type":"page","link":"https:\/\/ecoinovar.com\/9\/instrucoes-para-a-apresentacao-dos-trabalhos-em-sessoes-de-posteres\/","title":{"rendered":"Instru\u00e7\u00f5es para a Apresenta\u00e7\u00e3o dos Trabalhos em Sess\u00f5es de P\u00f4steres"},"content":{"rendered":"\n<ul class=\"wp-block-list\" type=\"A\"><li>A apresenta\u00e7\u00e3o dos trabalhos nas sess\u00f5es de p\u00f4steres ocorrer\u00e1 por meio da disponibiliza\u00e7\u00e3o do p\u00f4ster em formato PDF no sistema do evento.<\/li><\/ul>\n\n\n\n<ul class=\"wp-block-list\"><li>Os autores de trabalhos aprovados e inscritos nesta modalidade dever\u00e3o submeter o p\u00f4ster em formato PDF. pelo sistema do evento em <a href=\"http:\/\/ecoinovar.submissao.com.br\/9ecoinovar\/login.php\">http:\/\/ecoinovar.submissao.com.br\/9ecoinovar\/login.php<\/a>  ( Trabalhos &gt; Trabalhos enviados ) impreterivelmente at\u00e9 \u00e0s 23h59m do dia <strong>12 de Novembro de 2020. <\/strong>&nbsp;<\/li><\/ul>\n\n\n\n<ul class=\"wp-block-list\"><li>N\u00e3o haver\u00e1 debate dos trabalhos dessa modalidade de apresenta\u00e7\u00e3o. Os avaliadores e demais participantes do evento poder\u00e3o deixar perguntas e coment\u00e1rios em formato de texto, bem como curtidas em cada p\u00f4ster. \u00c9 importante que os autores atentem em responder as perguntas que forem feitas em seu respectivo trabalho.<\/li><\/ul>\n\n\n\n<ul class=\"wp-block-list\"><li>Os trabalhos e p\u00f4steres ficar\u00e3o dispon\u00edveis durante os tr\u00eas dias de evento.<\/li><\/ul>\n\n\n\n<ul class=\"wp-block-list\"><li>Para a confec\u00e7\u00e3o dos p\u00f4steres \u00e9 sugerido <em>template<\/em> que pode ser acessado em: <a href=\"https:\/\/ecoinovar.com\/9\/wp-content\/uploads\/sites\/6\/2020\/11\/Template-poster-Ecoinovar.pptx\" target=\"_blank\" rel=\"noreferrer noopener\">https:\/\/ecoinovar.com\/9\/wp-content\/uploads\/sites\/6\/2020\/11\/Template-poster-Ecoinovar.pptx<\/a><\/li><\/ul>\n\n\n\n<p><strong>Observa\u00e7\u00f5es importantes para os apresentadores:<\/strong><\/p>\n\n\n\n<ul class=\"wp-block-list\" type=\"A\"><li>A inscri\u00e7\u00e3o \u00e9 individual e intransfer\u00edvel.<\/li><\/ul>\n\n\n\n<ul class=\"wp-block-list\" type=\"A\"><li>A participa\u00e7\u00e3o do usu\u00e1rio ser\u00e1 identificada pelo acesso ao sistema.<\/li><\/ul>\n\n\n\n<ul class=\"wp-block-list\"><li>No certificado de apresenta\u00e7\u00e3o constar\u00e1 as informa\u00e7\u00f5es do trabalho e de autoria.<\/li><\/ul>\n\n\n\n<p>Desejamos a todos um excelente evento!<\/p>\n\n\n\n<hr class=\"wp-block-separator\"\/>\n","protected":false},"excerpt":{"rendered":"<p>A apresenta\u00e7\u00e3o dos trabalhos nas sess\u00f5es de p\u00f4steres ocorrer\u00e1 por meio da disponibiliza\u00e7\u00e3o do p\u00f4ster em formato PDF no sistema do evento. Os autores de trabalhos aprovados e inscritos nesta modalidade dever\u00e3o submeter o p\u00f4ster em formato PDF. pelo sistema do evento em http:\/\/ecoinovar.submissao.com.br\/9ecoinovar\/login.php ( Trabalhos &gt; Trabalhos enviados ) impreterivelmente at\u00e9 \u00e0s 23h59m do&hellip;<\/p>\n","protected":false},"author":2,"featured_media":0,"parent":0,"menu_order":0,"comment_status":"closed","ping_status":"closed","template":"","meta":{"footnotes":"","_links_to":"","_links_to_target":""},"class_list":["post-3204","page","type-page","status-publish","hentry","description-off"],"_links":{"self":[{"href":"https:\/\/ecoinovar.com\/9\/wp-json\/wp\/v2\/pages\/3204","targetHints":{"allow":["GET"]}}],"collection":[{"href":"https:\/\/ecoinovar.com\/9\/wp-json\/wp\/v2\/pages"}],"about":[{"href":"https:\/\/ecoinovar.com\/9\/wp-json\/wp\/v2\/types\/page"}],"author":[{"embeddable":true,"href":"https:\/\/ecoinovar.com\/9\/wp-json\/wp\/v2\/users\/2"}],"replies":[{"embeddable":true,"href":"https:\/\/ecoinovar.com\/9\/wp-json\/wp\/v2\/comments?post=3204"}],"version-history":[{"count":4,"href":"https:\/\/ecoinovar.com\/9\/wp-json\/wp\/v2\/pages\/3204\/revisions"}],"predecessor-version":[{"id":3238,"href":"https:\/\/ecoinovar.com\/9\/wp-json\/wp\/v2\/pages\/3204\/revisions\/3238"}],"wp:attachment":[{"href":"https:\/\/ecoinovar.com\/9\/wp-json\/wp\/v2\/media?parent=3204"}],"curies":[{"name":"wp","href":"https:\/\/api.w.org\/{rel}","templated":true}]}}