{"id":3202,"date":"2020-11-03T11:45:23","date_gmt":"2020-11-03T14:45:23","guid":{"rendered":"http:\/\/ecoinovar.com\/9\/?page_id=3202"},"modified":"2020-11-04T13:10:10","modified_gmt":"2020-11-04T16:10:10","slug":"instrucoes-para-a-apresentacao-dos-trabalhos-em-sessoes-tematicas","status":"publish","type":"page","link":"https:\/\/ecoinovar.com\/9\/instrucoes-para-a-apresentacao-dos-trabalhos-em-sessoes-tematicas\/","title":{"rendered":"Instru\u00e7\u00f5es para a Apresenta\u00e7\u00e3o dos Trabalhos em Sess\u00f5es Tem\u00e1ticas"},"content":{"rendered":"\n<ul class=\"wp-block-list\" type=\"A\"><li>A apresenta\u00e7\u00e3o dos trabalhos nas sess\u00f5es orais ter\u00e1 a dura\u00e7\u00e3o de <strong><u>10 minutos cada<\/u><\/strong>. Ap\u00f3s, haver\u00e1 o debate dos trabalhos considerando o tema da sess\u00e3o, pontos comuns e novas considera\u00e7\u00f5es dos artigos.&nbsp; A sess\u00e3o de apresenta\u00e7\u00e3o durar\u00e1, no total, 90 minutos (1 hora e meia).<\/li><\/ul>\n\n\n\n<ul class=\"wp-block-list\"><li>Cada sess\u00e3o de apresenta\u00e7\u00e3o oral ter\u00e1 5 trabalhos programados. Sugere-se que as apresenta\u00e7\u00f5es sigam a ordem de apresenta\u00e7\u00e3o em que aparecem na programa\u00e7\u00e3o.<\/li><\/ul>\n\n\n\n<ul class=\"wp-block-list\"><li>\u00a0Na sess\u00e3o de apresenta\u00e7\u00e3o ser\u00e1 necess\u00e1ria a presen\u00e7a de pelo menos um autor do trabalho (autor-apresentador), devidamente inscrito no evento.\u00a0S\u00f3 ter\u00e3o acesso \u00e0s sess\u00f5es de apresenta\u00e7\u00e3o, autores e usu\u00e1rios inscritos no evento.<\/li><\/ul>\n\n\n\n<ul class=\"wp-block-list\"><li>Para que n\u00e3o haja atrasos, solicitamos a presen\u00e7a do autor-apresentador na sala virtual com\u00a0<strong><u>10 minutos de anteced\u00eancia<\/u><\/strong>\u00a0para a prepara\u00e7\u00e3o da apresenta\u00e7\u00e3o.<\/li><\/ul>\n\n\n\n<ul class=\"wp-block-list\"><li>Para as apresenta\u00e7\u00f5es orais, sugere-se a utiliza\u00e7\u00e3o de um <em>template<\/em> para elabora\u00e7\u00e3o dos slides e o uso de fundo de tela, que podem ser acessados em: <a href=\"https:\/\/ecoinovar.com\/9\/wp-content\/uploads\/sites\/6\/2020\/11\/Template-Ap.-Oral-Ecoinovar.pptx\" target=\"_blank\" rel=\"noreferrer noopener\">https:\/\/ecoinovar.com\/9\/wp-content\/uploads\/sites\/6\/2020\/11\/Template-Ap.-Oral-Ecoinovar.pptx<\/a><\/li><\/ul>\n\n\n\n<ul class=\"wp-block-list\"><li>Recomendamos que os autores\/apresentadores e demais participantes das sess\u00f5es orais realizem a leitura pr\u00e9via dos demais trabalhos da sess\u00e3o para, ap\u00f3s o encerramento das apresenta\u00e7\u00f5es, participem da discuss\u00e3o e contribuam com os trabalhos dos demais autores.<\/li><\/ul>\n\n\n\n<p><strong>Observa\u00e7\u00f5es importantes para os apresentadores:<\/strong><strong><\/strong><\/p>\n\n\n\n<ul class=\"wp-block-list\" type=\"A\"><li>A inscri\u00e7\u00e3o \u00e9 individual e intransfer\u00edvel.<\/li><\/ul>\n\n\n\n<ul class=\"wp-block-list\" type=\"A\"><li>A participa\u00e7\u00e3o do usu\u00e1rio ser\u00e1 identificada pelo acesso ao sistema.<\/li><\/ul>\n\n\n\n<ul class=\"wp-block-list\" type=\"A\"><li>As apresenta\u00e7\u00f5es on-line em sess\u00f5es orais devem ser realizadas para os artigos cient\u00edficos aprovados nesta modalidade (de acordo com a defini\u00e7\u00e3o da comiss\u00e3o organizadora) e para os projetos do cons\u00f3rcio mestral e doutoral. Para os resumos expandidos e demais artigos cient\u00edficos, essa atribui\u00e7\u00e3o n\u00e3o \u00e9 necess\u00e1ria, pois o formato de apresenta\u00e7\u00e3o ser\u00e1 em P\u00f4ster.<\/li><\/ul>\n\n\n\n<ul class=\"wp-block-list\"><li>No certificado de apresenta\u00e7\u00e3o constar\u00e1 as informa\u00e7\u00f5es do trabalho e de autoria. Os autores que se inscreveram no evento, estiveram presentes na sess\u00e3o virtual e realizaram a apresenta\u00e7\u00e3o do trabalho ser\u00e3o identificados no certificado.<\/li><\/ul>\n\n\n\n<p><strong>Disposi\u00e7\u00f5es gerais:<\/strong><\/p>\n\n\n\n<ol class=\"wp-block-list\" type=\"1\"><li><strong>Teste de compatibilidade<\/strong> &#8211; Para que os autores tenham uma participa\u00e7\u00e3o adequada, recomenda-se a realiza\u00e7\u00e3o de teste de compatibilidade do sistema com o navegador e seus equipamentos previamente. Para realizar o teste, acesse o link: <a href=\"https:\/\/zoom.us\/test\" target=\"_blank\" rel=\"noreferrer noopener\">https:\/\/zoom.us\/test<\/a><\/li><li><strong>Equipamentos<\/strong> &#8211; Sugere-se que os autores <strong>realizem o acesso atrav\u00e9s de um computador<\/strong> e tenham mais de um equipamento como alternativa para acesso. N\u00e3o \u00e9 poss\u00edvel prever alguns problemas de conex\u00e3o e funcionalidade por conta de equipamentos e redes.<\/li><li><strong>Teste de link<\/strong> &#8211; Fa\u00e7a o teste do link da sess\u00e3o antecipadamente. Abriremos o link 15 minutos antes do hor\u00e1rio previsto para as sess\u00f5es. Neste tempo, os autores poder\u00e3o corrigir quaisquer imprevistos.<\/li><li><strong>Modera\u00e7\u00f5es<\/strong> &#8211; As sess\u00f5es contar\u00e3o com um moderador e um assistente. O moderador se encarregar\u00e1 da organiza\u00e7\u00e3o da sess\u00e3o.<\/li><li><strong>Apresenta\u00e7\u00f5es <\/strong>&#8211; Recomenda-se que os autores deixem a sua apresenta\u00e7\u00e3o aberta em seus desktops ou outros equipamentos. Isto facilitar\u00e1 o processo no momento de sua apresenta\u00e7\u00e3o e no compartilhamento da tela.<\/li><li><strong>Evite sobrecarga do sistema<\/strong> &#8211; Utilize poucas janelas\/abas no seu navegador e deixe poucos programas\/aplicativos abertos em seu equipamento para facilitar seu compartilhamento de tela no momento de sua apresenta\u00e7\u00e3o e para evitar sobrecarga do sistema.<\/li><li><strong>Identifica\u00e7\u00e3o<\/strong> &#8211; Identifique-se logo no in\u00edcio com o moderador da sess\u00e3o ou assistente indicando que voc\u00ea est\u00e1 presente e qual \u00e9 o seu trabalho.<\/li><li><strong>Ativa\u00e7\u00f5es na Plataforma Zoom<\/strong> &#8211; Com aux\u00edlio do assistente, abra o seu microfone e seu v\u00eddeo e fa\u00e7a o compartilhamento da sua tela de apresenta\u00e7\u00e3o. Recomenda-se que durante a apresenta\u00e7\u00e3o dos demais participantes, todos deixem seus microfones desativados.<\/li><li><strong>Tempo<\/strong> &#8211; Atente para o seu tempo de modo a n\u00e3o o ultrapassar (10 min). O moderador sinalizar\u00e1 quando faltarem 3 minutos. Ao finalizar, interrompa o compartilhamento da sua tela e devolva a palavra ao moderador.<\/li><li><strong>Perguntas e respostas<\/strong> &#8211; O moderador conduzir\u00e1 as discuss\u00f5es indicando as perguntas colocadas no chat ou passando o direito de fala para que participantes as apresentem.<\/li><li><strong>Trabalhos dispon\u00edveis<\/strong> &#8211; Os trabalhos apresentados no evento estar\u00e3o dispon\u00edveis no sistema, junto com a programa\u00e7\u00e3o, ap\u00f3s realiza\u00e7\u00e3o do login.<\/li><\/ol>\n\n\n\n<p>Desejamos a todos um excelente evento!<\/p>\n\n\n\n<hr class=\"wp-block-separator\"\/>\n\n\n\n<p><\/p>\n","protected":false},"excerpt":{"rendered":"<p>A apresenta\u00e7\u00e3o dos trabalhos nas sess\u00f5es orais ter\u00e1 a dura\u00e7\u00e3o de 10 minutos cada. Ap\u00f3s, haver\u00e1 o debate dos trabalhos considerando o tema da sess\u00e3o, pontos comuns e novas considera\u00e7\u00f5es dos artigos.&nbsp; A sess\u00e3o de apresenta\u00e7\u00e3o durar\u00e1, no total, 90 minutos (1 hora e meia). Cada sess\u00e3o de apresenta\u00e7\u00e3o oral ter\u00e1 5 trabalhos programados. Sugere-se&hellip;<\/p>\n","protected":false},"author":2,"featured_media":0,"parent":0,"menu_order":0,"comment_status":"closed","ping_status":"closed","template":"","meta":{"footnotes":"","_links_to":"","_links_to_target":""},"class_list":["post-3202","page","type-page","status-publish","hentry","description-off"],"_links":{"self":[{"href":"https:\/\/ecoinovar.com\/9\/wp-json\/wp\/v2\/pages\/3202","targetHints":{"allow":["GET"]}}],"collection":[{"href":"https:\/\/ecoinovar.com\/9\/wp-json\/wp\/v2\/pages"}],"about":[{"href":"https:\/\/ecoinovar.com\/9\/wp-json\/wp\/v2\/types\/page"}],"author":[{"embeddable":true,"href":"https:\/\/ecoinovar.com\/9\/wp-json\/wp\/v2\/users\/2"}],"replies":[{"embeddable":true,"href":"https:\/\/ecoinovar.com\/9\/wp-json\/wp\/v2\/comments?post=3202"}],"version-history":[{"count":7,"href":"https:\/\/ecoinovar.com\/9\/wp-json\/wp\/v2\/pages\/3202\/revisions"}],"predecessor-version":[{"id":3241,"href":"https:\/\/ecoinovar.com\/9\/wp-json\/wp\/v2\/pages\/3202\/revisions\/3241"}],"wp:attachment":[{"href":"https:\/\/ecoinovar.com\/9\/wp-json\/wp\/v2\/media?parent=3202"}],"curies":[{"name":"wp","href":"https:\/\/api.w.org\/{rel}","templated":true}]}}