{"id":3200,"date":"2020-11-03T11:44:28","date_gmt":"2020-11-03T14:44:28","guid":{"rendered":"http:\/\/ecoinovar.com\/9\/?page_id=3200"},"modified":"2020-11-15T20:46:40","modified_gmt":"2020-11-15T23:46:40","slug":"apresentacao-dos-trabalhos","status":"publish","type":"page","link":"https:\/\/ecoinovar.com\/9\/apresentacao-dos-trabalhos\/","title":{"rendered":"Apresenta\u00e7\u00e3o dos trabalhos"},"content":{"rendered":"\n<p>Nesta edi\u00e7\u00e3o do F\u00f3rum Internacional Ecoinovar, as apresenta\u00e7\u00f5es ser\u00e3o realizadas no formato on-line. Dessa forma, seguem alguns direcionamentos para os autores\/apresentadores.<\/p>\n\n\n\n<p>As <strong>apresenta\u00e7\u00f5es orais<\/strong> do evento acontecer\u00e3o em sess\u00f5es tem\u00e1ticas por meio da plataforma <strong>Zoom<\/strong>. Destacamos que o sistema exige que seja feito o download de um plug-in, de forma gratuita, dispon\u00edvel para PC\/Notebook e Smartphone (iOS e Android).<\/p>\n\n\n\n<p>As <strong>apresenta\u00e7\u00f5es em p\u00f4ster<\/strong> ocorrer\u00e3o por meio da disponibiliza\u00e7\u00e3o de p\u00f4steres em PDF no sistema.<\/p>\n\n\n\n<p>Os links das salas virtuais estar\u00e3o dispon\u00edveis no sistema do evento. Para isso, voc\u00ea precisar\u00e1 acessar a plataforma com o seu login e senha. Certifique-se, com anteced\u00eancia, de que o login e a senha est\u00e3o corretos.<strong><u><\/u><\/strong><\/p>\n\n\n\n<p><strong><u><a href=\"https:\/\/ecoinovar.com\/9\/instrucoes-para-a-apresentacao-dos-trabalhos-em-sessoes-tematicas\/\">Instru\u00e7\u00f5es para a Apresenta\u00e7\u00e3o dos Trabalhos em Sess\u00f5es Tem\u00e1ticas<\/a><\/u><\/strong><\/p>\n\n\n\n<p><strong><u><a href=\"https:\/\/ecoinovar.com\/9\/instrucoes-para-a-apresentacao-dos-trabalhos-em-sessoes-de-posteres\/\">Instru\u00e7\u00f5es para a Apresenta\u00e7\u00e3o dos Trabalhos em Sess\u00f5es de P\u00f4steres<\/a><\/u><\/strong><\/p>\n\n\n\n<p><a href=\"https:\/\/ecoinovar.com\/9\/wp-content\/uploads\/sites\/6\/2020\/11\/forum-Ecoinovar_zoom_fundo-branco_sem-logo.png\" target=\"_blank\" rel=\"noreferrer noopener\">Fundo oficial para utiliza\u00e7\u00e3o no Zoom ( Virtual Background )<\/a><\/p>\n\n\n\n<p><a href=\"https:\/\/youtu.be\/ynHZ8fNvAPc\" target=\"_blank\" rel=\"noreferrer noopener\">Instru\u00e7\u00f5es para utiliza\u00e7\u00e3o do fundo virtual no zoom<\/a><\/p>\n\n\n\n<p><a href=\"https:\/\/www.youtube.com\/watch?v=z5afhH6yKu4\" target=\"_blank\" rel=\"noreferrer noopener\">Tutorial de uso do Zoom<\/a><\/p>\n\n\n\n<p><\/p>\n","protected":false},"excerpt":{"rendered":"<p>Nesta edi\u00e7\u00e3o do F\u00f3rum Internacional Ecoinovar, as apresenta\u00e7\u00f5es ser\u00e3o realizadas no formato on-line. Dessa forma, seguem alguns direcionamentos para os autores\/apresentadores. As apresenta\u00e7\u00f5es orais do evento acontecer\u00e3o em sess\u00f5es tem\u00e1ticas por meio da plataforma Zoom. Destacamos que o sistema exige que seja feito o download de um plug-in, de forma gratuita, dispon\u00edvel para PC\/Notebook e&hellip;<\/p>\n","protected":false},"author":2,"featured_media":0,"parent":0,"menu_order":0,"comment_status":"closed","ping_status":"closed","template":"","meta":{"footnotes":"","_links_to":"","_links_to_target":""},"class_list":["post-3200","page","type-page","status-publish","hentry","description-off"],"_links":{"self":[{"href":"https:\/\/ecoinovar.com\/9\/wp-json\/wp\/v2\/pages\/3200","targetHints":{"allow":["GET"]}}],"collection":[{"href":"https:\/\/ecoinovar.com\/9\/wp-json\/wp\/v2\/pages"}],"about":[{"href":"https:\/\/ecoinovar.com\/9\/wp-json\/wp\/v2\/types\/page"}],"author":[{"embeddable":true,"href":"https:\/\/ecoinovar.com\/9\/wp-json\/wp\/v2\/users\/2"}],"replies":[{"embeddable":true,"href":"https:\/\/ecoinovar.com\/9\/wp-json\/wp\/v2\/comments?post=3200"}],"version-history":[{"count":5,"href":"https:\/\/ecoinovar.com\/9\/wp-json\/wp\/v2\/pages\/3200\/revisions"}],"predecessor-version":[{"id":3426,"href":"https:\/\/ecoinovar.com\/9\/wp-json\/wp\/v2\/pages\/3200\/revisions\/3426"}],"wp:attachment":[{"href":"https:\/\/ecoinovar.com\/9\/wp-json\/wp\/v2\/media?parent=3200"}],"curies":[{"name":"wp","href":"https:\/\/api.w.org\/{rel}","templated":true}]}}