{"id":2798,"date":"2020-04-20T15:04:00","date_gmt":"2020-04-20T18:04:00","guid":{"rendered":"http:\/\/ecoinovar.institucional.ws\/?page_id=2798"},"modified":"2020-04-20T15:04:34","modified_gmt":"2020-04-20T18:04:34","slug":"apresentacao-2","status":"publish","type":"page","link":"https:\/\/ecoinovar.com\/9\/expo\/apresentacao-2\/","title":{"rendered":"Apresenta\u00e7\u00e3o"},"content":{"rendered":"\t\t<div data-elementor-type=\"wp-page\" data-elementor-id=\"2798\" class=\"elementor elementor-2798\" data-elementor-post-type=\"page\">\n\t\t\t\t\t\t<section class=\"elementor-section elementor-top-section elementor-element elementor-element-4e69c48f elementor-section-boxed elementor-section-height-default elementor-section-height-default\" data-id=\"4e69c48f\" data-element_type=\"section\">\n\t\t\t\t\t\t<div class=\"elementor-container elementor-column-gap-default\">\n\t\t\t\t\t<div class=\"elementor-column elementor-col-100 elementor-top-column elementor-element elementor-element-2d9a63ba\" data-id=\"2d9a63ba\" data-element_type=\"column\">\n\t\t\t<div class=\"elementor-widget-wrap elementor-element-populated\">\n\t\t\t\t\t\t<div class=\"elementor-element elementor-element-33a395aa elementor-widget elementor-widget-text-editor\" data-id=\"33a395aa\" data-element_type=\"widget\" data-widget_type=\"text-editor.default\">\n\t\t\t\t<div class=\"elementor-widget-container\">\n\t\t\t\t\t\t\t\t\t<p style=\"text-align: justify;\">A Expo Ecoinovar \u2013 Solu\u00e7\u00f5es Inovadoras para um Futuro Sustent\u00e1vel \u00e9 um evento participante da XVI Semana Nacional de Ci\u00eancia e Tecnologia e reunir\u00e1 estudantes do n\u00edvel superior, de institui\u00e7\u00f5es p\u00fablicas e privadas, e empreendedores de Startups, Empresas e Organiza\u00e7\u00f5es N\u00e3o Governamentais (ONGs). Em 2019, em sua segunda edi\u00e7\u00e3o, tem como tem\u00e1tica \u201c<b><i>Transformando conhecimento e tecnologia em inova\u00e7\u00e3o para a sustentabilidade<\/i><\/b>\u201d.<\/p>\n<p style=\"text-align: justify;\">O objetivo da Expo Ecoinovar consiste em apresentar projetos e solu\u00e7\u00f5es que possam contribuir para a constru\u00e7\u00e3o de um futuro mais justo e sustent\u00e1vel, dos pontos de vista ambiental, social e econ\u00f4mico. A exposi\u00e7\u00e3o apresentar\u00e1 ao p\u00fablico projetos e solu\u00e7\u00f5es previamente selecionados, alinhados \u00e0 tem\u00e1tica do evento e aos Objetivos do Desenvolvimento Sustent\u00e1vel ODS\/ONU.<\/p>\n<p style=\"text-align: justify;\"><strong>A II Expo Ecoinovar ser\u00e1 realizada no dia 17 de outubro de 2019, no pr\u00e9dio 74C da Universidade Federal de Santa Maria &#8211; UFSM, na cidade de Santa Maria, RS.<\/strong><\/p>\n<a href=\"https:\/\/ecoinovar.com\/9\/expo\/submissao-de-projetos\/\">Clique aqui<\/a>&nbsp;para informa\u00e7\u00f5es sobre as submiss\u00f5es e regulamento.\t\t\t\t\t\t\t\t<\/div>\n\t\t\t\t<\/div>\n\t\t\t\t\t<\/div>\n\t\t<\/div>\n\t\t\t\t\t<\/div>\n\t\t<\/section>\n\t\t\t\t<\/div>\n\t\t","protected":false},"excerpt":{"rendered":"<p>A Expo Ecoinovar \u2013 Solu\u00e7\u00f5es Inovadoras para um Futuro Sustent\u00e1vel \u00e9 um evento participante da XVI Semana Nacional de Ci\u00eancia e Tecnologia e reunir\u00e1 estudantes do n\u00edvel superior, de institui\u00e7\u00f5es p\u00fablicas e privadas, e empreendedores de Startups, Empresas e Organiza\u00e7\u00f5es N\u00e3o Governamentais (ONGs). Em 2019, em sua segunda edi\u00e7\u00e3o, tem como tem\u00e1tica \u201cTransformando conhecimento e&hellip;<\/p>\n","protected":false},"author":2,"featured_media":0,"parent":944,"menu_order":0,"comment_status":"closed","ping_status":"closed","template":"","meta":{"footnotes":"","_links_to":"","_links_to_target":""},"class_list":["post-2798","page","type-page","status-publish","hentry"],"_links":{"self":[{"href":"https:\/\/ecoinovar.com\/9\/wp-json\/wp\/v2\/pages\/2798","targetHints":{"allow":["GET"]}}],"collection":[{"href":"https:\/\/ecoinovar.com\/9\/wp-json\/wp\/v2\/pages"}],"about":[{"href":"https:\/\/ecoinovar.com\/9\/wp-json\/wp\/v2\/types\/page"}],"author":[{"embeddable":true,"href":"https:\/\/ecoinovar.com\/9\/wp-json\/wp\/v2\/users\/2"}],"replies":[{"embeddable":true,"href":"https:\/\/ecoinovar.com\/9\/wp-json\/wp\/v2\/comments?post=2798"}],"version-history":[{"count":0,"href":"https:\/\/ecoinovar.com\/9\/wp-json\/wp\/v2\/pages\/2798\/revisions"}],"up":[{"embeddable":true,"href":"https:\/\/ecoinovar.com\/9\/wp-json\/wp\/v2\/pages\/944"}],"wp:attachment":[{"href":"https:\/\/ecoinovar.com\/9\/wp-json\/wp\/v2\/media?parent=2798"}],"curies":[{"name":"wp","href":"https:\/\/api.w.org\/{rel}","templated":true}]}}