{"id":1310,"date":"2019-10-31T11:07:18","date_gmt":"2019-10-31T14:07:18","guid":{"rendered":"http:\/\/ecoinovar.institucional.ws\/?page_id=1310"},"modified":"2021-01-12T17:17:11","modified_gmt":"2021-01-12T20:17:11","slug":"trabalhos-premiados-ecoinovar","status":"publish","type":"page","link":"https:\/\/ecoinovar.com\/9\/programacao-do-evento\/trabalhos-premiados-ecoinovar\/","title":{"rendered":"Trabalhos Premiados"},"content":{"rendered":"\t\t<div data-elementor-type=\"wp-page\" data-elementor-id=\"1310\" class=\"elementor elementor-1310\" data-elementor-post-type=\"page\">\n\t\t\t\t\t\t<section class=\"elementor-section elementor-top-section elementor-element elementor-element-62d81ddb elementor-section-boxed elementor-section-height-default elementor-section-height-default\" data-id=\"62d81ddb\" data-element_type=\"section\">\n\t\t\t\t\t\t<div class=\"elementor-container elementor-column-gap-default\">\n\t\t\t\t\t<div class=\"elementor-column elementor-col-100 elementor-top-column elementor-element elementor-element-5051dc3e\" data-id=\"5051dc3e\" data-element_type=\"column\">\n\t\t\t<div class=\"elementor-widget-wrap elementor-element-populated\">\n\t\t\t\t\t\t<div class=\"elementor-element elementor-element-7c1b32d8 elementor-widget elementor-widget-text-editor\" data-id=\"7c1b32d8\" data-element_type=\"widget\" data-widget_type=\"text-editor.default\">\n\t\t\t\t<div class=\"elementor-widget-container\">\n\t\t\t\t\t\t\t\t\t<p style=\"margin: 0cm; background-image: initial; background-position: initial; background-size: initial; background-repeat: initial; background-attachment: initial; background-origin: initial; background-clip: initial;\"><span style=\"font-family: 'Trebuchet MS', sans-serif;\">Acesse os trabalhos premiados do 9\u00ba F\u00f3rum Internacional Ecoinovar.&nbsp;<\/span><\/p>\n<p><\/p>\n<p style=\"margin: 0cm; background-image: initial; background-position: initial; background-size: initial; background-repeat: initial; background-attachment: initial; background-origin: initial; background-clip: initial;\"><span style=\"font-family: 'Trebuchet MS', sans-serif;\">Os trabalhos ser\u00e3o premiados com&nbsp;<\/span><i>fast-track<\/i>&nbsp;na Revista de Administra\u00e7\u00e3o da UFSM \u2013 ReA (Qualis B1), na&nbsp;Revista Gest\u00e3o e Desenvolvimento da Universidade FEEVALE (Qualis B3) e na&nbsp;<a style=\"word-spacing: normal;\" href=\"http:\/\/ecoinovar.submissao.com.br\/9ecoinovar\/comissao-trabalhos-fasttrack.php?cod_revista=3\"><span style=\"color: #777777;\">Revista de Gest\u00e3o e Organiza\u00e7\u00f5es Cooperativas<\/span><\/a> (Qualis B4).<\/p>\n<p><\/p>\n<p style=\"margin: 0cm; background-image: initial; background-position: initial; background-size: initial; background-repeat: initial; background-attachment: initial; background-origin: initial; background-clip: initial;\">Al\u00e9m disso, os autores dos quarto melhores trabalhos ser\u00e3o premiados com servi\u00e7os da Atlas Assessoria Lingu\u00edstica. Os pr\u00eamios dever\u00e3o ser retirados, impreterivelmente, at\u00e9 o dia 28\/02\/2021 pelo e-mail contato@atlastraducoes.com.<\/p>\n<p style=\"margin: 0cm; background-image: initial; background-position: initial; background-size: initial; background-repeat: initial; background-attachment: initial; background-origin: initial; background-clip: initial;\"><span style=\"color: #222222; font-family: Arial, Helvetica, sans-serif; font-size: small; word-spacing: normal;\">&nbsp;<\/span><\/p>\n<p style=\"margin: 0cm; background-image: initial; background-position: initial; background-size: initial; background-repeat: initial; background-attachment: initial; background-origin: initial; background-clip: initial;\"><span style=\"word-spacing: normal;\"><span style=\"font-family: 'Trebuchet MS', sans-serif;\">1\u00ba lugar &#8211; Uma revis\u00e3o de l\u00edngua inglesa gratuita (at\u00e9 5000 palavras, sem contar a lista de refer\u00eancias)<br><\/span><\/span><\/p>\n<p style=\"margin: 0cm; background-image: initial; background-position: initial; background-size: initial; background-repeat: initial; background-attachment: initial; background-origin: initial; background-clip: initial;\"><span style=\"word-spacing: normal;\"><span style=\"font-family: 'Trebuchet MS', sans-serif;\">2\u00ba lugar &#8211; Uma revis\u00e3o de l\u00edngua inglesa gratuita (at\u00e9 5000 palavras, sem contar&nbsp;<\/span><\/span><span style=\"font-family: &quot;Trebuchet MS&quot;, sans-serif;\">a lista de refer\u00eancias<\/span><span style=\"word-spacing: normal;\"><span style=\"font-family: 'Trebuchet MS', sans-serif;\">)<br><\/span><\/span><\/p>\n<p style=\"margin: 0cm; background-image: initial; background-position: initial; background-size: initial; background-repeat: initial; background-attachment: initial; background-origin: initial; background-clip: initial;\"><span style=\"word-spacing: normal;\"><span style=\"font-family: 'Trebuchet MS', sans-serif;\">3\u00ba lugar &#8211; Uma revis\u00e3o de l\u00edngua portuguesa gratuita para artigos com at\u00e9 30 laudas&nbsp;<br><\/span><\/span><\/p>\n<p style=\"margin: 0cm; background-image: initial; background-position: initial; background-size: initial; background-repeat: initial; background-attachment: initial; background-origin: initial; background-clip: initial;\"><span style=\"word-spacing: normal;\"><span style=\"font-family: 'Trebuchet MS', sans-serif;\">4\u00ba lugar &#8211; Uma formata\u00e7\u00e3o de artigo gratuita (at\u00e9 200 laudas)<\/span><\/span><\/p>\n<div style=\"color: #222222; font-family: Arial, Helvetica, sans-serif; font-size: small;\">&nbsp;<\/div>\n<p style=\"line-height: 150%;\">\n<\/p>\t\t\t\t\t\t\t\t<\/div>\n\t\t\t\t<\/div>\n\t\t\t\t\t<\/div>\n\t\t<\/div>\n\t\t\t\t\t<\/div>\n\t\t<\/section>\n\t\t\t\t<section class=\"elementor-section elementor-top-section elementor-element elementor-element-7f67cab elementor-section-boxed elementor-section-height-default elementor-section-height-default\" data-id=\"7f67cab\" data-element_type=\"section\">\n\t\t\t\t\t\t<div class=\"elementor-container elementor-column-gap-default\">\n\t\t\t\t\t<div class=\"elementor-column elementor-col-100 elementor-top-column elementor-element elementor-element-7fb9121\" data-id=\"7fb9121\" data-element_type=\"column\">\n\t\t\t<div class=\"elementor-widget-wrap elementor-element-populated\">\n\t\t\t\t\t\t<section class=\"elementor-section elementor-inner-section elementor-element elementor-element-31ac1dd elementor-section-boxed elementor-section-height-default elementor-section-height-default\" data-id=\"31ac1dd\" data-element_type=\"section\">\n\t\t\t\t\t\t<div class=\"elementor-container elementor-column-gap-default\">\n\t\t\t\t\t<div class=\"elementor-column elementor-col-50 elementor-inner-column elementor-element elementor-element-2a08157\" data-id=\"2a08157\" data-element_type=\"column\">\n\t\t\t<div class=\"elementor-widget-wrap elementor-element-populated\">\n\t\t\t\t\t\t<div class=\"elementor-element elementor-element-aa253b6 elementor-align-center elementor-widget elementor-widget-button\" data-id=\"aa253b6\" data-element_type=\"widget\" data-widget_type=\"button.default\">\n\t\t\t\t<div class=\"elementor-widget-container\">\n\t\t\t\t\t\t\t\t\t<div class=\"elementor-button-wrapper\">\n\t\t\t\t\t<a class=\"elementor-button elementor-button-link elementor-size-xl\" href=\"https:\/\/ecoinovar.com\/9\/wp-content\/uploads\/2020\/12\/Trabalhos-Premiados-Forum.pdf\" target=\"_blank\" id=\"btn-home\">\n\t\t\t\t\t\t<span class=\"elementor-button-content-wrapper\">\n\t\t\t\t\t\t\t\t\t<span class=\"elementor-button-text\">FAST -TRACK<br>  <span class=\"subtituloBtnCaixa\"> Dispon\u00edvel<\/span><\/span>\n\t\t\t\t\t<\/span>\n\t\t\t\t\t<\/a>\n\t\t\t\t<\/div>\n\t\t\t\t\t\t\t\t<\/div>\n\t\t\t\t<\/div>\n\t\t\t\t<div class=\"elementor-element elementor-element-636b126 elementor-align-center elementor-widget elementor-widget-button\" data-id=\"636b126\" data-element_type=\"widget\" data-widget_type=\"button.default\">\n\t\t\t\t<div class=\"elementor-widget-container\">\n\t\t\t\t\t\t\t\t\t<div class=\"elementor-button-wrapper\">\n\t\t\t\t\t<a class=\"elementor-button elementor-button-link elementor-size-xl\" href=\"https:\/\/ecoinovar.com\/9\/wp-content\/uploads\/2021\/01\/Melhores-Trabalhos-Forum.pdf\" target=\"_blank\" id=\"btn-home\">\n\t\t\t\t\t\t<span class=\"elementor-button-content-wrapper\">\n\t\t\t\t\t\t\t\t\t<span class=\"elementor-button-text\">MELHORES TRABALHOS<br>  <span class=\"subtituloBtnCaixa\"> Dispon\u00edvel<\/span><\/span>\n\t\t\t\t\t<\/span>\n\t\t\t\t\t<\/a>\n\t\t\t\t<\/div>\n\t\t\t\t\t\t\t\t<\/div>\n\t\t\t\t<\/div>\n\t\t\t\t\t<\/div>\n\t\t<\/div>\n\t\t\t\t<div class=\"elementor-column elementor-col-50 elementor-inner-column elementor-element elementor-element-bc8c087\" data-id=\"bc8c087\" data-element_type=\"column\">\n\t\t\t<div class=\"elementor-widget-wrap\">\n\t\t\t\t\t\t\t<\/div>\n\t\t<\/div>\n\t\t\t\t\t<\/div>\n\t\t<\/section>\n\t\t\t\t\t<\/div>\n\t\t<\/div>\n\t\t\t\t\t<\/div>\n\t\t<\/section>\n\t\t\t\t<\/div>\n\t\t","protected":false},"excerpt":{"rendered":"<p>Acesse os trabalhos premiados do 9\u00ba F\u00f3rum Internacional Ecoinovar.&nbsp; Os trabalhos ser\u00e3o premiados com&nbsp;fast-track&nbsp;na Revista de Administra\u00e7\u00e3o da UFSM \u2013 ReA (Qualis B1), na&nbsp;Revista Gest\u00e3o e Desenvolvimento da Universidade FEEVALE (Qualis B3) e na&nbsp;Revista de Gest\u00e3o e Organiza\u00e7\u00f5es Cooperativas (Qualis B4). Al\u00e9m disso, os autores dos quarto melhores trabalhos ser\u00e3o premiados com servi\u00e7os da Atlas&hellip;<\/p>\n","protected":false},"author":2,"featured_media":0,"parent":499,"menu_order":0,"comment_status":"closed","ping_status":"closed","template":"","meta":{"footnotes":"","_links_to":"","_links_to_target":""},"class_list":["post-1310","page","type-page","status-publish","hentry"],"_links":{"self":[{"href":"https:\/\/ecoinovar.com\/9\/wp-json\/wp\/v2\/pages\/1310","targetHints":{"allow":["GET"]}}],"collection":[{"href":"https:\/\/ecoinovar.com\/9\/wp-json\/wp\/v2\/pages"}],"about":[{"href":"https:\/\/ecoinovar.com\/9\/wp-json\/wp\/v2\/types\/page"}],"author":[{"embeddable":true,"href":"https:\/\/ecoinovar.com\/9\/wp-json\/wp\/v2\/users\/2"}],"replies":[{"embeddable":true,"href":"https:\/\/ecoinovar.com\/9\/wp-json\/wp\/v2\/comments?post=1310"}],"version-history":[{"count":23,"href":"https:\/\/ecoinovar.com\/9\/wp-json\/wp\/v2\/pages\/1310\/revisions"}],"predecessor-version":[{"id":3552,"href":"https:\/\/ecoinovar.com\/9\/wp-json\/wp\/v2\/pages\/1310\/revisions\/3552"}],"up":[{"embeddable":true,"href":"https:\/\/ecoinovar.com\/9\/wp-json\/wp\/v2\/pages\/499"}],"wp:attachment":[{"href":"https:\/\/ecoinovar.com\/9\/wp-json\/wp\/v2\/media?parent=1310"}],"curies":[{"name":"wp","href":"https:\/\/api.w.org\/{rel}","templated":true}]}}