{"id":6,"date":"2023-07-03T16:54:02","date_gmt":"2023-07-03T19:54:02","guid":{"rendered":"https:\/\/ecoinovar.com\/14\/?page_id=6"},"modified":"2023-07-13T11:20:09","modified_gmt":"2023-07-13T14:20:09","slug":"apresentacao","status":"publish","type":"page","link":"https:\/\/ecoinovar.com\/14\/apresentacao\/","title":{"rendered":"Apresenta\u00e7\u00e3o"},"content":{"rendered":"\t\t<div data-elementor-type=\"wp-page\" data-elementor-id=\"6\" class=\"elementor elementor-6\" data-elementor-post-type=\"page\">\n\t\t\t\t\t\t<section class=\"elementor-section elementor-top-section elementor-element elementor-element-d0f26b2 elementor-section-boxed elementor-section-height-default elementor-section-height-default\" data-id=\"d0f26b2\" data-element_type=\"section\">\n\t\t\t\t\t\t<div class=\"elementor-container elementor-column-gap-default\">\n\t\t\t\t\t<div class=\"elementor-column elementor-col-100 elementor-top-column elementor-element elementor-element-e0df46f\" data-id=\"e0df46f\" data-element_type=\"column\">\n\t\t\t<div class=\"elementor-widget-wrap elementor-element-populated\">\n\t\t\t\t\t\t<div class=\"elementor-element elementor-element-e8a165b elementor-widget elementor-widget-text-editor\" data-id=\"e8a165b\" data-element_type=\"widget\" data-widget_type=\"text-editor.default\">\n\t\t\t\t<div class=\"elementor-widget-container\">\n\t\t\t\t\t\t\t\t\t<p>O F\u00f3rum Internacional Ecoinovar \u00e9 uma realiza\u00e7\u00e3o do Programa de P\u00f3s-Grandua\u00e7\u00e3o em Administra\u00e7\u00e3o (PPGA) da Universidade Federal do Rio Grande (FURG).<\/p><p>O objetivo do Ecoinovar consiste em promover o interc\u00e2mbio, a divulga\u00e7\u00e3o e o est\u00edmulo \u00e0 produ\u00e7\u00e3o de conhecimento, propostas e solu\u00e7\u00f5es que contribuam para o desenvolvimento de novas ideias, iniciativas e a constru\u00e7\u00e3o de alian\u00e7as para a inova\u00e7\u00e3o e a sustentabilidade.\u00a0<\/p><p>O evento acad\u00eamico e empresarial re\u00fane, anualmente, estudantes de gradua\u00e7\u00e3o e p\u00f3s-gradua\u00e7\u00e3o, empres\u00e1rios, pesquisadores, administradores, ONGs ambientalistas e profissionais de diferentes \u00e1reas. Nos \u00faltimos onze anos, o F\u00f3rum Internacional Ecoinovar contou com uma m\u00e9dia de p\u00fablico de aproximadamente 400 pessoas. Em sua programa\u00e7\u00e3o, s\u00e3o apresentados trabalhos acad\u00eamicos advindos de institui\u00e7\u00f5es de ensino superior de diversos estados brasileiros e universidades estrangeiras. O evento conta, ainda, com a participa\u00e7\u00e3o de renomados professores e palestrantes das mais conceituadas universidades do pa\u00eds e do exterior.<\/p><p>Em sua programa\u00e7\u00e3o, est\u00e3o previstas palestras, apresenta\u00e7\u00f5es de trabalhos, nas modalidades oral e p\u00f4ster, exposi\u00e7\u00e3o de cases empresariais, minicursos e a realiza\u00e7\u00e3o do tradicional Painel Internacional, que contar\u00e1 com a presen\u00e7a de professores estrangeiros.\u00a0<\/p>\t\t\t\t\t\t\t\t<\/div>\n\t\t\t\t<\/div>\n\t\t\t\t\t<\/div>\n\t\t<\/div>\n\t\t\t\t\t<\/div>\n\t\t<\/section>\n\t\t\t\t<\/div>\n\t\t","protected":false},"excerpt":{"rendered":"<p>O F\u00f3rum Internacional Ecoinovar \u00e9 uma realiza\u00e7\u00e3o do Programa de P\u00f3s-Grandua\u00e7\u00e3o em Administra\u00e7\u00e3o (PPGA) da Universidade Federal do Rio Grande (FURG). O objetivo do Ecoinovar consiste em promover o interc\u00e2mbio, a divulga\u00e7\u00e3o e o est\u00edmulo \u00e0 produ\u00e7\u00e3o de conhecimento, propostas e solu\u00e7\u00f5es que contribuam para o desenvolvimento de novas ideias, iniciativas e a constru\u00e7\u00e3o de&hellip;<\/p>\n","protected":false},"author":1,"featured_media":0,"parent":0,"menu_order":0,"comment_status":"closed","ping_status":"closed","template":"","meta":{"footnotes":"","_links_to":"","_links_to_target":""},"class_list":["post-6","page","type-page","status-publish","hentry"],"yoast_head":"<!-- This site is optimized with the Yoast SEO plugin v25.9 - https:\/\/yoast.com\/wordpress\/plugins\/seo\/ -->\n<title>Apresenta\u00e7\u00e3o - 14\u00b0 Ecoinovar<\/title>\n<meta name=\"robots\" content=\"index, follow, max-snippet:-1, max-image-preview:large, max-video-preview:-1\" \/>\n<link rel=\"canonical\" href=\"https:\/\/ecoinovar.com\/14\/apresentacao\/\" \/>\n<meta property=\"og:locale\" content=\"pt_BR\" \/>\n<meta property=\"og:type\" content=\"article\" \/>\n<meta property=\"og:title\" content=\"Apresenta\u00e7\u00e3o - 14\u00b0 Ecoinovar\" \/>\n<meta property=\"og:description\" content=\"O F\u00f3rum Internacional Ecoinovar \u00e9 uma realiza\u00e7\u00e3o do Programa de P\u00f3s-Grandua\u00e7\u00e3o em Administra\u00e7\u00e3o (PPGA) da Universidade Federal do Rio Grande (FURG). O objetivo do Ecoinovar consiste em promover o interc\u00e2mbio, a divulga\u00e7\u00e3o e o est\u00edmulo \u00e0 produ\u00e7\u00e3o de conhecimento, propostas e solu\u00e7\u00f5es que contribuam para o desenvolvimento de novas ideias, iniciativas e a constru\u00e7\u00e3o de&hellip;\" \/>\n<meta property=\"og:url\" content=\"https:\/\/ecoinovar.com\/14\/apresentacao\/\" \/>\n<meta property=\"og:site_name\" content=\"14\u00b0 Ecoinovar\" \/>\n<meta property=\"article:publisher\" content=\"https:\/\/www.facebook.com\/ecoinovar\/\" \/>\n<meta property=\"article:modified_time\" content=\"2023-07-13T14:20:09+00:00\" \/>\n<meta name=\"twitter:card\" content=\"summary_large_image\" \/>\n<meta name=\"twitter:site\" content=\"@forumecoinovar\" \/>\n<meta name=\"twitter:label1\" content=\"Est. tempo de leitura\" \/>\n\t<meta name=\"twitter:data1\" content=\"1 minuto\" \/>\n<script type=\"application\/ld+json\" class=\"yoast-schema-graph\">{\"@context\":\"https:\/\/schema.org\",\"@graph\":[{\"@type\":\"WebPage\",\"@id\":\"https:\/\/ecoinovar.com\/14\/apresentacao\/\",\"url\":\"https:\/\/ecoinovar.com\/14\/apresentacao\/\",\"name\":\"Apresenta\u00e7\u00e3o - 14\u00b0 Ecoinovar\",\"isPartOf\":{\"@id\":\"https:\/\/ecoinovar.com\/14\/#website\"},\"datePublished\":\"2023-07-03T19:54:02+00:00\",\"dateModified\":\"2023-07-13T14:20:09+00:00\",\"breadcrumb\":{\"@id\":\"https:\/\/ecoinovar.com\/14\/apresentacao\/#breadcrumb\"},\"inLanguage\":\"pt-BR\",\"potentialAction\":[{\"@type\":\"ReadAction\",\"target\":[\"https:\/\/ecoinovar.com\/14\/apresentacao\/\"]}]},{\"@type\":\"BreadcrumbList\",\"@id\":\"https:\/\/ecoinovar.com\/14\/apresentacao\/#breadcrumb\",\"itemListElement\":[{\"@type\":\"ListItem\",\"position\":1,\"name\":\"Home\",\"item\":\"https:\/\/ecoinovar.com\/14\/\"},{\"@type\":\"ListItem\",\"position\":2,\"name\":\"Apresenta\u00e7\u00e3o\"}]},{\"@type\":\"WebSite\",\"@id\":\"https:\/\/ecoinovar.com\/14\/#website\",\"url\":\"https:\/\/ecoinovar.com\/14\/\",\"name\":\"13\u00ba Ecoinovar\",\"description\":\"F\u00f3rum Internacional\",\"publisher\":{\"@id\":\"https:\/\/ecoinovar.com\/14\/#organization\"},\"potentialAction\":[{\"@type\":\"SearchAction\",\"target\":{\"@type\":\"EntryPoint\",\"urlTemplate\":\"https:\/\/ecoinovar.com\/14\/?s={search_term_string}\"},\"query-input\":{\"@type\":\"PropertyValueSpecification\",\"valueRequired\":true,\"valueName\":\"search_term_string\"}}],\"inLanguage\":\"pt-BR\"},{\"@type\":\"Organization\",\"@id\":\"https:\/\/ecoinovar.com\/14\/#organization\",\"name\":\"13\u00ba Ecoinovar\",\"url\":\"https:\/\/ecoinovar.com\/14\/\",\"logo\":{\"@type\":\"ImageObject\",\"inLanguage\":\"pt-BR\",\"@id\":\"https:\/\/ecoinovar.com\/14\/#\/schema\/logo\/image\/\",\"url\":\"https:\/\/ecoinovar.com\/14\/wp-content\/uploads\/sites\/19\/2023\/07\/ecoinovar.png\",\"contentUrl\":\"https:\/\/ecoinovar.com\/14\/wp-content\/uploads\/sites\/19\/2023\/07\/ecoinovar.png\",\"width\":162,\"height\":110,\"caption\":\"13\u00ba Ecoinovar\"},\"image\":{\"@id\":\"https:\/\/ecoinovar.com\/14\/#\/schema\/logo\/image\/\"},\"sameAs\":[\"https:\/\/www.facebook.com\/ecoinovar\/\",\"https:\/\/x.com\/forumecoinovar\",\"https:\/\/www.instagram.com\/ecoinovar\/\",\"https:\/\/www.youtube.com\/channel\/UC0HBZQUZoIWqVnqECbEf7Sw\"]}]}<\/script>\n<!-- \/ Yoast SEO plugin. -->","yoast_head_json":{"title":"Apresenta\u00e7\u00e3o - 14\u00b0 Ecoinovar","robots":{"index":"index","follow":"follow","max-snippet":"max-snippet:-1","max-image-preview":"max-image-preview:large","max-video-preview":"max-video-preview:-1"},"canonical":"https:\/\/ecoinovar.com\/14\/apresentacao\/","og_locale":"pt_BR","og_type":"article","og_title":"Apresenta\u00e7\u00e3o - 14\u00b0 Ecoinovar","og_description":"O F\u00f3rum Internacional Ecoinovar \u00e9 uma realiza\u00e7\u00e3o do Programa de P\u00f3s-Grandua\u00e7\u00e3o em Administra\u00e7\u00e3o (PPGA) da Universidade Federal do Rio Grande (FURG). O objetivo do Ecoinovar consiste em promover o interc\u00e2mbio, a divulga\u00e7\u00e3o e o est\u00edmulo \u00e0 produ\u00e7\u00e3o de conhecimento, propostas e solu\u00e7\u00f5es que contribuam para o desenvolvimento de novas ideias, iniciativas e a constru\u00e7\u00e3o de&hellip;","og_url":"https:\/\/ecoinovar.com\/14\/apresentacao\/","og_site_name":"14\u00b0 Ecoinovar","article_publisher":"https:\/\/www.facebook.com\/ecoinovar\/","article_modified_time":"2023-07-13T14:20:09+00:00","twitter_card":"summary_large_image","twitter_site":"@forumecoinovar","twitter_misc":{"Est. tempo de leitura":"1 minuto"},"schema":{"@context":"https:\/\/schema.org","@graph":[{"@type":"WebPage","@id":"https:\/\/ecoinovar.com\/14\/apresentacao\/","url":"https:\/\/ecoinovar.com\/14\/apresentacao\/","name":"Apresenta\u00e7\u00e3o - 14\u00b0 Ecoinovar","isPartOf":{"@id":"https:\/\/ecoinovar.com\/14\/#website"},"datePublished":"2023-07-03T19:54:02+00:00","dateModified":"2023-07-13T14:20:09+00:00","breadcrumb":{"@id":"https:\/\/ecoinovar.com\/14\/apresentacao\/#breadcrumb"},"inLanguage":"pt-BR","potentialAction":[{"@type":"ReadAction","target":["https:\/\/ecoinovar.com\/14\/apresentacao\/"]}]},{"@type":"BreadcrumbList","@id":"https:\/\/ecoinovar.com\/14\/apresentacao\/#breadcrumb","itemListElement":[{"@type":"ListItem","position":1,"name":"Home","item":"https:\/\/ecoinovar.com\/14\/"},{"@type":"ListItem","position":2,"name":"Apresenta\u00e7\u00e3o"}]},{"@type":"WebSite","@id":"https:\/\/ecoinovar.com\/14\/#website","url":"https:\/\/ecoinovar.com\/14\/","name":"13\u00ba Ecoinovar","description":"F\u00f3rum Internacional","publisher":{"@id":"https:\/\/ecoinovar.com\/14\/#organization"},"potentialAction":[{"@type":"SearchAction","target":{"@type":"EntryPoint","urlTemplate":"https:\/\/ecoinovar.com\/14\/?s={search_term_string}"},"query-input":{"@type":"PropertyValueSpecification","valueRequired":true,"valueName":"search_term_string"}}],"inLanguage":"pt-BR"},{"@type":"Organization","@id":"https:\/\/ecoinovar.com\/14\/#organization","name":"13\u00ba Ecoinovar","url":"https:\/\/ecoinovar.com\/14\/","logo":{"@type":"ImageObject","inLanguage":"pt-BR","@id":"https:\/\/ecoinovar.com\/14\/#\/schema\/logo\/image\/","url":"https:\/\/ecoinovar.com\/14\/wp-content\/uploads\/sites\/19\/2023\/07\/ecoinovar.png","contentUrl":"https:\/\/ecoinovar.com\/14\/wp-content\/uploads\/sites\/19\/2023\/07\/ecoinovar.png","width":162,"height":110,"caption":"13\u00ba Ecoinovar"},"image":{"@id":"https:\/\/ecoinovar.com\/14\/#\/schema\/logo\/image\/"},"sameAs":["https:\/\/www.facebook.com\/ecoinovar\/","https:\/\/x.com\/forumecoinovar","https:\/\/www.instagram.com\/ecoinovar\/","https:\/\/www.youtube.com\/channel\/UC0HBZQUZoIWqVnqECbEf7Sw"]}]}},"_links":{"self":[{"href":"https:\/\/ecoinovar.com\/14\/wp-json\/wp\/v2\/pages\/6","targetHints":{"allow":["GET"]}}],"collection":[{"href":"https:\/\/ecoinovar.com\/14\/wp-json\/wp\/v2\/pages"}],"about":[{"href":"https:\/\/ecoinovar.com\/14\/wp-json\/wp\/v2\/types\/page"}],"author":[{"embeddable":true,"href":"https:\/\/ecoinovar.com\/14\/wp-json\/wp\/v2\/users\/1"}],"replies":[{"embeddable":true,"href":"https:\/\/ecoinovar.com\/14\/wp-json\/wp\/v2\/comments?post=6"}],"version-history":[{"count":16,"href":"https:\/\/ecoinovar.com\/14\/wp-json\/wp\/v2\/pages\/6\/revisions"}],"predecessor-version":[{"id":379,"href":"https:\/\/ecoinovar.com\/14\/wp-json\/wp\/v2\/pages\/6\/revisions\/379"}],"wp:attachment":[{"href":"https:\/\/ecoinovar.com\/14\/wp-json\/wp\/v2\/media?parent=6"}],"curies":[{"name":"wp","href":"https:\/\/api.w.org\/{rel}","templated":true}]}}