{"id":380,"date":"2023-07-13T11:24:27","date_gmt":"2023-07-13T14:24:27","guid":{"rendered":"https:\/\/ecoinovar.com\/14\/?page_id=380"},"modified":"2025-05-30T09:51:59","modified_gmt":"2025-05-30T12:51:59","slug":"ecoinovar-5","status":"publish","type":"page","link":"https:\/\/ecoinovar.com\/14\/ecoinovar-5\/","title":{"rendered":"Ecoinovar"},"content":{"rendered":"\t\t<div data-elementor-type=\"wp-page\" data-elementor-id=\"380\" class=\"elementor elementor-380\" data-elementor-post-type=\"page\">\n\t\t\t\t\t\t<section class=\"elementor-section elementor-top-section elementor-element elementor-element-0d4e4d6 elementor-section-boxed elementor-section-height-default elementor-section-height-default\" data-id=\"0d4e4d6\" data-element_type=\"section\">\n\t\t\t\t\t\t<div class=\"elementor-container elementor-column-gap-default\">\n\t\t\t\t\t<div class=\"elementor-column elementor-col-100 elementor-top-column elementor-element elementor-element-4a4cf2e\" data-id=\"4a4cf2e\" data-element_type=\"column\">\n\t\t\t<div class=\"elementor-widget-wrap elementor-element-populated\">\n\t\t\t\t\t\t<div class=\"elementor-element elementor-element-0dc25eb elementor-widget elementor-widget-text-editor\" data-id=\"0dc25eb\" data-element_type=\"widget\" data-widget_type=\"text-editor.default\">\n\t\t\t\t<div class=\"elementor-widget-container\">\n\t\t\t\t\t\t\t\t\t<p>O <b>14\u00ba F\u00d3RUM INTERNACIONAL ECOINOVAR<\/b> \u00e9 um evento&nbsp;acad\u00eamico que re\u00fane empres\u00e1rios, pesquisadores, administradores, ONGs,&nbsp;estudantes, formuladores de pol\u00edticas e profissionais de diferentes \u00e1reas. Em&nbsp;2025, o F\u00f3rum ser\u00e1&nbsp;realizado nos dias 25 e 26 de setembro, em formato h\u00edbrido, na Universidade&nbsp;Federal do Rio Grande (FURG).<\/p>\n<p>Paralelamente ao F\u00f3rum, s\u00e3o realizados dois eventos&nbsp;gratuitos: a <b>MOSTRA CIENT\u00cdFICA ECOINOVAR<\/b>, que re\u00fane estudantes do ensino&nbsp;fundamental, ensino m\u00e9dio e t\u00e9cnico de escolas p\u00fablicas e privadas da cidade de&nbsp;Rio Grande\/RS e regi\u00e3o, e a <b>EXPO ECOINOVAR<\/b>, evento participante da&nbsp;Semana Nacional de Ci\u00eancia e Tecnologia (CNPq). No entanto, em 2025, esses&nbsp;eventos n\u00e3o ser\u00e3o realizados.<\/p>\t\t\t\t\t\t\t\t<\/div>\n\t\t\t\t<\/div>\n\t\t\t\t\t<\/div>\n\t\t<\/div>\n\t\t\t\t\t<\/div>\n\t\t<\/section>\n\t\t\t\t<\/div>\n\t\t","protected":false},"excerpt":{"rendered":"<p>O 14\u00ba F\u00d3RUM INTERNACIONAL ECOINOVAR \u00e9 um evento&nbsp;acad\u00eamico que re\u00fane empres\u00e1rios, pesquisadores, administradores, ONGs,&nbsp;estudantes, formuladores de pol\u00edticas e profissionais de diferentes \u00e1reas. Em&nbsp;2025, o F\u00f3rum ser\u00e1&nbsp;realizado nos dias 25 e 26 de setembro, em formato h\u00edbrido, na Universidade&nbsp;Federal do Rio Grande (FURG). Paralelamente ao F\u00f3rum, s\u00e3o realizados dois eventos&nbsp;gratuitos: a MOSTRA CIENT\u00cdFICA ECOINOVAR, que re\u00fane&hellip;<\/p>\n","protected":false},"author":1,"featured_media":0,"parent":0,"menu_order":0,"comment_status":"closed","ping_status":"closed","template":"","meta":{"footnotes":"","_links_to":"","_links_to_target":""},"class_list":["post-380","page","type-page","status-publish","hentry"],"yoast_head":"<!-- This site is optimized with the Yoast SEO plugin v25.9 - https:\/\/yoast.com\/wordpress\/plugins\/seo\/ -->\n<title>Ecoinovar - 14\u00b0 Ecoinovar<\/title>\n<meta name=\"robots\" content=\"index, follow, max-snippet:-1, max-image-preview:large, max-video-preview:-1\" \/>\n<link rel=\"canonical\" href=\"https:\/\/ecoinovar.com\/14\/ecoinovar-5\/\" \/>\n<meta property=\"og:locale\" content=\"pt_BR\" \/>\n<meta property=\"og:type\" content=\"article\" \/>\n<meta property=\"og:title\" content=\"Ecoinovar - 14\u00b0 Ecoinovar\" \/>\n<meta property=\"og:description\" content=\"O 14\u00ba F\u00d3RUM INTERNACIONAL ECOINOVAR \u00e9 um evento&nbsp;acad\u00eamico que re\u00fane empres\u00e1rios, pesquisadores, administradores, ONGs,&nbsp;estudantes, formuladores de pol\u00edticas e profissionais de diferentes \u00e1reas. Em&nbsp;2025, o F\u00f3rum ser\u00e1&nbsp;realizado nos dias 25 e 26 de setembro, em formato h\u00edbrido, na Universidade&nbsp;Federal do Rio Grande (FURG). Paralelamente ao F\u00f3rum, s\u00e3o realizados dois eventos&nbsp;gratuitos: a MOSTRA CIENT\u00cdFICA ECOINOVAR, que re\u00fane&hellip;\" \/>\n<meta property=\"og:url\" content=\"https:\/\/ecoinovar.com\/14\/ecoinovar-5\/\" \/>\n<meta property=\"og:site_name\" content=\"14\u00b0 Ecoinovar\" \/>\n<meta property=\"article:publisher\" content=\"https:\/\/www.facebook.com\/ecoinovar\/\" \/>\n<meta property=\"article:modified_time\" content=\"2025-05-30T12:51:59+00:00\" \/>\n<meta name=\"twitter:card\" content=\"summary_large_image\" \/>\n<meta name=\"twitter:site\" content=\"@forumecoinovar\" \/>\n<meta name=\"twitter:label1\" content=\"Est. tempo de leitura\" \/>\n\t<meta name=\"twitter:data1\" content=\"1 minuto\" \/>\n<script type=\"application\/ld+json\" class=\"yoast-schema-graph\">{\"@context\":\"https:\/\/schema.org\",\"@graph\":[{\"@type\":\"WebPage\",\"@id\":\"https:\/\/ecoinovar.com\/14\/ecoinovar-5\/\",\"url\":\"https:\/\/ecoinovar.com\/14\/ecoinovar-5\/\",\"name\":\"Ecoinovar - 14\u00b0 Ecoinovar\",\"isPartOf\":{\"@id\":\"https:\/\/ecoinovar.com\/14\/#website\"},\"datePublished\":\"2023-07-13T14:24:27+00:00\",\"dateModified\":\"2025-05-30T12:51:59+00:00\",\"breadcrumb\":{\"@id\":\"https:\/\/ecoinovar.com\/14\/ecoinovar-5\/#breadcrumb\"},\"inLanguage\":\"pt-BR\",\"potentialAction\":[{\"@type\":\"ReadAction\",\"target\":[\"https:\/\/ecoinovar.com\/14\/ecoinovar-5\/\"]}]},{\"@type\":\"BreadcrumbList\",\"@id\":\"https:\/\/ecoinovar.com\/14\/ecoinovar-5\/#breadcrumb\",\"itemListElement\":[{\"@type\":\"ListItem\",\"position\":1,\"name\":\"Home\",\"item\":\"https:\/\/ecoinovar.com\/14\/\"},{\"@type\":\"ListItem\",\"position\":2,\"name\":\"Ecoinovar\"}]},{\"@type\":\"WebSite\",\"@id\":\"https:\/\/ecoinovar.com\/14\/#website\",\"url\":\"https:\/\/ecoinovar.com\/14\/\",\"name\":\"13\u00ba Ecoinovar\",\"description\":\"F\u00f3rum Internacional\",\"publisher\":{\"@id\":\"https:\/\/ecoinovar.com\/14\/#organization\"},\"potentialAction\":[{\"@type\":\"SearchAction\",\"target\":{\"@type\":\"EntryPoint\",\"urlTemplate\":\"https:\/\/ecoinovar.com\/14\/?s={search_term_string}\"},\"query-input\":{\"@type\":\"PropertyValueSpecification\",\"valueRequired\":true,\"valueName\":\"search_term_string\"}}],\"inLanguage\":\"pt-BR\"},{\"@type\":\"Organization\",\"@id\":\"https:\/\/ecoinovar.com\/14\/#organization\",\"name\":\"13\u00ba Ecoinovar\",\"url\":\"https:\/\/ecoinovar.com\/14\/\",\"logo\":{\"@type\":\"ImageObject\",\"inLanguage\":\"pt-BR\",\"@id\":\"https:\/\/ecoinovar.com\/14\/#\/schema\/logo\/image\/\",\"url\":\"https:\/\/ecoinovar.com\/14\/wp-content\/uploads\/sites\/19\/2023\/07\/ecoinovar.png\",\"contentUrl\":\"https:\/\/ecoinovar.com\/14\/wp-content\/uploads\/sites\/19\/2023\/07\/ecoinovar.png\",\"width\":162,\"height\":110,\"caption\":\"13\u00ba Ecoinovar\"},\"image\":{\"@id\":\"https:\/\/ecoinovar.com\/14\/#\/schema\/logo\/image\/\"},\"sameAs\":[\"https:\/\/www.facebook.com\/ecoinovar\/\",\"https:\/\/x.com\/forumecoinovar\",\"https:\/\/www.instagram.com\/ecoinovar\/\",\"https:\/\/www.youtube.com\/channel\/UC0HBZQUZoIWqVnqECbEf7Sw\"]}]}<\/script>\n<!-- \/ Yoast SEO plugin. -->","yoast_head_json":{"title":"Ecoinovar - 14\u00b0 Ecoinovar","robots":{"index":"index","follow":"follow","max-snippet":"max-snippet:-1","max-image-preview":"max-image-preview:large","max-video-preview":"max-video-preview:-1"},"canonical":"https:\/\/ecoinovar.com\/14\/ecoinovar-5\/","og_locale":"pt_BR","og_type":"article","og_title":"Ecoinovar - 14\u00b0 Ecoinovar","og_description":"O 14\u00ba F\u00d3RUM INTERNACIONAL ECOINOVAR \u00e9 um evento&nbsp;acad\u00eamico que re\u00fane empres\u00e1rios, pesquisadores, administradores, ONGs,&nbsp;estudantes, formuladores de pol\u00edticas e profissionais de diferentes \u00e1reas. Em&nbsp;2025, o F\u00f3rum ser\u00e1&nbsp;realizado nos dias 25 e 26 de setembro, em formato h\u00edbrido, na Universidade&nbsp;Federal do Rio Grande (FURG). Paralelamente ao F\u00f3rum, s\u00e3o realizados dois eventos&nbsp;gratuitos: a MOSTRA CIENT\u00cdFICA ECOINOVAR, que re\u00fane&hellip;","og_url":"https:\/\/ecoinovar.com\/14\/ecoinovar-5\/","og_site_name":"14\u00b0 Ecoinovar","article_publisher":"https:\/\/www.facebook.com\/ecoinovar\/","article_modified_time":"2025-05-30T12:51:59+00:00","twitter_card":"summary_large_image","twitter_site":"@forumecoinovar","twitter_misc":{"Est. tempo de leitura":"1 minuto"},"schema":{"@context":"https:\/\/schema.org","@graph":[{"@type":"WebPage","@id":"https:\/\/ecoinovar.com\/14\/ecoinovar-5\/","url":"https:\/\/ecoinovar.com\/14\/ecoinovar-5\/","name":"Ecoinovar - 14\u00b0 Ecoinovar","isPartOf":{"@id":"https:\/\/ecoinovar.com\/14\/#website"},"datePublished":"2023-07-13T14:24:27+00:00","dateModified":"2025-05-30T12:51:59+00:00","breadcrumb":{"@id":"https:\/\/ecoinovar.com\/14\/ecoinovar-5\/#breadcrumb"},"inLanguage":"pt-BR","potentialAction":[{"@type":"ReadAction","target":["https:\/\/ecoinovar.com\/14\/ecoinovar-5\/"]}]},{"@type":"BreadcrumbList","@id":"https:\/\/ecoinovar.com\/14\/ecoinovar-5\/#breadcrumb","itemListElement":[{"@type":"ListItem","position":1,"name":"Home","item":"https:\/\/ecoinovar.com\/14\/"},{"@type":"ListItem","position":2,"name":"Ecoinovar"}]},{"@type":"WebSite","@id":"https:\/\/ecoinovar.com\/14\/#website","url":"https:\/\/ecoinovar.com\/14\/","name":"13\u00ba Ecoinovar","description":"F\u00f3rum Internacional","publisher":{"@id":"https:\/\/ecoinovar.com\/14\/#organization"},"potentialAction":[{"@type":"SearchAction","target":{"@type":"EntryPoint","urlTemplate":"https:\/\/ecoinovar.com\/14\/?s={search_term_string}"},"query-input":{"@type":"PropertyValueSpecification","valueRequired":true,"valueName":"search_term_string"}}],"inLanguage":"pt-BR"},{"@type":"Organization","@id":"https:\/\/ecoinovar.com\/14\/#organization","name":"13\u00ba Ecoinovar","url":"https:\/\/ecoinovar.com\/14\/","logo":{"@type":"ImageObject","inLanguage":"pt-BR","@id":"https:\/\/ecoinovar.com\/14\/#\/schema\/logo\/image\/","url":"https:\/\/ecoinovar.com\/14\/wp-content\/uploads\/sites\/19\/2023\/07\/ecoinovar.png","contentUrl":"https:\/\/ecoinovar.com\/14\/wp-content\/uploads\/sites\/19\/2023\/07\/ecoinovar.png","width":162,"height":110,"caption":"13\u00ba Ecoinovar"},"image":{"@id":"https:\/\/ecoinovar.com\/14\/#\/schema\/logo\/image\/"},"sameAs":["https:\/\/www.facebook.com\/ecoinovar\/","https:\/\/x.com\/forumecoinovar","https:\/\/www.instagram.com\/ecoinovar\/","https:\/\/www.youtube.com\/channel\/UC0HBZQUZoIWqVnqECbEf7Sw"]}]}},"_links":{"self":[{"href":"https:\/\/ecoinovar.com\/14\/wp-json\/wp\/v2\/pages\/380","targetHints":{"allow":["GET"]}}],"collection":[{"href":"https:\/\/ecoinovar.com\/14\/wp-json\/wp\/v2\/pages"}],"about":[{"href":"https:\/\/ecoinovar.com\/14\/wp-json\/wp\/v2\/types\/page"}],"author":[{"embeddable":true,"href":"https:\/\/ecoinovar.com\/14\/wp-json\/wp\/v2\/users\/1"}],"replies":[{"embeddable":true,"href":"https:\/\/ecoinovar.com\/14\/wp-json\/wp\/v2\/comments?post=380"}],"version-history":[{"count":26,"href":"https:\/\/ecoinovar.com\/14\/wp-json\/wp\/v2\/pages\/380\/revisions"}],"predecessor-version":[{"id":1424,"href":"https:\/\/ecoinovar.com\/14\/wp-json\/wp\/v2\/pages\/380\/revisions\/1424"}],"wp:attachment":[{"href":"https:\/\/ecoinovar.com\/14\/wp-json\/wp\/v2\/media?parent=380"}],"curies":[{"name":"wp","href":"https:\/\/api.w.org\/{rel}","templated":true}]}}