{"id":1532,"date":"2025-09-18T18:54:59","date_gmt":"2025-09-18T21:54:59","guid":{"rendered":"https:\/\/ecoinovar.com\/14\/?page_id=1532"},"modified":"2025-09-19T17:17:22","modified_gmt":"2025-09-19T20:17:22","slug":"inscricao-por-empenho","status":"publish","type":"page","link":"https:\/\/ecoinovar.com\/14\/inscricao-por-empenho\/","title":{"rendered":"Inscri\u00e7\u00e3o por empenho"},"content":{"rendered":"\n<h4 class=\"wp-block-heading\">Observa\u00e7\u00f5es importantes:&nbsp;<\/h4>\n\n\n\n<p>O pagamento da inscri\u00e7\u00e3o pode ser via empenho.<\/p>\n\n\n\n<p>A inscri\u00e7\u00e3o do participante dever\u00e1 ser individual.<\/p>\n\n\n\n<p>N\u00e3o emitimos nota fiscal somente recibo, o qual ser\u00e1 emitido ao final da sua inscri\u00e7\u00e3o e dever\u00e1 ser enviado para a sua institui\u00e7\u00e3o para solicita\u00e7\u00e3o do empenho.<\/p>\n\n\n\n<p>Qualquer documento adicional que a Universidade pagante exija, dever\u00e1 ser solicitado por email\u00a0contato@ecoinovar.com.br\u00a0e o prazo para atendimento ser\u00e1 de at\u00e9 7 dias \u00fateis.<\/p>\n\n\n\n<h4 class=\"wp-block-heading\">Procedimentos para realiza\u00e7\u00e3o da inscri\u00e7\u00e3o (<strong>at\u00e9 22\/09<\/strong>):<\/h4>\n\n\n\n<p>A inscri\u00e7\u00e3o atrav\u00e9s de \u201cNota de Empenho\u201d dever\u00e1 ser providenciada diretamente pelo participante junto \u00e0 sua institui\u00e7\u00e3o. O autor com trabalho aprovado dever\u00e1 informar os seguintes dados a sua institui\u00e7\u00e3o:<\/p>\n\n\n\n<h4 class=\"wp-block-heading\">Dados da empresa para emiss\u00e3o da Nota de Empenho:<\/h4>\n\n\n\n<p>Funda\u00e7\u00e3o Instituto de Administra\u00e7\u00e3o FIA<br>CNPJ: 44.315.919\/0001-40<br>Dados da Conta banc\u00e1ria:<br>Banco Ita\u00fa n\u00ba 341<br>Ag. 0445-7 (Iguatemi)<br>C\/C: 59781-8<\/p>\n\n\n\n<p>O autor com trabalho aprovado dever\u00e1 enviar o documento de empenho at\u00e9 o dia 01\/10\/2025 para o email&nbsp;contato@ecoinovar.com.br<\/p>\n\n\n\n<p><strong>Documentos:<\/strong><\/p>\n\n\n\n<ul class=\"wp-block-list\">\n<li><a href=\"https:\/\/engema.org.br\/27\/wp-content\/uploads\/sites\/17\/2023\/05\/Declaracao-de-Imunidade-Tributaria_02.01.23.pdf\" target=\"_blank\" rel=\"noreferrer noopener\">Declara\u00e7\u00e3o Imunidade Tribut\u00e1ria<\/a><\/li>\n\n\n\n<li><a href=\"https:\/\/semead.com.br\/28\/wp-content\/uploads\/sites\/19\/2025\/09\/Certidao-44315919000140.pdf\" target=\"_blank\" rel=\"noreferrer noopener\">Certid\u00e3o Negativa da Receita Federal<\/a><\/li>\n\n\n\n<li><a href=\"https:\/\/semead.com.br\/28\/wp-content\/uploads\/sites\/19\/2025\/09\/Relatorio_CertidaoNegativa_2025-09-12_091730.pdf\" target=\"_blank\" rel=\"noreferrer noopener\">Certid\u00e3o Negativa da Receita Municipal<\/a><\/li>\n\n\n\n<li><a href=\"https:\/\/semead.com.br\/28\/wp-content\/uploads\/sites\/19\/2025\/09\/Consulta-Regularidade-do-Empregador.pdf\" target=\"_blank\" rel=\"noreferrer noopener\">Certid\u00e3o Negativa do FGTS<\/a><\/li>\n\n\n\n<li><a href=\"https:\/\/semead.com.br\/28\/wp-content\/uploads\/sites\/19\/2025\/09\/certidao_44315919000140.pdf\" target=\"_blank\" rel=\"noreferrer noopener\">Certid\u00e3o Negativa Trabalhista<\/a><\/li>\n<\/ul>\n","protected":false},"excerpt":{"rendered":"<p>Observa\u00e7\u00f5es importantes:&nbsp; O pagamento da inscri\u00e7\u00e3o pode ser via empenho. A inscri\u00e7\u00e3o do participante dever\u00e1 ser individual. N\u00e3o emitimos nota fiscal somente recibo, o qual ser\u00e1 emitido ao final da sua inscri\u00e7\u00e3o e dever\u00e1 ser enviado para a sua institui\u00e7\u00e3o para solicita\u00e7\u00e3o do empenho. Qualquer documento adicional que a Universidade pagante exija, dever\u00e1 ser solicitado&hellip;<\/p>\n","protected":false},"author":1,"featured_media":0,"parent":0,"menu_order":0,"comment_status":"closed","ping_status":"closed","template":"","meta":{"footnotes":"","_links_to":"","_links_to_target":""},"class_list":["post-1532","page","type-page","status-publish","hentry","description-off"],"yoast_head":"<!-- This site is optimized with the Yoast SEO plugin v25.9 - https:\/\/yoast.com\/wordpress\/plugins\/seo\/ -->\n<title>Inscri\u00e7\u00e3o por empenho - 14\u00b0 Ecoinovar<\/title>\n<meta name=\"robots\" content=\"index, follow, max-snippet:-1, max-image-preview:large, max-video-preview:-1\" \/>\n<link rel=\"canonical\" href=\"https:\/\/ecoinovar.com\/14\/inscricao-por-empenho\/\" \/>\n<meta property=\"og:locale\" content=\"pt_BR\" \/>\n<meta property=\"og:type\" content=\"article\" \/>\n<meta property=\"og:title\" content=\"Inscri\u00e7\u00e3o por empenho - 14\u00b0 Ecoinovar\" \/>\n<meta property=\"og:description\" content=\"Observa\u00e7\u00f5es importantes:&nbsp; O pagamento da inscri\u00e7\u00e3o pode ser via empenho. A inscri\u00e7\u00e3o do participante dever\u00e1 ser individual. N\u00e3o emitimos nota fiscal somente recibo, o qual ser\u00e1 emitido ao final da sua inscri\u00e7\u00e3o e dever\u00e1 ser enviado para a sua institui\u00e7\u00e3o para solicita\u00e7\u00e3o do empenho. Qualquer documento adicional que a Universidade pagante exija, dever\u00e1 ser solicitado&hellip;\" \/>\n<meta property=\"og:url\" content=\"https:\/\/ecoinovar.com\/14\/inscricao-por-empenho\/\" \/>\n<meta property=\"og:site_name\" content=\"14\u00b0 Ecoinovar\" \/>\n<meta property=\"article:publisher\" content=\"https:\/\/www.facebook.com\/ecoinovar\/\" \/>\n<meta property=\"article:modified_time\" content=\"2025-09-19T20:17:22+00:00\" \/>\n<meta name=\"twitter:card\" content=\"summary_large_image\" \/>\n<meta name=\"twitter:site\" content=\"@forumecoinovar\" \/>\n<meta name=\"twitter:label1\" content=\"Est. tempo de leitura\" \/>\n\t<meta name=\"twitter:data1\" content=\"1 minuto\" \/>\n<script type=\"application\/ld+json\" class=\"yoast-schema-graph\">{\"@context\":\"https:\/\/schema.org\",\"@graph\":[{\"@type\":\"WebPage\",\"@id\":\"https:\/\/ecoinovar.com\/14\/inscricao-por-empenho\/\",\"url\":\"https:\/\/ecoinovar.com\/14\/inscricao-por-empenho\/\",\"name\":\"Inscri\u00e7\u00e3o por empenho - 14\u00b0 Ecoinovar\",\"isPartOf\":{\"@id\":\"https:\/\/ecoinovar.com\/14\/#website\"},\"datePublished\":\"2025-09-18T21:54:59+00:00\",\"dateModified\":\"2025-09-19T20:17:22+00:00\",\"breadcrumb\":{\"@id\":\"https:\/\/ecoinovar.com\/14\/inscricao-por-empenho\/#breadcrumb\"},\"inLanguage\":\"pt-BR\",\"potentialAction\":[{\"@type\":\"ReadAction\",\"target\":[\"https:\/\/ecoinovar.com\/14\/inscricao-por-empenho\/\"]}]},{\"@type\":\"BreadcrumbList\",\"@id\":\"https:\/\/ecoinovar.com\/14\/inscricao-por-empenho\/#breadcrumb\",\"itemListElement\":[{\"@type\":\"ListItem\",\"position\":1,\"name\":\"Home\",\"item\":\"https:\/\/ecoinovar.com\/14\/\"},{\"@type\":\"ListItem\",\"position\":2,\"name\":\"Inscri\u00e7\u00e3o por empenho\"}]},{\"@type\":\"WebSite\",\"@id\":\"https:\/\/ecoinovar.com\/14\/#website\",\"url\":\"https:\/\/ecoinovar.com\/14\/\",\"name\":\"13\u00ba Ecoinovar\",\"description\":\"F\u00f3rum Internacional\",\"publisher\":{\"@id\":\"https:\/\/ecoinovar.com\/14\/#organization\"},\"potentialAction\":[{\"@type\":\"SearchAction\",\"target\":{\"@type\":\"EntryPoint\",\"urlTemplate\":\"https:\/\/ecoinovar.com\/14\/?s={search_term_string}\"},\"query-input\":{\"@type\":\"PropertyValueSpecification\",\"valueRequired\":true,\"valueName\":\"search_term_string\"}}],\"inLanguage\":\"pt-BR\"},{\"@type\":\"Organization\",\"@id\":\"https:\/\/ecoinovar.com\/14\/#organization\",\"name\":\"13\u00ba Ecoinovar\",\"url\":\"https:\/\/ecoinovar.com\/14\/\",\"logo\":{\"@type\":\"ImageObject\",\"inLanguage\":\"pt-BR\",\"@id\":\"https:\/\/ecoinovar.com\/14\/#\/schema\/logo\/image\/\",\"url\":\"https:\/\/ecoinovar.com\/14\/wp-content\/uploads\/sites\/19\/2023\/07\/ecoinovar.png\",\"contentUrl\":\"https:\/\/ecoinovar.com\/14\/wp-content\/uploads\/sites\/19\/2023\/07\/ecoinovar.png\",\"width\":162,\"height\":110,\"caption\":\"13\u00ba Ecoinovar\"},\"image\":{\"@id\":\"https:\/\/ecoinovar.com\/14\/#\/schema\/logo\/image\/\"},\"sameAs\":[\"https:\/\/www.facebook.com\/ecoinovar\/\",\"https:\/\/x.com\/forumecoinovar\",\"https:\/\/www.instagram.com\/ecoinovar\/\",\"https:\/\/www.youtube.com\/channel\/UC0HBZQUZoIWqVnqECbEf7Sw\"]}]}<\/script>\n<!-- \/ Yoast SEO plugin. -->","yoast_head_json":{"title":"Inscri\u00e7\u00e3o por empenho - 14\u00b0 Ecoinovar","robots":{"index":"index","follow":"follow","max-snippet":"max-snippet:-1","max-image-preview":"max-image-preview:large","max-video-preview":"max-video-preview:-1"},"canonical":"https:\/\/ecoinovar.com\/14\/inscricao-por-empenho\/","og_locale":"pt_BR","og_type":"article","og_title":"Inscri\u00e7\u00e3o por empenho - 14\u00b0 Ecoinovar","og_description":"Observa\u00e7\u00f5es importantes:&nbsp; O pagamento da inscri\u00e7\u00e3o pode ser via empenho. A inscri\u00e7\u00e3o do participante dever\u00e1 ser individual. N\u00e3o emitimos nota fiscal somente recibo, o qual ser\u00e1 emitido ao final da sua inscri\u00e7\u00e3o e dever\u00e1 ser enviado para a sua institui\u00e7\u00e3o para solicita\u00e7\u00e3o do empenho. Qualquer documento adicional que a Universidade pagante exija, dever\u00e1 ser solicitado&hellip;","og_url":"https:\/\/ecoinovar.com\/14\/inscricao-por-empenho\/","og_site_name":"14\u00b0 Ecoinovar","article_publisher":"https:\/\/www.facebook.com\/ecoinovar\/","article_modified_time":"2025-09-19T20:17:22+00:00","twitter_card":"summary_large_image","twitter_site":"@forumecoinovar","twitter_misc":{"Est. tempo de leitura":"1 minuto"},"schema":{"@context":"https:\/\/schema.org","@graph":[{"@type":"WebPage","@id":"https:\/\/ecoinovar.com\/14\/inscricao-por-empenho\/","url":"https:\/\/ecoinovar.com\/14\/inscricao-por-empenho\/","name":"Inscri\u00e7\u00e3o por empenho - 14\u00b0 Ecoinovar","isPartOf":{"@id":"https:\/\/ecoinovar.com\/14\/#website"},"datePublished":"2025-09-18T21:54:59+00:00","dateModified":"2025-09-19T20:17:22+00:00","breadcrumb":{"@id":"https:\/\/ecoinovar.com\/14\/inscricao-por-empenho\/#breadcrumb"},"inLanguage":"pt-BR","potentialAction":[{"@type":"ReadAction","target":["https:\/\/ecoinovar.com\/14\/inscricao-por-empenho\/"]}]},{"@type":"BreadcrumbList","@id":"https:\/\/ecoinovar.com\/14\/inscricao-por-empenho\/#breadcrumb","itemListElement":[{"@type":"ListItem","position":1,"name":"Home","item":"https:\/\/ecoinovar.com\/14\/"},{"@type":"ListItem","position":2,"name":"Inscri\u00e7\u00e3o por empenho"}]},{"@type":"WebSite","@id":"https:\/\/ecoinovar.com\/14\/#website","url":"https:\/\/ecoinovar.com\/14\/","name":"13\u00ba Ecoinovar","description":"F\u00f3rum Internacional","publisher":{"@id":"https:\/\/ecoinovar.com\/14\/#organization"},"potentialAction":[{"@type":"SearchAction","target":{"@type":"EntryPoint","urlTemplate":"https:\/\/ecoinovar.com\/14\/?s={search_term_string}"},"query-input":{"@type":"PropertyValueSpecification","valueRequired":true,"valueName":"search_term_string"}}],"inLanguage":"pt-BR"},{"@type":"Organization","@id":"https:\/\/ecoinovar.com\/14\/#organization","name":"13\u00ba Ecoinovar","url":"https:\/\/ecoinovar.com\/14\/","logo":{"@type":"ImageObject","inLanguage":"pt-BR","@id":"https:\/\/ecoinovar.com\/14\/#\/schema\/logo\/image\/","url":"https:\/\/ecoinovar.com\/14\/wp-content\/uploads\/sites\/19\/2023\/07\/ecoinovar.png","contentUrl":"https:\/\/ecoinovar.com\/14\/wp-content\/uploads\/sites\/19\/2023\/07\/ecoinovar.png","width":162,"height":110,"caption":"13\u00ba Ecoinovar"},"image":{"@id":"https:\/\/ecoinovar.com\/14\/#\/schema\/logo\/image\/"},"sameAs":["https:\/\/www.facebook.com\/ecoinovar\/","https:\/\/x.com\/forumecoinovar","https:\/\/www.instagram.com\/ecoinovar\/","https:\/\/www.youtube.com\/channel\/UC0HBZQUZoIWqVnqECbEf7Sw"]}]}},"_links":{"self":[{"href":"https:\/\/ecoinovar.com\/14\/wp-json\/wp\/v2\/pages\/1532","targetHints":{"allow":["GET"]}}],"collection":[{"href":"https:\/\/ecoinovar.com\/14\/wp-json\/wp\/v2\/pages"}],"about":[{"href":"https:\/\/ecoinovar.com\/14\/wp-json\/wp\/v2\/types\/page"}],"author":[{"embeddable":true,"href":"https:\/\/ecoinovar.com\/14\/wp-json\/wp\/v2\/users\/1"}],"replies":[{"embeddable":true,"href":"https:\/\/ecoinovar.com\/14\/wp-json\/wp\/v2\/comments?post=1532"}],"version-history":[{"count":3,"href":"https:\/\/ecoinovar.com\/14\/wp-json\/wp\/v2\/pages\/1532\/revisions"}],"predecessor-version":[{"id":1541,"href":"https:\/\/ecoinovar.com\/14\/wp-json\/wp\/v2\/pages\/1532\/revisions\/1541"}],"wp:attachment":[{"href":"https:\/\/ecoinovar.com\/14\/wp-json\/wp\/v2\/media?parent=1532"}],"curies":[{"name":"wp","href":"https:\/\/api.w.org\/{rel}","templated":true}]}}