{"id":115,"date":"2023-07-03T17:04:44","date_gmt":"2023-07-03T20:04:44","guid":{"rendered":"https:\/\/ecoinovar.com\/14\/?page_id=115"},"modified":"2025-09-19T12:21:07","modified_gmt":"2025-09-19T15:21:07","slug":"datas-importantes","status":"publish","type":"page","link":"https:\/\/ecoinovar.com\/14\/datas-importantes\/","title":{"rendered":"Datas importantes"},"content":{"rendered":"\t\t<div data-elementor-type=\"wp-page\" data-elementor-id=\"115\" class=\"elementor elementor-115\" data-elementor-post-type=\"page\">\n\t\t\t\t\t\t<section class=\"elementor-section elementor-top-section elementor-element elementor-element-83d10f8 elementor-section-boxed elementor-section-height-default elementor-section-height-default\" data-id=\"83d10f8\" data-element_type=\"section\">\n\t\t\t\t\t\t<div class=\"elementor-container elementor-column-gap-default\">\n\t\t\t\t\t<div class=\"elementor-column elementor-col-100 elementor-top-column elementor-element elementor-element-f29261f\" data-id=\"f29261f\" data-element_type=\"column\">\n\t\t\t<div class=\"elementor-widget-wrap elementor-element-populated\">\n\t\t\t\t\t\t<div class=\"elementor-element elementor-element-2fdc72b elementor-widget elementor-widget-text-editor\" data-id=\"2fdc72b\" data-element_type=\"widget\" data-widget_type=\"text-editor.default\">\n\t\t\t\t<div class=\"elementor-widget-container\">\n\t\t\t\t\t\t\t\t\t<figure>\n<table width=\"100%\">\n<tbody>\n<tr>\n<td><strong>ETAPAS<\/strong><\/td>\n<td><strong>DATAS LIMITES<\/strong><\/td>\n<\/tr>\n<tr>\n<td>Prazo para submiss\u00e3o dos trabalhos<\/td>\n<td>01\/setembro<\/td>\n<\/tr>\n<tr>\n<td>Prazo para divulga\u00e7\u00e3o dos resultados<\/td>\n<td>15\/setembro<\/td>\n<\/tr>\n<tr>\n<td>Prazo para inscri\u00e7\u00e3o dos trabalhos aprovados<\/td>\n<td>22\/setembro<\/td>\n<\/tr>\n<tr>\n<td>Prazo para envio dos projetos ao Cons\u00f3rcio Mestral e Doutoral<\/td>\n<td>30\/setembro<\/td>\n<\/tr>\n<tr>\n<td>Divulga\u00e7\u00e3o da programa\u00e7\u00e3o detalhada no site<\/td>\n<td>03\/outubro<\/td>\n<\/tr>\n<tr>\n<td>Prazo para inscri\u00e7\u00e3o para os demais participantes<\/td>\n<td>13\/outubro<\/td>\n<\/tr>\n<tr>\n<td>Realiza\u00e7\u00e3o do Evento<\/td>\n<td>16 e 17\/outubro<\/td>\n<\/tr>\n<\/tbody>\n<\/table>\n<\/figure>\t\t\t\t\t\t\t\t<\/div>\n\t\t\t\t<\/div>\n\t\t\t\t\t<\/div>\n\t\t<\/div>\n\t\t\t\t\t<\/div>\n\t\t<\/section>\n\t\t\t\t<\/div>\n\t\t","protected":false},"excerpt":{"rendered":"<p>ETAPAS DATAS LIMITES Prazo para submiss\u00e3o dos trabalhos 01\/setembro Prazo para divulga\u00e7\u00e3o dos resultados 15\/setembro Prazo para inscri\u00e7\u00e3o dos trabalhos aprovados 22\/setembro Prazo para envio dos projetos ao Cons\u00f3rcio Mestral e Doutoral 30\/setembro Divulga\u00e7\u00e3o da programa\u00e7\u00e3o detalhada no site 03\/outubro Prazo para inscri\u00e7\u00e3o para os demais participantes 13\/outubro Realiza\u00e7\u00e3o do Evento 16 e 17\/outubro<\/p>\n","protected":false},"author":1,"featured_media":0,"parent":0,"menu_order":0,"comment_status":"closed","ping_status":"closed","template":"","meta":{"footnotes":"","_links_to":"","_links_to_target":""},"class_list":["post-115","page","type-page","status-publish","hentry"],"yoast_head":"<!-- This site is optimized with the Yoast SEO plugin v25.9 - https:\/\/yoast.com\/wordpress\/plugins\/seo\/ -->\n<title>Datas importantes - 14\u00b0 Ecoinovar<\/title>\n<meta name=\"robots\" content=\"index, follow, max-snippet:-1, max-image-preview:large, max-video-preview:-1\" \/>\n<link rel=\"canonical\" href=\"https:\/\/ecoinovar.com\/14\/datas-importantes\/\" \/>\n<meta property=\"og:locale\" content=\"pt_BR\" \/>\n<meta property=\"og:type\" content=\"article\" \/>\n<meta property=\"og:title\" content=\"Datas importantes - 14\u00b0 Ecoinovar\" \/>\n<meta property=\"og:description\" content=\"ETAPAS DATAS LIMITES Prazo para submiss\u00e3o dos trabalhos 01\/setembro Prazo para divulga\u00e7\u00e3o dos resultados 15\/setembro Prazo para inscri\u00e7\u00e3o dos trabalhos aprovados 22\/setembro Prazo para envio dos projetos ao Cons\u00f3rcio Mestral e Doutoral 30\/setembro Divulga\u00e7\u00e3o da programa\u00e7\u00e3o detalhada no site 03\/outubro Prazo para inscri\u00e7\u00e3o para os demais participantes 13\/outubro Realiza\u00e7\u00e3o do Evento 16 e 17\/outubro\" \/>\n<meta property=\"og:url\" content=\"https:\/\/ecoinovar.com\/14\/datas-importantes\/\" \/>\n<meta property=\"og:site_name\" content=\"14\u00b0 Ecoinovar\" \/>\n<meta property=\"article:publisher\" content=\"https:\/\/www.facebook.com\/ecoinovar\/\" \/>\n<meta property=\"article:modified_time\" content=\"2025-09-19T15:21:07+00:00\" \/>\n<meta name=\"twitter:card\" content=\"summary_large_image\" \/>\n<meta name=\"twitter:site\" content=\"@forumecoinovar\" \/>\n<meta name=\"twitter:label1\" content=\"Est. tempo de leitura\" \/>\n\t<meta name=\"twitter:data1\" content=\"1 minuto\" \/>\n<script type=\"application\/ld+json\" class=\"yoast-schema-graph\">{\"@context\":\"https:\/\/schema.org\",\"@graph\":[{\"@type\":\"WebPage\",\"@id\":\"https:\/\/ecoinovar.com\/14\/datas-importantes\/\",\"url\":\"https:\/\/ecoinovar.com\/14\/datas-importantes\/\",\"name\":\"Datas importantes - 14\u00b0 Ecoinovar\",\"isPartOf\":{\"@id\":\"https:\/\/ecoinovar.com\/14\/#website\"},\"datePublished\":\"2023-07-03T20:04:44+00:00\",\"dateModified\":\"2025-09-19T15:21:07+00:00\",\"breadcrumb\":{\"@id\":\"https:\/\/ecoinovar.com\/14\/datas-importantes\/#breadcrumb\"},\"inLanguage\":\"pt-BR\",\"potentialAction\":[{\"@type\":\"ReadAction\",\"target\":[\"https:\/\/ecoinovar.com\/14\/datas-importantes\/\"]}]},{\"@type\":\"BreadcrumbList\",\"@id\":\"https:\/\/ecoinovar.com\/14\/datas-importantes\/#breadcrumb\",\"itemListElement\":[{\"@type\":\"ListItem\",\"position\":1,\"name\":\"Home\",\"item\":\"https:\/\/ecoinovar.com\/14\/\"},{\"@type\":\"ListItem\",\"position\":2,\"name\":\"Datas importantes\"}]},{\"@type\":\"WebSite\",\"@id\":\"https:\/\/ecoinovar.com\/14\/#website\",\"url\":\"https:\/\/ecoinovar.com\/14\/\",\"name\":\"13\u00ba Ecoinovar\",\"description\":\"F\u00f3rum Internacional\",\"publisher\":{\"@id\":\"https:\/\/ecoinovar.com\/14\/#organization\"},\"potentialAction\":[{\"@type\":\"SearchAction\",\"target\":{\"@type\":\"EntryPoint\",\"urlTemplate\":\"https:\/\/ecoinovar.com\/14\/?s={search_term_string}\"},\"query-input\":{\"@type\":\"PropertyValueSpecification\",\"valueRequired\":true,\"valueName\":\"search_term_string\"}}],\"inLanguage\":\"pt-BR\"},{\"@type\":\"Organization\",\"@id\":\"https:\/\/ecoinovar.com\/14\/#organization\",\"name\":\"13\u00ba Ecoinovar\",\"url\":\"https:\/\/ecoinovar.com\/14\/\",\"logo\":{\"@type\":\"ImageObject\",\"inLanguage\":\"pt-BR\",\"@id\":\"https:\/\/ecoinovar.com\/14\/#\/schema\/logo\/image\/\",\"url\":\"https:\/\/ecoinovar.com\/14\/wp-content\/uploads\/sites\/19\/2023\/07\/ecoinovar.png\",\"contentUrl\":\"https:\/\/ecoinovar.com\/14\/wp-content\/uploads\/sites\/19\/2023\/07\/ecoinovar.png\",\"width\":162,\"height\":110,\"caption\":\"13\u00ba Ecoinovar\"},\"image\":{\"@id\":\"https:\/\/ecoinovar.com\/14\/#\/schema\/logo\/image\/\"},\"sameAs\":[\"https:\/\/www.facebook.com\/ecoinovar\/\",\"https:\/\/x.com\/forumecoinovar\",\"https:\/\/www.instagram.com\/ecoinovar\/\",\"https:\/\/www.youtube.com\/channel\/UC0HBZQUZoIWqVnqECbEf7Sw\"]}]}<\/script>\n<!-- \/ Yoast SEO plugin. -->","yoast_head_json":{"title":"Datas importantes - 14\u00b0 Ecoinovar","robots":{"index":"index","follow":"follow","max-snippet":"max-snippet:-1","max-image-preview":"max-image-preview:large","max-video-preview":"max-video-preview:-1"},"canonical":"https:\/\/ecoinovar.com\/14\/datas-importantes\/","og_locale":"pt_BR","og_type":"article","og_title":"Datas importantes - 14\u00b0 Ecoinovar","og_description":"ETAPAS DATAS LIMITES Prazo para submiss\u00e3o dos trabalhos 01\/setembro Prazo para divulga\u00e7\u00e3o dos resultados 15\/setembro Prazo para inscri\u00e7\u00e3o dos trabalhos aprovados 22\/setembro Prazo para envio dos projetos ao Cons\u00f3rcio Mestral e Doutoral 30\/setembro Divulga\u00e7\u00e3o da programa\u00e7\u00e3o detalhada no site 03\/outubro Prazo para inscri\u00e7\u00e3o para os demais participantes 13\/outubro Realiza\u00e7\u00e3o do Evento 16 e 17\/outubro","og_url":"https:\/\/ecoinovar.com\/14\/datas-importantes\/","og_site_name":"14\u00b0 Ecoinovar","article_publisher":"https:\/\/www.facebook.com\/ecoinovar\/","article_modified_time":"2025-09-19T15:21:07+00:00","twitter_card":"summary_large_image","twitter_site":"@forumecoinovar","twitter_misc":{"Est. tempo de leitura":"1 minuto"},"schema":{"@context":"https:\/\/schema.org","@graph":[{"@type":"WebPage","@id":"https:\/\/ecoinovar.com\/14\/datas-importantes\/","url":"https:\/\/ecoinovar.com\/14\/datas-importantes\/","name":"Datas importantes - 14\u00b0 Ecoinovar","isPartOf":{"@id":"https:\/\/ecoinovar.com\/14\/#website"},"datePublished":"2023-07-03T20:04:44+00:00","dateModified":"2025-09-19T15:21:07+00:00","breadcrumb":{"@id":"https:\/\/ecoinovar.com\/14\/datas-importantes\/#breadcrumb"},"inLanguage":"pt-BR","potentialAction":[{"@type":"ReadAction","target":["https:\/\/ecoinovar.com\/14\/datas-importantes\/"]}]},{"@type":"BreadcrumbList","@id":"https:\/\/ecoinovar.com\/14\/datas-importantes\/#breadcrumb","itemListElement":[{"@type":"ListItem","position":1,"name":"Home","item":"https:\/\/ecoinovar.com\/14\/"},{"@type":"ListItem","position":2,"name":"Datas importantes"}]},{"@type":"WebSite","@id":"https:\/\/ecoinovar.com\/14\/#website","url":"https:\/\/ecoinovar.com\/14\/","name":"13\u00ba Ecoinovar","description":"F\u00f3rum Internacional","publisher":{"@id":"https:\/\/ecoinovar.com\/14\/#organization"},"potentialAction":[{"@type":"SearchAction","target":{"@type":"EntryPoint","urlTemplate":"https:\/\/ecoinovar.com\/14\/?s={search_term_string}"},"query-input":{"@type":"PropertyValueSpecification","valueRequired":true,"valueName":"search_term_string"}}],"inLanguage":"pt-BR"},{"@type":"Organization","@id":"https:\/\/ecoinovar.com\/14\/#organization","name":"13\u00ba Ecoinovar","url":"https:\/\/ecoinovar.com\/14\/","logo":{"@type":"ImageObject","inLanguage":"pt-BR","@id":"https:\/\/ecoinovar.com\/14\/#\/schema\/logo\/image\/","url":"https:\/\/ecoinovar.com\/14\/wp-content\/uploads\/sites\/19\/2023\/07\/ecoinovar.png","contentUrl":"https:\/\/ecoinovar.com\/14\/wp-content\/uploads\/sites\/19\/2023\/07\/ecoinovar.png","width":162,"height":110,"caption":"13\u00ba Ecoinovar"},"image":{"@id":"https:\/\/ecoinovar.com\/14\/#\/schema\/logo\/image\/"},"sameAs":["https:\/\/www.facebook.com\/ecoinovar\/","https:\/\/x.com\/forumecoinovar","https:\/\/www.instagram.com\/ecoinovar\/","https:\/\/www.youtube.com\/channel\/UC0HBZQUZoIWqVnqECbEf7Sw"]}]}},"_links":{"self":[{"href":"https:\/\/ecoinovar.com\/14\/wp-json\/wp\/v2\/pages\/115","targetHints":{"allow":["GET"]}}],"collection":[{"href":"https:\/\/ecoinovar.com\/14\/wp-json\/wp\/v2\/pages"}],"about":[{"href":"https:\/\/ecoinovar.com\/14\/wp-json\/wp\/v2\/types\/page"}],"author":[{"embeddable":true,"href":"https:\/\/ecoinovar.com\/14\/wp-json\/wp\/v2\/users\/1"}],"replies":[{"embeddable":true,"href":"https:\/\/ecoinovar.com\/14\/wp-json\/wp\/v2\/comments?post=115"}],"version-history":[{"count":49,"href":"https:\/\/ecoinovar.com\/14\/wp-json\/wp\/v2\/pages\/115\/revisions"}],"predecessor-version":[{"id":1540,"href":"https:\/\/ecoinovar.com\/14\/wp-json\/wp\/v2\/pages\/115\/revisions\/1540"}],"wp:attachment":[{"href":"https:\/\/ecoinovar.com\/14\/wp-json\/wp\/v2\/media?parent=115"}],"curies":[{"name":"wp","href":"https:\/\/api.w.org\/{rel}","templated":true}]}}