{"id":110,"date":"2023-07-03T17:02:52","date_gmt":"2023-07-03T20:02:52","guid":{"rendered":"https:\/\/ecoinovar.com\/14\/?page_id=110"},"modified":"2025-08-23T13:23:16","modified_gmt":"2025-08-23T16:23:16","slug":"comissao-organizadora-do-evento","status":"publish","type":"page","link":"https:\/\/ecoinovar.com\/14\/comissao-organizadora-do-evento\/","title":{"rendered":"Comiss\u00e3o Organizadora do Evento"},"content":{"rendered":"\t\t<div data-elementor-type=\"wp-page\" data-elementor-id=\"110\" class=\"elementor elementor-110\" data-elementor-post-type=\"page\">\n\t\t\t\t\t\t<section class=\"elementor-section elementor-top-section elementor-element elementor-element-93d3026 elementor-section-boxed elementor-section-height-default elementor-section-height-default\" data-id=\"93d3026\" data-element_type=\"section\">\n\t\t\t\t\t\t<div class=\"elementor-container elementor-column-gap-default\">\n\t\t\t\t\t<div class=\"elementor-column elementor-col-100 elementor-top-column elementor-element elementor-element-9046379\" data-id=\"9046379\" data-element_type=\"column\">\n\t\t\t<div class=\"elementor-widget-wrap elementor-element-populated\">\n\t\t\t\t\t\t<div class=\"elementor-element elementor-element-4d1f429 elementor-widget elementor-widget-text-editor\" data-id=\"4d1f429\" data-element_type=\"widget\" data-widget_type=\"text-editor.default\">\n\t\t\t\t<div class=\"elementor-widget-container\">\n\t\t\t\t\t\t\t\t\t<p><strong>Coordena\u00e7\u00e3o Geral do evento<\/strong>: Prof\u00aa. Dr\u00aa. Clandia Maffini Gomes, FIA Business School, Brasil<\/p>\t\t\t\t\t\t\t\t<\/div>\n\t\t\t\t<\/div>\n\t\t\t\t<div class=\"elementor-element elementor-element-b65388d elementor-widget elementor-widget-text-editor\" data-id=\"b65388d\" data-element_type=\"widget\" data-widget_type=\"text-editor.default\">\n\t\t\t\t<div class=\"elementor-widget-container\">\n\t\t\t\t\t\t\t\t\t<p><strong>Comit\u00ea Cient\u00edfico<\/strong><\/p>\n<ul>\n<li>Alet\u00e9ia de Moura Carpes, PPGA \u2013 UFSM, Brasil (in memorian)<\/li>\n<li>Alexandre Costa Quintana, PPGCONT\/FURG, Brasil<\/li>\n<li>Alisson Eduardo Maehler, PPGDTSA \u2013 UFPel, Brasil<\/li>\n<li>Amir Rezaee, Institut Sup\u00e9rieur de Gestion, Paris, Fran\u00e7a<\/li>\n<li>Andressa Hennig Silva, PPGA \u2013 UNIPAMPA, Brasil<\/li>\n<li>Andressa Schaurich dos Santos, FISMA, Brasil<\/li>\n<li>Angela Isabel dos Santos Dullius, PPGEMQ \u2013 UFSM, Brasil<\/li>\n<li>Antonio Zanin, PPGCCA \u2013 UNOCHAPEC\u00d3, Brasil<\/li>\n<li>Breno Nunes, Aston University, Reino Unido<\/li>\n<li>Carlos Alberto Diehl, PPGCC \u2013 UNISINOS, Brasil<\/li>\n<li>Carlos Heitor Cunha Moreira, PPGO \u2013 CCS, Brasil<\/li>\n<li>Cibele Martins, UFSC, Brasil<\/li>\n<li>Cl\u00e1udia Terezinha Kniess, USJT e UNIFESP, Brasil<\/li>\n<li>Cl\u00e1udio Senna Venzke, UDESC, Brasil<\/li>\n<li>Cristiano Sausen Soares, PPGCC \u2013 UFSM, Brasil<\/li>\n<li>Emerson Ant\u00f3nio Maccari, PPGA \u2013 UNINOVE, Brasil<\/li>\n<li>Fl\u00e1via Luciane Scherer, PPGA \u2013 UFSM, Brasil<\/li>\n<li>Fl\u00e1vio Hourneaux, PPGA \u2013 USP, Brasil<\/li>\n<li>Gilnei Luiz de Moura, PPGA \u2013 UFSM, Brasil<\/li>\n<li>Gustavo da Rosa Borges, PPGA \u2013 UNIPAMPA, Brasil<\/li>\n<li>Helena Maria Santos Rodrigues, I. Polit\u00e9cnico de Viana do Castelo, Portugal<\/li>\n<li>Igor Sonza, PPGA \u2013 UFSM, Brasil<\/li>\n<li>Inna Choban de Sousa Paiva, Instituto Universit\u00e1rio de Lisboa, Portugal<\/li>\n<li>Isabel Teresinha Dutra Soares, UFPEL, Brasil<\/li>\n<li>Isak Kruglianskas, PPGA \u2013 USP, Brasil<\/li>\n<li>\u00cdtalo Fernando Minello, PPGA \u2013 UFSM, Brasil (in memorian)<\/li>\n<li>Ivanete Schneider Hahn \u2013 UNIARP, Brasil<\/li>\n<li>Jessye Melgarejo do Amaral Giordani, PPGO \u2013 CCS, Brasil<\/li>\n<li>Jo\u00e3o Fernando Zamberlan, UNICRUZ, Brasil<\/li>\n<li>Jo\u00e3o Garibaldi Almeida Viana, PPGA \u2013 UNIPAMPA, Brasil<\/li>\n<li>Jo\u00e3o Paulo Martins Ribeiro, Empreend, Portugal<\/li>\n<li>Jos\u00e9 Antonio Gonzalez da Silva, PPGMM \u2013 UNIJU\u00cd, Brasil<\/li>\n<li>Jordana Marques Kneipp, PPGA \u2013 UFSM, Brasil<br><\/li>\n<li>Julio Siluk, PPGEP, UFSM, Brasil<\/li>\n<li>Larissa Degenhart, PPGCC \u2013 UFSM, Brasil<\/li>\n<li>L\u00edlian Caporl\u00edngua Giesta Cabral, UFERSA, Brasil<\/li>\n<li>Lucas Veiga \u00c1vila, UFSM, Brasil<\/li>\n<li>L\u00facia Rejane da R. Gama Madruga, PPGA \u2013 UFSM, Brasil<\/li>\n<li>Luciana Aparecida Barbieri da Rosa (Fatec Jaboticabal)<br><\/li>\n<li>Luis Felipe Dias Lopes, PPGA \u2013 UFSM, Brasil<\/li>\n<li>Luis Felipe Machado do Nascimento, PPGA \u2013 UFRGS, Brasil<\/li>\n<li>Luisa Cagica Carvalho, Instituto Polit\u00e9cnico de Set\u00fabal, Portugal<\/li>\n<li>Luiz Henrique Figueira Marquezan, PPGCC \u2013 UFSM, Brasil<\/li>\n<li>M\u00e1rcia Bianchi, PPGCONT \u2013 UFRGS, Brasil<\/li>\n<li>Marcia Helena do Nascimento Lorentz, PROGEP \u2013 UFSM, Brasil<\/li>\n<li>Maria Carolina Rodrigues, Universidade de Extremadura, Espanha,CIEO, Empreend<\/li>\n<li>Maria de F\u00e1tima Morais Lob\u00e3o, Empreend, Portugal<\/li>\n<li>Maria Em\u00edlia Camargo, PPGA \u2013 UFSM, Brasil<\/li>\n<li>Maria Isabel Sanchez Hernandez, Universidade de Extremadura, Espanha<\/li>\n<li>Maria Jose Aguilar Madeira, Universidade da Beira Interior, Portugal<\/li>\n<li>Maria Margarete Baccin Brizolla, PPGDR \u2013 UNIJU\u00cd, Brasil<\/li>\n<li>Mar\u00eda Pache Duran, Universidad de M\u00e1laga, Espanha<\/li>\n<li>Mar\u00eda Teresa Nevado Gil, Instituto Polit\u00e9cnico de Set\u00fabal, Portugal<\/li>\n<li>M\u00e1rio Carrilho Negas, U.Aberta, UMCLA\/ELO, Laborat\u00f3rio de Educa\u00e7\u00e3o a Dist\u00e2ncia e eLearning (LE@D) \u2013 Empreend, Portugal<\/li>\n<li>Marivane Vestena Rossato, PPGCC \u2013 UFSM, Brasil<\/li>\n<li>Mois\u00e9s Centenaro, PPGDRS \u2013 UEMS, Brasil<\/li>\n<li>Patricia Maria Bortolon, PPGCON \u2013 UFES, Brasil<\/li>\n<li>Paulo Cassanego Junior, PPGA \u2013 UNIPAMPA, Brasil<\/li>\n<li>Ricardo Ribeiro Alves, PPGA \u2013 UNIPAMPA, Brasil<\/li>\n<li>Roberto Schoproni Bichueti, PPGA \u2013 UFSM, Brasil<br><\/li>\n<li>Sebasti\u00e3o Airton da Rosa Cerqueira-Ad\u00e3o, PPGA \u2013 UNIPAMPA, Brasil<\/li>\n<li>Thiago Ant\u00f4nio Beuron, PPGA \u2013 UNIPAMPA, Brasil<\/li>\n<li>Thiago Machado Ardenghi, PPGO \u2013 CCS, Brasil<\/li>\n<li>Tiago Patias, PPGAGR \u2013 UFSM, Brasil<\/li>\n<li>Vanessa Almeida da Silva, IFFAR, Brasil<\/li>\n<li>Vin\u00edcius Costa da Silva Zonatto, PPGCC \u2013 UFSM, Brasil<\/li>\n<li>Walter Priesnitz Filho, CTISM \u2013 UFSM, Brasil<\/li>\n<li>Yerko Cortes Soza, Universidad Tecnol\u00f3gica de Chile, INACAP e Universidad de Concepci\u00f3n, Chile.<\/li>\n<\/ul>\t\t\t\t\t\t\t\t<\/div>\n\t\t\t\t<\/div>\n\t\t\t\t<div class=\"elementor-element elementor-element-0ffd4c2 elementor-widget elementor-widget-text-editor\" data-id=\"0ffd4c2\" data-element_type=\"widget\" data-widget_type=\"text-editor.default\">\n\t\t\t\t<div class=\"elementor-widget-container\">\n\t\t\t\t\t\t\t\t\t<p><strong>Comit\u00ea Operacional<\/strong><\/p><ul><li>Prof. Dr. Francies Diego Motke, IFFar, Brasil<\/li><li>Dr\u00aa. Kamila Frizzo, CNPq, Brasil<\/li><\/ul>\t\t\t\t\t\t\t\t<\/div>\n\t\t\t\t<\/div>\n\t\t\t\t\t<\/div>\n\t\t<\/div>\n\t\t\t\t\t<\/div>\n\t\t<\/section>\n\t\t\t\t<\/div>\n\t\t","protected":false},"excerpt":{"rendered":"<p>Coordena\u00e7\u00e3o Geral do evento: Prof\u00aa. Dr\u00aa. Clandia Maffini Gomes, FIA Business School, Brasil Comit\u00ea Cient\u00edfico Alet\u00e9ia de Moura Carpes, PPGA \u2013 UFSM, Brasil (in memorian) Alexandre Costa Quintana, PPGCONT\/FURG, Brasil Alisson Eduardo Maehler, PPGDTSA \u2013 UFPel, Brasil Amir Rezaee, Institut Sup\u00e9rieur de Gestion, Paris, Fran\u00e7a Andressa Hennig Silva, PPGA \u2013 UNIPAMPA, Brasil Andressa Schaurich dos&hellip;<\/p>\n","protected":false},"author":1,"featured_media":0,"parent":0,"menu_order":0,"comment_status":"closed","ping_status":"closed","template":"","meta":{"footnotes":"","_links_to":"","_links_to_target":""},"class_list":["post-110","page","type-page","status-publish","hentry"],"yoast_head":"<!-- This site is optimized with the Yoast SEO plugin v25.9 - https:\/\/yoast.com\/wordpress\/plugins\/seo\/ -->\n<title>Comiss\u00e3o Organizadora do Evento - 14\u00b0 Ecoinovar<\/title>\n<meta name=\"robots\" content=\"index, follow, max-snippet:-1, max-image-preview:large, max-video-preview:-1\" \/>\n<link rel=\"canonical\" href=\"https:\/\/ecoinovar.com\/14\/comissao-organizadora-do-evento\/\" \/>\n<meta property=\"og:locale\" content=\"pt_BR\" \/>\n<meta property=\"og:type\" content=\"article\" \/>\n<meta property=\"og:title\" content=\"Comiss\u00e3o Organizadora do Evento - 14\u00b0 Ecoinovar\" \/>\n<meta property=\"og:description\" content=\"Coordena\u00e7\u00e3o Geral do evento: Prof\u00aa. Dr\u00aa. Clandia Maffini Gomes, FIA Business School, Brasil Comit\u00ea Cient\u00edfico Alet\u00e9ia de Moura Carpes, PPGA \u2013 UFSM, Brasil (in memorian) Alexandre Costa Quintana, PPGCONT\/FURG, Brasil Alisson Eduardo Maehler, PPGDTSA \u2013 UFPel, Brasil Amir Rezaee, Institut Sup\u00e9rieur de Gestion, Paris, Fran\u00e7a Andressa Hennig Silva, PPGA \u2013 UNIPAMPA, Brasil Andressa Schaurich dos&hellip;\" \/>\n<meta property=\"og:url\" content=\"https:\/\/ecoinovar.com\/14\/comissao-organizadora-do-evento\/\" \/>\n<meta property=\"og:site_name\" content=\"14\u00b0 Ecoinovar\" \/>\n<meta property=\"article:publisher\" content=\"https:\/\/www.facebook.com\/ecoinovar\/\" \/>\n<meta property=\"article:modified_time\" content=\"2025-08-23T16:23:16+00:00\" \/>\n<meta name=\"twitter:card\" content=\"summary_large_image\" \/>\n<meta name=\"twitter:site\" content=\"@forumecoinovar\" \/>\n<meta name=\"twitter:label1\" content=\"Est. tempo de leitura\" \/>\n\t<meta name=\"twitter:data1\" content=\"3 minutos\" \/>\n<script type=\"application\/ld+json\" class=\"yoast-schema-graph\">{\"@context\":\"https:\/\/schema.org\",\"@graph\":[{\"@type\":\"WebPage\",\"@id\":\"https:\/\/ecoinovar.com\/14\/comissao-organizadora-do-evento\/\",\"url\":\"https:\/\/ecoinovar.com\/14\/comissao-organizadora-do-evento\/\",\"name\":\"Comiss\u00e3o Organizadora do Evento - 14\u00b0 Ecoinovar\",\"isPartOf\":{\"@id\":\"https:\/\/ecoinovar.com\/14\/#website\"},\"datePublished\":\"2023-07-03T20:02:52+00:00\",\"dateModified\":\"2025-08-23T16:23:16+00:00\",\"breadcrumb\":{\"@id\":\"https:\/\/ecoinovar.com\/14\/comissao-organizadora-do-evento\/#breadcrumb\"},\"inLanguage\":\"pt-BR\",\"potentialAction\":[{\"@type\":\"ReadAction\",\"target\":[\"https:\/\/ecoinovar.com\/14\/comissao-organizadora-do-evento\/\"]}]},{\"@type\":\"BreadcrumbList\",\"@id\":\"https:\/\/ecoinovar.com\/14\/comissao-organizadora-do-evento\/#breadcrumb\",\"itemListElement\":[{\"@type\":\"ListItem\",\"position\":1,\"name\":\"Home\",\"item\":\"https:\/\/ecoinovar.com\/14\/\"},{\"@type\":\"ListItem\",\"position\":2,\"name\":\"Comiss\u00e3o Organizadora do Evento\"}]},{\"@type\":\"WebSite\",\"@id\":\"https:\/\/ecoinovar.com\/14\/#website\",\"url\":\"https:\/\/ecoinovar.com\/14\/\",\"name\":\"13\u00ba Ecoinovar\",\"description\":\"F\u00f3rum Internacional\",\"publisher\":{\"@id\":\"https:\/\/ecoinovar.com\/14\/#organization\"},\"potentialAction\":[{\"@type\":\"SearchAction\",\"target\":{\"@type\":\"EntryPoint\",\"urlTemplate\":\"https:\/\/ecoinovar.com\/14\/?s={search_term_string}\"},\"query-input\":{\"@type\":\"PropertyValueSpecification\",\"valueRequired\":true,\"valueName\":\"search_term_string\"}}],\"inLanguage\":\"pt-BR\"},{\"@type\":\"Organization\",\"@id\":\"https:\/\/ecoinovar.com\/14\/#organization\",\"name\":\"13\u00ba Ecoinovar\",\"url\":\"https:\/\/ecoinovar.com\/14\/\",\"logo\":{\"@type\":\"ImageObject\",\"inLanguage\":\"pt-BR\",\"@id\":\"https:\/\/ecoinovar.com\/14\/#\/schema\/logo\/image\/\",\"url\":\"https:\/\/ecoinovar.com\/14\/wp-content\/uploads\/sites\/19\/2023\/07\/ecoinovar.png\",\"contentUrl\":\"https:\/\/ecoinovar.com\/14\/wp-content\/uploads\/sites\/19\/2023\/07\/ecoinovar.png\",\"width\":162,\"height\":110,\"caption\":\"13\u00ba Ecoinovar\"},\"image\":{\"@id\":\"https:\/\/ecoinovar.com\/14\/#\/schema\/logo\/image\/\"},\"sameAs\":[\"https:\/\/www.facebook.com\/ecoinovar\/\",\"https:\/\/x.com\/forumecoinovar\",\"https:\/\/www.instagram.com\/ecoinovar\/\",\"https:\/\/www.youtube.com\/channel\/UC0HBZQUZoIWqVnqECbEf7Sw\"]}]}<\/script>\n<!-- \/ Yoast SEO plugin. -->","yoast_head_json":{"title":"Comiss\u00e3o Organizadora do Evento - 14\u00b0 Ecoinovar","robots":{"index":"index","follow":"follow","max-snippet":"max-snippet:-1","max-image-preview":"max-image-preview:large","max-video-preview":"max-video-preview:-1"},"canonical":"https:\/\/ecoinovar.com\/14\/comissao-organizadora-do-evento\/","og_locale":"pt_BR","og_type":"article","og_title":"Comiss\u00e3o Organizadora do Evento - 14\u00b0 Ecoinovar","og_description":"Coordena\u00e7\u00e3o Geral do evento: Prof\u00aa. Dr\u00aa. Clandia Maffini Gomes, FIA Business School, Brasil Comit\u00ea Cient\u00edfico Alet\u00e9ia de Moura Carpes, PPGA \u2013 UFSM, Brasil (in memorian) Alexandre Costa Quintana, PPGCONT\/FURG, Brasil Alisson Eduardo Maehler, PPGDTSA \u2013 UFPel, Brasil Amir Rezaee, Institut Sup\u00e9rieur de Gestion, Paris, Fran\u00e7a Andressa Hennig Silva, PPGA \u2013 UNIPAMPA, Brasil Andressa Schaurich dos&hellip;","og_url":"https:\/\/ecoinovar.com\/14\/comissao-organizadora-do-evento\/","og_site_name":"14\u00b0 Ecoinovar","article_publisher":"https:\/\/www.facebook.com\/ecoinovar\/","article_modified_time":"2025-08-23T16:23:16+00:00","twitter_card":"summary_large_image","twitter_site":"@forumecoinovar","twitter_misc":{"Est. tempo de leitura":"3 minutos"},"schema":{"@context":"https:\/\/schema.org","@graph":[{"@type":"WebPage","@id":"https:\/\/ecoinovar.com\/14\/comissao-organizadora-do-evento\/","url":"https:\/\/ecoinovar.com\/14\/comissao-organizadora-do-evento\/","name":"Comiss\u00e3o Organizadora do Evento - 14\u00b0 Ecoinovar","isPartOf":{"@id":"https:\/\/ecoinovar.com\/14\/#website"},"datePublished":"2023-07-03T20:02:52+00:00","dateModified":"2025-08-23T16:23:16+00:00","breadcrumb":{"@id":"https:\/\/ecoinovar.com\/14\/comissao-organizadora-do-evento\/#breadcrumb"},"inLanguage":"pt-BR","potentialAction":[{"@type":"ReadAction","target":["https:\/\/ecoinovar.com\/14\/comissao-organizadora-do-evento\/"]}]},{"@type":"BreadcrumbList","@id":"https:\/\/ecoinovar.com\/14\/comissao-organizadora-do-evento\/#breadcrumb","itemListElement":[{"@type":"ListItem","position":1,"name":"Home","item":"https:\/\/ecoinovar.com\/14\/"},{"@type":"ListItem","position":2,"name":"Comiss\u00e3o Organizadora do Evento"}]},{"@type":"WebSite","@id":"https:\/\/ecoinovar.com\/14\/#website","url":"https:\/\/ecoinovar.com\/14\/","name":"13\u00ba Ecoinovar","description":"F\u00f3rum Internacional","publisher":{"@id":"https:\/\/ecoinovar.com\/14\/#organization"},"potentialAction":[{"@type":"SearchAction","target":{"@type":"EntryPoint","urlTemplate":"https:\/\/ecoinovar.com\/14\/?s={search_term_string}"},"query-input":{"@type":"PropertyValueSpecification","valueRequired":true,"valueName":"search_term_string"}}],"inLanguage":"pt-BR"},{"@type":"Organization","@id":"https:\/\/ecoinovar.com\/14\/#organization","name":"13\u00ba Ecoinovar","url":"https:\/\/ecoinovar.com\/14\/","logo":{"@type":"ImageObject","inLanguage":"pt-BR","@id":"https:\/\/ecoinovar.com\/14\/#\/schema\/logo\/image\/","url":"https:\/\/ecoinovar.com\/14\/wp-content\/uploads\/sites\/19\/2023\/07\/ecoinovar.png","contentUrl":"https:\/\/ecoinovar.com\/14\/wp-content\/uploads\/sites\/19\/2023\/07\/ecoinovar.png","width":162,"height":110,"caption":"13\u00ba Ecoinovar"},"image":{"@id":"https:\/\/ecoinovar.com\/14\/#\/schema\/logo\/image\/"},"sameAs":["https:\/\/www.facebook.com\/ecoinovar\/","https:\/\/x.com\/forumecoinovar","https:\/\/www.instagram.com\/ecoinovar\/","https:\/\/www.youtube.com\/channel\/UC0HBZQUZoIWqVnqECbEf7Sw"]}]}},"_links":{"self":[{"href":"https:\/\/ecoinovar.com\/14\/wp-json\/wp\/v2\/pages\/110","targetHints":{"allow":["GET"]}}],"collection":[{"href":"https:\/\/ecoinovar.com\/14\/wp-json\/wp\/v2\/pages"}],"about":[{"href":"https:\/\/ecoinovar.com\/14\/wp-json\/wp\/v2\/types\/page"}],"author":[{"embeddable":true,"href":"https:\/\/ecoinovar.com\/14\/wp-json\/wp\/v2\/users\/1"}],"replies":[{"embeddable":true,"href":"https:\/\/ecoinovar.com\/14\/wp-json\/wp\/v2\/comments?post=110"}],"version-history":[{"count":40,"href":"https:\/\/ecoinovar.com\/14\/wp-json\/wp\/v2\/pages\/110\/revisions"}],"predecessor-version":[{"id":1512,"href":"https:\/\/ecoinovar.com\/14\/wp-json\/wp\/v2\/pages\/110\/revisions\/1512"}],"wp:attachment":[{"href":"https:\/\/ecoinovar.com\/14\/wp-json\/wp\/v2\/media?parent=110"}],"curies":[{"name":"wp","href":"https:\/\/api.w.org\/{rel}","templated":true}]}}