{"id":1038,"date":"2024-02-01T14:45:49","date_gmt":"2024-02-01T17:45:49","guid":{"rendered":"https:\/\/ecoinovar.com\/14\/?page_id=1038"},"modified":"2025-11-30T13:56:20","modified_gmt":"2025-11-30T16:56:20","slug":"resultado-fast-track","status":"publish","type":"page","link":"https:\/\/ecoinovar.com\/14\/resultado-fast-track\/","title":{"rendered":"Resultado Fast-Track"},"content":{"rendered":"\n<p><strong>Lembramos que a aprova\u00e7\u00e3o no&nbsp;<em>Fast-Track<\/em>&nbsp;n\u00e3o garante a publica\u00e7\u00e3o do artigo nas revistas parceiras<\/strong>. Os artigos devem ser submetidos nas respectivas revistas e devem passar pelas suas etapas de avalia\u00e7\u00e3o.<\/p>\n\n\n\n<p>A partir deste momento,&nbsp;<strong>cada autor \u00e9 respons\u00e1vel pela submiss\u00e3o do seu artigo diretamente a sua revista.<\/strong>&nbsp;Para isso, listamos algumas recomenda\u00e7\u00f5es sobre estes processos:<\/p>\n\n\n\n<p><strong>RECOMENDA\u00c7\u00d5ES PARA SUBMISS\u00c3O AOS PERI\u00d3DICOS:<\/strong><\/p>\n\n\n\n<p><strong>1 \u2013 Os autores devem realizar os ajustes que forem necess\u00e1rios em seus trabalhos, conforme as indica\u00e7\u00f5es e coment\u00e1rios dos avaliadores e das sess\u00f5es de apresenta\u00e7\u00e3o de trabalhos.<\/strong><\/p>\n\n\n\n<p><strong><u>2 \u2013 Os autores devem observar atentamente \u00e0s regras de submiss\u00e3o de cada peri\u00f3dico (diretrizes para autores) no site das respectivas revistas.<\/u><\/strong><\/p>\n\n\n\n<p><strong><u>3 \u2013 Os autores devem efetuar \u00e0s submiss\u00f5es dos artigos nos sistemas das revistas. IMPORTANTE: Ap\u00f3s a data, as revistas parceiras podem desconsiderar o trabalho como apto ao processo de&nbsp;<em>Fast-Track<\/em>&nbsp;do ECOINOVAR.<\/u><\/strong><\/p>\n\n\n\n<p><strong><u>4 \u2013 Os autores devem comunicar ao editor sobre a aprova\u00e7\u00e3o no&nbsp;<em>Fast-Track<\/em>. Isso deve ocorrer via sistema de submiss\u00e3o do artigo \u00e0 revista, por meio de coment\u00e1rio ao editor; ou via e-mail ao editor da revista (n\u00e3o esquecer de enviar o ID da submiss\u00e3o).<\/u><\/strong><\/p>\n\n\n\n<p>5 \u2013&nbsp;<u style=\"font-weight: bold;\">A atua\u00e7\u00e3o do ECOINOVAR<\/u><span style=\"text-decoration: underline;\"> <\/span><strong><u>nos&nbsp;<em>Fast-Track<\/em>&nbsp;encerra-se com a divulga\u00e7\u00e3o dos aprovados.<\/u><\/strong><\/p>\n\n\n\n<p>O evento n\u00e3o se responsabiliza por problemas na submiss\u00e3o dos trabalhos, bem como problemas de quaisquer naturezas da submiss\u00e3o e resultado dos artigos. Nestes casos, o autor deve procurar ao Editor das revistas parceiras.<\/p>\n\n\n\n<h4 class=\"wp-block-heading\">Revista de Administra\u00e7\u00e3o da UFSM &#8211; ReA<\/h4>\n\n\n\n<figure class=\"wp-block-table\"><table><tbody><tr><td>23<\/td><td>PROPOSTA DE UMA TIPOLOGIA DE FATORES DE RISCO PARA MICRO E PEQUENAS EMPRESAS<\/td><\/tr><tr><td>31<\/td><td>INDICADORES FINANCEIROS PARA EMPRESAS VAREJISTAS LISTADAS NA BOLSA DE VALORES<\/td><\/tr><tr><td>53<\/td><td>Economia Circular como Solu\u00e7\u00e3o para Reduzir Desperd\u00edcios Alimentares em um Contexto de Mudan\u00e7as Clim\u00e1ticas.<\/td><\/tr><tr><td>89<\/td><td>Investimentos em Intelig\u00eancia Artificial (IA) e desigualdade: reflex\u00f5es sobre a Am\u00e9rica Latina<\/td><\/tr><tr><td>106<\/td><td>Climate resilience: An overview of tabletop exercises<\/td><\/tr><tr><td>109<\/td><td>GEST\u00c3O DE RES\u00cdDUOS S\u00d3LIDOS EM PEQUENOS NEG\u00d3CIOS: ESTUDO DE CASO EM UM PETSHOP NO SUL DO BRASIL<\/td><\/tr><tr><td>114<\/td><td>Inova\u00e7\u00f5es na Ind\u00fastria T\u00eaxtil do Vale do Itaja\u00ed: Aplica\u00e7\u00f5es da Ind\u00fastria 4.0 e Desafios de Competitividade<\/td><\/tr><tr><td>164<\/td><td>EFICI\u00caNCIA DE APLICA\u00c7\u00c3O DE DEFENSIVOS COM DRONE DE PULVERIZA\u00c7\u00c3O E PULVERIZADOR AUTOPROPELIDO NA CULTURA DA SOJA<\/td><\/tr><tr><td>179<\/td><td>BARREIRAS ORGANIZACIONAIS PARA A ADO\u00c7\u00c3O DE ENERGIA SOLAR FOTOVOLTAICA EM SETORES INDUSTRIAIS<\/td><\/tr><tr><td>188<\/td><td>DIREITO \u00c0 DESCONEX\u00c3O E BURNOUT: UMA REVIS\u00c3O SISTEM\u00c1TICA DE LITERATURA<\/td><\/tr><tr><td>194<\/td><td>EFEITOS DA PERCEP\u00c7\u00c3O DE FAVORABILIDADE OR\u00c7AMENT\u00c1RIA, DO COMPARTILHAMENTO DE INFORMA\u00c7\u00d5ES E DO COMPROMISSO COM AS METAS NA RELA\u00c7\u00c3O ENTRE PARTICIPA\u00c7\u00c3O OR\u00c7AMENT\u00c1RIA E O DESEMPENHO GERENCIAL<\/td><\/tr><\/tbody><\/table><\/figure>\n\n\n\n<h4 class=\"wp-block-heading\">Revista Eletr\u00f4nica de Administra\u00e7\u00e3o e Turismo \u2013 ReAT<\/h4>\n\n\n\n<figure class=\"wp-block-table\"><table><tbody><tr><td>16<\/td><td>ADO\u00c7\u00c3O DE TECNOLOGIAS INOVADORAS NO AGRONEG\u00d3CIO DA SOJA BRASILEIRA<\/td><\/tr><tr><td>55<\/td><td>RESILI\u00caNCIA HUMANA COMO ESTRAT\u00c9GIA DE GOVERNAN\u00c7A EM CAT\u00c1STROFES CLIM\u00c1TICAS: O CASO DA TRENSURB E INSPIRA\u00c7\u00d5ES NO MARCO DE SENDAI<\/td><\/tr><tr><td>163<\/td><td>EFEITOS DO CAPITAL INTELECTUAL E DA CAPACIDADE ABSORTIVA NA CAPACIDADE ADAPTATIVA DE INSTITUI\u00c7\u00d5ES HOSPITALARES<\/td><\/tr><tr><td>175<\/td><td>INTELIG\u00caNCIA ARTIFICIAL EM AMBIENTES ACAD\u00caMICOS: PERCEP\u00c7\u00c3O SOB A \u00d3TICA DOCENTE<\/td><\/tr><\/tbody><\/table><\/figure>\n\n\n\n<h4 class=\"wp-block-heading\">Revista Estrat\u00e9gia e Desenvolvimento &#8211; RED<\/h4>\n\n\n\n<figure class=\"wp-block-table\"><table><tbody><tr><td>5<\/td><td>RESILI\u00caNCIA ORGANIZACIONAL EM SITUA\u00c7\u00d5ES DE CRISE: An\u00e1lise da gest\u00e3o frente \u00e0s enchentes na Universidade Federal de Santa Maria<\/td><\/tr><tr><td>7<\/td><td>A Utiliza\u00e7\u00e3o da Intelig\u00eancia Artificial para Mitigar o Desperd\u00edcio Alimentar: Estudo de Caso do Grupo P\u00e3o de A\u00e7\u00facar<\/td><\/tr><tr><td>8<\/td><td>O ESFOR\u00c7O DE PESCA E A SUSTENTABILIDADE DO PESCADO COMO RECURSO NATURAL: UMA AN\u00c1LISE BIOECON\u00d4MICA INTEGRADA<\/td><\/tr><tr><td>45<\/td><td>Conselho de Usu\u00e1rios na Trensurb: Governan\u00e7a Participativa para o Fortalecimento da Mobilidade Urbana e da Resili\u00eancia Clim\u00e1tica na Regi\u00e3o Metropolitana de Porto Alegre<\/td><\/tr><tr><td>49<\/td><td>PISO PEGAJOSO: AN\u00c1LISE DA EXPERI\u00caNCIA FEMININA NO TRABALHO<\/td><\/tr><tr><td>51<\/td><td>Inova\u00e7\u00e3o e crise ambiental: os custos invis\u00edveis da Intelig\u00eancia Artificial<\/td><\/tr><tr><td>52<\/td><td>O IASB E OS RISCOS CLIM\u00c1TICOS: CONTRIBUI\u00c7\u00d5ES REGULAT\u00d3RIAS ORIENTADAS PELO INTERESSE P\u00daBLICO<\/td><\/tr><tr><td>72<\/td><td>LITIG\u00c2NCIA CLIM\u00c1TICA ESTRUTUTANTE: A (RE)ESTRUTURA\u00c7\u00c3O DA POL\u00cdTICA P\u00daBLICA CLIM\u00c1TICA PELA VIA JUDICIAL<\/td><\/tr><tr><td>73<\/td><td>ACORDO DE PARIS E A CONFER\u00caNCIA DAS PARTES SUBSEQUENTES: AVAN\u00c7OS, DESAFIOS E PERSPECTIVAS FRENTE \u00c0S MUDAN\u00c7AS CLIM\u00c1TICAS<\/td><\/tr><tr><td>80<\/td><td>VIOL\u00caNCIA FINANCEIRA CONTRA IDOSOS NO RIO GRANDE DO SUL: EVID\u00caNCIAS DURANTE A PANDEMIA DE COVID-19<\/td><\/tr><tr><td>87<\/td><td>LIDERAN\u00c7A QUE INSPIRA SUSTENTABILIDADE: IMPACTOS NAS IND\u00daSTRIAS BRASILEIRAS<\/td><\/tr><tr><td>94<\/td><td>GEST\u00c3O DE PROCESSOS SOCIOAMBIENTAIS EM UMA EMPRESA DO SETOR DE AN\u00c1LISES CL\u00cdNICAS EM SANT\u2019ANA DO LIVRAMENTO<\/td><\/tr><tr><td>100<\/td><td>MODELOS DE NEGOCIO EN EMPRENDIMIENTOS DE ECONOM\u00cdA CIRCULAR<\/td><\/tr><tr><td>113<\/td><td>A RELA\u00c7\u00c3O ENTRE RELAT\u00d3RIOS AMBIENTAIS E A COMPETITIVIDADE DAS EMPRESAS NA ERA DA SUSTENTABILIDADE<\/td><\/tr><tr><td>121<\/td><td>GERA\u00c7\u00c3O Z: BEM-ESTAR, SATISFA\u00c7\u00c3O COM A VIDA E AUTOAVALIA\u00c7\u00c3O DE HABILIDADES PARA A INSER\u00c7\u00c3O NO MERCADO DE TRABALHO<\/td><\/tr><tr><td>124<\/td><td>MUDAN\u00c7AS CLIM\u00c1TICAS E ADAPTA\u00c7\u00c3O DA PRODU\u00c7\u00c3O LEITEIRA: QUAIS POL\u00cdTICAS UTILIZADAS PELOS PRINCIPAIS PA\u00cdSES PRODUTORES?<\/td><\/tr><tr><td>141<\/td><td>OR\u00c7AMENTO FAMILIAR: UMA AN\u00c1LISE EM PER\u00cdODOS DE CRISE<\/td><\/tr><tr><td>142<\/td><td>MERCADO FINANCEIRO: UMA AN\u00c1LISE DA PERCEP\u00c7\u00c3O E CONHECIMENTO DOS DISCENTES DA \u00c1REA DE NEG\u00d3CIOS SOBRE INVESTIMENTOS<\/td><\/tr><tr><td>148<\/td><td>INOVA\u00c7\u00c3O E FUSION SKILLS: DESAFIOS E OPORTUNIDADES PARA O ADMINISTRADOR DO FUTURO NA ERA DIGITAL<\/td><\/tr><tr><td>172<\/td><td>Inten\u00e7\u00e3o Comportamental na Aprendizagem Digital de Profissionais de Vendas: Ganhos de Produtividade e Avan\u00e7os ESG<\/td><\/tr><tr><td>178<\/td><td>TEORIA APLICADA NA&nbsp; PR\u00c1TICA: A RESPONSABILIDADE SOCIAL CORPORATIVA E O MARKETING SUSTENT\u00c1VEL EM PERNAMBUCO<\/td><\/tr><tr><td>180<\/td><td>ECONOMIA AZUL: PESCA ARTESANAL UMA ALTERNATIVA PARA A SEGURAN\u00c7A ALIMENTAR NA GUIN\u00c9-BISSAU<\/td><\/tr><\/tbody><\/table><\/figure>\n\n\n\n<h4 class=\"wp-block-heading\">Revista Gest\u00e3o do Conhecimento e Tecnologia da Informa\u00e7\u00e3o (RGCTI)<\/h4>\n\n\n\n<figure class=\"wp-block-table\"><table><tbody><tr><td>18<\/td><td>FELICIDADE INTERNA BRUTA COMO FATOR DE SUSTENTABILIDADE AMBIENTAL: APROXIMA\u00c7\u00d5ES TE\u00d3RICAS NO CASO DE SANTA MARIA\/RS<\/td><\/tr><tr><td>85<\/td><td>GUIANDO O CAMINHO: M\u00c9TRICAS E INDICADORES SOCIAIS COMO SUPORTE PARA AVALIA\u00c7\u00c3O DE IMPACTO SOCIAL<\/td><\/tr><tr><td>98<\/td><td>GEST\u00c3O ESTRAT\u00c9GICA EM CEN\u00c1RIOS DE DESASTRE: Uma fotoetnografia dos processos decis\u00f3rios da Defesa Civil em Santana do Livramento\/RS<\/td><\/tr><tr><td>128<\/td><td>Moda Sustent\u00e1vel e Economia Circular: Reaproveitamento de Res\u00edduos da Piscicultura no Vale do Itaja\u00ed<\/td><\/tr><tr><td>140<\/td><td>SANITARY AND PHYTOSANITARY REGULATORY BARRIERS IN THE INTERNATIONALIZATION OF AGRIBUSINESS: CHALLENGES AND OPPORTUNITIES FOR SUSTAINABILITY AND GLOBAL COMPETITIVENESS<\/td><\/tr><tr><td>150<\/td><td>DADOS ABERTOS GOVERNAMENTAIS E MOBILIDADE URBANA: INOVA\u00c7\u00c3O NO SERVI\u00c7O PRESTADO AO CIDAD\u00c3O<\/td><\/tr><tr><td>173<\/td><td>SELE\u00c7\u00c3O DE FRAMEWORKS DE INDICADORES PARA GEST\u00c3O DE RES\u00cdDUOS EM CIDADES INTELIGENTES: UMA ABORDAGEM MULTICRIT\u00c9RIO<\/td><\/tr><tr><td>187<\/td><td>FATORES CONDICIONANTES NA IMPLEMENTA\u00c7\u00c3O DO BALANCED SCORECARD (BSC) EM PMEs<\/td><\/tr><\/tbody><\/table><\/figure>\n\n\n\n<h4 class=\"wp-block-heading\">Revista Vis\u00e3o: gest\u00e3o organizacional<\/h4>\n\n\n\n<figure class=\"wp-block-table\"><table><tbody><tr><td>92<\/td><td>DESENVOLVIMENTO DE M\u00c9TODO PARA CLASSIFICA\u00c7\u00c3O ESG EM UNIDADES DE&nbsp; PRODU\u00c7\u00c3O DE PECU\u00c1RIA DE CORTE NO RIO GRANDE DO SUL.<\/td><\/tr><tr><td>152<\/td><td>O PERFIL EMPREENDEDOR DO GESTOR P\u00daBLICO EM UM MUNIC\u00cdPIO DO RIO GRANDE DO SUL\/BRASIL<\/td><\/tr><tr><td>160<\/td><td>EMISS\u00d5ES DA MOBILIDADE URBANA EM DIFERENTES CONTEXTOS ENERG\u00c9TICOS: UM ESTUDO DE CASO EM BARCELONA E CURITIBA<\/td><\/tr><\/tbody><\/table><\/figure>\n","protected":false},"excerpt":{"rendered":"<p>Lembramos que a aprova\u00e7\u00e3o no&nbsp;Fast-Track&nbsp;n\u00e3o garante a publica\u00e7\u00e3o do artigo nas revistas parceiras. Os artigos devem ser submetidos nas respectivas revistas e devem passar pelas suas etapas de avalia\u00e7\u00e3o. A partir deste momento,&nbsp;cada autor \u00e9 respons\u00e1vel pela submiss\u00e3o do seu artigo diretamente a sua revista.&nbsp;Para isso, listamos algumas recomenda\u00e7\u00f5es sobre estes processos: RECOMENDA\u00c7\u00d5ES PARA SUBMISS\u00c3O&hellip;<\/p>\n","protected":false},"author":1,"featured_media":0,"parent":0,"menu_order":0,"comment_status":"closed","ping_status":"closed","template":"","meta":{"footnotes":"","_links_to":"","_links_to_target":""},"class_list":["post-1038","page","type-page","status-publish","hentry","description-off"],"yoast_head":"<!-- This site is optimized with the Yoast SEO plugin v25.9 - https:\/\/yoast.com\/wordpress\/plugins\/seo\/ -->\n<title>Resultado Fast-Track - 14\u00b0 Ecoinovar<\/title>\n<meta name=\"robots\" content=\"index, follow, max-snippet:-1, max-image-preview:large, max-video-preview:-1\" \/>\n<link rel=\"canonical\" href=\"https:\/\/ecoinovar.com\/14\/resultado-fast-track\/\" \/>\n<meta property=\"og:locale\" content=\"pt_BR\" \/>\n<meta property=\"og:type\" content=\"article\" \/>\n<meta property=\"og:title\" content=\"Resultado Fast-Track - 14\u00b0 Ecoinovar\" \/>\n<meta property=\"og:description\" content=\"Lembramos que a aprova\u00e7\u00e3o no&nbsp;Fast-Track&nbsp;n\u00e3o garante a publica\u00e7\u00e3o do artigo nas revistas parceiras. Os artigos devem ser submetidos nas respectivas revistas e devem passar pelas suas etapas de avalia\u00e7\u00e3o. A partir deste momento,&nbsp;cada autor \u00e9 respons\u00e1vel pela submiss\u00e3o do seu artigo diretamente a sua revista.&nbsp;Para isso, listamos algumas recomenda\u00e7\u00f5es sobre estes processos: RECOMENDA\u00c7\u00d5ES PARA SUBMISS\u00c3O&hellip;\" \/>\n<meta property=\"og:url\" content=\"https:\/\/ecoinovar.com\/14\/resultado-fast-track\/\" \/>\n<meta property=\"og:site_name\" content=\"14\u00b0 Ecoinovar\" \/>\n<meta property=\"article:publisher\" content=\"https:\/\/www.facebook.com\/ecoinovar\/\" \/>\n<meta property=\"article:modified_time\" content=\"2025-11-30T16:56:20+00:00\" \/>\n<meta name=\"twitter:card\" content=\"summary_large_image\" \/>\n<meta name=\"twitter:site\" content=\"@forumecoinovar\" \/>\n<meta name=\"twitter:label1\" content=\"Est. tempo de leitura\" \/>\n\t<meta name=\"twitter:data1\" content=\"6 minutos\" \/>\n<script type=\"application\/ld+json\" class=\"yoast-schema-graph\">{\"@context\":\"https:\/\/schema.org\",\"@graph\":[{\"@type\":\"WebPage\",\"@id\":\"https:\/\/ecoinovar.com\/14\/resultado-fast-track\/\",\"url\":\"https:\/\/ecoinovar.com\/14\/resultado-fast-track\/\",\"name\":\"Resultado Fast-Track - 14\u00b0 Ecoinovar\",\"isPartOf\":{\"@id\":\"https:\/\/ecoinovar.com\/14\/#website\"},\"datePublished\":\"2024-02-01T17:45:49+00:00\",\"dateModified\":\"2025-11-30T16:56:20+00:00\",\"breadcrumb\":{\"@id\":\"https:\/\/ecoinovar.com\/14\/resultado-fast-track\/#breadcrumb\"},\"inLanguage\":\"pt-BR\",\"potentialAction\":[{\"@type\":\"ReadAction\",\"target\":[\"https:\/\/ecoinovar.com\/14\/resultado-fast-track\/\"]}]},{\"@type\":\"BreadcrumbList\",\"@id\":\"https:\/\/ecoinovar.com\/14\/resultado-fast-track\/#breadcrumb\",\"itemListElement\":[{\"@type\":\"ListItem\",\"position\":1,\"name\":\"Home\",\"item\":\"https:\/\/ecoinovar.com\/14\/\"},{\"@type\":\"ListItem\",\"position\":2,\"name\":\"Resultado Fast-Track\"}]},{\"@type\":\"WebSite\",\"@id\":\"https:\/\/ecoinovar.com\/14\/#website\",\"url\":\"https:\/\/ecoinovar.com\/14\/\",\"name\":\"13\u00ba Ecoinovar\",\"description\":\"F\u00f3rum Internacional\",\"publisher\":{\"@id\":\"https:\/\/ecoinovar.com\/14\/#organization\"},\"potentialAction\":[{\"@type\":\"SearchAction\",\"target\":{\"@type\":\"EntryPoint\",\"urlTemplate\":\"https:\/\/ecoinovar.com\/14\/?s={search_term_string}\"},\"query-input\":{\"@type\":\"PropertyValueSpecification\",\"valueRequired\":true,\"valueName\":\"search_term_string\"}}],\"inLanguage\":\"pt-BR\"},{\"@type\":\"Organization\",\"@id\":\"https:\/\/ecoinovar.com\/14\/#organization\",\"name\":\"13\u00ba Ecoinovar\",\"url\":\"https:\/\/ecoinovar.com\/14\/\",\"logo\":{\"@type\":\"ImageObject\",\"inLanguage\":\"pt-BR\",\"@id\":\"https:\/\/ecoinovar.com\/14\/#\/schema\/logo\/image\/\",\"url\":\"https:\/\/ecoinovar.com\/14\/wp-content\/uploads\/sites\/19\/2023\/07\/ecoinovar.png\",\"contentUrl\":\"https:\/\/ecoinovar.com\/14\/wp-content\/uploads\/sites\/19\/2023\/07\/ecoinovar.png\",\"width\":162,\"height\":110,\"caption\":\"13\u00ba Ecoinovar\"},\"image\":{\"@id\":\"https:\/\/ecoinovar.com\/14\/#\/schema\/logo\/image\/\"},\"sameAs\":[\"https:\/\/www.facebook.com\/ecoinovar\/\",\"https:\/\/x.com\/forumecoinovar\",\"https:\/\/www.instagram.com\/ecoinovar\/\",\"https:\/\/www.youtube.com\/channel\/UC0HBZQUZoIWqVnqECbEf7Sw\"]}]}<\/script>\n<!-- \/ Yoast SEO plugin. -->","yoast_head_json":{"title":"Resultado Fast-Track - 14\u00b0 Ecoinovar","robots":{"index":"index","follow":"follow","max-snippet":"max-snippet:-1","max-image-preview":"max-image-preview:large","max-video-preview":"max-video-preview:-1"},"canonical":"https:\/\/ecoinovar.com\/14\/resultado-fast-track\/","og_locale":"pt_BR","og_type":"article","og_title":"Resultado Fast-Track - 14\u00b0 Ecoinovar","og_description":"Lembramos que a aprova\u00e7\u00e3o no&nbsp;Fast-Track&nbsp;n\u00e3o garante a publica\u00e7\u00e3o do artigo nas revistas parceiras. Os artigos devem ser submetidos nas respectivas revistas e devem passar pelas suas etapas de avalia\u00e7\u00e3o. A partir deste momento,&nbsp;cada autor \u00e9 respons\u00e1vel pela submiss\u00e3o do seu artigo diretamente a sua revista.&nbsp;Para isso, listamos algumas recomenda\u00e7\u00f5es sobre estes processos: RECOMENDA\u00c7\u00d5ES PARA SUBMISS\u00c3O&hellip;","og_url":"https:\/\/ecoinovar.com\/14\/resultado-fast-track\/","og_site_name":"14\u00b0 Ecoinovar","article_publisher":"https:\/\/www.facebook.com\/ecoinovar\/","article_modified_time":"2025-11-30T16:56:20+00:00","twitter_card":"summary_large_image","twitter_site":"@forumecoinovar","twitter_misc":{"Est. tempo de leitura":"6 minutos"},"schema":{"@context":"https:\/\/schema.org","@graph":[{"@type":"WebPage","@id":"https:\/\/ecoinovar.com\/14\/resultado-fast-track\/","url":"https:\/\/ecoinovar.com\/14\/resultado-fast-track\/","name":"Resultado Fast-Track - 14\u00b0 Ecoinovar","isPartOf":{"@id":"https:\/\/ecoinovar.com\/14\/#website"},"datePublished":"2024-02-01T17:45:49+00:00","dateModified":"2025-11-30T16:56:20+00:00","breadcrumb":{"@id":"https:\/\/ecoinovar.com\/14\/resultado-fast-track\/#breadcrumb"},"inLanguage":"pt-BR","potentialAction":[{"@type":"ReadAction","target":["https:\/\/ecoinovar.com\/14\/resultado-fast-track\/"]}]},{"@type":"BreadcrumbList","@id":"https:\/\/ecoinovar.com\/14\/resultado-fast-track\/#breadcrumb","itemListElement":[{"@type":"ListItem","position":1,"name":"Home","item":"https:\/\/ecoinovar.com\/14\/"},{"@type":"ListItem","position":2,"name":"Resultado Fast-Track"}]},{"@type":"WebSite","@id":"https:\/\/ecoinovar.com\/14\/#website","url":"https:\/\/ecoinovar.com\/14\/","name":"13\u00ba Ecoinovar","description":"F\u00f3rum Internacional","publisher":{"@id":"https:\/\/ecoinovar.com\/14\/#organization"},"potentialAction":[{"@type":"SearchAction","target":{"@type":"EntryPoint","urlTemplate":"https:\/\/ecoinovar.com\/14\/?s={search_term_string}"},"query-input":{"@type":"PropertyValueSpecification","valueRequired":true,"valueName":"search_term_string"}}],"inLanguage":"pt-BR"},{"@type":"Organization","@id":"https:\/\/ecoinovar.com\/14\/#organization","name":"13\u00ba Ecoinovar","url":"https:\/\/ecoinovar.com\/14\/","logo":{"@type":"ImageObject","inLanguage":"pt-BR","@id":"https:\/\/ecoinovar.com\/14\/#\/schema\/logo\/image\/","url":"https:\/\/ecoinovar.com\/14\/wp-content\/uploads\/sites\/19\/2023\/07\/ecoinovar.png","contentUrl":"https:\/\/ecoinovar.com\/14\/wp-content\/uploads\/sites\/19\/2023\/07\/ecoinovar.png","width":162,"height":110,"caption":"13\u00ba Ecoinovar"},"image":{"@id":"https:\/\/ecoinovar.com\/14\/#\/schema\/logo\/image\/"},"sameAs":["https:\/\/www.facebook.com\/ecoinovar\/","https:\/\/x.com\/forumecoinovar","https:\/\/www.instagram.com\/ecoinovar\/","https:\/\/www.youtube.com\/channel\/UC0HBZQUZoIWqVnqECbEf7Sw"]}]}},"_links":{"self":[{"href":"https:\/\/ecoinovar.com\/14\/wp-json\/wp\/v2\/pages\/1038","targetHints":{"allow":["GET"]}}],"collection":[{"href":"https:\/\/ecoinovar.com\/14\/wp-json\/wp\/v2\/pages"}],"about":[{"href":"https:\/\/ecoinovar.com\/14\/wp-json\/wp\/v2\/types\/page"}],"author":[{"embeddable":true,"href":"https:\/\/ecoinovar.com\/14\/wp-json\/wp\/v2\/users\/1"}],"replies":[{"embeddable":true,"href":"https:\/\/ecoinovar.com\/14\/wp-json\/wp\/v2\/comments?post=1038"}],"version-history":[{"count":9,"href":"https:\/\/ecoinovar.com\/14\/wp-json\/wp\/v2\/pages\/1038\/revisions"}],"predecessor-version":[{"id":1595,"href":"https:\/\/ecoinovar.com\/14\/wp-json\/wp\/v2\/pages\/1038\/revisions\/1595"}],"wp:attachment":[{"href":"https:\/\/ecoinovar.com\/14\/wp-json\/wp\/v2\/media?parent=1038"}],"curies":[{"name":"wp","href":"https:\/\/api.w.org\/{rel}","templated":true}]}}