{"id":887,"date":"2023-10-27T13:36:46","date_gmt":"2023-10-27T16:36:46","guid":{"rendered":"https:\/\/ecoinovar.com\/13\/?page_id=887"},"modified":"2024-10-30T23:15:03","modified_gmt":"2024-10-31T02:15:03","slug":"apresentacao-dos-trabalhos","status":"publish","type":"page","link":"https:\/\/ecoinovar.com\/13\/apresentacao-dos-trabalhos\/","title":{"rendered":"Apresenta\u00e7\u00e3o dos trabalhos"},"content":{"rendered":"\n<p>Nessa edi\u00e7\u00e3o do Ecoinovar, as apresenta\u00e7\u00f5es ser\u00e3o realizadas na&nbsp;<strong>modalidade oral (<em>online<\/em>)<\/strong>.<\/p>\n\n\n\n<ul class=\"wp-block-list\">\n<li>As sess\u00f5es orais ser\u00e3o organizadas em sess\u00f5es tem\u00e1ticas, agrupando os trabalhos de acordo com o tema informado no momento da submiss\u00e3o.<\/li>\n\n\n\n<li>Confira a programa\u00e7\u00e3o de trabalhos dispon\u00edvel no&nbsp;<em>site<\/em>&nbsp;e no sistema do evento e atente-se para o hor\u00e1rio da apresenta\u00e7\u00e3o de seu(s) trabalho(s).<\/li>\n\n\n\n<li>A apresenta\u00e7\u00e3o dos trabalhos nas sess\u00f5es orais ter\u00e1 a dura\u00e7\u00e3o de&nbsp;<strong>at\u00e9&nbsp;10 minutos cada trabalho<\/strong>. Ap\u00f3s, haver\u00e1 o debate dos trabalhos considerando o tema da sess\u00e3o, pontos comuns e novas considera\u00e7\u00f5es dos artigos. A sess\u00e3o de apresenta\u00e7\u00e3o durar\u00e1, no total, 75 minutos (1h15).<\/li>\n\n\n\n<li>Cada sess\u00e3o de apresenta\u00e7\u00e3o oral ter\u00e1 at\u00e9 5 trabalhos programados. Sugere-se que as apresenta\u00e7\u00f5es sigam a ordem de apresenta\u00e7\u00e3o em que aparecem na programa\u00e7\u00e3o.<\/li>\n\n\n\n<li>Na sess\u00e3o de apresenta\u00e7\u00e3o ser\u00e1 necess\u00e1ria a presen\u00e7a de pelo menos um autor do trabalho (autor-apresentador) devidamente inscrito no evento.&nbsp;Salientamos que a inscri\u00e7\u00e3o \u00e9 individual e intransfer\u00edvel.<\/li>\n\n\n\n<li>Recomendamos que os autores-apresentadores e demais participantes das sess\u00f5es orais realizem a leitura pr\u00e9via dos demais trabalhos da sess\u00e3o para, ap\u00f3s o encerramento das apresenta\u00e7\u00f5es, participarem da discuss\u00e3o e contribu\u00edrem com os trabalhos dos demais autores.<\/li>\n\n\n\n<li>No certificado de apresenta\u00e7\u00e3o constar\u00e1 as informa\u00e7\u00f5es do trabalho e de autoria. Os autores que se inscreveram no evento, estiveram presentes na sess\u00e3o e realizaram a apresenta\u00e7\u00e3o do trabalho ser\u00e3o identificados no certificado.<\/li>\n\n\n\n<li>Sugere-se a utiliza\u00e7\u00e3o de um&nbsp;<em>template<\/em>. <a href=\"https:\/\/ecoinovar.com\/13\/wp-content\/uploads\/sites\/18\/2024\/10\/Template-PPT-Ecoinovar.pptx\" target=\"_blank\" rel=\"noreferrer noopener\">Clique aqui para baixar o template.<\/a><\/li>\n\n\n\n<li>As apresenta\u00e7\u00f5es ser\u00e3o realizadas por meio do&nbsp;<em>software<\/em>&nbsp;Zoom.<\/li>\n\n\n\n<li>Somente autores e usu\u00e1rios inscritos no evento ter\u00e3o acesso \u00e0s sess\u00f5es de apresenta\u00e7\u00e3o.<\/li>\n\n\n\n<li>A participa\u00e7\u00e3o do usu\u00e1rio ser\u00e1 identificada pelo acesso ao sistema.<\/li>\n\n\n\n<li>Para que n\u00e3o ocorram atrasos, solicitamos a presen\u00e7a do autor-apresentador na sala virtual com&nbsp;<strong>10 minutos de anteced\u00eancia<\/strong>&nbsp;para a prepara\u00e7\u00e3o da apresenta\u00e7\u00e3o.<\/li>\n\n\n\n<li>Sugere-se a utiliza\u00e7\u00e3o de um\u00a0fundo virtual\u00a0para utiliza\u00e7\u00e3o no Zoom.<\/li>\n<\/ul>\n\n\n\n<p><strong>Demais orienta\u00e7\u00f5es para as sess\u00f5es orais <em>on-line<\/em>:<\/strong><\/p>\n\n\n\n<ol class=\"wp-block-list\">\n<li><strong>Teste de compatibilidade<\/strong>&nbsp;\u2013 Para que os autores tenham uma participa\u00e7\u00e3o adequada, recomenda-se a realiza\u00e7\u00e3o de teste de compatibilidade do sistema com o navegador e seus equipamentos previamente. Para realizar o teste, acesse o&nbsp;<em>link<\/em>:&nbsp;<a href=\"https:\/\/zoom.us\/test\" target=\"_blank\" rel=\"noreferrer noopener\">https:\/\/zoom.us\/test<\/a><\/li>\n\n\n\n<li><strong>Equipamentos<\/strong>&nbsp;\u2013 Sugere-se que os autores&nbsp;<strong>realizem o acesso atrav\u00e9s de um computador<\/strong>&nbsp;e tenham mais de um equipamento como alternativa para acesso. N\u00e3o \u00e9 poss\u00edvel prever alguns problemas de conex\u00e3o e funcionalidade por conta de equipamentos e redes.<\/li>\n\n\n\n<li><strong>Teste de link<\/strong>&nbsp;\u2013 Fa\u00e7a o teste do&nbsp;<em>link<\/em>&nbsp;da sess\u00e3o antecipadamente. Abriremos o link 15 minutos antes do hor\u00e1rio previsto para as sess\u00f5es. Neste tempo, os autores poder\u00e3o corrigir quaisquer imprevistos.<\/li>\n\n\n\n<li><strong>Modera\u00e7\u00f5es<\/strong>&nbsp;\u2013 As sess\u00f5es contar\u00e3o com um moderador. O moderador se encarregar\u00e1 da organiza\u00e7\u00e3o da sess\u00e3o.<\/li>\n\n\n\n<li><strong>Apresenta\u00e7\u00f5es&nbsp;<\/strong>\u2013 Recomenda-se que os autores deixem a sua apresenta\u00e7\u00e3o aberta em seus&nbsp;<em>desktops<\/em>&nbsp;ou outros equipamentos. Isto facilitar\u00e1 o processo no momento de sua apresenta\u00e7\u00e3o e no compartilhamento da tela.<\/li>\n\n\n\n<li><strong>Evite sobrecarga do sistema<\/strong>&nbsp;\u2013 Utilize poucas janelas\/abas no seu navegador e deixe poucos programas\/aplicativos abertos em seu equipamento para facilitar seu compartilhamento de tela no momento de sua apresenta\u00e7\u00e3o e para evitar sobrecarga do sistema.<\/li>\n\n\n\n<li><strong>Identifica\u00e7\u00e3o<\/strong>&nbsp;\u2013 Identifique-se logo no in\u00edcio com o moderador da sess\u00e3o indicando que voc\u00ea est\u00e1 presente e qual \u00e9 o seu trabalho.<\/li>\n\n\n\n<li><strong>Ativa\u00e7\u00f5es na Plataforma Zoom<\/strong>&nbsp;\u2013 Quando solicitado, abra o seu microfone e seu v\u00eddeo e fa\u00e7a o compartilhamento da sua tela de apresenta\u00e7\u00e3o. Recomenda-se que durante a apresenta\u00e7\u00e3o dos demais participantes, todos deixem seus microfones desativados.<\/li>\n\n\n\n<li><strong>Tempo<\/strong>&nbsp;\u2013 Atente para o seu tempo de modo a n\u00e3o o ultrapassar (10 min). O moderador sinalizar\u00e1 quando faltarem 3 minutos. Ao finalizar, interrompa o compartilhamento da sua tela e devolva a palavra ao moderador.<\/li>\n\n\n\n<li><strong>Perguntas e respostas<\/strong>&nbsp;\u2013 O moderador conduzir\u00e1 as discuss\u00f5es indicando as perguntas colocadas no chat ou passando o direito de fala para que participantes as apresentem.<\/li>\n<\/ol>\n\n\n\n<p><\/p>\n\n\n\n<p><a href=\"https:\/\/ecoinovar.com\/13\/wp-content\/uploads\/sites\/18\/2024\/10\/Ecoinovar_Fundo-zoom.png\" target=\"_blank\" rel=\"noreferrer noopener\">Fundo oficial para utiliza\u00e7\u00e3o no Zoom modelo 1 ( Virtual Background )<\/a> &#8211; <a href=\"https:\/\/ecoinovar.com\/13\/wp-content\/uploads\/sites\/18\/2024\/10\/Ecoinovar_Fundo-zoom-2.png\" target=\"_blank\" rel=\"noreferrer noopener\">Fundo oficial para utiliza\u00e7\u00e3o no Zoom modelo 2 ( Virtual Background )<\/a><\/p>\n\n\n\n<p><a href=\"https:\/\/youtu.be\/ynHZ8fNvAPc\" target=\"_blank\" rel=\"noreferrer noopener\">Instru\u00e7\u00f5es para utiliza\u00e7\u00e3o do fundo virtual no zoom<\/a><\/p>\n\n\n\n<p><a rel=\"noreferrer noopener\" href=\"https:\/\/www.youtube.com\/watch?v=z5afhH6yKu4\" target=\"_blank\">Tutorial de uso do Zoom<\/a><\/p>\n","protected":false},"excerpt":{"rendered":"<p>Nessa edi\u00e7\u00e3o do Ecoinovar, as apresenta\u00e7\u00f5es ser\u00e3o realizadas na&nbsp;modalidade oral (online). Demais orienta\u00e7\u00f5es para as sess\u00f5es orais on-line: Fundo oficial para utiliza\u00e7\u00e3o no Zoom modelo 1 ( Virtual Background ) &#8211; Fundo oficial para utiliza\u00e7\u00e3o no Zoom modelo 2 ( Virtual Background ) Instru\u00e7\u00f5es para utiliza\u00e7\u00e3o do fundo virtual no zoom Tutorial de uso do&hellip;<\/p>\n","protected":false},"author":1,"featured_media":0,"parent":0,"menu_order":0,"comment_status":"closed","ping_status":"closed","template":"","meta":{"footnotes":"","_links_to":"","_links_to_target":""},"class_list":["post-887","page","type-page","status-publish","hentry","description-off"],"yoast_head":"<!-- This site is optimized with the Yoast SEO plugin v25.9 - https:\/\/yoast.com\/wordpress\/plugins\/seo\/ -->\n<title>Apresenta\u00e7\u00e3o dos trabalhos - 13\u00ba Ecoinovar<\/title>\n<meta name=\"robots\" content=\"index, follow, max-snippet:-1, max-image-preview:large, max-video-preview:-1\" \/>\n<link rel=\"canonical\" href=\"https:\/\/ecoinovar.com\/13\/apresentacao-dos-trabalhos\/\" \/>\n<meta property=\"og:locale\" content=\"pt_BR\" \/>\n<meta property=\"og:type\" content=\"article\" \/>\n<meta property=\"og:title\" content=\"Apresenta\u00e7\u00e3o dos trabalhos - 13\u00ba Ecoinovar\" \/>\n<meta property=\"og:description\" content=\"Nessa edi\u00e7\u00e3o do Ecoinovar, as apresenta\u00e7\u00f5es ser\u00e3o realizadas na&nbsp;modalidade oral (online). Demais orienta\u00e7\u00f5es para as sess\u00f5es orais on-line: Fundo oficial para utiliza\u00e7\u00e3o no Zoom modelo 1 ( Virtual Background ) &#8211; Fundo oficial para utiliza\u00e7\u00e3o no Zoom modelo 2 ( Virtual Background ) Instru\u00e7\u00f5es para utiliza\u00e7\u00e3o do fundo virtual no zoom Tutorial de uso do&hellip;\" \/>\n<meta property=\"og:url\" content=\"https:\/\/ecoinovar.com\/13\/apresentacao-dos-trabalhos\/\" \/>\n<meta property=\"og:site_name\" content=\"13\u00ba Ecoinovar\" \/>\n<meta property=\"article:publisher\" content=\"https:\/\/www.facebook.com\/ecoinovar\/\" \/>\n<meta property=\"article:modified_time\" content=\"2024-10-31T02:15:03+00:00\" \/>\n<meta name=\"twitter:card\" content=\"summary_large_image\" \/>\n<meta name=\"twitter:site\" content=\"@forumecoinovar\" \/>\n<meta name=\"twitter:label1\" content=\"Est. tempo de leitura\" \/>\n\t<meta name=\"twitter:data1\" content=\"4 minutos\" \/>\n<script type=\"application\/ld+json\" class=\"yoast-schema-graph\">{\"@context\":\"https:\/\/schema.org\",\"@graph\":[{\"@type\":\"WebPage\",\"@id\":\"https:\/\/ecoinovar.com\/13\/apresentacao-dos-trabalhos\/\",\"url\":\"https:\/\/ecoinovar.com\/13\/apresentacao-dos-trabalhos\/\",\"name\":\"Apresenta\u00e7\u00e3o dos trabalhos - 13\u00ba Ecoinovar\",\"isPartOf\":{\"@id\":\"https:\/\/ecoinovar.com\/13\/#website\"},\"datePublished\":\"2023-10-27T16:36:46+00:00\",\"dateModified\":\"2024-10-31T02:15:03+00:00\",\"breadcrumb\":{\"@id\":\"https:\/\/ecoinovar.com\/13\/apresentacao-dos-trabalhos\/#breadcrumb\"},\"inLanguage\":\"pt-BR\",\"potentialAction\":[{\"@type\":\"ReadAction\",\"target\":[\"https:\/\/ecoinovar.com\/13\/apresentacao-dos-trabalhos\/\"]}]},{\"@type\":\"BreadcrumbList\",\"@id\":\"https:\/\/ecoinovar.com\/13\/apresentacao-dos-trabalhos\/#breadcrumb\",\"itemListElement\":[{\"@type\":\"ListItem\",\"position\":1,\"name\":\"Home\",\"item\":\"https:\/\/ecoinovar.com\/13\/\"},{\"@type\":\"ListItem\",\"position\":2,\"name\":\"Apresenta\u00e7\u00e3o dos trabalhos\"}]},{\"@type\":\"WebSite\",\"@id\":\"https:\/\/ecoinovar.com\/13\/#website\",\"url\":\"https:\/\/ecoinovar.com\/13\/\",\"name\":\"13\u00ba Ecoinovar\",\"description\":\"F\u00f3rum Internacional\",\"publisher\":{\"@id\":\"https:\/\/ecoinovar.com\/13\/#organization\"},\"potentialAction\":[{\"@type\":\"SearchAction\",\"target\":{\"@type\":\"EntryPoint\",\"urlTemplate\":\"https:\/\/ecoinovar.com\/13\/?s={search_term_string}\"},\"query-input\":{\"@type\":\"PropertyValueSpecification\",\"valueRequired\":true,\"valueName\":\"search_term_string\"}}],\"inLanguage\":\"pt-BR\"},{\"@type\":\"Organization\",\"@id\":\"https:\/\/ecoinovar.com\/13\/#organization\",\"name\":\"13\u00ba Ecoinovar\",\"url\":\"https:\/\/ecoinovar.com\/13\/\",\"logo\":{\"@type\":\"ImageObject\",\"inLanguage\":\"pt-BR\",\"@id\":\"https:\/\/ecoinovar.com\/13\/#\/schema\/logo\/image\/\",\"url\":\"https:\/\/ecoinovar.com\/13\/wp-content\/uploads\/sites\/18\/2023\/07\/ecoinovar.png\",\"contentUrl\":\"https:\/\/ecoinovar.com\/13\/wp-content\/uploads\/sites\/18\/2023\/07\/ecoinovar.png\",\"width\":162,\"height\":110,\"caption\":\"13\u00ba Ecoinovar\"},\"image\":{\"@id\":\"https:\/\/ecoinovar.com\/13\/#\/schema\/logo\/image\/\"},\"sameAs\":[\"https:\/\/www.facebook.com\/ecoinovar\/\",\"https:\/\/x.com\/forumecoinovar\",\"https:\/\/www.instagram.com\/ecoinovar\/\",\"https:\/\/www.youtube.com\/channel\/UC0HBZQUZoIWqVnqECbEf7Sw\"]}]}<\/script>\n<!-- \/ Yoast SEO plugin. -->","yoast_head_json":{"title":"Apresenta\u00e7\u00e3o dos trabalhos - 13\u00ba Ecoinovar","robots":{"index":"index","follow":"follow","max-snippet":"max-snippet:-1","max-image-preview":"max-image-preview:large","max-video-preview":"max-video-preview:-1"},"canonical":"https:\/\/ecoinovar.com\/13\/apresentacao-dos-trabalhos\/","og_locale":"pt_BR","og_type":"article","og_title":"Apresenta\u00e7\u00e3o dos trabalhos - 13\u00ba Ecoinovar","og_description":"Nessa edi\u00e7\u00e3o do Ecoinovar, as apresenta\u00e7\u00f5es ser\u00e3o realizadas na&nbsp;modalidade oral (online). Demais orienta\u00e7\u00f5es para as sess\u00f5es orais on-line: Fundo oficial para utiliza\u00e7\u00e3o no Zoom modelo 1 ( Virtual Background ) &#8211; Fundo oficial para utiliza\u00e7\u00e3o no Zoom modelo 2 ( Virtual Background ) Instru\u00e7\u00f5es para utiliza\u00e7\u00e3o do fundo virtual no zoom Tutorial de uso do&hellip;","og_url":"https:\/\/ecoinovar.com\/13\/apresentacao-dos-trabalhos\/","og_site_name":"13\u00ba Ecoinovar","article_publisher":"https:\/\/www.facebook.com\/ecoinovar\/","article_modified_time":"2024-10-31T02:15:03+00:00","twitter_card":"summary_large_image","twitter_site":"@forumecoinovar","twitter_misc":{"Est. tempo de leitura":"4 minutos"},"schema":{"@context":"https:\/\/schema.org","@graph":[{"@type":"WebPage","@id":"https:\/\/ecoinovar.com\/13\/apresentacao-dos-trabalhos\/","url":"https:\/\/ecoinovar.com\/13\/apresentacao-dos-trabalhos\/","name":"Apresenta\u00e7\u00e3o dos trabalhos - 13\u00ba Ecoinovar","isPartOf":{"@id":"https:\/\/ecoinovar.com\/13\/#website"},"datePublished":"2023-10-27T16:36:46+00:00","dateModified":"2024-10-31T02:15:03+00:00","breadcrumb":{"@id":"https:\/\/ecoinovar.com\/13\/apresentacao-dos-trabalhos\/#breadcrumb"},"inLanguage":"pt-BR","potentialAction":[{"@type":"ReadAction","target":["https:\/\/ecoinovar.com\/13\/apresentacao-dos-trabalhos\/"]}]},{"@type":"BreadcrumbList","@id":"https:\/\/ecoinovar.com\/13\/apresentacao-dos-trabalhos\/#breadcrumb","itemListElement":[{"@type":"ListItem","position":1,"name":"Home","item":"https:\/\/ecoinovar.com\/13\/"},{"@type":"ListItem","position":2,"name":"Apresenta\u00e7\u00e3o dos trabalhos"}]},{"@type":"WebSite","@id":"https:\/\/ecoinovar.com\/13\/#website","url":"https:\/\/ecoinovar.com\/13\/","name":"13\u00ba Ecoinovar","description":"F\u00f3rum Internacional","publisher":{"@id":"https:\/\/ecoinovar.com\/13\/#organization"},"potentialAction":[{"@type":"SearchAction","target":{"@type":"EntryPoint","urlTemplate":"https:\/\/ecoinovar.com\/13\/?s={search_term_string}"},"query-input":{"@type":"PropertyValueSpecification","valueRequired":true,"valueName":"search_term_string"}}],"inLanguage":"pt-BR"},{"@type":"Organization","@id":"https:\/\/ecoinovar.com\/13\/#organization","name":"13\u00ba Ecoinovar","url":"https:\/\/ecoinovar.com\/13\/","logo":{"@type":"ImageObject","inLanguage":"pt-BR","@id":"https:\/\/ecoinovar.com\/13\/#\/schema\/logo\/image\/","url":"https:\/\/ecoinovar.com\/13\/wp-content\/uploads\/sites\/18\/2023\/07\/ecoinovar.png","contentUrl":"https:\/\/ecoinovar.com\/13\/wp-content\/uploads\/sites\/18\/2023\/07\/ecoinovar.png","width":162,"height":110,"caption":"13\u00ba Ecoinovar"},"image":{"@id":"https:\/\/ecoinovar.com\/13\/#\/schema\/logo\/image\/"},"sameAs":["https:\/\/www.facebook.com\/ecoinovar\/","https:\/\/x.com\/forumecoinovar","https:\/\/www.instagram.com\/ecoinovar\/","https:\/\/www.youtube.com\/channel\/UC0HBZQUZoIWqVnqECbEf7Sw"]}]}},"_links":{"self":[{"href":"https:\/\/ecoinovar.com\/13\/wp-json\/wp\/v2\/pages\/887","targetHints":{"allow":["GET"]}}],"collection":[{"href":"https:\/\/ecoinovar.com\/13\/wp-json\/wp\/v2\/pages"}],"about":[{"href":"https:\/\/ecoinovar.com\/13\/wp-json\/wp\/v2\/types\/page"}],"author":[{"embeddable":true,"href":"https:\/\/ecoinovar.com\/13\/wp-json\/wp\/v2\/users\/1"}],"replies":[{"embeddable":true,"href":"https:\/\/ecoinovar.com\/13\/wp-json\/wp\/v2\/comments?post=887"}],"version-history":[{"count":6,"href":"https:\/\/ecoinovar.com\/13\/wp-json\/wp\/v2\/pages\/887\/revisions"}],"predecessor-version":[{"id":1337,"href":"https:\/\/ecoinovar.com\/13\/wp-json\/wp\/v2\/pages\/887\/revisions\/1337"}],"wp:attachment":[{"href":"https:\/\/ecoinovar.com\/13\/wp-json\/wp\/v2\/media?parent=887"}],"curies":[{"name":"wp","href":"https:\/\/api.w.org\/{rel}","templated":true}]}}