{"id":563,"date":"2023-07-18T16:30:45","date_gmt":"2023-07-18T19:30:45","guid":{"rendered":"https:\/\/ecoinovar.com\/13\/?page_id=563"},"modified":"2024-11-13T11:14:17","modified_gmt":"2024-11-13T14:14:17","slug":"consorcio-mestral-e-doutoral","status":"publish","type":"page","link":"https:\/\/ecoinovar.com\/13\/consorcio-mestral-e-doutoral\/","title":{"rendered":"Cons\u00f3rcio Mestral e Doutoral"},"content":{"rendered":"\t\t<div data-elementor-type=\"wp-page\" data-elementor-id=\"563\" class=\"elementor elementor-563\" data-elementor-post-type=\"page\">\n\t\t\t\t\t\t<section class=\"elementor-section elementor-top-section elementor-element elementor-element-a0a1bb2 elementor-section-boxed elementor-section-height-default elementor-section-height-default\" data-id=\"a0a1bb2\" data-element_type=\"section\">\n\t\t\t\t\t\t<div class=\"elementor-container elementor-column-gap-default\">\n\t\t\t\t\t<div class=\"elementor-column elementor-col-100 elementor-top-column elementor-element elementor-element-03b2e50\" data-id=\"03b2e50\" data-element_type=\"column\">\n\t\t\t<div class=\"elementor-widget-wrap elementor-element-populated\">\n\t\t\t\t\t\t<div class=\"elementor-element elementor-element-909e006 elementor-widget elementor-widget-text-editor\" data-id=\"909e006\" data-element_type=\"widget\" data-widget_type=\"text-editor.default\">\n\t\t\t\t<div class=\"elementor-widget-container\">\n\t\t\t\t\t\t\t\t\t<p>O&nbsp;Cons\u00f3rcio Mestral e Doutoral do <strong>F\u00f3rum Internacional Ecoinovar<\/strong>&nbsp;tem como objetivo promover o interc\u00e2mbio, a divulga\u00e7\u00e3o e o est\u00edmulo \u00e0 produ\u00e7\u00e3o de conhecimento e de ideias entre os p\u00f3s-graduandos e docentes dos cursos de Mestrado e Doutorado em Administra\u00e7\u00e3o e de \u00e1reas afins \u00e0 tem\u00e1tica do F\u00f3rum, tornando-se, portanto, um espa\u00e7o privilegiado, interdisciplinar e interinstitucional.<\/p>\n<p>O&nbsp;Cons\u00f3rcio Mestral e Doutoral&nbsp;contar\u00e1 com sess\u00f5es exclusivas para apresenta\u00e7\u00e3o dos projetos de disserta\u00e7\u00e3o de mestrado e de teses de doutorado, na forma de bancas examinadoras informais, composta por pesquisadores com experi\u00eancia nas tem\u00e1ticas que est\u00e3o sendo trabalhadas pelos mestrandos e doutorandos, no intuito de gerar contribui\u00e7\u00f5es para estes projetos em andamento.<\/p>\n<p>Os trabalhos dever\u00e3o ser enviados nas seguintes categorias:&nbsp;<br>1)&nbsp;Cons\u00f3rcio Mestral;<br>2)&nbsp;Cons\u00f3rcio Doutoral.<\/p>\n<p>Os projetos dever\u00e3o ser enviados pelo sistema do evento,&nbsp;at\u00e9 <strong>\u00e0s 23h59m do dia 31 de outubro de 2024<\/strong>, e poder\u00e3o ser escritos em portugu\u00eas, ingl\u00eas ou espanhol.<\/p>\n<p><strong>Coordena\u00e7\u00e3o:<\/strong> <br>Prof\u00aa. Dr\u00aa. Sirlei Glasenapp \u2013 DCA\/UFSM<\/p>\n<p class=\"MsoNormal\">Prof\u00aa. Dr\u00aa. Petruska de Araujo Machado &#8211; FURG<\/p>\n<p>Prof\u00aa. Dr\u00aa. Luisa Cagica Carvalho \u2013 Instituto Polit\u00e9cnico de Set\u00fabal<\/p>\t\t\t\t\t\t\t\t<\/div>\n\t\t\t\t<\/div>\n\t\t\t\t\t<\/div>\n\t\t<\/div>\n\t\t\t\t\t<\/div>\n\t\t<\/section>\n\t\t\t\t<section class=\"elementor-section elementor-top-section elementor-element elementor-element-dc5e1a2 elementor-section-boxed elementor-section-height-default elementor-section-height-default\" data-id=\"dc5e1a2\" data-element_type=\"section\">\n\t\t\t\t\t\t<div class=\"elementor-container elementor-column-gap-default\">\n\t\t\t\t\t<div class=\"elementor-column elementor-col-100 elementor-top-column elementor-element elementor-element-9a8ad26\" data-id=\"9a8ad26\" data-element_type=\"column\">\n\t\t\t<div class=\"elementor-widget-wrap elementor-element-populated\">\n\t\t\t\t\t\t<div class=\"elementor-element elementor-element-3a9f0cf elementor-widget elementor-widget-heading\" data-id=\"3a9f0cf\" data-element_type=\"widget\" data-widget_type=\"heading.default\">\n\t\t\t\t<div class=\"elementor-widget-container\">\n\t\t\t\t\t<h3 class=\"elementor-heading-title elementor-size-large\">Normas do Cons\u00f3rcio<\/h3>\t\t\t\t<\/div>\n\t\t\t\t<\/div>\n\t\t\t\t<section class=\"elementor-section elementor-inner-section elementor-element elementor-element-c4e678c elementor-section-boxed elementor-section-height-default elementor-section-height-default\" data-id=\"c4e678c\" data-element_type=\"section\">\n\t\t\t\t\t\t<div class=\"elementor-container elementor-column-gap-default\">\n\t\t\t\t\t<div class=\"elementor-column elementor-col-50 elementor-inner-column elementor-element elementor-element-a73adab\" data-id=\"a73adab\" data-element_type=\"column\">\n\t\t\t<div class=\"elementor-widget-wrap elementor-element-populated\">\n\t\t\t\t\t\t<div class=\"elementor-element elementor-element-621c000 elementor-align-center elementor-widget elementor-widget-button\" data-id=\"621c000\" data-element_type=\"widget\" data-widget_type=\"button.default\">\n\t\t\t\t<div class=\"elementor-widget-container\">\n\t\t\t\t\t\t\t\t\t<div class=\"elementor-button-wrapper\">\n\t\t\t\t\t<a class=\"elementor-button elementor-button-link elementor-size-xl\" href=\"https:\/\/ecoinovar.com\/12\/wp-content\/uploads\/sites\/17\/2023\/07\/NORMAS_Consorcio_PT.docx\" target=\"_blank\" id=\"btn-home\">\n\t\t\t\t\t\t<span class=\"elementor-button-content-wrapper\">\n\t\t\t\t\t\t\t\t\t<span class=\"elementor-button-text\">NORMAS T\u00c9CNICAS PARA O CONS\u00d3RCIO <br> <span class=\"subtituloBtnCaixa\"> Baixe o arquivo e conhe\u00e7a as regras<\/span><\/span>\n\t\t\t\t\t<\/span>\n\t\t\t\t\t<\/a>\n\t\t\t\t<\/div>\n\t\t\t\t\t\t\t\t<\/div>\n\t\t\t\t<\/div>\n\t\t\t\t\t<\/div>\n\t\t<\/div>\n\t\t\t\t<div class=\"elementor-column elementor-col-50 elementor-inner-column elementor-element elementor-element-9b55b4b\" data-id=\"9b55b4b\" data-element_type=\"column\">\n\t\t\t<div class=\"elementor-widget-wrap\">\n\t\t\t\t\t\t\t<\/div>\n\t\t<\/div>\n\t\t\t\t\t<\/div>\n\t\t<\/section>\n\t\t\t\t<section class=\"elementor-section elementor-inner-section elementor-element elementor-element-9a4beec elementor-section-boxed elementor-section-height-default elementor-section-height-default\" data-id=\"9a4beec\" data-element_type=\"section\">\n\t\t\t\t\t\t<div class=\"elementor-container elementor-column-gap-default\">\n\t\t\t\t\t<div class=\"elementor-column elementor-col-50 elementor-inner-column elementor-element elementor-element-d1dcf9a\" data-id=\"d1dcf9a\" data-element_type=\"column\">\n\t\t\t<div class=\"elementor-widget-wrap elementor-element-populated\">\n\t\t\t\t\t\t<div class=\"elementor-element elementor-element-54928e3 elementor-align-center elementor-widget elementor-widget-button\" data-id=\"54928e3\" data-element_type=\"widget\" data-widget_type=\"button.default\">\n\t\t\t\t<div class=\"elementor-widget-container\">\n\t\t\t\t\t\t\t\t\t<div class=\"elementor-button-wrapper\">\n\t\t\t\t\t<a class=\"elementor-button elementor-button-link elementor-size-xl\" href=\"https:\/\/ecoinovar.com\/12\/wp-content\/uploads\/sites\/17\/2023\/07\/NORMAS_Consorcio_EN.docx\" target=\"_blank\" id=\"btn-home\">\n\t\t\t\t\t\t<span class=\"elementor-button-content-wrapper\">\n\t\t\t\t\t\t\t\t\t<span class=\"elementor-button-text\">TECHNICAL STANDARDS FOR CONSORTIUM <br><span class=\"subtituloBtnCaixa\">  Download the file and know the rules<\/span><\/span>\n\t\t\t\t\t<\/span>\n\t\t\t\t\t<\/a>\n\t\t\t\t<\/div>\n\t\t\t\t\t\t\t\t<\/div>\n\t\t\t\t<\/div>\n\t\t\t\t\t<\/div>\n\t\t<\/div>\n\t\t\t\t<div class=\"elementor-column elementor-col-50 elementor-inner-column elementor-element elementor-element-ac29b05\" data-id=\"ac29b05\" data-element_type=\"column\">\n\t\t\t<div class=\"elementor-widget-wrap\">\n\t\t\t\t\t\t\t<\/div>\n\t\t<\/div>\n\t\t\t\t\t<\/div>\n\t\t<\/section>\n\t\t\t\t<section class=\"elementor-section elementor-inner-section elementor-element elementor-element-ac06283 elementor-section-boxed elementor-section-height-default elementor-section-height-default\" data-id=\"ac06283\" data-element_type=\"section\">\n\t\t\t\t\t\t<div class=\"elementor-container elementor-column-gap-default\">\n\t\t\t\t\t<div class=\"elementor-column elementor-col-50 elementor-inner-column elementor-element elementor-element-98fd0cb\" data-id=\"98fd0cb\" data-element_type=\"column\">\n\t\t\t<div class=\"elementor-widget-wrap elementor-element-populated\">\n\t\t\t\t\t\t<div class=\"elementor-element elementor-element-ed13f7b elementor-align-center elementor-widget elementor-widget-button\" data-id=\"ed13f7b\" data-element_type=\"widget\" data-widget_type=\"button.default\">\n\t\t\t\t<div class=\"elementor-widget-container\">\n\t\t\t\t\t\t\t\t\t<div class=\"elementor-button-wrapper\">\n\t\t\t\t\t<a class=\"elementor-button elementor-button-link elementor-size-xl\" href=\"https:\/\/ecoinovar.com\/12\/wp-content\/uploads\/sites\/17\/2023\/07\/NORMAS_Consorcio_ES.docx\" target=\"_blank\" id=\"btn-home\">\n\t\t\t\t\t\t<span class=\"elementor-button-content-wrapper\">\n\t\t\t\t\t\t\t\t\t<span class=\"elementor-button-text\">NORMAS T\u00c9CNICAS PARA LO CONSORCIO<br><span class=\"subtituloBtnCaixa\">  Descarga el archivo y conoce las reglas<\/span><\/span>\n\t\t\t\t\t<\/span>\n\t\t\t\t\t<\/a>\n\t\t\t\t<\/div>\n\t\t\t\t\t\t\t\t<\/div>\n\t\t\t\t<\/div>\n\t\t\t\t\t<\/div>\n\t\t<\/div>\n\t\t\t\t<div class=\"elementor-column elementor-col-50 elementor-inner-column elementor-element elementor-element-d399bf4\" data-id=\"d399bf4\" data-element_type=\"column\">\n\t\t\t<div class=\"elementor-widget-wrap\">\n\t\t\t\t\t\t\t<\/div>\n\t\t<\/div>\n\t\t\t\t\t<\/div>\n\t\t<\/section>\n\t\t\t\t\t<\/div>\n\t\t<\/div>\n\t\t\t\t\t<\/div>\n\t\t<\/section>\n\t\t\t\t<section class=\"elementor-section elementor-top-section elementor-element elementor-element-0b493fe elementor-section-boxed elementor-section-height-default elementor-section-height-default\" data-id=\"0b493fe\" data-element_type=\"section\">\n\t\t\t\t\t\t<div class=\"elementor-container elementor-column-gap-default\">\n\t\t\t\t\t<div class=\"elementor-column elementor-col-100 elementor-top-column elementor-element elementor-element-c73595a\" data-id=\"c73595a\" data-element_type=\"column\">\n\t\t\t<div class=\"elementor-widget-wrap elementor-element-populated\">\n\t\t\t\t\t\t<div class=\"elementor-element elementor-element-cb23880 elementor-widget elementor-widget-heading\" data-id=\"cb23880\" data-element_type=\"widget\" data-widget_type=\"heading.default\">\n\t\t\t\t<div class=\"elementor-widget-container\">\n\t\t\t\t\t<h3 class=\"elementor-heading-title elementor-size-large\">Template para envio dos Trabalhos<\/h3>\t\t\t\t<\/div>\n\t\t\t\t<\/div>\n\t\t\t\t<section class=\"elementor-section elementor-inner-section elementor-element elementor-element-23084a5 elementor-section-boxed elementor-section-height-default elementor-section-height-default\" data-id=\"23084a5\" data-element_type=\"section\">\n\t\t\t\t\t\t<div class=\"elementor-container elementor-column-gap-default\">\n\t\t\t\t\t<div class=\"elementor-column elementor-col-100 elementor-inner-column elementor-element elementor-element-1bcbb9e\" data-id=\"1bcbb9e\" data-element_type=\"column\">\n\t\t\t<div class=\"elementor-widget-wrap\">\n\t\t\t\t\t\t\t<\/div>\n\t\t<\/div>\n\t\t\t\t\t<\/div>\n\t\t<\/section>\n\t\t\t\t<section class=\"elementor-section elementor-inner-section elementor-element elementor-element-a53df13 elementor-section-boxed elementor-section-height-default elementor-section-height-default\" data-id=\"a53df13\" data-element_type=\"section\">\n\t\t\t\t\t\t<div class=\"elementor-container elementor-column-gap-default\">\n\t\t\t\t\t<div class=\"elementor-column elementor-col-50 elementor-inner-column elementor-element elementor-element-02c9db7\" data-id=\"02c9db7\" data-element_type=\"column\">\n\t\t\t<div class=\"elementor-widget-wrap elementor-element-populated\">\n\t\t\t\t\t\t<div class=\"elementor-element elementor-element-e4d5be8 elementor-align-center elementor-widget elementor-widget-button\" data-id=\"e4d5be8\" data-element_type=\"widget\" data-widget_type=\"button.default\">\n\t\t\t\t<div class=\"elementor-widget-container\">\n\t\t\t\t\t\t\t\t\t<div class=\"elementor-button-wrapper\">\n\t\t\t\t\t<a class=\"elementor-button elementor-button-link elementor-size-xl\" href=\"https:\/\/ecoinovar.com\/12\/wp-content\/uploads\/sites\/17\/2023\/07\/Template-Consorcio_PT.docx\" target=\"_blank\" id=\"btn-home\">\n\t\t\t\t\t\t<span class=\"elementor-button-content-wrapper\">\n\t\t\t\t\t\t\t\t\t<span class=\"elementor-button-text\">TEMPLATE - PORTUGU\u00caS <br> <span class=\"subtituloBtnCaixa\">  Baixe o arquivo<\/span><\/span>\n\t\t\t\t\t<\/span>\n\t\t\t\t\t<\/a>\n\t\t\t\t<\/div>\n\t\t\t\t\t\t\t\t<\/div>\n\t\t\t\t<\/div>\n\t\t\t\t\t<\/div>\n\t\t<\/div>\n\t\t\t\t<div class=\"elementor-column elementor-col-50 elementor-inner-column elementor-element elementor-element-ae1e589\" data-id=\"ae1e589\" data-element_type=\"column\">\n\t\t\t<div class=\"elementor-widget-wrap\">\n\t\t\t\t\t\t\t<\/div>\n\t\t<\/div>\n\t\t\t\t\t<\/div>\n\t\t<\/section>\n\t\t\t\t<section class=\"elementor-section elementor-inner-section elementor-element elementor-element-d8da172 elementor-section-boxed elementor-section-height-default elementor-section-height-default\" data-id=\"d8da172\" data-element_type=\"section\">\n\t\t\t\t\t\t<div class=\"elementor-container elementor-column-gap-default\">\n\t\t\t\t\t<div class=\"elementor-column elementor-col-50 elementor-inner-column elementor-element elementor-element-6369942\" data-id=\"6369942\" data-element_type=\"column\">\n\t\t\t<div class=\"elementor-widget-wrap elementor-element-populated\">\n\t\t\t\t\t\t<div class=\"elementor-element elementor-element-0c34eb6 elementor-align-center elementor-widget elementor-widget-button\" data-id=\"0c34eb6\" data-element_type=\"widget\" data-widget_type=\"button.default\">\n\t\t\t\t<div class=\"elementor-widget-container\">\n\t\t\t\t\t\t\t\t\t<div class=\"elementor-button-wrapper\">\n\t\t\t\t\t<a class=\"elementor-button elementor-button-link elementor-size-xl\" href=\"https:\/\/ecoinovar.com\/12\/wp-content\/uploads\/sites\/17\/2023\/07\/Template-Consorcio_EN.docx\" target=\"_blank\" id=\"btn-home\">\n\t\t\t\t\t\t<span class=\"elementor-button-content-wrapper\">\n\t\t\t\t\t\t\t\t\t<span class=\"elementor-button-text\">TEMPLATE - ENGLISH <br> <span class=\"subtituloBtnCaixa\">  Download the file<\/span><\/span>\n\t\t\t\t\t<\/span>\n\t\t\t\t\t<\/a>\n\t\t\t\t<\/div>\n\t\t\t\t\t\t\t\t<\/div>\n\t\t\t\t<\/div>\n\t\t\t\t\t<\/div>\n\t\t<\/div>\n\t\t\t\t<div class=\"elementor-column elementor-col-50 elementor-inner-column elementor-element elementor-element-27d6fa9\" data-id=\"27d6fa9\" data-element_type=\"column\">\n\t\t\t<div class=\"elementor-widget-wrap\">\n\t\t\t\t\t\t\t<\/div>\n\t\t<\/div>\n\t\t\t\t\t<\/div>\n\t\t<\/section>\n\t\t\t\t<section class=\"elementor-section elementor-inner-section elementor-element elementor-element-b0861d3 elementor-section-boxed elementor-section-height-default elementor-section-height-default\" data-id=\"b0861d3\" data-element_type=\"section\">\n\t\t\t\t\t\t<div class=\"elementor-container elementor-column-gap-default\">\n\t\t\t\t\t<div class=\"elementor-column elementor-col-50 elementor-inner-column elementor-element elementor-element-8496cc2\" data-id=\"8496cc2\" data-element_type=\"column\">\n\t\t\t<div class=\"elementor-widget-wrap elementor-element-populated\">\n\t\t\t\t\t\t<div class=\"elementor-element elementor-element-f0f0a58 elementor-align-center elementor-widget elementor-widget-button\" data-id=\"f0f0a58\" data-element_type=\"widget\" data-widget_type=\"button.default\">\n\t\t\t\t<div class=\"elementor-widget-container\">\n\t\t\t\t\t\t\t\t\t<div class=\"elementor-button-wrapper\">\n\t\t\t\t\t<a class=\"elementor-button elementor-button-link elementor-size-xl\" href=\"https:\/\/ecoinovar.com\/12\/wp-content\/uploads\/sites\/17\/2023\/07\/Template-Consorcio_ES.docx\" target=\"_blank\" id=\"btn-home\">\n\t\t\t\t\t\t<span class=\"elementor-button-content-wrapper\">\n\t\t\t\t\t\t\t\t\t<span class=\"elementor-button-text\">TEMPLATE - ESPAN\u00d5L<br> <span class=\"subtituloBtnCaixa\">  Descargar el archivo<\/span><\/span>\n\t\t\t\t\t<\/span>\n\t\t\t\t\t<\/a>\n\t\t\t\t<\/div>\n\t\t\t\t\t\t\t\t<\/div>\n\t\t\t\t<\/div>\n\t\t\t\t\t<\/div>\n\t\t<\/div>\n\t\t\t\t<div class=\"elementor-column elementor-col-50 elementor-inner-column elementor-element elementor-element-8d9a21f\" data-id=\"8d9a21f\" data-element_type=\"column\">\n\t\t\t<div class=\"elementor-widget-wrap\">\n\t\t\t\t\t\t\t<\/div>\n\t\t<\/div>\n\t\t\t\t\t<\/div>\n\t\t<\/section>\n\t\t\t\t\t<\/div>\n\t\t<\/div>\n\t\t\t\t\t<\/div>\n\t\t<\/section>\n\t\t\t\t<\/div>\n\t\t","protected":false},"excerpt":{"rendered":"<p>O&nbsp;Cons\u00f3rcio Mestral e Doutoral do F\u00f3rum Internacional Ecoinovar&nbsp;tem como objetivo promover o interc\u00e2mbio, a divulga\u00e7\u00e3o e o est\u00edmulo \u00e0 produ\u00e7\u00e3o de conhecimento e de ideias entre os p\u00f3s-graduandos e docentes dos cursos de Mestrado e Doutorado em Administra\u00e7\u00e3o e de \u00e1reas afins \u00e0 tem\u00e1tica do F\u00f3rum, tornando-se, portanto, um espa\u00e7o privilegiado, interdisciplinar e interinstitucional. O&nbsp;Cons\u00f3rcio&hellip;<\/p>\n","protected":false},"author":1,"featured_media":0,"parent":0,"menu_order":0,"comment_status":"closed","ping_status":"closed","template":"","meta":{"footnotes":"","_links_to":"","_links_to_target":""},"class_list":["post-563","page","type-page","status-publish","hentry"],"yoast_head":"<!-- This site is optimized with the Yoast SEO plugin v25.9 - https:\/\/yoast.com\/wordpress\/plugins\/seo\/ -->\n<title>Cons\u00f3rcio Mestral e Doutoral - 13\u00ba Ecoinovar<\/title>\n<meta name=\"robots\" content=\"index, follow, max-snippet:-1, max-image-preview:large, max-video-preview:-1\" \/>\n<link rel=\"canonical\" href=\"https:\/\/ecoinovar.com\/13\/consorcio-mestral-e-doutoral\/\" \/>\n<meta property=\"og:locale\" content=\"pt_BR\" \/>\n<meta property=\"og:type\" content=\"article\" \/>\n<meta property=\"og:title\" content=\"Cons\u00f3rcio Mestral e Doutoral - 13\u00ba Ecoinovar\" \/>\n<meta property=\"og:description\" content=\"O&nbsp;Cons\u00f3rcio Mestral e Doutoral do F\u00f3rum Internacional Ecoinovar&nbsp;tem como objetivo promover o interc\u00e2mbio, a divulga\u00e7\u00e3o e o est\u00edmulo \u00e0 produ\u00e7\u00e3o de conhecimento e de ideias entre os p\u00f3s-graduandos e docentes dos cursos de Mestrado e Doutorado em Administra\u00e7\u00e3o e de \u00e1reas afins \u00e0 tem\u00e1tica do F\u00f3rum, tornando-se, portanto, um espa\u00e7o privilegiado, interdisciplinar e interinstitucional. O&nbsp;Cons\u00f3rcio&hellip;\" \/>\n<meta property=\"og:url\" content=\"https:\/\/ecoinovar.com\/13\/consorcio-mestral-e-doutoral\/\" \/>\n<meta property=\"og:site_name\" content=\"13\u00ba Ecoinovar\" \/>\n<meta property=\"article:publisher\" content=\"https:\/\/www.facebook.com\/ecoinovar\/\" \/>\n<meta property=\"article:modified_time\" content=\"2024-11-13T14:14:17+00:00\" \/>\n<meta name=\"twitter:card\" content=\"summary_large_image\" \/>\n<meta name=\"twitter:site\" content=\"@forumecoinovar\" \/>\n<meta name=\"twitter:label1\" content=\"Est. tempo de leitura\" \/>\n\t<meta name=\"twitter:data1\" content=\"1 minuto\" \/>\n<script type=\"application\/ld+json\" class=\"yoast-schema-graph\">{\"@context\":\"https:\/\/schema.org\",\"@graph\":[{\"@type\":\"WebPage\",\"@id\":\"https:\/\/ecoinovar.com\/13\/consorcio-mestral-e-doutoral\/\",\"url\":\"https:\/\/ecoinovar.com\/13\/consorcio-mestral-e-doutoral\/\",\"name\":\"Cons\u00f3rcio Mestral e Doutoral - 13\u00ba Ecoinovar\",\"isPartOf\":{\"@id\":\"https:\/\/ecoinovar.com\/13\/#website\"},\"datePublished\":\"2023-07-18T19:30:45+00:00\",\"dateModified\":\"2024-11-13T14:14:17+00:00\",\"breadcrumb\":{\"@id\":\"https:\/\/ecoinovar.com\/13\/consorcio-mestral-e-doutoral\/#breadcrumb\"},\"inLanguage\":\"pt-BR\",\"potentialAction\":[{\"@type\":\"ReadAction\",\"target\":[\"https:\/\/ecoinovar.com\/13\/consorcio-mestral-e-doutoral\/\"]}]},{\"@type\":\"BreadcrumbList\",\"@id\":\"https:\/\/ecoinovar.com\/13\/consorcio-mestral-e-doutoral\/#breadcrumb\",\"itemListElement\":[{\"@type\":\"ListItem\",\"position\":1,\"name\":\"Home\",\"item\":\"https:\/\/ecoinovar.com\/13\/\"},{\"@type\":\"ListItem\",\"position\":2,\"name\":\"Cons\u00f3rcio Mestral e Doutoral\"}]},{\"@type\":\"WebSite\",\"@id\":\"https:\/\/ecoinovar.com\/13\/#website\",\"url\":\"https:\/\/ecoinovar.com\/13\/\",\"name\":\"13\u00ba Ecoinovar\",\"description\":\"F\u00f3rum Internacional\",\"publisher\":{\"@id\":\"https:\/\/ecoinovar.com\/13\/#organization\"},\"potentialAction\":[{\"@type\":\"SearchAction\",\"target\":{\"@type\":\"EntryPoint\",\"urlTemplate\":\"https:\/\/ecoinovar.com\/13\/?s={search_term_string}\"},\"query-input\":{\"@type\":\"PropertyValueSpecification\",\"valueRequired\":true,\"valueName\":\"search_term_string\"}}],\"inLanguage\":\"pt-BR\"},{\"@type\":\"Organization\",\"@id\":\"https:\/\/ecoinovar.com\/13\/#organization\",\"name\":\"13\u00ba Ecoinovar\",\"url\":\"https:\/\/ecoinovar.com\/13\/\",\"logo\":{\"@type\":\"ImageObject\",\"inLanguage\":\"pt-BR\",\"@id\":\"https:\/\/ecoinovar.com\/13\/#\/schema\/logo\/image\/\",\"url\":\"https:\/\/ecoinovar.com\/13\/wp-content\/uploads\/sites\/18\/2023\/07\/ecoinovar.png\",\"contentUrl\":\"https:\/\/ecoinovar.com\/13\/wp-content\/uploads\/sites\/18\/2023\/07\/ecoinovar.png\",\"width\":162,\"height\":110,\"caption\":\"13\u00ba Ecoinovar\"},\"image\":{\"@id\":\"https:\/\/ecoinovar.com\/13\/#\/schema\/logo\/image\/\"},\"sameAs\":[\"https:\/\/www.facebook.com\/ecoinovar\/\",\"https:\/\/x.com\/forumecoinovar\",\"https:\/\/www.instagram.com\/ecoinovar\/\",\"https:\/\/www.youtube.com\/channel\/UC0HBZQUZoIWqVnqECbEf7Sw\"]}]}<\/script>\n<!-- \/ Yoast SEO plugin. -->","yoast_head_json":{"title":"Cons\u00f3rcio Mestral e Doutoral - 13\u00ba Ecoinovar","robots":{"index":"index","follow":"follow","max-snippet":"max-snippet:-1","max-image-preview":"max-image-preview:large","max-video-preview":"max-video-preview:-1"},"canonical":"https:\/\/ecoinovar.com\/13\/consorcio-mestral-e-doutoral\/","og_locale":"pt_BR","og_type":"article","og_title":"Cons\u00f3rcio Mestral e Doutoral - 13\u00ba Ecoinovar","og_description":"O&nbsp;Cons\u00f3rcio Mestral e Doutoral do F\u00f3rum Internacional Ecoinovar&nbsp;tem como objetivo promover o interc\u00e2mbio, a divulga\u00e7\u00e3o e o est\u00edmulo \u00e0 produ\u00e7\u00e3o de conhecimento e de ideias entre os p\u00f3s-graduandos e docentes dos cursos de Mestrado e Doutorado em Administra\u00e7\u00e3o e de \u00e1reas afins \u00e0 tem\u00e1tica do F\u00f3rum, tornando-se, portanto, um espa\u00e7o privilegiado, interdisciplinar e interinstitucional. O&nbsp;Cons\u00f3rcio&hellip;","og_url":"https:\/\/ecoinovar.com\/13\/consorcio-mestral-e-doutoral\/","og_site_name":"13\u00ba Ecoinovar","article_publisher":"https:\/\/www.facebook.com\/ecoinovar\/","article_modified_time":"2024-11-13T14:14:17+00:00","twitter_card":"summary_large_image","twitter_site":"@forumecoinovar","twitter_misc":{"Est. tempo de leitura":"1 minuto"},"schema":{"@context":"https:\/\/schema.org","@graph":[{"@type":"WebPage","@id":"https:\/\/ecoinovar.com\/13\/consorcio-mestral-e-doutoral\/","url":"https:\/\/ecoinovar.com\/13\/consorcio-mestral-e-doutoral\/","name":"Cons\u00f3rcio Mestral e Doutoral - 13\u00ba Ecoinovar","isPartOf":{"@id":"https:\/\/ecoinovar.com\/13\/#website"},"datePublished":"2023-07-18T19:30:45+00:00","dateModified":"2024-11-13T14:14:17+00:00","breadcrumb":{"@id":"https:\/\/ecoinovar.com\/13\/consorcio-mestral-e-doutoral\/#breadcrumb"},"inLanguage":"pt-BR","potentialAction":[{"@type":"ReadAction","target":["https:\/\/ecoinovar.com\/13\/consorcio-mestral-e-doutoral\/"]}]},{"@type":"BreadcrumbList","@id":"https:\/\/ecoinovar.com\/13\/consorcio-mestral-e-doutoral\/#breadcrumb","itemListElement":[{"@type":"ListItem","position":1,"name":"Home","item":"https:\/\/ecoinovar.com\/13\/"},{"@type":"ListItem","position":2,"name":"Cons\u00f3rcio Mestral e Doutoral"}]},{"@type":"WebSite","@id":"https:\/\/ecoinovar.com\/13\/#website","url":"https:\/\/ecoinovar.com\/13\/","name":"13\u00ba Ecoinovar","description":"F\u00f3rum Internacional","publisher":{"@id":"https:\/\/ecoinovar.com\/13\/#organization"},"potentialAction":[{"@type":"SearchAction","target":{"@type":"EntryPoint","urlTemplate":"https:\/\/ecoinovar.com\/13\/?s={search_term_string}"},"query-input":{"@type":"PropertyValueSpecification","valueRequired":true,"valueName":"search_term_string"}}],"inLanguage":"pt-BR"},{"@type":"Organization","@id":"https:\/\/ecoinovar.com\/13\/#organization","name":"13\u00ba Ecoinovar","url":"https:\/\/ecoinovar.com\/13\/","logo":{"@type":"ImageObject","inLanguage":"pt-BR","@id":"https:\/\/ecoinovar.com\/13\/#\/schema\/logo\/image\/","url":"https:\/\/ecoinovar.com\/13\/wp-content\/uploads\/sites\/18\/2023\/07\/ecoinovar.png","contentUrl":"https:\/\/ecoinovar.com\/13\/wp-content\/uploads\/sites\/18\/2023\/07\/ecoinovar.png","width":162,"height":110,"caption":"13\u00ba Ecoinovar"},"image":{"@id":"https:\/\/ecoinovar.com\/13\/#\/schema\/logo\/image\/"},"sameAs":["https:\/\/www.facebook.com\/ecoinovar\/","https:\/\/x.com\/forumecoinovar","https:\/\/www.instagram.com\/ecoinovar\/","https:\/\/www.youtube.com\/channel\/UC0HBZQUZoIWqVnqECbEf7Sw"]}]}},"_links":{"self":[{"href":"https:\/\/ecoinovar.com\/13\/wp-json\/wp\/v2\/pages\/563","targetHints":{"allow":["GET"]}}],"collection":[{"href":"https:\/\/ecoinovar.com\/13\/wp-json\/wp\/v2\/pages"}],"about":[{"href":"https:\/\/ecoinovar.com\/13\/wp-json\/wp\/v2\/types\/page"}],"author":[{"embeddable":true,"href":"https:\/\/ecoinovar.com\/13\/wp-json\/wp\/v2\/users\/1"}],"replies":[{"embeddable":true,"href":"https:\/\/ecoinovar.com\/13\/wp-json\/wp\/v2\/comments?post=563"}],"version-history":[{"count":26,"href":"https:\/\/ecoinovar.com\/13\/wp-json\/wp\/v2\/pages\/563\/revisions"}],"predecessor-version":[{"id":1350,"href":"https:\/\/ecoinovar.com\/13\/wp-json\/wp\/v2\/pages\/563\/revisions\/1350"}],"wp:attachment":[{"href":"https:\/\/ecoinovar.com\/13\/wp-json\/wp\/v2\/media?parent=563"}],"curies":[{"name":"wp","href":"https:\/\/api.w.org\/{rel}","templated":true}]}}