{"id":395,"date":"2023-07-13T11:43:54","date_gmt":"2023-07-13T14:43:54","guid":{"rendered":"https:\/\/ecoinovar.com\/13\/?page_id=395"},"modified":"2024-07-20T10:59:14","modified_gmt":"2024-07-20T13:59:14","slug":"inscricoes","status":"publish","type":"page","link":"https:\/\/ecoinovar.com\/13\/inscricoes\/","title":{"rendered":"Inscri\u00e7\u00f5es"},"content":{"rendered":"\t\t<div data-elementor-type=\"wp-page\" data-elementor-id=\"395\" class=\"elementor elementor-395\" data-elementor-post-type=\"page\">\n\t\t\t\t\t\t<section class=\"elementor-section elementor-top-section elementor-element elementor-element-b1bf9b2 elementor-section-boxed elementor-section-height-default elementor-section-height-default\" data-id=\"b1bf9b2\" data-element_type=\"section\">\n\t\t\t\t\t\t<div class=\"elementor-container elementor-column-gap-default\">\n\t\t\t\t\t<div class=\"elementor-column elementor-col-100 elementor-top-column elementor-element elementor-element-3d195ed\" data-id=\"3d195ed\" data-element_type=\"column\">\n\t\t\t<div class=\"elementor-widget-wrap elementor-element-populated\">\n\t\t\t\t\t\t<div class=\"elementor-element elementor-element-b0e67e7 elementor-widget elementor-widget-text-editor\" data-id=\"b0e67e7\" data-element_type=\"widget\" data-widget_type=\"text-editor.default\">\n\t\t\t\t<div class=\"elementor-widget-container\">\n\t\t\t\t\t\t\t\t\t<p style=\"text-align: justify;\"><span style=\"text-align: justify;\">A inscri\u00e7\u00e3o no F\u00f3rum Internacional Ecoinovar possibilita a participa\u00e7\u00e3o em todas as sess\u00f5es de apresenta\u00e7\u00e3o de trabalhos, palestras, pain\u00e9is e minicursos do evento.<\/span><\/p><p style=\"text-align: justify;\">Ser\u00e3o concedidos dois tipos de certificados aos participantes do evento:<\/p><ul><li style=\"text-align: justify;\"><strong>Certificado de Participa\u00e7\u00e3o<\/strong>\u00a0&#8211; com carga hor\u00e1ria de 30h\/aula, \u00e9 concedido aqueles que realizarem a inscri\u00e7\u00e3o, efetuarem o pagamento e participarem de, no m\u00ednimo, \u00a075% das atividades atividades do evento.<\/li><li style=\"text-align: justify;\"><strong>Certificado de Apresenta\u00e7\u00e3o<\/strong>\u00a0&#8211; para os trabalhos que forem\u00a0apresentados por um (ou mais) dos autores do trabalho devidamente inscrito(s) no evento.<\/li><\/ul><p style=\"text-align: justify;\"><strong>IMPORTANTE:<\/strong> A apresenta\u00e7\u00e3o e a publica\u00e7\u00e3o do trabalho nos anais do evento est\u00e1 condicionada ao pagamento da taxa de inscri\u00e7\u00e3o at\u00e9 o dia 15\/10\/2024 e \u00e0 apresenta\u00e7\u00e3o do trabalho por pelo menos um dos autores inscritos.<\/p>\t\t\t\t\t\t\t\t<\/div>\n\t\t\t\t<\/div>\n\t\t\t\t\t<\/div>\n\t\t<\/div>\n\t\t\t\t\t<\/div>\n\t\t<\/section>\n\t\t\t\t<section class=\"elementor-section elementor-top-section elementor-element elementor-element-47f9ae1 elementor-section-boxed elementor-section-height-default elementor-section-height-default\" data-id=\"47f9ae1\" data-element_type=\"section\">\n\t\t\t\t\t\t<div class=\"elementor-container elementor-column-gap-default\">\n\t\t\t\t\t<div class=\"elementor-column elementor-col-100 elementor-top-column elementor-element elementor-element-06e6807\" data-id=\"06e6807\" data-element_type=\"column\">\n\t\t\t<div class=\"elementor-widget-wrap elementor-element-populated\">\n\t\t\t\t\t\t<div class=\"elementor-element elementor-element-9bcb2fb elementor-widget elementor-widget-heading\" data-id=\"9bcb2fb\" data-element_type=\"widget\" data-widget_type=\"heading.default\">\n\t\t\t\t<div class=\"elementor-widget-container\">\n\t\t\t\t\t<h3 class=\"elementor-heading-title elementor-size-default\">Inscri\u00e7\u00f5es Modalidade Presencial:<\/h3>\t\t\t\t<\/div>\n\t\t\t\t<\/div>\n\t\t\t\t\t<\/div>\n\t\t<\/div>\n\t\t\t\t\t<\/div>\n\t\t<\/section>\n\t\t\t\t<section class=\"elementor-section elementor-top-section elementor-element elementor-element-af0edcd elementor-section-boxed elementor-section-height-default elementor-section-height-default\" data-id=\"af0edcd\" data-element_type=\"section\">\n\t\t\t\t\t\t<div class=\"elementor-container elementor-column-gap-default\">\n\t\t\t\t\t<div class=\"elementor-column elementor-col-100 elementor-top-column elementor-element elementor-element-6b83abf\" data-id=\"6b83abf\" data-element_type=\"column\">\n\t\t\t<div class=\"elementor-widget-wrap elementor-element-populated\">\n\t\t\t\t\t\t<div class=\"elementor-element elementor-element-52c4892 elementor-widget elementor-widget-text-editor\" data-id=\"52c4892\" data-element_type=\"widget\" data-widget_type=\"text-editor.default\">\n\t\t\t\t<div class=\"elementor-widget-container\">\n\t\t\t\t\t\t\t\t\t<table><thead><tr><th>Perfil do Participante<\/th><th style=\"text-align: center;\">Inscri\u00e7\u00e3o Autores at\u00e9 15\/10<\/th><th style=\"text-align: center;\">Inscri\u00e7\u00e3o Autores ap\u00f3s 15\/10<\/th><th style=\"text-align: center;\">Inscri\u00e7\u00e3o Participantes &#8211; Sem Trabalhos aprovados<\/th><\/tr><\/thead><tbody><tr><td>Participante \u2013 p\u00fablico em geral<\/td><td style=\"text-align: center;\">R$ 242,00<\/td><td style=\"text-align: center;\">R$ 275,00<\/td><td style=\"text-align: center;\">R$ 132,00<\/td><\/tr><tr><td>Estudantes e professores das institui\u00e7\u00f5es de ensino\u00a0PARCEIRAS\u00a0do\u00a0evento;<br \/>Administradores com registro no CRA-RS\u00a0(*)<\/td><td style=\"text-align: center;\">R$ 154,00<\/td><td style=\"text-align: center;\">R$ 187,00<\/td><td style=\"text-align: center;\">R$ 110,00<\/td><\/tr><tr><td>Estudantes, professores e servidores da FURG(*)<\/td><td style=\"text-align: center;\">R$ 77,00<\/td><td style=\"text-align: center;\">R$ 154,00<\/td><td style=\"text-align: center;\">R$ 77,00<\/td><\/tr><\/tbody><\/table>\t\t\t\t\t\t\t\t<\/div>\n\t\t\t\t<\/div>\n\t\t\t\t<div class=\"elementor-element elementor-element-e94a73a elementor-widget elementor-widget-text-editor\" data-id=\"e94a73a\" data-element_type=\"widget\" data-widget_type=\"text-editor.default\">\n\t\t\t\t<div class=\"elementor-widget-container\">\n\t\t\t\t\t\t\t\t\t<p><span style=\"font-weight: bold; text-align: justify;\">\u00a0*\u00a0<\/span><span style=\"color: var( --e-global-color-text ); font-family: var( --e-global-typography-text-font-family ), Trebushed; word-spacing: normal; font-weight: bold;\">(\u00c9 necess\u00e1ria comprova\u00e7\u00e3o)<\/span><\/p>\t\t\t\t\t\t\t\t<\/div>\n\t\t\t\t<\/div>\n\t\t\t\t\t<\/div>\n\t\t<\/div>\n\t\t\t\t\t<\/div>\n\t\t<\/section>\n\t\t\t\t<section class=\"elementor-section elementor-top-section elementor-element elementor-element-9abccb5 elementor-section-boxed elementor-section-height-default elementor-section-height-default\" data-id=\"9abccb5\" data-element_type=\"section\">\n\t\t\t\t\t\t<div class=\"elementor-container elementor-column-gap-default\">\n\t\t\t\t\t<div class=\"elementor-column elementor-col-100 elementor-top-column elementor-element elementor-element-ae034d3\" data-id=\"ae034d3\" data-element_type=\"column\">\n\t\t\t<div class=\"elementor-widget-wrap elementor-element-populated\">\n\t\t\t\t\t\t<div class=\"elementor-element elementor-element-58d852d elementor-widget elementor-widget-heading\" data-id=\"58d852d\" data-element_type=\"widget\" data-widget_type=\"heading.default\">\n\t\t\t\t<div class=\"elementor-widget-container\">\n\t\t\t\t\t<h3 class=\"elementor-heading-title elementor-size-default\">Inscri\u00e7\u00f5es Modalidade Online:<\/h3>\t\t\t\t<\/div>\n\t\t\t\t<\/div>\n\t\t\t\t\t<\/div>\n\t\t<\/div>\n\t\t\t\t\t<\/div>\n\t\t<\/section>\n\t\t\t\t<section class=\"elementor-section elementor-top-section elementor-element elementor-element-2965d23 elementor-section-boxed elementor-section-height-default elementor-section-height-default\" data-id=\"2965d23\" data-element_type=\"section\">\n\t\t\t\t\t\t<div class=\"elementor-container elementor-column-gap-default\">\n\t\t\t\t\t<div class=\"elementor-column elementor-col-100 elementor-top-column elementor-element elementor-element-634ff9f\" data-id=\"634ff9f\" data-element_type=\"column\">\n\t\t\t<div class=\"elementor-widget-wrap elementor-element-populated\">\n\t\t\t\t\t\t<div class=\"elementor-element elementor-element-5e71c92 elementor-widget elementor-widget-text-editor\" data-id=\"5e71c92\" data-element_type=\"widget\" data-widget_type=\"text-editor.default\">\n\t\t\t\t<div class=\"elementor-widget-container\">\n\t\t\t\t\t\t\t\t\t<table>\n<thead>\n<tr>\n<th>Perfil do Participante<\/th>\n<th style=\"text-align: center;\">Inscri\u00e7\u00e3o Autores at\u00e9 15\/10<\/th>\n<th style=\"text-align: center;\">Inscri\u00e7\u00e3o Autores ap\u00f3s 15\/10<\/th>\n<th style=\"text-align: center;\">Inscri\u00e7\u00e3o Participantes &#8211; Sem Trabalhos aprovados<\/th>\n<\/tr>\n<\/thead>\n<tbody>\n<tr>\n<td>Participante \u2013 p\u00fablico em geral<\/td>\n<td style=\"text-align: center;\">R$ 170,00<\/td>\n<td style=\"text-align: center;\">R$ 195,00<\/td>\n<td style=\"text-align: center;\">R$ 95,00<\/td>\n<\/tr>\n<tr>\n<td>Estudantes e professores das institui\u00e7\u00f5es de ensino&nbsp;PARCEIRAS&nbsp;do&nbsp;evento;<br>Administradores com registro no CRA-RS&nbsp;(*)<\/td>\n<td style=\"text-align: center;\">R$ 110,00<\/td>\n<td style=\"text-align: center;\">R$ 132,00<\/td>\n<td style=\"text-align: center;\">R$ 77,00<\/td>\n<\/tr>\n<tr>\n<td>Estudantes, professores e servidores da FURG(*)<\/td>\n<td style=\"text-align: center;\">R$ 55,00<\/td>\n<td style=\"text-align: center;\">R$ 110,00<\/td>\n<td style=\"text-align: center;\">R$ 55,00<\/td>\n<\/tr>\n<\/tbody>\n<\/table>\t\t\t\t\t\t\t\t<\/div>\n\t\t\t\t<\/div>\n\t\t\t\t<div class=\"elementor-element elementor-element-3db23c0 elementor-widget elementor-widget-text-editor\" data-id=\"3db23c0\" data-element_type=\"widget\" data-widget_type=\"text-editor.default\">\n\t\t\t\t<div class=\"elementor-widget-container\">\n\t\t\t\t\t\t\t\t\t<p><span style=\"font-weight: bold; text-align: justify;\">\u00a0*\u00a0<\/span><span style=\"color: var( --e-global-color-text ); font-family: var( --e-global-typography-text-font-family ), Trebushed; word-spacing: normal; font-weight: bold;\">(\u00c9 necess\u00e1ria comprova\u00e7\u00e3o)<\/span><\/p>\t\t\t\t\t\t\t\t<\/div>\n\t\t\t\t<\/div>\n\t\t\t\t\t<\/div>\n\t\t<\/div>\n\t\t\t\t\t<\/div>\n\t\t<\/section>\n\t\t\t\t<section class=\"elementor-section elementor-top-section elementor-element elementor-element-62e14c5 elementor-section-boxed elementor-section-height-default elementor-section-height-default\" data-id=\"62e14c5\" data-element_type=\"section\">\n\t\t\t\t\t\t<div class=\"elementor-container elementor-column-gap-default\">\n\t\t\t\t\t<div class=\"elementor-column elementor-col-100 elementor-top-column elementor-element elementor-element-16d3a08\" data-id=\"16d3a08\" data-element_type=\"column\">\n\t\t\t<div class=\"elementor-widget-wrap elementor-element-populated\">\n\t\t\t\t\t\t<div class=\"elementor-element elementor-element-91231dc elementor-align-center elementor-widget elementor-widget-button\" data-id=\"91231dc\" data-element_type=\"widget\" data-widget_type=\"button.default\">\n\t\t\t\t<div class=\"elementor-widget-container\">\n\t\t\t\t\t\t\t\t\t<div class=\"elementor-button-wrapper\">\n\t\t\t\t\t<a class=\"elementor-button elementor-button-link elementor-size-sm\" href=\"https:\/\/ecoinovar.submissao.com.br\/13ecoinovar\/inscricao.php\">\n\t\t\t\t\t\t<span class=\"elementor-button-content-wrapper\">\n\t\t\t\t\t\t\t\t\t<span class=\"elementor-button-text\">Inscri\u00e7\u00f5es abertas<\/span>\n\t\t\t\t\t<\/span>\n\t\t\t\t\t<\/a>\n\t\t\t\t<\/div>\n\t\t\t\t\t\t\t\t<\/div>\n\t\t\t\t<\/div>\n\t\t\t\t\t<\/div>\n\t\t<\/div>\n\t\t\t\t\t<\/div>\n\t\t<\/section>\n\t\t\t\t<section class=\"elementor-section elementor-top-section elementor-element elementor-element-b3a2ba7 elementor-section-boxed elementor-section-height-default elementor-section-height-default\" data-id=\"b3a2ba7\" data-element_type=\"section\">\n\t\t\t\t\t\t<div class=\"elementor-container elementor-column-gap-default\">\n\t\t\t\t\t<div class=\"elementor-column elementor-col-100 elementor-top-column elementor-element elementor-element-8e46e8e\" data-id=\"8e46e8e\" data-element_type=\"column\">\n\t\t\t<div class=\"elementor-widget-wrap elementor-element-populated\">\n\t\t\t\t\t\t<div class=\"elementor-element elementor-element-6bf838a elementor-widget elementor-widget-text-editor\" data-id=\"6bf838a\" data-element_type=\"widget\" data-widget_type=\"text-editor.default\">\n\t\t\t\t<div class=\"elementor-widget-container\">\n\t\t\t\t\t\t\t\t\t<div>&nbsp;<\/div>\n<div><div style=\"\">O F\u00f3rum Internacional Ecoinovar fez uma parceria in\u00e9dita com o Encontro Internacional sobre Gest\u00e3o Ambiental e Meio Ambiente \u2013 ENGEMA para permitir que, se voc\u00ea teve trabalhado aprovado e realizou a inscri\u00e7\u00e3o e o pagamento no Ecoinovar, poder\u00e1 se inscrever gratuitamente na modalidade online para participar do Engema, com direito a certificado de participa\u00e7\u00e3o. Salientamos que, caso voc\u00ea tenha trabalho aprovado no Engema, voc\u00ea dever\u00e1 realizar a inscri\u00e7\u00e3o e o pagamento do evento.<\/div><div style=\"\">Assim que seu pagamento for confirmado, voc\u00ea pode acessar o sistema do Ecoinovar que haver\u00e1 a op\u00e7\u00e3o de solicitar a inscri\u00e7\u00e3o gratuita no Engema.<\/div><br><\/div>\n<div><b>Acesso Gratuito: <\/b>Algumas atividades do evento ser\u00e3o liberadas gratuitamente para ouvintes, no entanto para essa modalidade&nbsp;<u>n\u00e3o ser\u00e1 concedido certificado<\/u>. Os links para as atividades estar\u00e3o dispon\u00edveis no site do evento.<b><\/b><\/div>\n<p style=\"text-align: justify;\"><b>&nbsp;<\/b><\/p>\n<p style=\"text-align: justify;\"><span style=\"text-decoration: underline;\"><strong>Importante:<\/strong><\/span> Para comprovar o v\u00ednculo com a sua Institui\u00e7\u00e3o de Ensino, enviar c\u00f3pia do comprovante de matricula atualizado no momento da inscri\u00e7\u00e3o. A inscri\u00e7\u00e3o nas categorias com desconto somente ser\u00e3o confirmadas ap\u00f3s o envio do comprovante.<\/p>\n<p style=\"text-align: justify;\">Confira as institui\u00e7\u00f5es de ensino <span style=\"text-decoration: underline;\">PARCEIRAS<\/span> do evento, com valor especial na taxa de inscri\u00e7\u00e3o:<\/p>\n<p>ANTONIO MENEGHETTI FACULDADE \u2013 AMF<\/p>\n<p>FACULDADE DE CI\u00caNCIAS DA SA\u00daDE \u2013 SOBRESP<\/p>\n<p>FACULDADE DE DIREITO DE SANTA MARIA \u2013 FADISMA<\/p>\n<p>FACULDADE DE ITAPIRANGA \u2013 FAI<\/p>\n<p>FACULDADE INTEGRADA DE SANTA MARIA \u2013 FISMA<\/p>\n<p>FACULDADE METODISTA DE SANTA MARIA \u2013 FAMES<\/p>\n<p>FACULDADE PALOTINA DE SANTA MARIA \u2013 FAPAS<\/p>\n<p>GRUPO EDUCACIONAL DRUMMOND<\/p>\n<p>INSTITUTO FEDERAL FARROUPILHA \u2013 IFF<\/p>\n<p>UNIVERSIDADE ALTO VALE DO RIO DO PEIXE \u2013 UNIARP<\/p>\n<p>UNIVERSIDADE COMUNIT\u00c1RIA REGIONAL DE CHAPEC\u00d3 \u2013 UNOCHAPEC\u00d3<\/p>\n<p>UNIVERSIDADE DE CAXIAS DO SUL \u2013 UCS<\/p>\n<p>UNIVERSIDADE DE CRUZ ALTA \u2013 UNICRUZ<\/p>\n<p>UNIVERSIDADE DE S\u00c3O PAULO \u2013 USP<\/p>\n<p>UNIVERSIDADE DO OESTE DE SANTA CATARINA \u2013 UNOESC<\/p>\n<p>UNIVERSIDADE ESTADUAL DO RIO GRANDE DO SUL \u2013 UERGS<\/p>\n<p>UNIVERSIDADE FEDERAL DA FONTEIRA SUL \u2013 UFFS (CERRO LARGO)<\/p>\n<p>UNIVERSIDADE FEDERAL DE MATO GROSSO DO SUL \u2013 UFMS<\/p>\n<p>UNIVERSIDADE FEDERAL DE PELOTAS \u2013 UFPEL<\/p>\n<p>UNIVERSIDADE FEDERAL DE SANTA MARIA \u2013 UFSM<\/p>\n<p>UNIVERSIDADE FEDERAL DO PAMPA \u2013 UNIPAMPA<\/p>\n<p>UNIVERSIDADE FEDERAL DO RIO GRANDE DO SUL \u2013 UFRGS<\/p>\n<p>UNIVERSIDADE FRANCISCANA \u2013 UFN<\/p>\n<p>UNIVERSIDADE FREEVALE<\/p>\n<p>UNIVERSIDADE LUTERANA DO BRASIL \u2013 ULBRA (SANTA MARIA)<\/p>\n<p>UNIVERSIDADE NOVE DE JULHO \u2013 UNINOVE<\/p>\n<p>UNIVERSIDADE REGIONAL DO NOROESTE DO ESTADO DO RIO GRANDE DO SUL \u2013 UNIJU\u00cd<\/p>\n<p>UNIVERSIDADE REGIONAL INTEGRADA DO ALTO URUGUAI E DAS MISS\u00d5ES \u2013 URI SANTIAGO<\/p>\n<p style=\"text-align: justify;\">UNIVERSIDADE REGIONAL INTEGRADA DO ALTO URUGUAI E DAS MISS\u00d5ES \u2013 URI SANTO \u00c2NGELO<\/p>\n<p style=\"text-align: justify;\">UNIVERSIDADE FEDERAL DE SANTA MARIA &#8211; UFSM<br><\/p>\n<p style=\"text-align: justify;\">Para comprovar o v\u00ednculo com o CONSELHO REGIONAL DE ADMINISTRADORES DO RIO GRANDE DO SUL &#8211; CRA-RS, enviar c\u00f3pia da carteira profissional no formul\u00e1rio de inscri\u00e7\u00e3o.<\/p>\n<p style=\"text-align: justify;\"><b>Os valores da taxa de&nbsp;<\/b><span style=\"font-weight: 600;\">inscri\u00e7\u00e3o<\/span><b>&nbsp;<\/b><span style=\"font-weight: 600;\">s\u00e3o<\/span><b>&nbsp;relativos ao pagamento via boleto banc\u00e1rio.<\/b><\/p>\n<p style=\"text-align: justify;\"><strong style=\"color: var( --e-global-color-text ); font-family: var( --e-global-typography-text-font-family ), Sans-serif; word-spacing: normal;\">Obs 1<\/strong><span style=\"color: var( --e-global-color-text ); font-family: var( --e-global-typography-text-font-family ), Sans-serif; font-weight: var( --e-global-typography-text-font-weight ); word-spacing: normal;\">: Os dados preenchidos no momento do cadastro&nbsp;dos participantes s\u00e3o importantes para a emiss\u00e3o dos certificados&nbsp;do evento. Nesse sentido, \u00e9 importante o preenchimento do nome completo para ser inserido corretamente no certificado. N\u00e3o ser\u00e3o permitidas altera\u00e7\u00f5es nos dados informados no momento do cadastro.<\/span><\/p>\n<p style=\"text-align: justify;\"><strong>Obs 2<\/strong>: A partir de 2017 o sistema do evento \u00e9 novo e&nbsp;<span style=\"word-spacing: normal;\">os cadastros anteriores de acesso n\u00e3o funcionam mais. Todos devem realizar um novo cadastro.<\/span><\/p>\t\t\t\t\t\t\t\t<\/div>\n\t\t\t\t<\/div>\n\t\t\t\t\t<\/div>\n\t\t<\/div>\n\t\t\t\t\t<\/div>\n\t\t<\/section>\n\t\t\t\t<\/div>\n\t\t","protected":false},"excerpt":{"rendered":"<p>A inscri\u00e7\u00e3o no F\u00f3rum Internacional Ecoinovar possibilita a participa\u00e7\u00e3o em todas as sess\u00f5es de apresenta\u00e7\u00e3o de trabalhos, palestras, pain\u00e9is e minicursos do evento. Ser\u00e3o concedidos dois tipos de certificados aos participantes do evento: Certificado de Participa\u00e7\u00e3o\u00a0&#8211; com carga hor\u00e1ria de 30h\/aula, \u00e9 concedido aqueles que realizarem a inscri\u00e7\u00e3o, efetuarem o pagamento e participarem de, no&hellip;<\/p>\n","protected":false},"author":1,"featured_media":0,"parent":0,"menu_order":0,"comment_status":"closed","ping_status":"closed","template":"","meta":{"footnotes":"","_links_to":"","_links_to_target":""},"class_list":["post-395","page","type-page","status-publish","hentry"],"yoast_head":"<!-- This site is optimized with the Yoast SEO plugin v25.9 - https:\/\/yoast.com\/wordpress\/plugins\/seo\/ -->\n<title>Inscri\u00e7\u00f5es - 13\u00ba Ecoinovar<\/title>\n<meta name=\"robots\" content=\"index, follow, max-snippet:-1, max-image-preview:large, max-video-preview:-1\" \/>\n<link rel=\"canonical\" href=\"https:\/\/ecoinovar.com\/13\/inscricoes\/\" \/>\n<meta property=\"og:locale\" content=\"pt_BR\" \/>\n<meta property=\"og:type\" content=\"article\" \/>\n<meta property=\"og:title\" content=\"Inscri\u00e7\u00f5es - 13\u00ba Ecoinovar\" \/>\n<meta property=\"og:description\" content=\"A inscri\u00e7\u00e3o no F\u00f3rum Internacional Ecoinovar possibilita a participa\u00e7\u00e3o em todas as sess\u00f5es de apresenta\u00e7\u00e3o de trabalhos, palestras, pain\u00e9is e minicursos do evento. Ser\u00e3o concedidos dois tipos de certificados aos participantes do evento: Certificado de Participa\u00e7\u00e3o\u00a0&#8211; com carga hor\u00e1ria de 30h\/aula, \u00e9 concedido aqueles que realizarem a inscri\u00e7\u00e3o, efetuarem o pagamento e participarem de, no&hellip;\" \/>\n<meta property=\"og:url\" content=\"https:\/\/ecoinovar.com\/13\/inscricoes\/\" \/>\n<meta property=\"og:site_name\" content=\"13\u00ba Ecoinovar\" \/>\n<meta property=\"article:publisher\" content=\"https:\/\/www.facebook.com\/ecoinovar\/\" \/>\n<meta property=\"article:modified_time\" content=\"2024-07-20T13:59:14+00:00\" \/>\n<meta name=\"twitter:card\" content=\"summary_large_image\" \/>\n<meta name=\"twitter:site\" content=\"@forumecoinovar\" \/>\n<meta name=\"twitter:label1\" content=\"Est. tempo de leitura\" \/>\n\t<meta name=\"twitter:data1\" content=\"5 minutos\" \/>\n<script type=\"application\/ld+json\" class=\"yoast-schema-graph\">{\"@context\":\"https:\/\/schema.org\",\"@graph\":[{\"@type\":\"WebPage\",\"@id\":\"https:\/\/ecoinovar.com\/13\/inscricoes\/\",\"url\":\"https:\/\/ecoinovar.com\/13\/inscricoes\/\",\"name\":\"Inscri\u00e7\u00f5es - 13\u00ba Ecoinovar\",\"isPartOf\":{\"@id\":\"https:\/\/ecoinovar.com\/13\/#website\"},\"datePublished\":\"2023-07-13T14:43:54+00:00\",\"dateModified\":\"2024-07-20T13:59:14+00:00\",\"breadcrumb\":{\"@id\":\"https:\/\/ecoinovar.com\/13\/inscricoes\/#breadcrumb\"},\"inLanguage\":\"pt-BR\",\"potentialAction\":[{\"@type\":\"ReadAction\",\"target\":[\"https:\/\/ecoinovar.com\/13\/inscricoes\/\"]}]},{\"@type\":\"BreadcrumbList\",\"@id\":\"https:\/\/ecoinovar.com\/13\/inscricoes\/#breadcrumb\",\"itemListElement\":[{\"@type\":\"ListItem\",\"position\":1,\"name\":\"Home\",\"item\":\"https:\/\/ecoinovar.com\/13\/\"},{\"@type\":\"ListItem\",\"position\":2,\"name\":\"Inscri\u00e7\u00f5es\"}]},{\"@type\":\"WebSite\",\"@id\":\"https:\/\/ecoinovar.com\/13\/#website\",\"url\":\"https:\/\/ecoinovar.com\/13\/\",\"name\":\"13\u00ba Ecoinovar\",\"description\":\"F\u00f3rum Internacional\",\"publisher\":{\"@id\":\"https:\/\/ecoinovar.com\/13\/#organization\"},\"potentialAction\":[{\"@type\":\"SearchAction\",\"target\":{\"@type\":\"EntryPoint\",\"urlTemplate\":\"https:\/\/ecoinovar.com\/13\/?s={search_term_string}\"},\"query-input\":{\"@type\":\"PropertyValueSpecification\",\"valueRequired\":true,\"valueName\":\"search_term_string\"}}],\"inLanguage\":\"pt-BR\"},{\"@type\":\"Organization\",\"@id\":\"https:\/\/ecoinovar.com\/13\/#organization\",\"name\":\"13\u00ba Ecoinovar\",\"url\":\"https:\/\/ecoinovar.com\/13\/\",\"logo\":{\"@type\":\"ImageObject\",\"inLanguage\":\"pt-BR\",\"@id\":\"https:\/\/ecoinovar.com\/13\/#\/schema\/logo\/image\/\",\"url\":\"https:\/\/ecoinovar.com\/13\/wp-content\/uploads\/sites\/18\/2023\/07\/ecoinovar.png\",\"contentUrl\":\"https:\/\/ecoinovar.com\/13\/wp-content\/uploads\/sites\/18\/2023\/07\/ecoinovar.png\",\"width\":162,\"height\":110,\"caption\":\"13\u00ba Ecoinovar\"},\"image\":{\"@id\":\"https:\/\/ecoinovar.com\/13\/#\/schema\/logo\/image\/\"},\"sameAs\":[\"https:\/\/www.facebook.com\/ecoinovar\/\",\"https:\/\/x.com\/forumecoinovar\",\"https:\/\/www.instagram.com\/ecoinovar\/\",\"https:\/\/www.youtube.com\/channel\/UC0HBZQUZoIWqVnqECbEf7Sw\"]}]}<\/script>\n<!-- \/ Yoast SEO plugin. -->","yoast_head_json":{"title":"Inscri\u00e7\u00f5es - 13\u00ba Ecoinovar","robots":{"index":"index","follow":"follow","max-snippet":"max-snippet:-1","max-image-preview":"max-image-preview:large","max-video-preview":"max-video-preview:-1"},"canonical":"https:\/\/ecoinovar.com\/13\/inscricoes\/","og_locale":"pt_BR","og_type":"article","og_title":"Inscri\u00e7\u00f5es - 13\u00ba Ecoinovar","og_description":"A inscri\u00e7\u00e3o no F\u00f3rum Internacional Ecoinovar possibilita a participa\u00e7\u00e3o em todas as sess\u00f5es de apresenta\u00e7\u00e3o de trabalhos, palestras, pain\u00e9is e minicursos do evento. Ser\u00e3o concedidos dois tipos de certificados aos participantes do evento: Certificado de Participa\u00e7\u00e3o\u00a0&#8211; com carga hor\u00e1ria de 30h\/aula, \u00e9 concedido aqueles que realizarem a inscri\u00e7\u00e3o, efetuarem o pagamento e participarem de, no&hellip;","og_url":"https:\/\/ecoinovar.com\/13\/inscricoes\/","og_site_name":"13\u00ba Ecoinovar","article_publisher":"https:\/\/www.facebook.com\/ecoinovar\/","article_modified_time":"2024-07-20T13:59:14+00:00","twitter_card":"summary_large_image","twitter_site":"@forumecoinovar","twitter_misc":{"Est. tempo de leitura":"5 minutos"},"schema":{"@context":"https:\/\/schema.org","@graph":[{"@type":"WebPage","@id":"https:\/\/ecoinovar.com\/13\/inscricoes\/","url":"https:\/\/ecoinovar.com\/13\/inscricoes\/","name":"Inscri\u00e7\u00f5es - 13\u00ba Ecoinovar","isPartOf":{"@id":"https:\/\/ecoinovar.com\/13\/#website"},"datePublished":"2023-07-13T14:43:54+00:00","dateModified":"2024-07-20T13:59:14+00:00","breadcrumb":{"@id":"https:\/\/ecoinovar.com\/13\/inscricoes\/#breadcrumb"},"inLanguage":"pt-BR","potentialAction":[{"@type":"ReadAction","target":["https:\/\/ecoinovar.com\/13\/inscricoes\/"]}]},{"@type":"BreadcrumbList","@id":"https:\/\/ecoinovar.com\/13\/inscricoes\/#breadcrumb","itemListElement":[{"@type":"ListItem","position":1,"name":"Home","item":"https:\/\/ecoinovar.com\/13\/"},{"@type":"ListItem","position":2,"name":"Inscri\u00e7\u00f5es"}]},{"@type":"WebSite","@id":"https:\/\/ecoinovar.com\/13\/#website","url":"https:\/\/ecoinovar.com\/13\/","name":"13\u00ba Ecoinovar","description":"F\u00f3rum Internacional","publisher":{"@id":"https:\/\/ecoinovar.com\/13\/#organization"},"potentialAction":[{"@type":"SearchAction","target":{"@type":"EntryPoint","urlTemplate":"https:\/\/ecoinovar.com\/13\/?s={search_term_string}"},"query-input":{"@type":"PropertyValueSpecification","valueRequired":true,"valueName":"search_term_string"}}],"inLanguage":"pt-BR"},{"@type":"Organization","@id":"https:\/\/ecoinovar.com\/13\/#organization","name":"13\u00ba Ecoinovar","url":"https:\/\/ecoinovar.com\/13\/","logo":{"@type":"ImageObject","inLanguage":"pt-BR","@id":"https:\/\/ecoinovar.com\/13\/#\/schema\/logo\/image\/","url":"https:\/\/ecoinovar.com\/13\/wp-content\/uploads\/sites\/18\/2023\/07\/ecoinovar.png","contentUrl":"https:\/\/ecoinovar.com\/13\/wp-content\/uploads\/sites\/18\/2023\/07\/ecoinovar.png","width":162,"height":110,"caption":"13\u00ba Ecoinovar"},"image":{"@id":"https:\/\/ecoinovar.com\/13\/#\/schema\/logo\/image\/"},"sameAs":["https:\/\/www.facebook.com\/ecoinovar\/","https:\/\/x.com\/forumecoinovar","https:\/\/www.instagram.com\/ecoinovar\/","https:\/\/www.youtube.com\/channel\/UC0HBZQUZoIWqVnqECbEf7Sw"]}]}},"_links":{"self":[{"href":"https:\/\/ecoinovar.com\/13\/wp-json\/wp\/v2\/pages\/395","targetHints":{"allow":["GET"]}}],"collection":[{"href":"https:\/\/ecoinovar.com\/13\/wp-json\/wp\/v2\/pages"}],"about":[{"href":"https:\/\/ecoinovar.com\/13\/wp-json\/wp\/v2\/types\/page"}],"author":[{"embeddable":true,"href":"https:\/\/ecoinovar.com\/13\/wp-json\/wp\/v2\/users\/1"}],"replies":[{"embeddable":true,"href":"https:\/\/ecoinovar.com\/13\/wp-json\/wp\/v2\/comments?post=395"}],"version-history":[{"count":95,"href":"https:\/\/ecoinovar.com\/13\/wp-json\/wp\/v2\/pages\/395\/revisions"}],"predecessor-version":[{"id":1226,"href":"https:\/\/ecoinovar.com\/13\/wp-json\/wp\/v2\/pages\/395\/revisions\/1226"}],"wp:attachment":[{"href":"https:\/\/ecoinovar.com\/13\/wp-json\/wp\/v2\/media?parent=395"}],"curies":[{"name":"wp","href":"https:\/\/api.w.org\/{rel}","templated":true}]}}