{"id":146,"date":"2023-07-03T17:36:04","date_gmt":"2023-07-03T20:36:04","guid":{"rendered":"https:\/\/ecoinovar.com\/13\/?page_id=146"},"modified":"2024-06-01T20:04:32","modified_gmt":"2024-06-01T23:04:32","slug":"expo","status":"publish","type":"page","link":"https:\/\/ecoinovar.com\/13\/expo\/","title":{"rendered":"Expo Ecoinovar"},"content":{"rendered":"\t\t<div data-elementor-type=\"wp-page\" data-elementor-id=\"146\" class=\"elementor elementor-146\" data-elementor-post-type=\"page\">\n\t\t\t\t\t\t<section class=\"elementor-section elementor-top-section elementor-element elementor-element-298523e elementor-section-boxed elementor-section-height-default elementor-section-height-default\" data-id=\"298523e\" data-element_type=\"section\">\n\t\t\t\t\t\t<div class=\"elementor-container elementor-column-gap-default\">\n\t\t\t\t\t<div class=\"elementor-column elementor-col-100 elementor-top-column elementor-element elementor-element-5ea4c77\" data-id=\"5ea4c77\" data-element_type=\"column\">\n\t\t\t<div class=\"elementor-widget-wrap elementor-element-populated\">\n\t\t\t\t\t\t<div class=\"elementor-element elementor-element-bf8e7f3 elementor-widget elementor-widget-spacer\" data-id=\"bf8e7f3\" data-element_type=\"widget\" data-widget_type=\"spacer.default\">\n\t\t\t\t<div class=\"elementor-widget-container\">\n\t\t\t\t\t\t\t<div class=\"elementor-spacer\">\n\t\t\t<div class=\"elementor-spacer-inner\"><\/div>\n\t\t<\/div>\n\t\t\t\t\t\t<\/div>\n\t\t\t\t<\/div>\n\t\t\t\t\t<\/div>\n\t\t<\/div>\n\t\t\t\t\t<\/div>\n\t\t<\/section>\n\t\t\t\t<section class=\"elementor-section elementor-top-section elementor-element elementor-element-c549ab8 elementor-section-boxed elementor-section-height-default elementor-section-height-default\" data-id=\"c549ab8\" data-element_type=\"section\">\n\t\t\t\t\t\t<div class=\"elementor-container elementor-column-gap-default\">\n\t\t\t\t\t<div class=\"elementor-column elementor-col-50 elementor-top-column elementor-element elementor-element-4616521\" data-id=\"4616521\" data-element_type=\"column\">\n\t\t\t<div class=\"elementor-widget-wrap elementor-element-populated\">\n\t\t\t\t\t\t<div class=\"elementor-element elementor-element-3fb21f7 elementor-widget elementor-widget-text-editor\" data-id=\"3fb21f7\" data-element_type=\"widget\" data-widget_type=\"text-editor.default\">\n\t\t\t\t<div class=\"elementor-widget-container\">\n\t\t\t\t\t\t\t\t\t<p>Este ano n\u00e3o teremos a Expo Ecoinovar<\/p>\t\t\t\t\t\t\t\t<\/div>\n\t\t\t\t<\/div>\n\t\t\t\t\t<\/div>\n\t\t<\/div>\n\t\t\t\t<div class=\"elementor-column elementor-col-50 elementor-top-column elementor-element elementor-element-aa952d2\" data-id=\"aa952d2\" data-element_type=\"column\">\n\t\t\t<div class=\"elementor-widget-wrap elementor-element-populated\">\n\t\t\t\t\t\t<div class=\"elementor-element elementor-element-32d2597 elementor-widget elementor-widget-image\" data-id=\"32d2597\" data-element_type=\"widget\" data-widget_type=\"image.default\">\n\t\t\t\t<div class=\"elementor-widget-container\">\n\t\t\t\t\t\t\t\t\t\t\t\t\t\t\t<img fetchpriority=\"high\" decoding=\"async\" width=\"300\" height=\"185\" src=\"https:\/\/ecoinovar.com\/13\/wp-content\/uploads\/sites\/18\/2023\/07\/logotipo-1-300x185.png\" class=\"attachment-medium size-medium wp-image-149\" alt=\"\" srcset=\"https:\/\/ecoinovar.com\/13\/wp-content\/uploads\/sites\/18\/2023\/07\/logotipo-1-300x185.png 300w, https:\/\/ecoinovar.com\/13\/wp-content\/uploads\/sites\/18\/2023\/07\/logotipo-1.png 674w\" sizes=\"(max-width: 300px) 100vw, 300px\" \/>\t\t\t\t\t\t\t\t\t\t\t\t\t\t\t<\/div>\n\t\t\t\t<\/div>\n\t\t\t\t<div class=\"elementor-element elementor-element-1c77a90 elementor-align-justify elementor-widget elementor-widget-button\" data-id=\"1c77a90\" data-element_type=\"widget\" data-widget_type=\"button.default\">\n\t\t\t\t<div class=\"elementor-widget-container\">\n\t\t\t\t\t\t\t\t\t<div class=\"elementor-button-wrapper\">\n\t\t\t\t\t<a class=\"elementor-button elementor-button-link elementor-size-sm\" href=\"https:\/\/ecoinovar.com\/12\/expo\/edicoes-anteriores\/\">\n\t\t\t\t\t\t<span class=\"elementor-button-content-wrapper\">\n\t\t\t\t\t\t\t\t\t<span class=\"elementor-button-text\">Edi\u00e7\u00f5es anteriores<\/span>\n\t\t\t\t\t<\/span>\n\t\t\t\t\t<\/a>\n\t\t\t\t<\/div>\n\t\t\t\t\t\t\t\t<\/div>\n\t\t\t\t<\/div>\n\t\t\t\t\t<\/div>\n\t\t<\/div>\n\t\t\t\t\t<\/div>\n\t\t<\/section>\n\t\t\t\t<\/div>\n\t\t","protected":false},"excerpt":{"rendered":"<p>Este ano n\u00e3o teremos a Expo Ecoinovar Edi\u00e7\u00f5es anteriores<\/p>\n","protected":false},"author":1,"featured_media":0,"parent":0,"menu_order":0,"comment_status":"closed","ping_status":"closed","template":"","meta":{"footnotes":"","_links_to":"","_links_to_target":""},"class_list":["post-146","page","type-page","status-publish","hentry"],"yoast_head":"<!-- This site is optimized with the Yoast SEO plugin v25.9 - https:\/\/yoast.com\/wordpress\/plugins\/seo\/ -->\n<title>Expo Ecoinovar - 13\u00ba Ecoinovar<\/title>\n<meta name=\"robots\" content=\"index, follow, max-snippet:-1, max-image-preview:large, max-video-preview:-1\" \/>\n<link rel=\"canonical\" href=\"https:\/\/ecoinovar.com\/13\/expo\/\" \/>\n<meta property=\"og:locale\" content=\"pt_BR\" \/>\n<meta property=\"og:type\" content=\"article\" \/>\n<meta property=\"og:title\" content=\"Expo Ecoinovar - 13\u00ba Ecoinovar\" \/>\n<meta property=\"og:description\" content=\"Este ano n\u00e3o teremos a Expo Ecoinovar Edi\u00e7\u00f5es anteriores\" \/>\n<meta property=\"og:url\" content=\"https:\/\/ecoinovar.com\/13\/expo\/\" \/>\n<meta property=\"og:site_name\" content=\"13\u00ba Ecoinovar\" \/>\n<meta property=\"article:publisher\" content=\"https:\/\/www.facebook.com\/ecoinovar\/\" \/>\n<meta property=\"article:modified_time\" content=\"2024-06-01T23:04:32+00:00\" \/>\n<meta property=\"og:image\" content=\"https:\/\/ecoinovar.com\/13\/wp-content\/uploads\/sites\/18\/2023\/07\/logotipo-1-300x185.png\" \/>\n<meta name=\"twitter:card\" content=\"summary_large_image\" \/>\n<meta name=\"twitter:site\" content=\"@forumecoinovar\" \/>\n<script type=\"application\/ld+json\" class=\"yoast-schema-graph\">{\"@context\":\"https:\/\/schema.org\",\"@graph\":[{\"@type\":\"WebPage\",\"@id\":\"https:\/\/ecoinovar.com\/13\/expo\/\",\"url\":\"https:\/\/ecoinovar.com\/13\/expo\/\",\"name\":\"Expo Ecoinovar - 13\u00ba Ecoinovar\",\"isPartOf\":{\"@id\":\"https:\/\/ecoinovar.com\/13\/#website\"},\"primaryImageOfPage\":{\"@id\":\"https:\/\/ecoinovar.com\/13\/expo\/#primaryimage\"},\"image\":{\"@id\":\"https:\/\/ecoinovar.com\/13\/expo\/#primaryimage\"},\"thumbnailUrl\":\"https:\/\/ecoinovar.com\/13\/wp-content\/uploads\/sites\/18\/2023\/07\/logotipo-1-300x185.png\",\"datePublished\":\"2023-07-03T20:36:04+00:00\",\"dateModified\":\"2024-06-01T23:04:32+00:00\",\"breadcrumb\":{\"@id\":\"https:\/\/ecoinovar.com\/13\/expo\/#breadcrumb\"},\"inLanguage\":\"pt-BR\",\"potentialAction\":[{\"@type\":\"ReadAction\",\"target\":[\"https:\/\/ecoinovar.com\/13\/expo\/\"]}]},{\"@type\":\"ImageObject\",\"inLanguage\":\"pt-BR\",\"@id\":\"https:\/\/ecoinovar.com\/13\/expo\/#primaryimage\",\"url\":\"https:\/\/ecoinovar.com\/13\/wp-content\/uploads\/sites\/18\/2023\/07\/logotipo-1.png\",\"contentUrl\":\"https:\/\/ecoinovar.com\/13\/wp-content\/uploads\/sites\/18\/2023\/07\/logotipo-1.png\",\"width\":674,\"height\":416},{\"@type\":\"BreadcrumbList\",\"@id\":\"https:\/\/ecoinovar.com\/13\/expo\/#breadcrumb\",\"itemListElement\":[{\"@type\":\"ListItem\",\"position\":1,\"name\":\"Home\",\"item\":\"https:\/\/ecoinovar.com\/13\/\"},{\"@type\":\"ListItem\",\"position\":2,\"name\":\"Expo Ecoinovar\"}]},{\"@type\":\"WebSite\",\"@id\":\"https:\/\/ecoinovar.com\/13\/#website\",\"url\":\"https:\/\/ecoinovar.com\/13\/\",\"name\":\"13\u00ba Ecoinovar\",\"description\":\"F\u00f3rum Internacional\",\"publisher\":{\"@id\":\"https:\/\/ecoinovar.com\/13\/#organization\"},\"potentialAction\":[{\"@type\":\"SearchAction\",\"target\":{\"@type\":\"EntryPoint\",\"urlTemplate\":\"https:\/\/ecoinovar.com\/13\/?s={search_term_string}\"},\"query-input\":{\"@type\":\"PropertyValueSpecification\",\"valueRequired\":true,\"valueName\":\"search_term_string\"}}],\"inLanguage\":\"pt-BR\"},{\"@type\":\"Organization\",\"@id\":\"https:\/\/ecoinovar.com\/13\/#organization\",\"name\":\"13\u00ba Ecoinovar\",\"url\":\"https:\/\/ecoinovar.com\/13\/\",\"logo\":{\"@type\":\"ImageObject\",\"inLanguage\":\"pt-BR\",\"@id\":\"https:\/\/ecoinovar.com\/13\/#\/schema\/logo\/image\/\",\"url\":\"https:\/\/ecoinovar.com\/13\/wp-content\/uploads\/sites\/18\/2023\/07\/ecoinovar.png\",\"contentUrl\":\"https:\/\/ecoinovar.com\/13\/wp-content\/uploads\/sites\/18\/2023\/07\/ecoinovar.png\",\"width\":162,\"height\":110,\"caption\":\"13\u00ba Ecoinovar\"},\"image\":{\"@id\":\"https:\/\/ecoinovar.com\/13\/#\/schema\/logo\/image\/\"},\"sameAs\":[\"https:\/\/www.facebook.com\/ecoinovar\/\",\"https:\/\/x.com\/forumecoinovar\",\"https:\/\/www.instagram.com\/ecoinovar\/\",\"https:\/\/www.youtube.com\/channel\/UC0HBZQUZoIWqVnqECbEf7Sw\"]}]}<\/script>\n<!-- \/ Yoast SEO plugin. -->","yoast_head_json":{"title":"Expo Ecoinovar - 13\u00ba Ecoinovar","robots":{"index":"index","follow":"follow","max-snippet":"max-snippet:-1","max-image-preview":"max-image-preview:large","max-video-preview":"max-video-preview:-1"},"canonical":"https:\/\/ecoinovar.com\/13\/expo\/","og_locale":"pt_BR","og_type":"article","og_title":"Expo Ecoinovar - 13\u00ba Ecoinovar","og_description":"Este ano n\u00e3o teremos a Expo Ecoinovar Edi\u00e7\u00f5es anteriores","og_url":"https:\/\/ecoinovar.com\/13\/expo\/","og_site_name":"13\u00ba Ecoinovar","article_publisher":"https:\/\/www.facebook.com\/ecoinovar\/","article_modified_time":"2024-06-01T23:04:32+00:00","og_image":[{"url":"https:\/\/ecoinovar.com\/13\/wp-content\/uploads\/sites\/18\/2023\/07\/logotipo-1-300x185.png","type":"","width":"","height":""}],"twitter_card":"summary_large_image","twitter_site":"@forumecoinovar","schema":{"@context":"https:\/\/schema.org","@graph":[{"@type":"WebPage","@id":"https:\/\/ecoinovar.com\/13\/expo\/","url":"https:\/\/ecoinovar.com\/13\/expo\/","name":"Expo Ecoinovar - 13\u00ba Ecoinovar","isPartOf":{"@id":"https:\/\/ecoinovar.com\/13\/#website"},"primaryImageOfPage":{"@id":"https:\/\/ecoinovar.com\/13\/expo\/#primaryimage"},"image":{"@id":"https:\/\/ecoinovar.com\/13\/expo\/#primaryimage"},"thumbnailUrl":"https:\/\/ecoinovar.com\/13\/wp-content\/uploads\/sites\/18\/2023\/07\/logotipo-1-300x185.png","datePublished":"2023-07-03T20:36:04+00:00","dateModified":"2024-06-01T23:04:32+00:00","breadcrumb":{"@id":"https:\/\/ecoinovar.com\/13\/expo\/#breadcrumb"},"inLanguage":"pt-BR","potentialAction":[{"@type":"ReadAction","target":["https:\/\/ecoinovar.com\/13\/expo\/"]}]},{"@type":"ImageObject","inLanguage":"pt-BR","@id":"https:\/\/ecoinovar.com\/13\/expo\/#primaryimage","url":"https:\/\/ecoinovar.com\/13\/wp-content\/uploads\/sites\/18\/2023\/07\/logotipo-1.png","contentUrl":"https:\/\/ecoinovar.com\/13\/wp-content\/uploads\/sites\/18\/2023\/07\/logotipo-1.png","width":674,"height":416},{"@type":"BreadcrumbList","@id":"https:\/\/ecoinovar.com\/13\/expo\/#breadcrumb","itemListElement":[{"@type":"ListItem","position":1,"name":"Home","item":"https:\/\/ecoinovar.com\/13\/"},{"@type":"ListItem","position":2,"name":"Expo Ecoinovar"}]},{"@type":"WebSite","@id":"https:\/\/ecoinovar.com\/13\/#website","url":"https:\/\/ecoinovar.com\/13\/","name":"13\u00ba Ecoinovar","description":"F\u00f3rum Internacional","publisher":{"@id":"https:\/\/ecoinovar.com\/13\/#organization"},"potentialAction":[{"@type":"SearchAction","target":{"@type":"EntryPoint","urlTemplate":"https:\/\/ecoinovar.com\/13\/?s={search_term_string}"},"query-input":{"@type":"PropertyValueSpecification","valueRequired":true,"valueName":"search_term_string"}}],"inLanguage":"pt-BR"},{"@type":"Organization","@id":"https:\/\/ecoinovar.com\/13\/#organization","name":"13\u00ba Ecoinovar","url":"https:\/\/ecoinovar.com\/13\/","logo":{"@type":"ImageObject","inLanguage":"pt-BR","@id":"https:\/\/ecoinovar.com\/13\/#\/schema\/logo\/image\/","url":"https:\/\/ecoinovar.com\/13\/wp-content\/uploads\/sites\/18\/2023\/07\/ecoinovar.png","contentUrl":"https:\/\/ecoinovar.com\/13\/wp-content\/uploads\/sites\/18\/2023\/07\/ecoinovar.png","width":162,"height":110,"caption":"13\u00ba Ecoinovar"},"image":{"@id":"https:\/\/ecoinovar.com\/13\/#\/schema\/logo\/image\/"},"sameAs":["https:\/\/www.facebook.com\/ecoinovar\/","https:\/\/x.com\/forumecoinovar","https:\/\/www.instagram.com\/ecoinovar\/","https:\/\/www.youtube.com\/channel\/UC0HBZQUZoIWqVnqECbEf7Sw"]}]}},"_links":{"self":[{"href":"https:\/\/ecoinovar.com\/13\/wp-json\/wp\/v2\/pages\/146","targetHints":{"allow":["GET"]}}],"collection":[{"href":"https:\/\/ecoinovar.com\/13\/wp-json\/wp\/v2\/pages"}],"about":[{"href":"https:\/\/ecoinovar.com\/13\/wp-json\/wp\/v2\/types\/page"}],"author":[{"embeddable":true,"href":"https:\/\/ecoinovar.com\/13\/wp-json\/wp\/v2\/users\/1"}],"replies":[{"embeddable":true,"href":"https:\/\/ecoinovar.com\/13\/wp-json\/wp\/v2\/comments?post=146"}],"version-history":[{"count":104,"href":"https:\/\/ecoinovar.com\/13\/wp-json\/wp\/v2\/pages\/146\/revisions"}],"predecessor-version":[{"id":1162,"href":"https:\/\/ecoinovar.com\/13\/wp-json\/wp\/v2\/pages\/146\/revisions\/1162"}],"wp:attachment":[{"href":"https:\/\/ecoinovar.com\/13\/wp-json\/wp\/v2\/media?parent=146"}],"curies":[{"name":"wp","href":"https:\/\/api.w.org\/{rel}","templated":true}]}}