{"id":130,"date":"2023-07-03T17:10:49","date_gmt":"2023-07-03T20:10:49","guid":{"rendered":"https:\/\/ecoinovar.com\/13\/?page_id=130"},"modified":"2024-06-01T22:18:21","modified_gmt":"2024-06-02T01:18:21","slug":"mostra-cientifica-ecoinovar","status":"publish","type":"page","link":"https:\/\/ecoinovar.com\/13\/mostra-cientifica-ecoinovar\/","title":{"rendered":"Mostra Cient\u00edfica"},"content":{"rendered":"\t\t<div data-elementor-type=\"wp-page\" data-elementor-id=\"130\" class=\"elementor elementor-130\" data-elementor-post-type=\"page\">\n\t\t\t\t\t\t<section class=\"elementor-section elementor-top-section elementor-element elementor-element-f6e617d elementor-section-boxed elementor-section-height-default elementor-section-height-default\" data-id=\"f6e617d\" data-element_type=\"section\">\n\t\t\t\t\t\t<div class=\"elementor-container elementor-column-gap-default\">\n\t\t\t\t\t<div class=\"elementor-column elementor-col-50 elementor-top-column elementor-element elementor-element-3b96f2e\" data-id=\"3b96f2e\" data-element_type=\"column\">\n\t\t\t<div class=\"elementor-widget-wrap elementor-element-populated\">\n\t\t\t\t\t\t<div class=\"elementor-element elementor-element-a4dc3ad elementor-widget elementor-widget-text-editor\" data-id=\"a4dc3ad\" data-element_type=\"widget\" data-widget_type=\"text-editor.default\">\n\t\t\t\t<div class=\"elementor-widget-container\">\n\t\t\t\t\t\t\t\t\t<p>Este ano n\u00e3o haver\u00e1 a Mostra Cient\u00edfica Ecoinovar&nbsp;<\/p>\t\t\t\t\t\t\t\t<\/div>\n\t\t\t\t<\/div>\n\t\t\t\t\t<\/div>\n\t\t<\/div>\n\t\t\t\t<div class=\"elementor-column elementor-col-50 elementor-top-column elementor-element elementor-element-aa27b46\" data-id=\"aa27b46\" data-element_type=\"column\">\n\t\t\t<div class=\"elementor-widget-wrap elementor-element-populated\">\n\t\t\t\t\t\t<div class=\"elementor-element elementor-element-23de0e5 elementor-widget elementor-widget-image\" data-id=\"23de0e5\" data-element_type=\"widget\" data-widget_type=\"image.default\">\n\t\t\t\t<div class=\"elementor-widget-container\">\n\t\t\t\t\t\t\t\t\t\t\t\t\t\t\t<img fetchpriority=\"high\" decoding=\"async\" width=\"365\" height=\"227\" src=\"https:\/\/ecoinovar.com\/13\/wp-content\/uploads\/sites\/18\/2023\/07\/logotipo.png\" class=\"attachment-large size-large wp-image-132\" alt=\"\" srcset=\"https:\/\/ecoinovar.com\/13\/wp-content\/uploads\/sites\/18\/2023\/07\/logotipo.png 365w, https:\/\/ecoinovar.com\/13\/wp-content\/uploads\/sites\/18\/2023\/07\/logotipo-300x187.png 300w\" sizes=\"(max-width: 365px) 100vw, 365px\" \/>\t\t\t\t\t\t\t\t\t\t\t\t\t\t\t<\/div>\n\t\t\t\t<\/div>\n\t\t\t\t<div class=\"elementor-element elementor-element-790a8d9 elementor-align-justify elementor-widget elementor-widget-button\" data-id=\"790a8d9\" data-element_type=\"widget\" data-widget_type=\"button.default\">\n\t\t\t\t<div class=\"elementor-widget-container\">\n\t\t\t\t\t\t\t\t\t<div class=\"elementor-button-wrapper\">\n\t\t\t\t\t<a class=\"elementor-button elementor-button-link elementor-size-sm\" href=\"https:\/\/ecoinovar.com\/12\/mostra-cientifica\/edicoes-anteriores\/\">\n\t\t\t\t\t\t<span class=\"elementor-button-content-wrapper\">\n\t\t\t\t\t\t\t\t\t<span class=\"elementor-button-text\">Edi\u00e7\u00f5es Anteriores<\/span>\n\t\t\t\t\t<\/span>\n\t\t\t\t\t<\/a>\n\t\t\t\t<\/div>\n\t\t\t\t\t\t\t\t<\/div>\n\t\t\t\t<\/div>\n\t\t\t\t\t<\/div>\n\t\t<\/div>\n\t\t\t\t\t<\/div>\n\t\t<\/section>\n\t\t\t\t<\/div>\n\t\t","protected":false},"excerpt":{"rendered":"<p>Este ano n\u00e3o haver\u00e1 a Mostra Cient\u00edfica Ecoinovar&nbsp; Edi\u00e7\u00f5es Anteriores<\/p>\n","protected":false},"author":1,"featured_media":0,"parent":0,"menu_order":0,"comment_status":"closed","ping_status":"closed","template":"","meta":{"footnotes":"","_links_to":"","_links_to_target":""},"class_list":["post-130","page","type-page","status-publish","hentry"],"yoast_head":"<!-- This site is optimized with the Yoast SEO plugin v25.9 - https:\/\/yoast.com\/wordpress\/plugins\/seo\/ -->\n<title>Mostra Cient\u00edfica - 13\u00ba Ecoinovar<\/title>\n<meta name=\"robots\" content=\"index, follow, max-snippet:-1, max-image-preview:large, max-video-preview:-1\" \/>\n<link rel=\"canonical\" href=\"https:\/\/ecoinovar.com\/13\/mostra-cientifica-ecoinovar\/\" \/>\n<meta property=\"og:locale\" content=\"pt_BR\" \/>\n<meta property=\"og:type\" content=\"article\" \/>\n<meta property=\"og:title\" content=\"Mostra Cient\u00edfica - 13\u00ba Ecoinovar\" \/>\n<meta property=\"og:description\" content=\"Este ano n\u00e3o haver\u00e1 a Mostra Cient\u00edfica Ecoinovar&nbsp; Edi\u00e7\u00f5es Anteriores\" \/>\n<meta property=\"og:url\" content=\"https:\/\/ecoinovar.com\/13\/mostra-cientifica-ecoinovar\/\" \/>\n<meta property=\"og:site_name\" content=\"13\u00ba Ecoinovar\" \/>\n<meta property=\"article:publisher\" content=\"https:\/\/www.facebook.com\/ecoinovar\/\" \/>\n<meta property=\"article:modified_time\" content=\"2024-06-02T01:18:21+00:00\" \/>\n<meta property=\"og:image\" content=\"https:\/\/ecoinovar.com\/13\/wp-content\/uploads\/sites\/18\/2023\/07\/logotipo.png\" \/>\n<meta name=\"twitter:card\" content=\"summary_large_image\" \/>\n<meta name=\"twitter:site\" content=\"@forumecoinovar\" \/>\n<script type=\"application\/ld+json\" class=\"yoast-schema-graph\">{\"@context\":\"https:\/\/schema.org\",\"@graph\":[{\"@type\":\"WebPage\",\"@id\":\"https:\/\/ecoinovar.com\/13\/mostra-cientifica-ecoinovar\/\",\"url\":\"https:\/\/ecoinovar.com\/13\/mostra-cientifica-ecoinovar\/\",\"name\":\"Mostra Cient\u00edfica - 13\u00ba Ecoinovar\",\"isPartOf\":{\"@id\":\"https:\/\/ecoinovar.com\/13\/#website\"},\"primaryImageOfPage\":{\"@id\":\"https:\/\/ecoinovar.com\/13\/mostra-cientifica-ecoinovar\/#primaryimage\"},\"image\":{\"@id\":\"https:\/\/ecoinovar.com\/13\/mostra-cientifica-ecoinovar\/#primaryimage\"},\"thumbnailUrl\":\"https:\/\/ecoinovar.com\/13\/wp-content\/uploads\/sites\/18\/2023\/07\/logotipo.png\",\"datePublished\":\"2023-07-03T20:10:49+00:00\",\"dateModified\":\"2024-06-02T01:18:21+00:00\",\"breadcrumb\":{\"@id\":\"https:\/\/ecoinovar.com\/13\/mostra-cientifica-ecoinovar\/#breadcrumb\"},\"inLanguage\":\"pt-BR\",\"potentialAction\":[{\"@type\":\"ReadAction\",\"target\":[\"https:\/\/ecoinovar.com\/13\/mostra-cientifica-ecoinovar\/\"]}]},{\"@type\":\"ImageObject\",\"inLanguage\":\"pt-BR\",\"@id\":\"https:\/\/ecoinovar.com\/13\/mostra-cientifica-ecoinovar\/#primaryimage\",\"url\":\"https:\/\/ecoinovar.com\/13\/wp-content\/uploads\/sites\/18\/2023\/07\/logotipo.png\",\"contentUrl\":\"https:\/\/ecoinovar.com\/13\/wp-content\/uploads\/sites\/18\/2023\/07\/logotipo.png\",\"width\":365,\"height\":227},{\"@type\":\"BreadcrumbList\",\"@id\":\"https:\/\/ecoinovar.com\/13\/mostra-cientifica-ecoinovar\/#breadcrumb\",\"itemListElement\":[{\"@type\":\"ListItem\",\"position\":1,\"name\":\"Home\",\"item\":\"https:\/\/ecoinovar.com\/13\/\"},{\"@type\":\"ListItem\",\"position\":2,\"name\":\"Mostra Cient\u00edfica\"}]},{\"@type\":\"WebSite\",\"@id\":\"https:\/\/ecoinovar.com\/13\/#website\",\"url\":\"https:\/\/ecoinovar.com\/13\/\",\"name\":\"13\u00ba Ecoinovar\",\"description\":\"F\u00f3rum Internacional\",\"publisher\":{\"@id\":\"https:\/\/ecoinovar.com\/13\/#organization\"},\"potentialAction\":[{\"@type\":\"SearchAction\",\"target\":{\"@type\":\"EntryPoint\",\"urlTemplate\":\"https:\/\/ecoinovar.com\/13\/?s={search_term_string}\"},\"query-input\":{\"@type\":\"PropertyValueSpecification\",\"valueRequired\":true,\"valueName\":\"search_term_string\"}}],\"inLanguage\":\"pt-BR\"},{\"@type\":\"Organization\",\"@id\":\"https:\/\/ecoinovar.com\/13\/#organization\",\"name\":\"13\u00ba Ecoinovar\",\"url\":\"https:\/\/ecoinovar.com\/13\/\",\"logo\":{\"@type\":\"ImageObject\",\"inLanguage\":\"pt-BR\",\"@id\":\"https:\/\/ecoinovar.com\/13\/#\/schema\/logo\/image\/\",\"url\":\"https:\/\/ecoinovar.com\/13\/wp-content\/uploads\/sites\/18\/2023\/07\/ecoinovar.png\",\"contentUrl\":\"https:\/\/ecoinovar.com\/13\/wp-content\/uploads\/sites\/18\/2023\/07\/ecoinovar.png\",\"width\":162,\"height\":110,\"caption\":\"13\u00ba Ecoinovar\"},\"image\":{\"@id\":\"https:\/\/ecoinovar.com\/13\/#\/schema\/logo\/image\/\"},\"sameAs\":[\"https:\/\/www.facebook.com\/ecoinovar\/\",\"https:\/\/x.com\/forumecoinovar\",\"https:\/\/www.instagram.com\/ecoinovar\/\",\"https:\/\/www.youtube.com\/channel\/UC0HBZQUZoIWqVnqECbEf7Sw\"]}]}<\/script>\n<!-- \/ Yoast SEO plugin. -->","yoast_head_json":{"title":"Mostra Cient\u00edfica - 13\u00ba Ecoinovar","robots":{"index":"index","follow":"follow","max-snippet":"max-snippet:-1","max-image-preview":"max-image-preview:large","max-video-preview":"max-video-preview:-1"},"canonical":"https:\/\/ecoinovar.com\/13\/mostra-cientifica-ecoinovar\/","og_locale":"pt_BR","og_type":"article","og_title":"Mostra Cient\u00edfica - 13\u00ba Ecoinovar","og_description":"Este ano n\u00e3o haver\u00e1 a Mostra Cient\u00edfica Ecoinovar&nbsp; Edi\u00e7\u00f5es Anteriores","og_url":"https:\/\/ecoinovar.com\/13\/mostra-cientifica-ecoinovar\/","og_site_name":"13\u00ba Ecoinovar","article_publisher":"https:\/\/www.facebook.com\/ecoinovar\/","article_modified_time":"2024-06-02T01:18:21+00:00","og_image":[{"url":"https:\/\/ecoinovar.com\/13\/wp-content\/uploads\/sites\/18\/2023\/07\/logotipo.png","type":"","width":"","height":""}],"twitter_card":"summary_large_image","twitter_site":"@forumecoinovar","schema":{"@context":"https:\/\/schema.org","@graph":[{"@type":"WebPage","@id":"https:\/\/ecoinovar.com\/13\/mostra-cientifica-ecoinovar\/","url":"https:\/\/ecoinovar.com\/13\/mostra-cientifica-ecoinovar\/","name":"Mostra Cient\u00edfica - 13\u00ba Ecoinovar","isPartOf":{"@id":"https:\/\/ecoinovar.com\/13\/#website"},"primaryImageOfPage":{"@id":"https:\/\/ecoinovar.com\/13\/mostra-cientifica-ecoinovar\/#primaryimage"},"image":{"@id":"https:\/\/ecoinovar.com\/13\/mostra-cientifica-ecoinovar\/#primaryimage"},"thumbnailUrl":"https:\/\/ecoinovar.com\/13\/wp-content\/uploads\/sites\/18\/2023\/07\/logotipo.png","datePublished":"2023-07-03T20:10:49+00:00","dateModified":"2024-06-02T01:18:21+00:00","breadcrumb":{"@id":"https:\/\/ecoinovar.com\/13\/mostra-cientifica-ecoinovar\/#breadcrumb"},"inLanguage":"pt-BR","potentialAction":[{"@type":"ReadAction","target":["https:\/\/ecoinovar.com\/13\/mostra-cientifica-ecoinovar\/"]}]},{"@type":"ImageObject","inLanguage":"pt-BR","@id":"https:\/\/ecoinovar.com\/13\/mostra-cientifica-ecoinovar\/#primaryimage","url":"https:\/\/ecoinovar.com\/13\/wp-content\/uploads\/sites\/18\/2023\/07\/logotipo.png","contentUrl":"https:\/\/ecoinovar.com\/13\/wp-content\/uploads\/sites\/18\/2023\/07\/logotipo.png","width":365,"height":227},{"@type":"BreadcrumbList","@id":"https:\/\/ecoinovar.com\/13\/mostra-cientifica-ecoinovar\/#breadcrumb","itemListElement":[{"@type":"ListItem","position":1,"name":"Home","item":"https:\/\/ecoinovar.com\/13\/"},{"@type":"ListItem","position":2,"name":"Mostra Cient\u00edfica"}]},{"@type":"WebSite","@id":"https:\/\/ecoinovar.com\/13\/#website","url":"https:\/\/ecoinovar.com\/13\/","name":"13\u00ba Ecoinovar","description":"F\u00f3rum Internacional","publisher":{"@id":"https:\/\/ecoinovar.com\/13\/#organization"},"potentialAction":[{"@type":"SearchAction","target":{"@type":"EntryPoint","urlTemplate":"https:\/\/ecoinovar.com\/13\/?s={search_term_string}"},"query-input":{"@type":"PropertyValueSpecification","valueRequired":true,"valueName":"search_term_string"}}],"inLanguage":"pt-BR"},{"@type":"Organization","@id":"https:\/\/ecoinovar.com\/13\/#organization","name":"13\u00ba Ecoinovar","url":"https:\/\/ecoinovar.com\/13\/","logo":{"@type":"ImageObject","inLanguage":"pt-BR","@id":"https:\/\/ecoinovar.com\/13\/#\/schema\/logo\/image\/","url":"https:\/\/ecoinovar.com\/13\/wp-content\/uploads\/sites\/18\/2023\/07\/ecoinovar.png","contentUrl":"https:\/\/ecoinovar.com\/13\/wp-content\/uploads\/sites\/18\/2023\/07\/ecoinovar.png","width":162,"height":110,"caption":"13\u00ba Ecoinovar"},"image":{"@id":"https:\/\/ecoinovar.com\/13\/#\/schema\/logo\/image\/"},"sameAs":["https:\/\/www.facebook.com\/ecoinovar\/","https:\/\/x.com\/forumecoinovar","https:\/\/www.instagram.com\/ecoinovar\/","https:\/\/www.youtube.com\/channel\/UC0HBZQUZoIWqVnqECbEf7Sw"]}]}},"_links":{"self":[{"href":"https:\/\/ecoinovar.com\/13\/wp-json\/wp\/v2\/pages\/130","targetHints":{"allow":["GET"]}}],"collection":[{"href":"https:\/\/ecoinovar.com\/13\/wp-json\/wp\/v2\/pages"}],"about":[{"href":"https:\/\/ecoinovar.com\/13\/wp-json\/wp\/v2\/types\/page"}],"author":[{"embeddable":true,"href":"https:\/\/ecoinovar.com\/13\/wp-json\/wp\/v2\/users\/1"}],"replies":[{"embeddable":true,"href":"https:\/\/ecoinovar.com\/13\/wp-json\/wp\/v2\/comments?post=130"}],"version-history":[{"count":61,"href":"https:\/\/ecoinovar.com\/13\/wp-json\/wp\/v2\/pages\/130\/revisions"}],"predecessor-version":[{"id":1178,"href":"https:\/\/ecoinovar.com\/13\/wp-json\/wp\/v2\/pages\/130\/revisions\/1178"}],"wp:attachment":[{"href":"https:\/\/ecoinovar.com\/13\/wp-json\/wp\/v2\/media?parent=130"}],"curies":[{"name":"wp","href":"https:\/\/api.w.org\/{rel}","templated":true}]}}