{"id":978,"date":"2023-11-12T13:41:17","date_gmt":"2023-11-12T16:41:17","guid":{"rendered":"https:\/\/ecoinovar.com\/12\/?page_id=978"},"modified":"2023-11-12T13:47:50","modified_gmt":"2023-11-12T16:47:50","slug":"fast-track","status":"publish","type":"page","link":"https:\/\/ecoinovar.com\/12\/fast-track\/","title":{"rendered":"Fast-Track"},"content":{"rendered":"\n<p>Os melhores trabalhos do 12\u00ba F\u00f3rum Internacional Ecoinovar estar\u00e3o concorrendo a\u00a0<em>fast-track<\/em>\u00a0nos seguintes peri\u00f3dicos:<\/p>\n\n\n\n\t\t\t\t<link rel=\"stylesheet\" type=\"text\/css\" href=\"https:\/\/cdn.datatables.net\/v\/dt\/dt-1.10.25\/fh-3.1.9\/datatables.min.css\" \/>\n\t\t\t\t<script type=\"text\/javascript\" src=\"https:\/\/cdn.datatables.net\/v\/dt\/dt-1.10.25\/fh-3.1.9\/datatables.min.js\"><\/script>\n\n\n\t\t\t\t<script>\n\t\t\t\t\tjQuery(document).ready(function () {\n\t\t\t\t\t\tjQuery('#dataTables-revistas').DataTable({\n\t\t\t\t\t\t\tfixedHeader: true,\n\t\t\t\t\t\t\tresponsive: true,\n\t\t\t\t\t\t\tpaging: false\n\t\t\t\t\t\t});\n\t\t\t\t\t});\n\t\t\t\t<\/script>\n\t\t\t\t<table class=\"display dataTable\" id=\"dataTables-revistas\">\n\t\t\t\t\t<thead>\n\t\t\t\t\t\t<tr>\n\t\t\t\t\t\t\t<th><\/th>\n\t\t\t\t\t\t\t<th style=\"width: 90%;\">Nome<\/th>\n\t\t\t\t\t\t\t<th style=\"width: 10%;\">Qualis <\/th>\n\t\t\t\t\t\t<\/tr>\n\t\t\t\t\t<\/thead>\n\t\t\t\t\t<tbody>\n\t\t\t\t\t\t\t\t\t\t\t\t\t<tr class=\"odd gradeX\">\n\t\t\t\t\t\t\t\t<td>\n\t\t\t\t\t\t\t\t\t<img src='https:\/\/periodicos.ufsm.br\/public\/journals\/6\/homeHeaderTitleImage_en_US.png' style='max-width: 200px;'>\t\t\t\t\t\t\t\t<\/td>\n\t\t\t\t\t\t\t\t<td class=\"\">\n\t\t\t\t\t\t\t\t\t<a href=\"https:\/\/periodicos.ufsm.br\/reaufsm\" target=\"_blank\">\n\t\t\t\t\t\t\t\t\t\tRevista de Administra\u00e7\u00e3o da UFSM - ReA\t\t\t\t\t\t\t\t\t<\/a>\n\t\t\t\t\t\t\t\t<\/td>\n\t\t\t\t\t\t\t\t<td class=\"text-center\">\n\t\t\t\t\t\t\t\t\t<center>A4<\/center>\n\t\t\t\t\t\t\t\t<\/td>\n\t\t\t\t\t\t\t<\/tr>\n\t\t\t\t\t\t\t\t\t\t\t\t\t\t<tr class=\"odd gradeX\">\n\t\t\t\t\t\t\t\t<td>\n\t\t\t\t\t\t\t\t\t<img src='https:\/\/ecoinovar.com.br\/10\/wp-content\/uploads\/sites\/5\/2021\/08\/5-REAT.jpg' style='max-width: 200px;'>\t\t\t\t\t\t\t\t<\/td>\n\t\t\t\t\t\t\t\t<td class=\"\">\n\t\t\t\t\t\t\t\t\t<a href=\"https:\/\/revistas.ufpel.edu.br\/index.php\/ReAT\/index\" target=\"_blank\">\n\t\t\t\t\t\t\t\t\t\tRevista Eletr\u00f4nica de Administra\u00e7\u00e3o e Turismo \u2013 ReAT\t\t\t\t\t\t\t\t\t<\/a>\n\t\t\t\t\t\t\t\t<\/td>\n\t\t\t\t\t\t\t\t<td class=\"text-center\">\n\t\t\t\t\t\t\t\t\t<center>B1<\/center>\n\t\t\t\t\t\t\t\t<\/td>\n\t\t\t\t\t\t\t<\/tr>\n\t\t\t\t\t\t\t\t\t\t\t\t\t\t<tr class=\"odd gradeX\">\n\t\t\t\t\t\t\t\t<td>\n\t\t\t\t\t\t\t\t\t<img src='https:\/\/ecoinovar.com.br\/10\/wp-content\/uploads\/sites\/5\/2021\/08\/2-Desenvolvimento-em-Questao.jpg' style='max-width: 200px;'>\t\t\t\t\t\t\t\t<\/td>\n\t\t\t\t\t\t\t\t<td class=\"\">\n\t\t\t\t\t\t\t\t\t<a href=\"https:\/\/www.revistas.unijui.edu.br\/index.php\/desenvolvimentoemquestao\/index\" target=\"_blank\">\n\t\t\t\t\t\t\t\t\t\tDesenvolvimento em Quest\u00e3o\t\t\t\t\t\t\t\t\t<\/a>\n\t\t\t\t\t\t\t\t<\/td>\n\t\t\t\t\t\t\t\t<td class=\"text-center\">\n\t\t\t\t\t\t\t\t\t<center>B2<\/center>\n\t\t\t\t\t\t\t\t<\/td>\n\t\t\t\t\t\t\t<\/tr>\n\t\t\t\t\t\t\t\t\t\t\t\t\t\t<tr class=\"odd gradeX\">\n\t\t\t\t\t\t\t\t<td>\n\t\t\t\t\t\t\t\t\t<img src='https:\/\/ecoinovar.com.br\/10\/wp-content\/uploads\/sites\/5\/2021\/08\/7-Visao.jpg' style='max-width: 200px;'>\t\t\t\t\t\t\t\t<\/td>\n\t\t\t\t\t\t\t\t<td class=\"\">\n\t\t\t\t\t\t\t\t\t<a href=\"https:\/\/periodicos.uniarp.edu.br\/index.php\/visao\" target=\"_blank\">\n\t\t\t\t\t\t\t\t\t\tRevista Vis\u00e3o: gest\u00e3o organizacional\t\t\t\t\t\t\t\t\t<\/a>\n\t\t\t\t\t\t\t\t<\/td>\n\t\t\t\t\t\t\t\t<td class=\"text-center\">\n\t\t\t\t\t\t\t\t\t<center>B2<\/center>\n\t\t\t\t\t\t\t\t<\/td>\n\t\t\t\t\t\t\t<\/tr>\n\t\t\t\t\t\t\t\t\t\t\t\t\t\t<tr class=\"odd gradeX\">\n\t\t\t\t\t\t\t\t<td>\n\t\t\t\t\t\t\t\t\t<img src='https:\/\/ecoinovar.com.br\/10\/wp-content\/uploads\/sites\/5\/2021\/08\/revista-gestao-e-desenvolvimento.png' style='max-width: 200px;'>\t\t\t\t\t\t\t\t<\/td>\n\t\t\t\t\t\t\t\t<td class=\"\">\n\t\t\t\t\t\t\t\t\t<a href=\"https:\/\/periodicos.feevale.br\/seer\/index.php\/revistagestaoedesenvolvimento\" target=\"_blank\">\n\t\t\t\t\t\t\t\t\t\tRevista Gest\u00e3o e Desenvolvimento\t\t\t\t\t\t\t\t\t<\/a>\n\t\t\t\t\t\t\t\t<\/td>\n\t\t\t\t\t\t\t\t<td class=\"text-center\">\n\t\t\t\t\t\t\t\t\t<center>B3<\/center>\n\t\t\t\t\t\t\t\t<\/td>\n\t\t\t\t\t\t\t<\/tr>\n\t\t\t\t\t\t\t\t\t\t\t\t\t\t<tr class=\"odd gradeX\">\n\t\t\t\t\t\t\t\t<td>\n\t\t\t\t\t\t\t\t\t<img src='https:\/\/ecoinovar.com.br\/10\/wp-content\/uploads\/sites\/5\/2021\/08\/3-Expectativa.png' style='max-width: 200px;'>\t\t\t\t\t\t\t\t<\/td>\n\t\t\t\t\t\t\t\t<td class=\"\">\n\t\t\t\t\t\t\t\t\t<a href=\"http:\/\/e-revista.unioeste.br\/index.php\/expectativa\" target=\"_blank\">\n\t\t\t\t\t\t\t\t\t\tRevista Expectativa\t\t\t\t\t\t\t\t\t<\/a>\n\t\t\t\t\t\t\t\t<\/td>\n\t\t\t\t\t\t\t\t<td class=\"text-center\">\n\t\t\t\t\t\t\t\t\t<center>B3<\/center>\n\t\t\t\t\t\t\t\t<\/td>\n\t\t\t\t\t\t\t<\/tr>\n\t\t\t\t\t\t\t\t\t\t\t\t\t\t<tr class=\"odd gradeX\">\n\t\t\t\t\t\t\t\t<td>\n\t\t\t\t\t\t\t\t\t<img src='https:\/\/ecoinovar.com.br\/10\/wp-content\/uploads\/sites\/5\/2021\/08\/12-Gestao-e-Inovacao.png' style='max-width: 200px;'>\t\t\t\t\t\t\t\t<\/td>\n\t\t\t\t\t\t\t\t<td class=\"\">\n\t\t\t\t\t\t\t\t\t<a href=\"http:\/\/ucs.br\/etc\/revistas\/index.php\/RBGI\/index\" target=\"_blank\">\n\t\t\t\t\t\t\t\t\t\tRevista Brasileira de Gest\u00e3o e Inova\u00e7\u00e3o\t\t\t\t\t\t\t\t\t<\/a>\n\t\t\t\t\t\t\t\t<\/td>\n\t\t\t\t\t\t\t\t<td class=\"text-center\">\n\t\t\t\t\t\t\t\t\t<center>B3<\/center>\n\t\t\t\t\t\t\t\t<\/td>\n\t\t\t\t\t\t\t<\/tr>\n\t\t\t\t\t\t\t\t\t\t\t\t\t\t<tr class=\"odd gradeX\">\n\t\t\t\t\t\t\t\t<td>\n\t\t\t\t\t\t\t\t\t<img src='https:\/\/periodicos.unipampa.edu.br\/public\/journals\/10\/pageHeaderLogoImage_pt_BR.jpg' style='max-width: 200px;'>\t\t\t\t\t\t\t\t<\/td>\n\t\t\t\t\t\t\t\t<td class=\"\">\n\t\t\t\t\t\t\t\t\t<a href=\"https:\/\/periodicos.unipampa.edu.br\/index.php\/RED\/index\" target=\"_blank\">\n\t\t\t\t\t\t\t\t\t\tRevista Estrat\u00e9gia e Desenvolvimento - RED\t\t\t\t\t\t\t\t\t<\/a>\n\t\t\t\t\t\t\t\t<\/td>\n\t\t\t\t\t\t\t\t<td class=\"text-center\">\n\t\t\t\t\t\t\t\t\t<center>B4<\/center>\n\t\t\t\t\t\t\t\t<\/td>\n\t\t\t\t\t\t\t<\/tr>\n\t\t\t\t\t\t\t\t\t\t\t\t<\/tbody>\n\t\t\t\t<\/table>\n\t\t\t\t\n","protected":false},"excerpt":{"rendered":"<p>Os melhores trabalhos do 12\u00ba F\u00f3rum Internacional Ecoinovar estar\u00e3o concorrendo a\u00a0fast-track\u00a0nos seguintes peri\u00f3dicos:<\/p>\n","protected":false},"author":1,"featured_media":0,"parent":0,"menu_order":0,"comment_status":"closed","ping_status":"closed","template":"","meta":{"footnotes":"","_links_to":"","_links_to_target":""},"class_list":["post-978","page","type-page","status-publish","hentry","description-off"],"_links":{"self":[{"href":"https:\/\/ecoinovar.com\/12\/wp-json\/wp\/v2\/pages\/978","targetHints":{"allow":["GET"]}}],"collection":[{"href":"https:\/\/ecoinovar.com\/12\/wp-json\/wp\/v2\/pages"}],"about":[{"href":"https:\/\/ecoinovar.com\/12\/wp-json\/wp\/v2\/types\/page"}],"author":[{"embeddable":true,"href":"https:\/\/ecoinovar.com\/12\/wp-json\/wp\/v2\/users\/1"}],"replies":[{"embeddable":true,"href":"https:\/\/ecoinovar.com\/12\/wp-json\/wp\/v2\/comments?post=978"}],"version-history":[{"count":1,"href":"https:\/\/ecoinovar.com\/12\/wp-json\/wp\/v2\/pages\/978\/revisions"}],"predecessor-version":[{"id":979,"href":"https:\/\/ecoinovar.com\/12\/wp-json\/wp\/v2\/pages\/978\/revisions\/979"}],"wp:attachment":[{"href":"https:\/\/ecoinovar.com\/12\/wp-json\/wp\/v2\/media?parent=978"}],"curies":[{"name":"wp","href":"https:\/\/api.w.org\/{rel}","templated":true}]}}