{"id":902,"date":"2023-11-01T16:21:35","date_gmt":"2023-11-01T19:21:35","guid":{"rendered":"https:\/\/ecoinovar.com\/12\/?page_id=902"},"modified":"2023-11-01T16:42:03","modified_gmt":"2023-11-01T19:42:03","slug":"instrucoes-para-a-apresentacao-dos-trabalhos-em-sessoes-de-posteres","status":"publish","type":"page","link":"https:\/\/ecoinovar.com\/12\/instrucoes-para-a-apresentacao-dos-trabalhos-em-sessoes-de-posteres\/","title":{"rendered":"Instru\u00e7\u00f5es para a Apresenta\u00e7\u00e3o dos Trabalhos em Sess\u00f5es de P\u00f4steres"},"content":{"rendered":"\n<ul class=\"wp-block-list\">\n<li>A apresenta\u00e7\u00e3o dos trabalhos nas sess\u00f5es de p\u00f4steres ocorrer\u00e1 por meio da disponibiliza\u00e7\u00e3o do p\u00f4ster em formato PDF no sistema do evento.<\/li>\n\n\n\n<li>Os autores de trabalhos aprovados e inscritos nesta modalidade dever\u00e3o submeter o p\u00f4ster em formato PDF. pelo sistema do evento em\u00a0<a href=\"https:\/\/ecoinovar.submissao.com.br\/12ecoinovar\/login.php\">https:\/\/ecoinovar.submissao.com.br\/12ecoinovar\/login.php<\/a>\u00a0( Trabalhos > Trabalhos enviados ) impreterivelmente at\u00e9 \u00e0s 23h59m do dia\u00a0<strong>08 de Novembro de 2023.\u00a0<\/strong>\u00a0<\/li>\n\n\n\n<li>N\u00e3o haver\u00e1 debate dos trabalhos dessa modalidade de apresenta\u00e7\u00e3o. Os avaliadores e demais participantes do evento poder\u00e3o deixar perguntas e coment\u00e1rios em formato de texto, bem como curtidas em cada p\u00f4ster. \u00c9 importante que os autores atentem em responder as perguntas que forem feitas em seu respectivo trabalho.<\/li>\n\n\n\n<li>Os trabalhos e p\u00f4steres ficar\u00e3o dispon\u00edveis durante os dois dias de evento.<\/li>\n\n\n\n<li>Para a confec\u00e7\u00e3o dos p\u00f4steres \u00e9 sugerido\u00a0<em>template<\/em>\u00a0que pode ser acessado em: (<a href=\"https:\/\/ecoinovar.com\/12\/wp-content\/uploads\/sites\/17\/2023\/11\/Template-poster-Ecoinovar-2023.pptx\">https:\/\/ecoinovar.com\/12\/wp-content\/uploads\/sites\/17\/2023\/11\/Template-poster-Ecoinovar-2023.pptx<\/a>)<\/li>\n<\/ul>\n\n\n\n<p><strong>Observa\u00e7\u00f5es importantes para os apresentadores:<\/strong><\/p>\n\n\n\n<ul class=\"wp-block-list\">\n<li>A inscri\u00e7\u00e3o \u00e9 individual e intransfer\u00edvel.<\/li>\n\n\n\n<li>A participa\u00e7\u00e3o do usu\u00e1rio ser\u00e1 identificada pelo acesso ao sistema.<\/li>\n\n\n\n<li>No certificado de apresenta\u00e7\u00e3o constar\u00e1 as informa\u00e7\u00f5es do trabalho e de autoria.<\/li>\n<\/ul>\n\n\n\n<p>Desejamos a todos um excelente evento!<\/p>\n","protected":false},"excerpt":{"rendered":"<p>Observa\u00e7\u00f5es importantes para os apresentadores: Desejamos a todos um excelente evento!<\/p>\n","protected":false},"author":1,"featured_media":0,"parent":0,"menu_order":0,"comment_status":"closed","ping_status":"closed","template":"","meta":{"footnotes":"","_links_to":"","_links_to_target":""},"class_list":["post-902","page","type-page","status-publish","hentry","description-off"],"_links":{"self":[{"href":"https:\/\/ecoinovar.com\/12\/wp-json\/wp\/v2\/pages\/902","targetHints":{"allow":["GET"]}}],"collection":[{"href":"https:\/\/ecoinovar.com\/12\/wp-json\/wp\/v2\/pages"}],"about":[{"href":"https:\/\/ecoinovar.com\/12\/wp-json\/wp\/v2\/types\/page"}],"author":[{"embeddable":true,"href":"https:\/\/ecoinovar.com\/12\/wp-json\/wp\/v2\/users\/1"}],"replies":[{"embeddable":true,"href":"https:\/\/ecoinovar.com\/12\/wp-json\/wp\/v2\/comments?post=902"}],"version-history":[{"count":3,"href":"https:\/\/ecoinovar.com\/12\/wp-json\/wp\/v2\/pages\/902\/revisions"}],"predecessor-version":[{"id":912,"href":"https:\/\/ecoinovar.com\/12\/wp-json\/wp\/v2\/pages\/902\/revisions\/912"}],"wp:attachment":[{"href":"https:\/\/ecoinovar.com\/12\/wp-json\/wp\/v2\/media?parent=902"}],"curies":[{"name":"wp","href":"https:\/\/api.w.org\/{rel}","templated":true}]}}