{"id":444,"date":"2023-07-13T14:26:02","date_gmt":"2023-07-13T17:26:02","guid":{"rendered":"https:\/\/ecoinovar.com\/12\/?page_id=444"},"modified":"2023-10-19T15:55:53","modified_gmt":"2023-10-19T18:55:53","slug":"submissao-de-trabalhos","status":"publish","type":"page","link":"https:\/\/ecoinovar.com\/12\/expo\/submissao-de-trabalhos\/","title":{"rendered":"Submiss\u00e3o de trabalhos"},"content":{"rendered":"\t\t<div data-elementor-type=\"wp-page\" data-elementor-id=\"444\" class=\"elementor elementor-444\" data-elementor-post-type=\"page\">\n\t\t\t\t\t\t<section class=\"elementor-section elementor-top-section elementor-element elementor-element-7037394 elementor-section-boxed elementor-section-height-default elementor-section-height-default\" data-id=\"7037394\" data-element_type=\"section\">\n\t\t\t\t\t\t<div class=\"elementor-container elementor-column-gap-default\">\n\t\t\t\t\t<div class=\"elementor-column elementor-col-50 elementor-top-column elementor-element elementor-element-4b86d01\" data-id=\"4b86d01\" data-element_type=\"column\">\n\t\t\t<div class=\"elementor-widget-wrap elementor-element-populated\">\n\t\t\t\t\t\t<div class=\"elementor-element elementor-element-21d3aa3 elementor-widget elementor-widget-text-editor\" data-id=\"21d3aa3\" data-element_type=\"widget\" data-widget_type=\"text-editor.default\">\n\t\t\t\t<div class=\"elementor-widget-container\">\n\t\t\t\t\t\t\t\t\t<p>As submiss\u00f5es de projetos para a VI Expo Ecoinovar est\u00e3o abertas at\u00e9 <b>as 23h59m do dia 31 de outubro de 2023<\/b>.<\/p>\n<p>Os projetos a serem submetidos \u00e0 Expo Ecoinovar devem contemplar ideias e solu\u00e7\u00f5es, por meio de&nbsp;<b>produtos, servi\u00e7os, pr\u00e1ticas e\/ou a\u00e7\u00f5es<\/b>, existentes ou em desenvolvimento, que possam contribuir para um futuro mais justo e sustent\u00e1vel. Os projetos ser\u00e3o submetidos no formato de resumo, contendo:&nbsp;<b>T\u00edtulo; Identifica\u00e7\u00e3o dos integrantes da Equipe; Institui\u00e7\u00e3o; Categoria; S\u00edntese do Projeto; Resultados e Benef\u00edcios Esperados; Conclus\u00e3o.<\/b><\/p>\n<p>Observa-se que os projetos devem ser submetidos em arquivo formato .PDF de, no m\u00e1ximo, uma (1) p\u00e1gina. Al\u00e9m disso,&nbsp;n\u00e3o h\u00e1 um n\u00famero limite de equipes\/projetos por institui\u00e7\u00e3o, desde que cada integrante participe de, no m\u00e1ximo, dois projetos.<\/p>\n<p>Cada equipe ser\u00e1 composta por, no m\u00e1ximo, 5 (cinco) integrantes e a&nbsp;equipe dever\u00e1 eleger um integrante respons\u00e1vel pela equipe e pela submiss\u00e3o do projeto.<\/p>\n<p>A equipe dever\u00e1 se inscrever em uma das categorias, a seguir:<\/p>\n<ul>\n<li>CATEGORIA I: ALUNOS DO ENSINO SUPERIOR<\/li>\n<li>CATEGORIA II: EMPREENDEDORES DE STARTUPS<\/li>\n<li>CATEGORIA III: EMPREENDEDORES DE EMPRESAS<\/li>\n<li>CATEGORIA IV: EMPREENDEDORES DE ONGs<\/li>\n<\/ul>\n<p><b>IMPORTANTE:<\/b>&nbsp;<u>O integrante respons\u00e1vel pela submiss\u00e3o dever\u00e1 realizar um cadastro no sistema para, ent\u00e3o, iniciar o processo de submiss\u00e3o do projeto.<\/u>&nbsp;Na submiss\u00e3o, o respons\u00e1vel, entre outras informa\u00e7\u00f5es, dever\u00e1 informar os dados do projeto e dos participantes da equipe.&nbsp;<u>Os demais integrantes n\u00e3o necessitam realizar cadastro no sistema.<\/u><\/p>\t\t\t\t\t\t\t\t<\/div>\n\t\t\t\t<\/div>\n\t\t\t\t\t<\/div>\n\t\t<\/div>\n\t\t\t\t<div class=\"elementor-column elementor-col-50 elementor-top-column elementor-element elementor-element-d7cf375\" data-id=\"d7cf375\" data-element_type=\"column\">\n\t\t\t<div class=\"elementor-widget-wrap elementor-element-populated\">\n\t\t\t\t\t\t<div class=\"elementor-element elementor-element-b7d1b1e elementor-widget elementor-widget-image\" data-id=\"b7d1b1e\" data-element_type=\"widget\" data-widget_type=\"image.default\">\n\t\t\t\t<div class=\"elementor-widget-container\">\n\t\t\t\t\t\t\t\t\t\t\t\t\t\t\t<img fetchpriority=\"high\" decoding=\"async\" width=\"300\" height=\"185\" src=\"https:\/\/ecoinovar.com\/12\/wp-content\/uploads\/sites\/17\/2023\/07\/logotipo-1-300x185.png\" class=\"attachment-medium size-medium wp-image-149\" alt=\"\" srcset=\"https:\/\/ecoinovar.com\/12\/wp-content\/uploads\/sites\/17\/2023\/07\/logotipo-1-300x185.png 300w, https:\/\/ecoinovar.com\/12\/wp-content\/uploads\/sites\/17\/2023\/07\/logotipo-1.png 674w\" sizes=\"(max-width: 300px) 100vw, 300px\" \/>\t\t\t\t\t\t\t\t\t\t\t\t\t\t\t<\/div>\n\t\t\t\t<\/div>\n\t\t\t\t<div class=\"elementor-element elementor-element-5b8d3fc elementor-align-justify elementor-widget elementor-widget-button\" data-id=\"5b8d3fc\" data-element_type=\"widget\" data-widget_type=\"button.default\">\n\t\t\t\t<div class=\"elementor-widget-container\">\n\t\t\t\t\t\t\t\t\t<div class=\"elementor-button-wrapper\">\n\t\t\t\t\t<a class=\"elementor-button elementor-button-link elementor-size-sm\" href=\"#\">\n\t\t\t\t\t\t<span class=\"elementor-button-content-wrapper\">\n\t\t\t\t\t\t\t\t\t<span class=\"elementor-button-text\">Edi\u00e7\u00f5es anteriores<\/span>\n\t\t\t\t\t<\/span>\n\t\t\t\t\t<\/a>\n\t\t\t\t<\/div>\n\t\t\t\t\t\t\t\t<\/div>\n\t\t\t\t<\/div>\n\t\t\t\t<div class=\"elementor-element elementor-element-eebe9ae elementor-align-justify elementor-widget elementor-widget-button\" data-id=\"eebe9ae\" data-element_type=\"widget\" data-widget_type=\"button.default\">\n\t\t\t\t<div class=\"elementor-widget-container\">\n\t\t\t\t\t\t\t\t\t<div class=\"elementor-button-wrapper\">\n\t\t\t\t\t<a class=\"elementor-button elementor-button-link elementor-size-sm\" href=\"https:\/\/ecoinovar.com\/12\/expo\/submissao-de-trabalhos\/\">\n\t\t\t\t\t\t<span class=\"elementor-button-content-wrapper\">\n\t\t\t\t\t\t\t\t\t<span class=\"elementor-button-text\">Submiss\u00e3o de trabalhos<\/span>\n\t\t\t\t\t<\/span>\n\t\t\t\t\t<\/a>\n\t\t\t\t<\/div>\n\t\t\t\t\t\t\t\t<\/div>\n\t\t\t\t<\/div>\n\t\t\t\t<div class=\"elementor-element elementor-element-3343d44 elementor-align-justify elementor-widget elementor-widget-button\" data-id=\"3343d44\" data-element_type=\"widget\" data-widget_type=\"button.default\">\n\t\t\t\t<div class=\"elementor-widget-container\">\n\t\t\t\t\t\t\t\t\t<div class=\"elementor-button-wrapper\">\n\t\t\t\t\t<a class=\"elementor-button elementor-button-link elementor-size-sm\" href=\"https:\/\/ecoinovar.com\/12\/expo\/instrucoes-para-apresentacao\/\">\n\t\t\t\t\t\t<span class=\"elementor-button-content-wrapper\">\n\t\t\t\t\t\t\t\t\t<span class=\"elementor-button-text\">Instru\u00e7\u00f5es para apresenta\u00e7\u00e3o<\/span>\n\t\t\t\t\t<\/span>\n\t\t\t\t\t<\/a>\n\t\t\t\t<\/div>\n\t\t\t\t\t\t\t\t<\/div>\n\t\t\t\t<\/div>\n\t\t\t\t\t<\/div>\n\t\t<\/div>\n\t\t\t\t\t<\/div>\n\t\t<\/section>\n\t\t\t\t<section class=\"elementor-section elementor-top-section elementor-element elementor-element-385cc70 elementor-section-boxed elementor-section-height-default elementor-section-height-default\" data-id=\"385cc70\" data-element_type=\"section\">\n\t\t\t\t\t\t<div class=\"elementor-container elementor-column-gap-default\">\n\t\t\t\t\t<div class=\"elementor-column elementor-col-50 elementor-top-column elementor-element elementor-element-32b47ad\" data-id=\"32b47ad\" data-element_type=\"column\">\n\t\t\t<div class=\"elementor-widget-wrap elementor-element-populated\">\n\t\t\t\t\t\t<div class=\"elementor-element elementor-element-1c22422 elementor-align-center elementor-widget elementor-widget-button\" data-id=\"1c22422\" data-element_type=\"widget\" data-widget_type=\"button.default\">\n\t\t\t\t<div class=\"elementor-widget-container\">\n\t\t\t\t\t\t\t\t\t<div class=\"elementor-button-wrapper\">\n\t\t\t\t\t<a class=\"elementor-button elementor-button-link elementor-size-xl\" href=\"https:\/\/ecoinovar.com\/12\/wp-content\/uploads\/sites\/17\/2023\/10\/Regulamento_ExpoEcoinovar_2023.pdf\" target=\"_blank\" id=\"btn-home\">\n\t\t\t\t\t\t<span class=\"elementor-button-content-wrapper\">\n\t\t\t\t\t\t\t\t\t<span class=\"elementor-button-text\">REGULAMENTO - EXPO ECOINOVAR<br> <span class=\"subtituloBtnCaixa\"> Baixe o regulamento<\/span><\/span>\n\t\t\t\t\t<\/span>\n\t\t\t\t\t<\/a>\n\t\t\t\t<\/div>\n\t\t\t\t\t\t\t\t<\/div>\n\t\t\t\t<\/div>\n\t\t\t\t\t<\/div>\n\t\t<\/div>\n\t\t\t\t<div class=\"elementor-column elementor-col-50 elementor-top-column elementor-element elementor-element-0cbc0c4\" data-id=\"0cbc0c4\" data-element_type=\"column\">\n\t\t\t<div class=\"elementor-widget-wrap\">\n\t\t\t\t\t\t\t<\/div>\n\t\t<\/div>\n\t\t\t\t\t<\/div>\n\t\t<\/section>\n\t\t\t\t<section class=\"elementor-section elementor-top-section elementor-element elementor-element-7266ed8 elementor-section-boxed elementor-section-height-default elementor-section-height-default\" data-id=\"7266ed8\" data-element_type=\"section\">\n\t\t\t\t\t\t<div class=\"elementor-container elementor-column-gap-default\">\n\t\t\t\t\t<div class=\"elementor-column elementor-col-100 elementor-top-column elementor-element elementor-element-c9d031e\" data-id=\"c9d031e\" data-element_type=\"column\">\n\t\t\t<div class=\"elementor-widget-wrap elementor-element-populated\">\n\t\t\t\t\t\t<div class=\"elementor-element elementor-element-b933ec0 elementor-widget elementor-widget-heading\" data-id=\"b933ec0\" data-element_type=\"widget\" data-widget_type=\"heading.default\">\n\t\t\t\t<div class=\"elementor-widget-container\">\n\t\t\t\t\t<h3 class=\"elementor-heading-title elementor-size-default\">Envie seu Trabalho online<\/h3>\t\t\t\t<\/div>\n\t\t\t\t<\/div>\n\t\t\t\t\t<\/div>\n\t\t<\/div>\n\t\t\t\t\t<\/div>\n\t\t<\/section>\n\t\t\t\t<section class=\"elementor-section elementor-top-section elementor-element elementor-element-c42a1a6 elementor-section-boxed elementor-section-height-default elementor-section-height-default\" data-id=\"c42a1a6\" data-element_type=\"section\">\n\t\t\t\t\t\t<div class=\"elementor-container elementor-column-gap-default\">\n\t\t\t\t\t<div class=\"elementor-column elementor-col-50 elementor-top-column elementor-element elementor-element-83c3dc1\" data-id=\"83c3dc1\" data-element_type=\"column\">\n\t\t\t<div class=\"elementor-widget-wrap elementor-element-populated\">\n\t\t\t\t\t\t<div class=\"elementor-element elementor-element-35a778e elementor-align-center elementor-widget elementor-widget-button\" data-id=\"35a778e\" data-element_type=\"widget\" data-widget_type=\"button.default\">\n\t\t\t\t<div class=\"elementor-widget-container\">\n\t\t\t\t\t\t\t\t\t<div class=\"elementor-button-wrapper\">\n\t\t\t\t\t<a class=\"elementor-button elementor-button-link elementor-size-xl\" href=\"https:\/\/ecoinovar.submissao.com.br\/12ecoinovar\/?evento=expo\" target=\"_blank\" id=\"btn-home\">\n\t\t\t\t\t\t<span class=\"elementor-button-content-wrapper\">\n\t\t\t\t\t\t\t\t\t<span class=\"elementor-button-text\">ACESSE O SISTEMA<br> <span class=\"subtituloBtnCaixa\"> Acesse o sistema e envie seu trabalho <\/span><\/span>\n\t\t\t\t\t<\/span>\n\t\t\t\t\t<\/a>\n\t\t\t\t<\/div>\n\t\t\t\t\t\t\t\t<\/div>\n\t\t\t\t<\/div>\n\t\t\t\t\t<\/div>\n\t\t<\/div>\n\t\t\t\t<div class=\"elementor-column elementor-col-50 elementor-top-column elementor-element elementor-element-e3bf68a\" data-id=\"e3bf68a\" data-element_type=\"column\">\n\t\t\t<div class=\"elementor-widget-wrap\">\n\t\t\t\t\t\t\t<\/div>\n\t\t<\/div>\n\t\t\t\t\t<\/div>\n\t\t<\/section>\n\t\t\t\t<\/div>\n\t\t","protected":false},"excerpt":{"rendered":"<p>As submiss\u00f5es de projetos para a VI Expo Ecoinovar est\u00e3o abertas at\u00e9 as 23h59m do dia 31 de outubro de 2023. Os projetos a serem submetidos \u00e0 Expo Ecoinovar devem contemplar ideias e solu\u00e7\u00f5es, por meio de&nbsp;produtos, servi\u00e7os, pr\u00e1ticas e\/ou a\u00e7\u00f5es, existentes ou em desenvolvimento, que possam contribuir para um futuro mais justo e sustent\u00e1vel.&hellip;<\/p>\n","protected":false},"author":1,"featured_media":0,"parent":146,"menu_order":0,"comment_status":"closed","ping_status":"closed","template":"","meta":{"footnotes":"","_links_to":"","_links_to_target":""},"class_list":["post-444","page","type-page","status-publish","hentry"],"_links":{"self":[{"href":"https:\/\/ecoinovar.com\/12\/wp-json\/wp\/v2\/pages\/444","targetHints":{"allow":["GET"]}}],"collection":[{"href":"https:\/\/ecoinovar.com\/12\/wp-json\/wp\/v2\/pages"}],"about":[{"href":"https:\/\/ecoinovar.com\/12\/wp-json\/wp\/v2\/types\/page"}],"author":[{"embeddable":true,"href":"https:\/\/ecoinovar.com\/12\/wp-json\/wp\/v2\/users\/1"}],"replies":[{"embeddable":true,"href":"https:\/\/ecoinovar.com\/12\/wp-json\/wp\/v2\/comments?post=444"}],"version-history":[{"count":40,"href":"https:\/\/ecoinovar.com\/12\/wp-json\/wp\/v2\/pages\/444\/revisions"}],"predecessor-version":[{"id":867,"href":"https:\/\/ecoinovar.com\/12\/wp-json\/wp\/v2\/pages\/444\/revisions\/867"}],"up":[{"embeddable":true,"href":"https:\/\/ecoinovar.com\/12\/wp-json\/wp\/v2\/pages\/146"}],"wp:attachment":[{"href":"https:\/\/ecoinovar.com\/12\/wp-json\/wp\/v2\/media?parent=444"}],"curies":[{"name":"wp","href":"https:\/\/api.w.org\/{rel}","templated":true}]}}