{"id":380,"date":"2023-07-13T11:24:27","date_gmt":"2023-07-13T14:24:27","guid":{"rendered":"https:\/\/ecoinovar.com\/12\/?page_id=380"},"modified":"2023-07-13T11:29:18","modified_gmt":"2023-07-13T14:29:18","slug":"ecoinovar-5","status":"publish","type":"page","link":"https:\/\/ecoinovar.com\/12\/ecoinovar-5\/","title":{"rendered":"Ecoinovar"},"content":{"rendered":"\t\t<div data-elementor-type=\"wp-page\" data-elementor-id=\"380\" class=\"elementor elementor-380\" data-elementor-post-type=\"page\">\n\t\t\t\t\t\t<section class=\"elementor-section elementor-top-section elementor-element elementor-element-0d4e4d6 elementor-section-boxed elementor-section-height-default elementor-section-height-default\" data-id=\"0d4e4d6\" data-element_type=\"section\">\n\t\t\t\t\t\t<div class=\"elementor-container elementor-column-gap-default\">\n\t\t\t\t\t<div class=\"elementor-column elementor-col-100 elementor-top-column elementor-element elementor-element-4a4cf2e\" data-id=\"4a4cf2e\" data-element_type=\"column\">\n\t\t\t<div class=\"elementor-widget-wrap elementor-element-populated\">\n\t\t\t\t\t\t<div class=\"elementor-element elementor-element-0dc25eb elementor-widget elementor-widget-text-editor\" data-id=\"0dc25eb\" data-element_type=\"widget\" data-widget_type=\"text-editor.default\">\n\t\t\t\t<div class=\"elementor-widget-container\">\n\t\t\t\t\t\t\t\t\t<p>O <a href=\"https:\/\/ecoinovar.com\/12\/apresentacao\/\">12\u00ba F\u00d3RUM INTERNACIONAL ECOINOVAR<\/a> \u00e9 um evento acad\u00eamico que re\u00fane empres\u00e1rios, pesquisadores, administradores, ONGs, estudantes, formuladores de pol\u00edticas e profissionais de diferentes \u00e1reas. Em 2023, o F\u00f3rum ter\u00e1 como tema &#8220;Ecoinovar: novos desafios e oportunidades&#8221;.<br \/>Paralelamente ao F\u00f3rum, ser\u00e3o realizados dois eventos gratuitos: a <a href=\"https:\/\/ecoinovar.com\/12\/mostra-cientifica\/\">VII MOSTRA CIENT\u00cdFICA ECOINOVAR<\/a>, que reunir\u00e1 estudantes do ensino fundamental, ensino m\u00e9dio e t\u00e9cnico de escolas p\u00fablicas e privadas da cidade de Rio Grande\/RS e regi\u00e3o, com a tem\u00e1tica &#8220;Ci\u00eancia, inova\u00e7\u00e3o e sustentabilidade: contribuindo para um mundo inteligente e respons\u00e1vel&#8221;; e a <a href=\"https:\/\/ecoinovar.com\/12\/expo\/\">VI EXPO ECOINOVAR<\/a>, evento participante da Semana Nacional de Ci\u00eancia e Tecnologia (CNPq), com a tem\u00e1tica &#8220;Ci\u00eancias para o Desenvolvimento Sustent\u00e1vel&#8221;.<br \/>Os tr\u00eas eventos s\u00e3o uma realiza\u00e7\u00e3o do Programa de P\u00f3s-Gradua\u00e7\u00e3o em Administra\u00e7\u00e3o (PPGA) da Universidade Federal do Rio Grande (FURG) e ser\u00e3o realizados em formato on-line nos dias 13 e 14 de novembro de 2023.<\/p>\t\t\t\t\t\t\t\t<\/div>\n\t\t\t\t<\/div>\n\t\t\t\t\t<\/div>\n\t\t<\/div>\n\t\t\t\t\t<\/div>\n\t\t<\/section>\n\t\t\t\t<\/div>\n\t\t","protected":false},"excerpt":{"rendered":"<p>O 12\u00ba F\u00d3RUM INTERNACIONAL ECOINOVAR \u00e9 um evento acad\u00eamico que re\u00fane empres\u00e1rios, pesquisadores, administradores, ONGs, estudantes, formuladores de pol\u00edticas e profissionais de diferentes \u00e1reas. Em 2023, o F\u00f3rum ter\u00e1 como tema &#8220;Ecoinovar: novos desafios e oportunidades&#8221;. Paralelamente ao F\u00f3rum, ser\u00e3o realizados dois eventos gratuitos: a VII MOSTRA CIENT\u00cdFICA ECOINOVAR, que reunir\u00e1 estudantes do ensino fundamental,&hellip;<\/p>\n","protected":false},"author":1,"featured_media":0,"parent":0,"menu_order":0,"comment_status":"closed","ping_status":"closed","template":"","meta":{"footnotes":"","_links_to":"","_links_to_target":""},"class_list":["post-380","page","type-page","status-publish","hentry"],"_links":{"self":[{"href":"https:\/\/ecoinovar.com\/12\/wp-json\/wp\/v2\/pages\/380","targetHints":{"allow":["GET"]}}],"collection":[{"href":"https:\/\/ecoinovar.com\/12\/wp-json\/wp\/v2\/pages"}],"about":[{"href":"https:\/\/ecoinovar.com\/12\/wp-json\/wp\/v2\/types\/page"}],"author":[{"embeddable":true,"href":"https:\/\/ecoinovar.com\/12\/wp-json\/wp\/v2\/users\/1"}],"replies":[{"embeddable":true,"href":"https:\/\/ecoinovar.com\/12\/wp-json\/wp\/v2\/comments?post=380"}],"version-history":[{"count":5,"href":"https:\/\/ecoinovar.com\/12\/wp-json\/wp\/v2\/pages\/380\/revisions"}],"predecessor-version":[{"id":387,"href":"https:\/\/ecoinovar.com\/12\/wp-json\/wp\/v2\/pages\/380\/revisions\/387"}],"wp:attachment":[{"href":"https:\/\/ecoinovar.com\/12\/wp-json\/wp\/v2\/media?parent=380"}],"curies":[{"name":"wp","href":"https:\/\/api.w.org\/{rel}","templated":true}]}}