{"id":282,"date":"2023-07-09T18:44:34","date_gmt":"2023-07-09T21:44:34","guid":{"rendered":"https:\/\/ecoinovar.com\/12\/?page_id=282"},"modified":"2023-10-19T12:49:01","modified_gmt":"2023-10-19T15:49:01","slug":"submissoes","status":"publish","type":"page","link":"https:\/\/ecoinovar.com\/12\/submissoes\/","title":{"rendered":"Submiss\u00e3o de trabalhos"},"content":{"rendered":"\t\t<div data-elementor-type=\"wp-page\" data-elementor-id=\"282\" class=\"elementor elementor-282\" data-elementor-post-type=\"page\">\n\t\t\t\t\t\t<section class=\"elementor-section elementor-top-section elementor-element elementor-element-64fb9c7 elementor-section-boxed elementor-section-height-default elementor-section-height-default\" data-id=\"64fb9c7\" data-element_type=\"section\">\n\t\t\t\t\t\t<div class=\"elementor-container elementor-column-gap-default\">\n\t\t\t\t\t<div class=\"elementor-column elementor-col-100 elementor-top-column elementor-element elementor-element-b050424\" data-id=\"b050424\" data-element_type=\"column\">\n\t\t\t<div class=\"elementor-widget-wrap elementor-element-populated\">\n\t\t\t\t\t\t<div class=\"elementor-element elementor-element-d585792 elementor-widget elementor-widget-text-editor\" data-id=\"d585792\" data-element_type=\"widget\" data-widget_type=\"text-editor.default\">\n\t\t\t\t<div class=\"elementor-widget-container\">\n\t\t\t\t\t\t\t\t\t<p>Os trabalhos a serem submetidos ao <b>F\u00f3rum Internacional Ecoinovar<\/b> poder\u00e3o ser resultantes de teses\/disserta\u00e7\u00f5es, pesquisas acad\u00eamicas, divulga\u00e7\u00e3o de pr\u00e1ticas no campo da inova\u00e7\u00e3o e da sustentabilidade, estudos de caso e relatos de experi\u00eancias.&nbsp;<\/p>\n<p>Os trabalhos dever\u00e3o ser enviados nas seguintes categorias:&nbsp;<br>1)&nbsp;Artigos Acad\u00eamicos;<br>2)&nbsp;Ensaios Te\u00f3ricos;<br>3)&nbsp;Relatos de Pr\u00e1ticas de Gest\u00e3o; <br>4)&nbsp;Inicia\u00e7\u00e3o Cient\u00edfica.<\/p>\n<p>Os estudos poder\u00e3o ser&nbsp;individuais ou em colabora\u00e7\u00e3o, contando com <b>no m\u00e1ximo cinco&nbsp;autores por trabalho<\/b>. Al\u00e9m disso, limita-se a submiss\u00e3o de&nbsp;<b>at\u00e9 tr\u00eas&nbsp;trabalhos por autor<\/b>, considerando autoria ou coautoria.<\/p>\n<p>Al\u00e9m disso, a&nbsp;submiss\u00e3o dos trabalhos pode ser realizada nos formatos de <b>trabalho completo <\/b>ou&nbsp;<b>resumo expandido<\/b>.<\/p>\n<p>No momento da submiss\u00e3o os autores poder\u00e3o optar por <b>publicar o trabalho no formato enviado<\/b> (completo ou expandido) <b>ou como resumo estruturado<\/b> (preenchido no momento da submiss\u00e3o) nos anais do evento.<\/p>\n<p>Os trabalhos poder\u00e3o ser escritos em portugu\u00eas, ingl\u00eas ou espanhol e as normas de formata\u00e7\u00e3o dos trabalhos, tanto no formato de trabalho completo quanto de resumo expandido, bem como o template a ser seguido, podem ser conferidos ao final da p\u00e1gina.<\/p>\n<p><b>IMPORTANTE:<\/b>&nbsp;Exige-se&nbsp;que&nbsp;<u>todos os autores e coautores realizem&nbsp;previamente um cadastro no&nbsp;sistema e o mantenham atualizado<\/u>&nbsp;para que, no momento da submiss\u00e3o,&nbsp;o autor respons\u00e1vel pela submiss\u00e3o possa adicionar os demais autores. Caso algum coautor n\u00e3o esteja cadastrado no sistema no momento da submiss\u00e3o, o autor que estiver realizando a submiss\u00e3o dever\u00e1 realizar um pr\u00e9-cadastro, informando&nbsp;<u>nome, CPF e e-mail<\/u>&nbsp;do coautor sem cadastro e este receber\u00e1 um e-mail com a solicita\u00e7\u00e3o para que complete o cadastro.<\/p>\n<p>Os trabalhos ser\u00e3o criteriosamente avaliados e selecionados, por meio de uma avalia\u00e7\u00e3o cega por pares, segundo os crit\u00e9rios a seguir:<br>\u2022 Ader\u00eancia aos eixos tem\u00e1ticos;<br>\u2022 Pertin\u00eancia e relev\u00e2ncia para os objetivos do evento;<br>\u2022 Abordagem criativa e inovadora;<br>\u2022 Originalidade;<br>\u2022 Concis\u00e3o e clareza da linguagem, leitura flu\u00edda;<br>\u2022 Base te\u00f3rica-conceitual que reflita o estado-da-arte do campo de conhecimento;<br>\u2022 Estrat\u00e9gia de pesquisa bem estruturada e coerente com os objetivos propostos e que deve constar do resumo aprovado;<br>\u2022 Conclus\u00e3o coerente, clara e objetiva;<br>\u2022 Contribui\u00e7\u00f5es \u00e0 pr\u00e1tica administrativa e\/ou ao campo de conhecimento correspondente.<\/p>\n<p>Os trabalhos aprovados ser\u00e3o selecionados para apresenta\u00e7\u00e3o pelos seus autores no evento. No momento da submiss\u00e3o, os autores poder\u00e3o indicar a modalidade de apresenta\u00e7\u00e3o preferida, sess\u00e3o oral ou p\u00f4ster. A comiss\u00e3o organizadora ir\u00e1 procurar atender \u00e0s prefer\u00eancias dos autores, por\u00e9m reserva-se ao direito de definir o formato de apresenta\u00e7\u00e3o dos trabalhos de acordo com a infraestrutura dispon\u00edvel e a quantidade de trabalhos aprovados, sendo a indica\u00e7\u00e3o do autor uma sugest\u00e3o. Portanto, na divulga\u00e7\u00e3o dos trabalhos aprovados, confira a modalidade de apresenta\u00e7\u00e3o de seu trabalho. Salientamos, ainda, que ambas as modalidades de apresenta\u00e7\u00e3o ocorrer\u00e3o em formato remoto, em salas on-line para as sess\u00f5es orais e publica\u00e7\u00e3o dos p\u00f4steres no site.<\/p>\n<p>&nbsp;<\/p>\n<p>DIVULGA\u00c7\u00c3O DOS RESULTADOS E PUBLICA\u00c7\u00c3O DOS TRABALHOS SELECIONADOS:<\/p>\n<p><br><\/p>\n<p>1) A organiza\u00e7\u00e3o do evento divulgar\u00e1 os resultados, contendo a rela\u00e7\u00e3o dos trabalhos selecionados, at\u00e9 o dia 26 de outubro de 2023.<\/p>\n<p>2) A inclus\u00e3o do trabalho aceito na programa\u00e7\u00e3o do evento est\u00e1 condicionada \u00e0 inscri\u00e7\u00e3o no evento e ao respectivo pagamento de pelo menos um autor do trabalho at\u00e9 o dia 31 de outubro de 2023. Ap\u00f3s esta data, n\u00e3o ser\u00e1 mais poss\u00edvel incluir qualquer trabalho na programa\u00e7\u00e3o do evento, mesmo estando aprovado no processo de avalia\u00e7\u00e3o.<\/p>\n<p>3) A inclus\u00e3o do trabalho nos anais eletr\u00f4nicos do 12\u00ba F\u00f3rum Internacional Ecoinovar, publicados no site do evento, ocorrer\u00e1 somente mediante a apresenta\u00e7\u00e3o do trabalho por um (ou mais) dos autores devidamente inscrito(s) no evento. A apresenta\u00e7\u00e3o do trabalho por autor(es) que n\u00e3o esteja(m) inscrito(s) no evento ou a apresenta\u00e7\u00e3o por participante(s) que n\u00e3o seja(m) autor(es) do trabalho resultar\u00e1 na aus\u00eancia do estudo na publica\u00e7\u00e3o dos anais do evento.<\/p>\n<p>4) Ressalva-se que cada trabalho dever\u00e1 ser in\u00e9dito, n\u00e3o tendo sido publicado sob qualquer forma impressa ou eletr\u00f4nica, devendo assim permanecer at\u00e9 o t\u00e9rmino do evento.<\/p>\n<p>5) Os melhores trabalhos selecionados concorrer\u00e3o a fast-track nos peri\u00f3dicos parceiros do evento.<\/p>\t\t\t\t\t\t\t\t<\/div>\n\t\t\t\t<\/div>\n\t\t\t\t\t<\/div>\n\t\t<\/div>\n\t\t\t\t\t<\/div>\n\t\t<\/section>\n\t\t\t\t<section class=\"elementor-section elementor-top-section elementor-element elementor-element-32cc529 elementor-section-boxed elementor-section-height-default elementor-section-height-default\" data-id=\"32cc529\" data-element_type=\"section\">\n\t\t\t\t\t\t<div class=\"elementor-container elementor-column-gap-default\">\n\t\t\t\t\t<div class=\"elementor-column elementor-col-100 elementor-top-column elementor-element elementor-element-7e0f767\" data-id=\"7e0f767\" data-element_type=\"column\">\n\t\t\t<div class=\"elementor-widget-wrap elementor-element-populated\">\n\t\t\t\t\t\t<div class=\"elementor-element elementor-element-8ea5758 elementor-widget elementor-widget-heading\" data-id=\"8ea5758\" data-element_type=\"widget\" data-widget_type=\"heading.default\">\n\t\t\t\t<div class=\"elementor-widget-container\">\n\t\t\t\t\t<h3 class=\"elementor-heading-title elementor-size-large\">Normas do Cons\u00f3rcio<\/h3>\t\t\t\t<\/div>\n\t\t\t\t<\/div>\n\t\t\t\t<section class=\"elementor-section elementor-inner-section elementor-element elementor-element-47425f6 elementor-section-boxed elementor-section-height-default elementor-section-height-default\" data-id=\"47425f6\" data-element_type=\"section\">\n\t\t\t\t\t\t<div class=\"elementor-container elementor-column-gap-default\">\n\t\t\t\t\t<div class=\"elementor-column elementor-col-50 elementor-inner-column elementor-element elementor-element-ef6d944\" data-id=\"ef6d944\" data-element_type=\"column\">\n\t\t\t<div class=\"elementor-widget-wrap elementor-element-populated\">\n\t\t\t\t\t\t<div class=\"elementor-element elementor-element-e592509 elementor-align-center elementor-widget elementor-widget-button\" data-id=\"e592509\" data-element_type=\"widget\" data-widget_type=\"button.default\">\n\t\t\t\t<div class=\"elementor-widget-container\">\n\t\t\t\t\t\t\t\t\t<div class=\"elementor-button-wrapper\">\n\t\t\t\t\t<a class=\"elementor-button elementor-button-link elementor-size-xl\" href=\"https:\/\/ecoinovar.com\/12\/wp-content\/uploads\/sites\/17\/2023\/07\/NORMAS_Ecoinovar_PT.docx\" target=\"_blank\" id=\"btn-home\">\n\t\t\t\t\t\t<span class=\"elementor-button-content-wrapper\">\n\t\t\t\t\t\t\t\t\t<span class=\"elementor-button-text\">NORMAS T\u00c9CNICAS PARA O CONS\u00d3RCIO <br> <span class=\"subtituloBtnCaixa\"> Baixe o arquivo e conhe\u00e7a as regras<\/span><\/span>\n\t\t\t\t\t<\/span>\n\t\t\t\t\t<\/a>\n\t\t\t\t<\/div>\n\t\t\t\t\t\t\t\t<\/div>\n\t\t\t\t<\/div>\n\t\t\t\t\t<\/div>\n\t\t<\/div>\n\t\t\t\t<div class=\"elementor-column elementor-col-50 elementor-inner-column elementor-element elementor-element-3e99ba6\" data-id=\"3e99ba6\" data-element_type=\"column\">\n\t\t\t<div class=\"elementor-widget-wrap\">\n\t\t\t\t\t\t\t<\/div>\n\t\t<\/div>\n\t\t\t\t\t<\/div>\n\t\t<\/section>\n\t\t\t\t<section class=\"elementor-section elementor-inner-section elementor-element elementor-element-cdff5a2 elementor-section-boxed elementor-section-height-default elementor-section-height-default\" data-id=\"cdff5a2\" data-element_type=\"section\">\n\t\t\t\t\t\t<div class=\"elementor-container elementor-column-gap-default\">\n\t\t\t\t\t<div class=\"elementor-column elementor-col-50 elementor-inner-column elementor-element elementor-element-47f2e56\" data-id=\"47f2e56\" data-element_type=\"column\">\n\t\t\t<div class=\"elementor-widget-wrap elementor-element-populated\">\n\t\t\t\t\t\t<div class=\"elementor-element elementor-element-716793f elementor-align-center elementor-widget elementor-widget-button\" data-id=\"716793f\" data-element_type=\"widget\" data-widget_type=\"button.default\">\n\t\t\t\t<div class=\"elementor-widget-container\">\n\t\t\t\t\t\t\t\t\t<div class=\"elementor-button-wrapper\">\n\t\t\t\t\t<a class=\"elementor-button elementor-button-link elementor-size-xl\" href=\"https:\/\/ecoinovar.com\/12\/wp-content\/uploads\/sites\/17\/2023\/07\/NORMAS_Ecoinovar_EN.docx\" target=\"_blank\" id=\"btn-home\">\n\t\t\t\t\t\t<span class=\"elementor-button-content-wrapper\">\n\t\t\t\t\t\t\t\t\t<span class=\"elementor-button-text\">TECHNICAL STANDARDS FOR CONSORTIUM <br><span class=\"subtituloBtnCaixa\">  Download the file and know the rules<\/span><\/span>\n\t\t\t\t\t<\/span>\n\t\t\t\t\t<\/a>\n\t\t\t\t<\/div>\n\t\t\t\t\t\t\t\t<\/div>\n\t\t\t\t<\/div>\n\t\t\t\t\t<\/div>\n\t\t<\/div>\n\t\t\t\t<div class=\"elementor-column elementor-col-50 elementor-inner-column elementor-element elementor-element-4b81b8f\" data-id=\"4b81b8f\" data-element_type=\"column\">\n\t\t\t<div class=\"elementor-widget-wrap\">\n\t\t\t\t\t\t\t<\/div>\n\t\t<\/div>\n\t\t\t\t\t<\/div>\n\t\t<\/section>\n\t\t\t\t<section class=\"elementor-section elementor-inner-section elementor-element elementor-element-6814e6a elementor-section-boxed elementor-section-height-default elementor-section-height-default\" data-id=\"6814e6a\" data-element_type=\"section\">\n\t\t\t\t\t\t<div class=\"elementor-container elementor-column-gap-default\">\n\t\t\t\t\t<div class=\"elementor-column elementor-col-50 elementor-inner-column elementor-element elementor-element-9e4e757\" data-id=\"9e4e757\" data-element_type=\"column\">\n\t\t\t<div class=\"elementor-widget-wrap elementor-element-populated\">\n\t\t\t\t\t\t<div class=\"elementor-element elementor-element-4322796 elementor-align-center elementor-widget elementor-widget-button\" data-id=\"4322796\" data-element_type=\"widget\" data-widget_type=\"button.default\">\n\t\t\t\t<div class=\"elementor-widget-container\">\n\t\t\t\t\t\t\t\t\t<div class=\"elementor-button-wrapper\">\n\t\t\t\t\t<a class=\"elementor-button elementor-button-link elementor-size-xl\" href=\"https:\/\/ecoinovar.com\/12\/wp-content\/uploads\/sites\/17\/2023\/07\/NORMAS_Ecoinovar_ES.docx\" target=\"_blank\" id=\"btn-home\">\n\t\t\t\t\t\t<span class=\"elementor-button-content-wrapper\">\n\t\t\t\t\t\t\t\t\t<span class=\"elementor-button-text\">NORMAS T\u00c9CNICAS PARA LO CONSORCIO<br><span class=\"subtituloBtnCaixa\">  Descarga el archivo y conoce las reglas<\/span><\/span>\n\t\t\t\t\t<\/span>\n\t\t\t\t\t<\/a>\n\t\t\t\t<\/div>\n\t\t\t\t\t\t\t\t<\/div>\n\t\t\t\t<\/div>\n\t\t\t\t\t<\/div>\n\t\t<\/div>\n\t\t\t\t<div class=\"elementor-column elementor-col-50 elementor-inner-column elementor-element elementor-element-4280ab3\" data-id=\"4280ab3\" data-element_type=\"column\">\n\t\t\t<div class=\"elementor-widget-wrap\">\n\t\t\t\t\t\t\t<\/div>\n\t\t<\/div>\n\t\t\t\t\t<\/div>\n\t\t<\/section>\n\t\t\t\t\t<\/div>\n\t\t<\/div>\n\t\t\t\t\t<\/div>\n\t\t<\/section>\n\t\t\t\t<section class=\"elementor-section elementor-top-section elementor-element elementor-element-3753b93 elementor-section-boxed elementor-section-height-default elementor-section-height-default\" data-id=\"3753b93\" data-element_type=\"section\">\n\t\t\t\t\t\t<div class=\"elementor-container elementor-column-gap-default\">\n\t\t\t\t\t<div class=\"elementor-column elementor-col-100 elementor-top-column elementor-element elementor-element-0adc5a9\" data-id=\"0adc5a9\" data-element_type=\"column\">\n\t\t\t<div class=\"elementor-widget-wrap elementor-element-populated\">\n\t\t\t\t\t\t<div class=\"elementor-element elementor-element-3beb7c0 elementor-widget elementor-widget-heading\" data-id=\"3beb7c0\" data-element_type=\"widget\" data-widget_type=\"heading.default\">\n\t\t\t\t<div class=\"elementor-widget-container\">\n\t\t\t\t\t<h3 class=\"elementor-heading-title elementor-size-large\">Template para envio dos Trabalhos<\/h3>\t\t\t\t<\/div>\n\t\t\t\t<\/div>\n\t\t\t\t<section class=\"elementor-section elementor-inner-section elementor-element elementor-element-d56d8dc elementor-section-boxed elementor-section-height-default elementor-section-height-default\" data-id=\"d56d8dc\" data-element_type=\"section\">\n\t\t\t\t\t\t<div class=\"elementor-container elementor-column-gap-default\">\n\t\t\t\t\t<div class=\"elementor-column elementor-col-100 elementor-inner-column elementor-element elementor-element-76faa93\" data-id=\"76faa93\" data-element_type=\"column\">\n\t\t\t<div class=\"elementor-widget-wrap\">\n\t\t\t\t\t\t\t<\/div>\n\t\t<\/div>\n\t\t\t\t\t<\/div>\n\t\t<\/section>\n\t\t\t\t<section class=\"elementor-section elementor-inner-section elementor-element elementor-element-4bbdb7d elementor-section-boxed elementor-section-height-default elementor-section-height-default\" data-id=\"4bbdb7d\" data-element_type=\"section\">\n\t\t\t\t\t\t<div class=\"elementor-container elementor-column-gap-default\">\n\t\t\t\t\t<div class=\"elementor-column elementor-col-50 elementor-inner-column elementor-element elementor-element-eeb08fa\" data-id=\"eeb08fa\" data-element_type=\"column\">\n\t\t\t<div class=\"elementor-widget-wrap elementor-element-populated\">\n\t\t\t\t\t\t<div class=\"elementor-element elementor-element-ea41449 elementor-align-center elementor-widget elementor-widget-button\" data-id=\"ea41449\" data-element_type=\"widget\" data-widget_type=\"button.default\">\n\t\t\t\t<div class=\"elementor-widget-container\">\n\t\t\t\t\t\t\t\t\t<div class=\"elementor-button-wrapper\">\n\t\t\t\t\t<a class=\"elementor-button elementor-button-link elementor-size-xl\" href=\"https:\/\/ecoinovar.com\/12\/wp-content\/uploads\/sites\/17\/2023\/07\/Template-Ecoinovar_PT.docx\" target=\"_blank\" id=\"btn-home\">\n\t\t\t\t\t\t<span class=\"elementor-button-content-wrapper\">\n\t\t\t\t\t\t\t\t\t<span class=\"elementor-button-text\">TEMPLATE - PORTUGU\u00caS <br> <span class=\"subtituloBtnCaixa\">  Baixe o arquivo<\/span><\/span>\n\t\t\t\t\t<\/span>\n\t\t\t\t\t<\/a>\n\t\t\t\t<\/div>\n\t\t\t\t\t\t\t\t<\/div>\n\t\t\t\t<\/div>\n\t\t\t\t\t<\/div>\n\t\t<\/div>\n\t\t\t\t<div class=\"elementor-column elementor-col-50 elementor-inner-column elementor-element elementor-element-41e75e8\" data-id=\"41e75e8\" data-element_type=\"column\">\n\t\t\t<div class=\"elementor-widget-wrap\">\n\t\t\t\t\t\t\t<\/div>\n\t\t<\/div>\n\t\t\t\t\t<\/div>\n\t\t<\/section>\n\t\t\t\t<section class=\"elementor-section elementor-inner-section elementor-element elementor-element-8712685 elementor-section-boxed elementor-section-height-default elementor-section-height-default\" data-id=\"8712685\" data-element_type=\"section\">\n\t\t\t\t\t\t<div class=\"elementor-container elementor-column-gap-default\">\n\t\t\t\t\t<div class=\"elementor-column elementor-col-50 elementor-inner-column elementor-element elementor-element-bdc74af\" data-id=\"bdc74af\" data-element_type=\"column\">\n\t\t\t<div class=\"elementor-widget-wrap elementor-element-populated\">\n\t\t\t\t\t\t<div class=\"elementor-element elementor-element-a7ec0dd elementor-align-center elementor-widget elementor-widget-button\" data-id=\"a7ec0dd\" data-element_type=\"widget\" data-widget_type=\"button.default\">\n\t\t\t\t<div class=\"elementor-widget-container\">\n\t\t\t\t\t\t\t\t\t<div class=\"elementor-button-wrapper\">\n\t\t\t\t\t<a class=\"elementor-button elementor-button-link elementor-size-xl\" href=\"https:\/\/ecoinovar.com\/12\/wp-content\/uploads\/sites\/17\/2023\/07\/Template-Ecoinovar_EN.docx\" target=\"_blank\" id=\"btn-home\">\n\t\t\t\t\t\t<span class=\"elementor-button-content-wrapper\">\n\t\t\t\t\t\t\t\t\t<span class=\"elementor-button-text\">TEMPLATE - ENGLISH <br> <span class=\"subtituloBtnCaixa\">  Download the file<\/span><\/span>\n\t\t\t\t\t<\/span>\n\t\t\t\t\t<\/a>\n\t\t\t\t<\/div>\n\t\t\t\t\t\t\t\t<\/div>\n\t\t\t\t<\/div>\n\t\t\t\t\t<\/div>\n\t\t<\/div>\n\t\t\t\t<div class=\"elementor-column elementor-col-50 elementor-inner-column elementor-element elementor-element-49d2495\" data-id=\"49d2495\" data-element_type=\"column\">\n\t\t\t<div class=\"elementor-widget-wrap\">\n\t\t\t\t\t\t\t<\/div>\n\t\t<\/div>\n\t\t\t\t\t<\/div>\n\t\t<\/section>\n\t\t\t\t<section class=\"elementor-section elementor-inner-section elementor-element elementor-element-067b03d elementor-section-boxed elementor-section-height-default elementor-section-height-default\" data-id=\"067b03d\" data-element_type=\"section\">\n\t\t\t\t\t\t<div class=\"elementor-container elementor-column-gap-default\">\n\t\t\t\t\t<div class=\"elementor-column elementor-col-50 elementor-inner-column elementor-element elementor-element-ecb73f4\" data-id=\"ecb73f4\" data-element_type=\"column\">\n\t\t\t<div class=\"elementor-widget-wrap elementor-element-populated\">\n\t\t\t\t\t\t<div class=\"elementor-element elementor-element-afb4be8 elementor-align-center elementor-widget elementor-widget-button\" data-id=\"afb4be8\" data-element_type=\"widget\" data-widget_type=\"button.default\">\n\t\t\t\t<div class=\"elementor-widget-container\">\n\t\t\t\t\t\t\t\t\t<div class=\"elementor-button-wrapper\">\n\t\t\t\t\t<a class=\"elementor-button elementor-button-link elementor-size-xl\" href=\"https:\/\/ecoinovar.com\/12\/wp-content\/uploads\/sites\/17\/2023\/07\/Template-Ecoinovar_ES.docx\" target=\"_blank\" id=\"btn-home\">\n\t\t\t\t\t\t<span class=\"elementor-button-content-wrapper\">\n\t\t\t\t\t\t\t\t\t<span class=\"elementor-button-text\">TEMPLATE - ESPAN\u00d5L<br> <span class=\"subtituloBtnCaixa\">  Descargar el archivo<\/span><\/span>\n\t\t\t\t\t<\/span>\n\t\t\t\t\t<\/a>\n\t\t\t\t<\/div>\n\t\t\t\t\t\t\t\t<\/div>\n\t\t\t\t<\/div>\n\t\t\t\t\t<\/div>\n\t\t<\/div>\n\t\t\t\t<div class=\"elementor-column elementor-col-50 elementor-inner-column elementor-element elementor-element-ed0bcb5\" data-id=\"ed0bcb5\" data-element_type=\"column\">\n\t\t\t<div class=\"elementor-widget-wrap\">\n\t\t\t\t\t\t\t<\/div>\n\t\t<\/div>\n\t\t\t\t\t<\/div>\n\t\t<\/section>\n\t\t\t\t\t<\/div>\n\t\t<\/div>\n\t\t\t\t\t<\/div>\n\t\t<\/section>\n\t\t\t\t<section class=\"elementor-section elementor-top-section elementor-element elementor-element-22e1783 elementor-section-boxed elementor-section-height-default elementor-section-height-default\" data-id=\"22e1783\" data-element_type=\"section\">\n\t\t\t\t\t\t<div class=\"elementor-container elementor-column-gap-default\">\n\t\t\t\t\t<div class=\"elementor-column elementor-col-100 elementor-top-column elementor-element elementor-element-5be1815\" data-id=\"5be1815\" data-element_type=\"column\">\n\t\t\t<div class=\"elementor-widget-wrap elementor-element-populated\">\n\t\t\t\t\t\t<div class=\"elementor-element elementor-element-192126c elementor-widget elementor-widget-heading\" data-id=\"192126c\" data-element_type=\"widget\" data-widget_type=\"heading.default\">\n\t\t\t\t<div class=\"elementor-widget-container\">\n\t\t\t\t\t<h3 class=\"elementor-heading-title elementor-size-large\">Submiss\u00e3o de trabalhos<\/h3>\t\t\t\t<\/div>\n\t\t\t\t<\/div>\n\t\t\t\t<section class=\"elementor-section elementor-inner-section elementor-element elementor-element-d811213 elementor-section-boxed elementor-section-height-default elementor-section-height-default\" data-id=\"d811213\" data-element_type=\"section\">\n\t\t\t\t\t\t<div class=\"elementor-container elementor-column-gap-default\">\n\t\t\t\t\t<div class=\"elementor-column elementor-col-50 elementor-inner-column elementor-element elementor-element-7a80117\" data-id=\"7a80117\" data-element_type=\"column\">\n\t\t\t<div class=\"elementor-widget-wrap elementor-element-populated\">\n\t\t\t\t\t\t<div class=\"elementor-element elementor-element-51da77e elementor-align-center elementor-widget elementor-widget-button\" data-id=\"51da77e\" data-element_type=\"widget\" data-widget_type=\"button.default\">\n\t\t\t\t<div class=\"elementor-widget-container\">\n\t\t\t\t\t\t\t\t\t<div class=\"elementor-button-wrapper\">\n\t\t\t\t\t<a class=\"elementor-button elementor-button-link elementor-size-xl\" href=\"http:\/\/ecoinovar.submissao.com.br\/12ecoinovar\" target=\"_blank\" id=\"btn-home\">\n\t\t\t\t\t\t<span class=\"elementor-button-content-wrapper\">\n\t\t\t\t\t\t\t\t\t<span class=\"elementor-button-text\">ACESSE O SISTEMA <br> <span class=\"subtituloBtnCaixa\">  Acesse o sistema e envie seu trabalho<\/span><\/span>\n\t\t\t\t\t<\/span>\n\t\t\t\t\t<\/a>\n\t\t\t\t<\/div>\n\t\t\t\t\t\t\t\t<\/div>\n\t\t\t\t<\/div>\n\t\t\t\t\t<\/div>\n\t\t<\/div>\n\t\t\t\t<div class=\"elementor-column elementor-col-50 elementor-inner-column elementor-element elementor-element-b92f972\" data-id=\"b92f972\" data-element_type=\"column\">\n\t\t\t<div class=\"elementor-widget-wrap\">\n\t\t\t\t\t\t\t<\/div>\n\t\t<\/div>\n\t\t\t\t\t<\/div>\n\t\t<\/section>\n\t\t\t\t\t<\/div>\n\t\t<\/div>\n\t\t\t\t\t<\/div>\n\t\t<\/section>\n\t\t\t\t<\/div>\n\t\t","protected":false},"excerpt":{"rendered":"<p>Os trabalhos a serem submetidos ao F\u00f3rum Internacional Ecoinovar poder\u00e3o ser resultantes de teses\/disserta\u00e7\u00f5es, pesquisas acad\u00eamicas, divulga\u00e7\u00e3o de pr\u00e1ticas no campo da inova\u00e7\u00e3o e da sustentabilidade, estudos de caso e relatos de experi\u00eancias.&nbsp; Os trabalhos dever\u00e3o ser enviados nas seguintes categorias:&nbsp;1)&nbsp;Artigos Acad\u00eamicos;2)&nbsp;Ensaios Te\u00f3ricos;3)&nbsp;Relatos de Pr\u00e1ticas de Gest\u00e3o; 4)&nbsp;Inicia\u00e7\u00e3o Cient\u00edfica. Os estudos poder\u00e3o ser&nbsp;individuais ou em&hellip;<\/p>\n","protected":false},"author":1,"featured_media":0,"parent":0,"menu_order":0,"comment_status":"closed","ping_status":"closed","template":"","meta":{"footnotes":"","_links_to":"","_links_to_target":""},"class_list":["post-282","page","type-page","status-publish","hentry"],"_links":{"self":[{"href":"https:\/\/ecoinovar.com\/12\/wp-json\/wp\/v2\/pages\/282","targetHints":{"allow":["GET"]}}],"collection":[{"href":"https:\/\/ecoinovar.com\/12\/wp-json\/wp\/v2\/pages"}],"about":[{"href":"https:\/\/ecoinovar.com\/12\/wp-json\/wp\/v2\/types\/page"}],"author":[{"embeddable":true,"href":"https:\/\/ecoinovar.com\/12\/wp-json\/wp\/v2\/users\/1"}],"replies":[{"embeddable":true,"href":"https:\/\/ecoinovar.com\/12\/wp-json\/wp\/v2\/comments?post=282"}],"version-history":[{"count":19,"href":"https:\/\/ecoinovar.com\/12\/wp-json\/wp\/v2\/pages\/282\/revisions"}],"predecessor-version":[{"id":856,"href":"https:\/\/ecoinovar.com\/12\/wp-json\/wp\/v2\/pages\/282\/revisions\/856"}],"wp:attachment":[{"href":"https:\/\/ecoinovar.com\/12\/wp-json\/wp\/v2\/media?parent=282"}],"curies":[{"name":"wp","href":"https:\/\/api.w.org\/{rel}","templated":true}]}}