{"id":235,"date":"2023-07-04T14:38:30","date_gmt":"2023-07-04T17:38:30","guid":{"rendered":"https:\/\/ecoinovar.com\/12\/?page_id=235"},"modified":"2023-11-03T18:27:25","modified_gmt":"2023-11-03T21:27:25","slug":"instrucoes-para-apresentacao","status":"publish","type":"page","link":"https:\/\/ecoinovar.com\/12\/mostra-cientifica\/instrucoes-para-apresentacao\/","title":{"rendered":"Instru\u00e7\u00f5es para apresenta\u00e7\u00e3o"},"content":{"rendered":"\t\t<div data-elementor-type=\"wp-page\" data-elementor-id=\"235\" class=\"elementor elementor-235\" data-elementor-post-type=\"page\">\n\t\t\t\t\t\t<section class=\"elementor-section elementor-top-section elementor-element elementor-element-3d93a13 elementor-section-boxed elementor-section-height-default elementor-section-height-default\" data-id=\"3d93a13\" data-element_type=\"section\">\n\t\t\t\t\t\t<div class=\"elementor-container elementor-column-gap-default\">\n\t\t\t\t\t<div class=\"elementor-column elementor-col-50 elementor-top-column elementor-element elementor-element-46f563d\" data-id=\"46f563d\" data-element_type=\"column\">\n\t\t\t<div class=\"elementor-widget-wrap elementor-element-populated\">\n\t\t\t\t\t\t<div class=\"elementor-element elementor-element-a0f891b elementor-widget elementor-widget-text-editor\" data-id=\"a0f891b\" data-element_type=\"widget\" data-widget_type=\"text-editor.default\">\n\t\t\t\t<div class=\"elementor-widget-container\">\n\t\t\t\t\t\t\t\t\t<p><\/p>\n<p>Ap\u00f3s a aprova\u00e7\u00e3o do trabalho,\u00a0a equipe dever\u00e1 produzir o v\u00eddeo com a apresenta\u00e7\u00e3o do trabalho aprovado e fazer o upload no Formul\u00e1rio do Google Forms \u2013\u00a0<span style=\"color: var( --e-global-color-text ); font-family: var( --e-global-typography-text-font-family ), Sans-serif; font-weight: var( --e-global-typography-text-font-weight ); word-spacing: normal;\"><a href=\"https:\/\/forms.gle\/JmXZntyGCFnDaXJXA\" target=\"_blank\" rel=\"noopener\">https:\/\/forms.gle\/JmXZntyGCFnDaXJXA\u00a0<\/a><\/span><span style=\"color: var( --e-global-color-text ); font-family: var( --e-global-typography-text-font-family ), Sans-serif; font-weight: var( --e-global-typography-text-font-weight ); word-spacing: normal;\">( \u00c9 necess\u00e1rio realizar o login com uma conta do Google ). Assim que as informa\u00e7\u00f5es do trabalho (c\u00f3digo do trabalho gerado no sistema de submiss\u00e3o, t\u00edtulo do trabalho e professor coordenador) forem informadas e o v\u00eddeo adicionado ser\u00e1 necess\u00e1rio submeter o formul\u00e1rio no campo \u201cEnviar\u201d.<\/span><\/p>\n<p>Os v\u00eddeos poder\u00e3o ser produzidos por meio da ferramenta Zoom, Power Point ou de aparelhos como c\u00e2meras e celulares.<\/p>\n<p>Todos os passos para gravar v\u00eddeos no Zoom e Power Point est\u00e3o descritos, com detalhes, nos tutoriais abaixo:<\/p>\n<div><a href=\"https:\/\/ecoinovar.com\/9\/wp-content\/uploads\/sites\/6\/2020\/11\/TUTORIAL-PARA-PRODUCAO-DE-VIDEOS-PowerPoint.pdf\" target=\"_blank\" rel=\"noopener\">TUTORIAL PARA PRODU\u00c7\u00c3O DE V\u00cdDEO NO POWER POINT<\/a><\/div>\n<div><a href=\"https:\/\/ecoinovar.com\/9\/wp-content\/uploads\/sites\/6\/2020\/11\/TUTORIAL-PARA-PRODUCAO-DE-VIDEOS-ZOOM.pdf\">TUTORIAL PARA PRODU\u00c7\u00c3O DE V\u00cdDEOS NO ZOOM<\/a><\/div>\n<p>Para a confec\u00e7\u00e3o dos v\u00eddeos \u00e9 sugerido o\u00a0<em>template<\/em>\u00a0que pode ser acessado em:<\/p>\n<p><a href=\"https:\/\/ecoinovar.com\/9\/wp-content\/uploads\/sites\/6\/2020\/11\/Template-poster-Mostra.pptx\">Template P\u00f4ster<\/a><\/p>\n<p><a href=\"https:\/\/ecoinovar.com\/9\/wp-content\/uploads\/sites\/6\/2020\/11\/Template-Ap.-Oral-Mostra.pptx\">Template Apresenta\u00e7\u00e3o Oral<\/a><\/p>\n<p>Sugerimos seguir este roteiro:<\/p>\n<ul>\n<li>Apresenta\u00e7\u00e3o Pessoal;<\/li>\n<li>Apresenta\u00e7\u00e3o da Escola;<\/li>\n<li>Detalhes do trabalho.<\/li>\n<\/ul>\n<p>Por fim, outras informa\u00e7\u00f5es importantes:<\/p>\n<p>\u2013 A grava\u00e7\u00e3o do v\u00eddeo n\u00e3o poder\u00e1 ultrapassar\u00a0<strong>5 minutos<\/strong>;<\/p>\n<p>\u2013 O link do v\u00eddeo deve ser postado impreterivelmente at\u00e9 o dia <b>06<\/b><strong>\u00a0de novembro<\/strong>;<\/p>\n<p>\u2013 Recomenda-se a grava\u00e7\u00e3o dos v\u00eddeos em qualidade Full HD-1080p e na extens\u00e3o .mp4;<\/p>\n<p><strong>\u2013 Os trabalhos e as apresenta\u00e7\u00f5es ficar\u00e3o expostos durante o dia 14 de novembro para aprecia\u00e7\u00e3o dos avaliadores e demais participantes do evento. As apresenta\u00e7\u00f5es poder\u00e3o receber coment\u00e1rios e curtidas. \u00c9 importante que os autores atentem em responder as perguntas que forem feitas em seu respectivo trabalho.<\/strong><\/p>\n<p><strong>\u2013 As equipes e demais participantes s\u00e3o convidados a trocar ideias sobre os trabalhos e demais atividades do evento na Sess\u00e3o de Networking prevista na programa\u00e7\u00e3o.<\/strong><\/p>\n<p>D\u00favidas poder\u00e3o ser esclarecidas por meio do e-mail <a href=\"mailto:contato@ecoinovar.com.br\">contato@ecoinovar.com.br<\/a><\/p>\n<p><\/p>\n<p><\/p>\n<div style=\"height: 100px;\" aria-hidden=\"true\">\u00a0<\/div>\n<p><\/p>\t\t\t\t\t\t\t\t<\/div>\n\t\t\t\t<\/div>\n\t\t\t\t\t<\/div>\n\t\t<\/div>\n\t\t\t\t<div class=\"elementor-column elementor-col-50 elementor-top-column elementor-element elementor-element-69aca00\" data-id=\"69aca00\" data-element_type=\"column\">\n\t\t\t<div class=\"elementor-widget-wrap elementor-element-populated\">\n\t\t\t\t\t\t<div class=\"elementor-element elementor-element-880e382 elementor-widget elementor-widget-image\" data-id=\"880e382\" data-element_type=\"widget\" data-widget_type=\"image.default\">\n\t\t\t\t<div class=\"elementor-widget-container\">\n\t\t\t\t\t\t\t\t\t\t\t\t\t\t\t<img fetchpriority=\"high\" decoding=\"async\" width=\"365\" height=\"227\" src=\"https:\/\/ecoinovar.com\/12\/wp-content\/uploads\/sites\/17\/2023\/07\/logotipo.png\" class=\"attachment-large size-large wp-image-132\" alt=\"\" srcset=\"https:\/\/ecoinovar.com\/12\/wp-content\/uploads\/sites\/17\/2023\/07\/logotipo.png 365w, https:\/\/ecoinovar.com\/12\/wp-content\/uploads\/sites\/17\/2023\/07\/logotipo-300x187.png 300w\" sizes=\"(max-width: 365px) 100vw, 365px\" \/>\t\t\t\t\t\t\t\t\t\t\t\t\t\t\t<\/div>\n\t\t\t\t<\/div>\n\t\t\t\t<div class=\"elementor-element elementor-element-1f69bdf elementor-align-justify elementor-widget elementor-widget-button\" data-id=\"1f69bdf\" data-element_type=\"widget\" data-widget_type=\"button.default\">\n\t\t\t\t<div class=\"elementor-widget-container\">\n\t\t\t\t\t\t\t\t\t<div class=\"elementor-button-wrapper\">\n\t\t\t\t\t<a class=\"elementor-button elementor-button-link elementor-size-sm\" href=\"https:\/\/ecoinovar.com\/12\/mostra-cientifica\/submissao-de-trabalhos\/\">\n\t\t\t\t\t\t<span class=\"elementor-button-content-wrapper\">\n\t\t\t\t\t\t\t\t\t<span class=\"elementor-button-text\">Submiss\u00e3o de Trabalhos<\/span>\n\t\t\t\t\t<\/span>\n\t\t\t\t\t<\/a>\n\t\t\t\t<\/div>\n\t\t\t\t\t\t\t\t<\/div>\n\t\t\t\t<\/div>\n\t\t\t\t<div class=\"elementor-element elementor-element-31242b4 elementor-align-justify elementor-widget elementor-widget-button\" data-id=\"31242b4\" data-element_type=\"widget\" data-widget_type=\"button.default\">\n\t\t\t\t<div class=\"elementor-widget-container\">\n\t\t\t\t\t\t\t\t\t<div class=\"elementor-button-wrapper\">\n\t\t\t\t\t<a class=\"elementor-button elementor-button-link elementor-size-sm\" href=\"https:\/\/ecoinovar.com\/12\/mostra-cientifica\/instrucoes-para-apresentacao\/\">\n\t\t\t\t\t\t<span class=\"elementor-button-content-wrapper\">\n\t\t\t\t\t\t\t\t\t<span class=\"elementor-button-text\">Instru\u00e7\u00f5es para apresenta\u00e7\u00e3o<\/span>\n\t\t\t\t\t<\/span>\n\t\t\t\t\t<\/a>\n\t\t\t\t<\/div>\n\t\t\t\t\t\t\t\t<\/div>\n\t\t\t\t<\/div>\n\t\t\t\t<div class=\"elementor-element elementor-element-25ef521 elementor-align-justify elementor-widget elementor-widget-button\" data-id=\"25ef521\" data-element_type=\"widget\" data-widget_type=\"button.default\">\n\t\t\t\t<div class=\"elementor-widget-container\">\n\t\t\t\t\t\t\t\t\t<div class=\"elementor-button-wrapper\">\n\t\t\t\t\t<a class=\"elementor-button elementor-button-link elementor-size-sm\" href=\"https:\/\/ecoinovar.com\/12\/mostra-cientifica\/edicoes-anteriores\/\">\n\t\t\t\t\t\t<span class=\"elementor-button-content-wrapper\">\n\t\t\t\t\t\t\t\t\t<span class=\"elementor-button-text\">Edi\u00e7\u00f5es Anteriores<\/span>\n\t\t\t\t\t<\/span>\n\t\t\t\t\t<\/a>\n\t\t\t\t<\/div>\n\t\t\t\t\t\t\t\t<\/div>\n\t\t\t\t<\/div>\n\t\t\t\t\t<\/div>\n\t\t<\/div>\n\t\t\t\t\t<\/div>\n\t\t<\/section>\n\t\t\t\t<\/div>\n\t\t","protected":false},"excerpt":{"rendered":"<p>Ap\u00f3s a aprova\u00e7\u00e3o do trabalho,\u00a0a equipe dever\u00e1 produzir o v\u00eddeo com a apresenta\u00e7\u00e3o do trabalho aprovado e fazer o upload no Formul\u00e1rio do Google Forms \u2013\u00a0https:\/\/forms.gle\/JmXZntyGCFnDaXJXA\u00a0( \u00c9 necess\u00e1rio realizar o login com uma conta do Google ). Assim que as informa\u00e7\u00f5es do trabalho (c\u00f3digo do trabalho gerado no sistema de submiss\u00e3o, t\u00edtulo do trabalho e&hellip;<\/p>\n","protected":false},"author":1,"featured_media":0,"parent":130,"menu_order":0,"comment_status":"closed","ping_status":"closed","template":"","meta":{"footnotes":"","_links_to":"","_links_to_target":""},"class_list":["post-235","page","type-page","status-publish","hentry"],"_links":{"self":[{"href":"https:\/\/ecoinovar.com\/12\/wp-json\/wp\/v2\/pages\/235","targetHints":{"allow":["GET"]}}],"collection":[{"href":"https:\/\/ecoinovar.com\/12\/wp-json\/wp\/v2\/pages"}],"about":[{"href":"https:\/\/ecoinovar.com\/12\/wp-json\/wp\/v2\/types\/page"}],"author":[{"embeddable":true,"href":"https:\/\/ecoinovar.com\/12\/wp-json\/wp\/v2\/users\/1"}],"replies":[{"embeddable":true,"href":"https:\/\/ecoinovar.com\/12\/wp-json\/wp\/v2\/comments?post=235"}],"version-history":[{"count":22,"href":"https:\/\/ecoinovar.com\/12\/wp-json\/wp\/v2\/pages\/235\/revisions"}],"predecessor-version":[{"id":926,"href":"https:\/\/ecoinovar.com\/12\/wp-json\/wp\/v2\/pages\/235\/revisions\/926"}],"up":[{"embeddable":true,"href":"https:\/\/ecoinovar.com\/12\/wp-json\/wp\/v2\/pages\/130"}],"wp:attachment":[{"href":"https:\/\/ecoinovar.com\/12\/wp-json\/wp\/v2\/media?parent=235"}],"curies":[{"name":"wp","href":"https:\/\/api.w.org\/{rel}","templated":true}]}}