{"id":230,"date":"2023-07-04T14:35:36","date_gmt":"2023-07-04T17:35:36","guid":{"rendered":"https:\/\/ecoinovar.com\/12\/?page_id=230"},"modified":"2023-10-24T16:15:21","modified_gmt":"2023-10-24T19:15:21","slug":"submissao-de-trabalhos","status":"publish","type":"page","link":"https:\/\/ecoinovar.com\/12\/mostra-cientifica\/submissao-de-trabalhos\/","title":{"rendered":"Submiss\u00e3o de Trabalhos"},"content":{"rendered":"\t\t<div data-elementor-type=\"wp-page\" data-elementor-id=\"230\" class=\"elementor elementor-230\" data-elementor-post-type=\"page\">\n\t\t\t\t\t\t<section class=\"elementor-section elementor-top-section elementor-element elementor-element-c086d87 elementor-section-boxed elementor-section-height-default elementor-section-height-default\" data-id=\"c086d87\" data-element_type=\"section\">\n\t\t\t\t\t\t<div class=\"elementor-container elementor-column-gap-default\">\n\t\t\t\t\t<div class=\"elementor-column elementor-col-50 elementor-top-column elementor-element elementor-element-3b67066\" data-id=\"3b67066\" data-element_type=\"column\">\n\t\t\t<div class=\"elementor-widget-wrap elementor-element-populated\">\n\t\t\t\t\t\t<div class=\"elementor-element elementor-element-3ef08d8 elementor-widget elementor-widget-text-editor\" data-id=\"3ef08d8\" data-element_type=\"widget\" data-widget_type=\"text-editor.default\">\n\t\t\t\t<div class=\"elementor-widget-container\">\n\t\t\t\t\t\t\t\t\t<p>As submiss\u00f5es de projetos para a VII Mostra Cient\u00edfica Ecoinovar est\u00e3o abertas at\u00e9 as 23h59m do dia 31 de outubro de 2023.<\/p>\n<p>Os trabalhos podem ser submetidos em&nbsp;duas categorias:&nbsp;<\/p>\n<p><strong>1) projetos;<\/strong>&nbsp;<\/p>\n<p><strong>2) trabalhos art\u00edsticos.&nbsp;<\/strong><\/p>\n<p>Devem ser&nbsp;submetidos em formato resumo e abordar temas relacionados a&nbsp;<b>Inova\u00e7\u00e3o&nbsp;<\/b>e\/ou&nbsp;<b>Sustentabilidade<\/b>,&nbsp;contendo introdu\u00e7\u00e3o, objetivos, metodologia, resultados (esperados\/alcan\u00e7ados)&nbsp;e conclus\u00e3o. No caso de trabalhos art\u00edsticos, pode ser enviado apenas um breve&nbsp;relato do trabalho, incluindo materiais visuais e\/ou fotografias.<\/p>\n<p>Observa-se que os trabalhos devem ser&nbsp;submetidos em arquivo formato .PDF de, no m\u00e1ximo, uma (1) p\u00e1gina. Al\u00e9m&nbsp;disso, n\u00e3o ter\u00e1 n\u00famero limite para a inscri\u00e7\u00e3o de equipes por escola, desde que&nbsp;cada aluno participe apenas de um projeto.<\/p>\n<p>Os projetos que estiverem associados&nbsp;a uma equipe dever\u00e3o ser compostos por, no m\u00e1ximo, quatro (4) alunos, sendo um&nbsp;(1) aluno l\u00edder. Preferencialmente, os estudantes devem estar no mesmo n\u00edvel de ensino da mesma institui\u00e7\u00e3o. Al\u00e9m disso, devem conter um professor coordenador,&nbsp;respons\u00e1vel pela submiss\u00e3o, al\u00e9m da op\u00e7\u00e3o de mais dois professores&nbsp;colaboradores.&nbsp;<\/p>\n<p>A equipe dever\u00e1 se inscrever em um&nbsp;dos n\u00edveis de ensino, a seguir:<\/p>\n<ul>\n<li>EDUCA\u00c7\u00c3O INFANTIL<\/li>\n<li>ENSINO FUNDAMENTAL \u2013 ANOS INICIAIS (1\u00b0AO 5\u00b0 ANO)<\/li>\n<li>ENSINO FUNDAMENTAL \u2013 ANOS FINAIS (6\u00b0AO 9\u00b0 ANO)<\/li>\n<li>ENSINO M\u00c9DIO<\/li>\n<li>ENSINO T\u00c9CNICO<\/li>\n<\/ul>\n<p>IMPORTANTE:&nbsp;<u>O professor coordenador dever\u00e1 realizar um cadastro no sistema<\/u>&nbsp;e, ap\u00f3s, iniciar o processo de submiss\u00e3o do resumo no sistema. Na submiss\u00e3o, o professor coordenador, entre outras informa\u00e7\u00f5es, dever\u00e1 informar os alunos participantes do projeto, incluindo o aluno l\u00edder, e os professores colaboradores (caso houver).&nbsp;<u>Os alunos e os professores colaboradores n\u00e3o necessitam realizar cadastro no sistema.<\/u>&nbsp;<\/p>\n<p>Todos os trabalhos apresentados na VII Mostra Cient\u00edfica Ecoinovar ser\u00e3o publicados nos Anais no evento.<\/p>\t\t\t\t\t\t\t\t<\/div>\n\t\t\t\t<\/div>\n\t\t\t\t\t<\/div>\n\t\t<\/div>\n\t\t\t\t<div class=\"elementor-column elementor-col-50 elementor-top-column elementor-element elementor-element-447f585\" data-id=\"447f585\" data-element_type=\"column\">\n\t\t\t<div class=\"elementor-widget-wrap elementor-element-populated\">\n\t\t\t\t\t\t<div class=\"elementor-element elementor-element-77757a5 elementor-widget__width-initial elementor-widget elementor-widget-image\" data-id=\"77757a5\" data-element_type=\"widget\" data-widget_type=\"image.default\">\n\t\t\t\t<div class=\"elementor-widget-container\">\n\t\t\t\t\t\t\t\t\t\t\t\t\t\t\t<img fetchpriority=\"high\" decoding=\"async\" width=\"365\" height=\"227\" src=\"https:\/\/ecoinovar.com\/12\/wp-content\/uploads\/sites\/17\/2023\/07\/logotipo.png\" class=\"attachment-large size-large wp-image-132\" alt=\"\" srcset=\"https:\/\/ecoinovar.com\/12\/wp-content\/uploads\/sites\/17\/2023\/07\/logotipo.png 365w, https:\/\/ecoinovar.com\/12\/wp-content\/uploads\/sites\/17\/2023\/07\/logotipo-300x187.png 300w\" sizes=\"(max-width: 365px) 100vw, 365px\" \/>\t\t\t\t\t\t\t\t\t\t\t\t\t\t\t<\/div>\n\t\t\t\t<\/div>\n\t\t\t\t<div class=\"elementor-element elementor-element-6dd0fab elementor-align-justify elementor-widget elementor-widget-button\" data-id=\"6dd0fab\" data-element_type=\"widget\" data-widget_type=\"button.default\">\n\t\t\t\t<div class=\"elementor-widget-container\">\n\t\t\t\t\t\t\t\t\t<div class=\"elementor-button-wrapper\">\n\t\t\t\t\t<a class=\"elementor-button elementor-button-link elementor-size-sm\" href=\"https:\/\/ecoinovar.com\/12\/mostra-cientifica\/submissao-de-trabalhos\/\">\n\t\t\t\t\t\t<span class=\"elementor-button-content-wrapper\">\n\t\t\t\t\t\t\t\t\t<span class=\"elementor-button-text\">Submiss\u00e3o de Trabalhos<\/span>\n\t\t\t\t\t<\/span>\n\t\t\t\t\t<\/a>\n\t\t\t\t<\/div>\n\t\t\t\t\t\t\t\t<\/div>\n\t\t\t\t<\/div>\n\t\t\t\t<div class=\"elementor-element elementor-element-ffac05c elementor-align-justify elementor-widget elementor-widget-button\" data-id=\"ffac05c\" data-element_type=\"widget\" data-widget_type=\"button.default\">\n\t\t\t\t<div class=\"elementor-widget-container\">\n\t\t\t\t\t\t\t\t\t<div class=\"elementor-button-wrapper\">\n\t\t\t\t\t<a class=\"elementor-button elementor-button-link elementor-size-sm\" href=\"https:\/\/ecoinovar.com\/12\/mostra-cientifica\/instrucoes-para-apresentacao\/\">\n\t\t\t\t\t\t<span class=\"elementor-button-content-wrapper\">\n\t\t\t\t\t\t\t\t\t<span class=\"elementor-button-text\">Instru\u00e7\u00f5es para apresenta\u00e7\u00e3o<\/span>\n\t\t\t\t\t<\/span>\n\t\t\t\t\t<\/a>\n\t\t\t\t<\/div>\n\t\t\t\t\t\t\t\t<\/div>\n\t\t\t\t<\/div>\n\t\t\t\t<div class=\"elementor-element elementor-element-97ace20 elementor-align-justify elementor-widget elementor-widget-button\" data-id=\"97ace20\" data-element_type=\"widget\" data-widget_type=\"button.default\">\n\t\t\t\t<div class=\"elementor-widget-container\">\n\t\t\t\t\t\t\t\t\t<div class=\"elementor-button-wrapper\">\n\t\t\t\t\t<a class=\"elementor-button elementor-button-link elementor-size-sm\" href=\"https:\/\/ecoinovar.com\/12\/mostra-cientifica\/edicoes-anteriores\/\">\n\t\t\t\t\t\t<span class=\"elementor-button-content-wrapper\">\n\t\t\t\t\t\t\t\t\t<span class=\"elementor-button-text\">Edi\u00e7\u00f5es Anteriores<\/span>\n\t\t\t\t\t<\/span>\n\t\t\t\t\t<\/a>\n\t\t\t\t<\/div>\n\t\t\t\t\t\t\t\t<\/div>\n\t\t\t\t<\/div>\n\t\t\t\t\t<\/div>\n\t\t<\/div>\n\t\t\t\t\t<\/div>\n\t\t<\/section>\n\t\t\t\t<section class=\"elementor-section elementor-top-section elementor-element elementor-element-a60f355 elementor-section-boxed elementor-section-height-default elementor-section-height-default\" data-id=\"a60f355\" data-element_type=\"section\">\n\t\t\t\t\t\t<div class=\"elementor-container elementor-column-gap-default\">\n\t\t\t\t\t<div class=\"elementor-column elementor-col-50 elementor-top-column elementor-element elementor-element-2c84f97\" data-id=\"2c84f97\" data-element_type=\"column\">\n\t\t\t<div class=\"elementor-widget-wrap elementor-element-populated\">\n\t\t\t\t\t\t<div class=\"elementor-element elementor-element-bfb6b46 elementor-align-center elementor-widget elementor-widget-button\" data-id=\"bfb6b46\" data-element_type=\"widget\" data-widget_type=\"button.default\">\n\t\t\t\t<div class=\"elementor-widget-container\">\n\t\t\t\t\t\t\t\t\t<div class=\"elementor-button-wrapper\">\n\t\t\t\t\t<a class=\"elementor-button elementor-button-link elementor-size-xl\" href=\"https:\/\/ecoinovar.com\/12\/wp-content\/uploads\/sites\/17\/2023\/10\/Regulamento_MostraEcoinovar_2023-1.pdf\" target=\"_blank\" id=\"btn-home\">\n\t\t\t\t\t\t<span class=\"elementor-button-content-wrapper\">\n\t\t\t\t\t\t\t\t\t<span class=\"elementor-button-text\">REGULAMENTO - VII MOSTRA CIENT\u00cdFICA ECOINOVAR<br> <span class=\"subtituloBtnCaixa\"> Baixe o regulamento<\/span><\/span>\n\t\t\t\t\t<\/span>\n\t\t\t\t\t<\/a>\n\t\t\t\t<\/div>\n\t\t\t\t\t\t\t\t<\/div>\n\t\t\t\t<\/div>\n\t\t\t\t\t<\/div>\n\t\t<\/div>\n\t\t\t\t<div class=\"elementor-column elementor-col-50 elementor-top-column elementor-element elementor-element-81c3de2\" data-id=\"81c3de2\" data-element_type=\"column\">\n\t\t\t<div class=\"elementor-widget-wrap\">\n\t\t\t\t\t\t\t<\/div>\n\t\t<\/div>\n\t\t\t\t\t<\/div>\n\t\t<\/section>\n\t\t\t\t<section class=\"elementor-section elementor-top-section elementor-element elementor-element-bdcc084 elementor-section-boxed elementor-section-height-default elementor-section-height-default\" data-id=\"bdcc084\" data-element_type=\"section\">\n\t\t\t\t\t\t<div class=\"elementor-container elementor-column-gap-default\">\n\t\t\t\t\t<div class=\"elementor-column elementor-col-100 elementor-top-column elementor-element elementor-element-9ea8aa7\" data-id=\"9ea8aa7\" data-element_type=\"column\">\n\t\t\t<div class=\"elementor-widget-wrap elementor-element-populated\">\n\t\t\t\t\t\t<div class=\"elementor-element elementor-element-0d69665 elementor-widget elementor-widget-heading\" data-id=\"0d69665\" data-element_type=\"widget\" data-widget_type=\"heading.default\">\n\t\t\t\t<div class=\"elementor-widget-container\">\n\t\t\t\t\t<h3 class=\"elementor-heading-title elementor-size-default\">Envie seu Trabalho online<\/h3>\t\t\t\t<\/div>\n\t\t\t\t<\/div>\n\t\t\t\t\t<\/div>\n\t\t<\/div>\n\t\t\t\t\t<\/div>\n\t\t<\/section>\n\t\t\t\t<section class=\"elementor-section elementor-top-section elementor-element elementor-element-904fd00 elementor-section-boxed elementor-section-height-default elementor-section-height-default\" data-id=\"904fd00\" data-element_type=\"section\">\n\t\t\t\t\t\t<div class=\"elementor-container elementor-column-gap-default\">\n\t\t\t\t\t<div class=\"elementor-column elementor-col-50 elementor-top-column elementor-element elementor-element-1152e83\" data-id=\"1152e83\" data-element_type=\"column\">\n\t\t\t<div class=\"elementor-widget-wrap elementor-element-populated\">\n\t\t\t\t\t\t<div class=\"elementor-element elementor-element-72ef09e elementor-align-center elementor-widget elementor-widget-button\" data-id=\"72ef09e\" data-element_type=\"widget\" data-widget_type=\"button.default\">\n\t\t\t\t<div class=\"elementor-widget-container\">\n\t\t\t\t\t\t\t\t\t<div class=\"elementor-button-wrapper\">\n\t\t\t\t\t<a class=\"elementor-button elementor-button-link elementor-size-xl\" href=\"http:\/\/ecoinovar.submissao.com.br\/12ecoinovar\/?evento=mostra\" target=\"_blank\" id=\"btn-home\">\n\t\t\t\t\t\t<span class=\"elementor-button-content-wrapper\">\n\t\t\t\t\t\t\t\t\t<span class=\"elementor-button-text\">ACESSE O SISTEMA<br> <span class=\"subtituloBtnCaixa\"> Acesse o sistema e envie seu trabalho <\/span><\/span>\n\t\t\t\t\t<\/span>\n\t\t\t\t\t<\/a>\n\t\t\t\t<\/div>\n\t\t\t\t\t\t\t\t<\/div>\n\t\t\t\t<\/div>\n\t\t\t\t\t<\/div>\n\t\t<\/div>\n\t\t\t\t<div class=\"elementor-column elementor-col-50 elementor-top-column elementor-element elementor-element-bb14bbb\" data-id=\"bb14bbb\" data-element_type=\"column\">\n\t\t\t<div class=\"elementor-widget-wrap\">\n\t\t\t\t\t\t\t<\/div>\n\t\t<\/div>\n\t\t\t\t\t<\/div>\n\t\t<\/section>\n\t\t\t\t<\/div>\n\t\t","protected":false},"excerpt":{"rendered":"<p>As submiss\u00f5es de projetos para a VII Mostra Cient\u00edfica Ecoinovar est\u00e3o abertas at\u00e9 as 23h59m do dia 31 de outubro de 2023. Os trabalhos podem ser submetidos em&nbsp;duas categorias:&nbsp; 1) projetos;&nbsp; 2) trabalhos art\u00edsticos.&nbsp; Devem ser&nbsp;submetidos em formato resumo e abordar temas relacionados a&nbsp;Inova\u00e7\u00e3o&nbsp;e\/ou&nbsp;Sustentabilidade,&nbsp;contendo introdu\u00e7\u00e3o, objetivos, metodologia, resultados (esperados\/alcan\u00e7ados)&nbsp;e conclus\u00e3o. No caso de trabalhos art\u00edsticos,&hellip;<\/p>\n","protected":false},"author":1,"featured_media":0,"parent":130,"menu_order":20,"comment_status":"closed","ping_status":"closed","template":"","meta":{"footnotes":"","_links_to":"","_links_to_target":""},"class_list":["post-230","page","type-page","status-publish","hentry"],"_links":{"self":[{"href":"https:\/\/ecoinovar.com\/12\/wp-json\/wp\/v2\/pages\/230","targetHints":{"allow":["GET"]}}],"collection":[{"href":"https:\/\/ecoinovar.com\/12\/wp-json\/wp\/v2\/pages"}],"about":[{"href":"https:\/\/ecoinovar.com\/12\/wp-json\/wp\/v2\/types\/page"}],"author":[{"embeddable":true,"href":"https:\/\/ecoinovar.com\/12\/wp-json\/wp\/v2\/users\/1"}],"replies":[{"embeddable":true,"href":"https:\/\/ecoinovar.com\/12\/wp-json\/wp\/v2\/comments?post=230"}],"version-history":[{"count":43,"href":"https:\/\/ecoinovar.com\/12\/wp-json\/wp\/v2\/pages\/230\/revisions"}],"predecessor-version":[{"id":877,"href":"https:\/\/ecoinovar.com\/12\/wp-json\/wp\/v2\/pages\/230\/revisions\/877"}],"up":[{"embeddable":true,"href":"https:\/\/ecoinovar.com\/12\/wp-json\/wp\/v2\/pages\/130"}],"wp:attachment":[{"href":"https:\/\/ecoinovar.com\/12\/wp-json\/wp\/v2\/media?parent=230"}],"curies":[{"name":"wp","href":"https:\/\/api.w.org\/{rel}","templated":true}]}}