{"id":146,"date":"2023-07-03T17:36:04","date_gmt":"2023-07-03T20:36:04","guid":{"rendered":"https:\/\/ecoinovar.com\/12\/?page_id=146"},"modified":"2023-08-21T14:38:56","modified_gmt":"2023-08-21T17:38:56","slug":"expo","status":"publish","type":"page","link":"https:\/\/ecoinovar.com\/12\/expo\/","title":{"rendered":"expo"},"content":{"rendered":"\t\t<div data-elementor-type=\"wp-page\" data-elementor-id=\"146\" class=\"elementor elementor-146\" data-elementor-post-type=\"page\">\n\t\t\t\t\t\t<section class=\"elementor-section elementor-top-section elementor-element elementor-element-298523e elementor-section-boxed elementor-section-height-default elementor-section-height-default\" data-id=\"298523e\" data-element_type=\"section\">\n\t\t\t\t\t\t<div class=\"elementor-container elementor-column-gap-default\">\n\t\t\t\t\t<div class=\"elementor-column elementor-col-100 elementor-top-column elementor-element elementor-element-5ea4c77\" data-id=\"5ea4c77\" data-element_type=\"column\">\n\t\t\t<div class=\"elementor-widget-wrap elementor-element-populated\">\n\t\t\t\t\t\t<div class=\"elementor-element elementor-element-53cea64 elementor-widget elementor-widget-slider_revolution\" data-id=\"53cea64\" data-element_type=\"widget\" data-widget_type=\"slider_revolution.default\">\n\t\t\t\t<div class=\"elementor-widget-container\">\n\t\t\t\t\t\n\t\t<div class=\"wp-block-themepunch-revslider\">\n\t\t\t<!-- START Slider 1 REVOLUTION SLIDER 6.7.37 --><p class=\"rs-p-wp-fix\"><\/p>\n\t\t\t<rs-module-wrap id=\"rev_slider_1_1_wrapper\" data-source=\"gallery\" style=\"visibility:hidden;background:transparent;padding:0;margin:0px auto;margin-top:0;margin-bottom:0;\">\n\t\t\t\t<rs-module id=\"rev_slider_1_1\" style=\"\" data-version=\"6.7.37\">\n\t\t\t\t\t<rs-slides style=\"overflow: hidden; position: absolute;\">\n\t\t\t\t\t\t<rs-slide style=\"position: absolute;\" data-key=\"rs-1\" data-title=\"Banner Home\" data-anim=\"ms:1000;r:0;\" data-in=\"o:0;\" data-out=\"a:false;\">\n\t\t\t\t\t\t\t<img fetchpriority=\"high\" decoding=\"async\" src=\"\/\/ecoinovar.com\/12\/wp-content\/plugins\/revslider\/sr6\/assets\/assets\/dummy.png\" alt=\"\" title=\"Expo_Ecoinovar 2023_Banner Site_apresenta\u00e7\u00e3o online\" width=\"1920\" height=\"400\" class=\"rev-slidebg tp-rs-img rs-lazyload\" data-lazyload=\"\/\/ecoinovar.com\/12\/wp-content\/uploads\/sites\/17\/2023\/07\/Expo_Ecoinovar-2023_Banner-Site_apresentacao-online.png\" data-bg=\"r:repeat;\" data-no-retina>\n<!---->\t\t\t\t\t<\/rs-slide>\n\t\t\t\t\t<\/rs-slides>\n\t\t\t\t<\/rs-module>\n\t\t\t\t<script>\n\t\t\t\t\tsetREVStartSize({c: 'rev_slider_1_1',rl:[1240,1024,778,480],el:[400],gw:[2000],gh:[400],type:'standard',justify:'',layout:'fullwidth',mh:\"0\"});if (window.RS_MODULES!==undefined && window.RS_MODULES.modules!==undefined && window.RS_MODULES.modules[\"revslider11\"]!==undefined) {window.RS_MODULES.modules[\"revslider11\"].once = false;window.revapi1 = undefined;if (window.RS_MODULES.checkMinimal!==undefined) window.RS_MODULES.checkMinimal()}\n\t\t\t\t<\/script>\n\t\t\t<\/rs-module-wrap>\n\t\t\t<!-- END REVOLUTION SLIDER -->\n<\/div>\n\n\t\t\t\t\t\t<\/div>\n\t\t\t\t<\/div>\n\t\t\t\t\t<\/div>\n\t\t<\/div>\n\t\t\t\t\t<\/div>\n\t\t<\/section>\n\t\t\t\t<section class=\"elementor-section elementor-top-section elementor-element elementor-element-c549ab8 elementor-section-boxed elementor-section-height-default elementor-section-height-default\" data-id=\"c549ab8\" data-element_type=\"section\">\n\t\t\t\t\t\t<div class=\"elementor-container elementor-column-gap-default\">\n\t\t\t\t\t<div class=\"elementor-column elementor-col-50 elementor-top-column elementor-element elementor-element-4616521\" data-id=\"4616521\" data-element_type=\"column\">\n\t\t\t<div class=\"elementor-widget-wrap elementor-element-populated\">\n\t\t\t\t\t\t<div class=\"elementor-element elementor-element-3fb21f7 elementor-widget elementor-widget-text-editor\" data-id=\"3fb21f7\" data-element_type=\"widget\" data-widget_type=\"text-editor.default\">\n\t\t\t\t<div class=\"elementor-widget-container\">\n\t\t\t\t\t\t\t\t\t<p>A VI Expo Ecoinovar \u00e9 uma realiza\u00e7\u00e3o do Programa de P\u00f3s-Gradua\u00e7\u00e3o em Administra\u00e7\u00e3o (PPGA) da Universidade Federal do Rio Grande (FURG).<\/p>\n<p style=\"margin-bottom: 0px; text-align: justify;\">A Expo Ecoinovar reunir\u00e1 estudantes do n\u00edvel superior, de institui\u00e7\u00f5es p\u00fablicas e privadas, e empreendedores de Startups, Empresas e Organiza\u00e7\u00f5es N\u00e3o Governamentais (ONGs).<u><\/u><u><\/u><\/p>\n<p style=\"text-align: justify;\"><span style=\"color: var( --e-global-color-text ); font-family: var( --e-global-typography-text-font-family ), Sans-serif; font-weight: var( --e-global-typography-text-font-weight ); word-spacing: normal;\">O objetivo do evento consiste em apresentar projetos e solu\u00e7\u00f5es que possam contribuir para a constru\u00e7\u00e3o de um futuro mais justo e sustent\u00e1vel, dos pontos de vista ambiental, social e econ\u00f4mico. A exposi\u00e7\u00e3o apresentar\u00e1 ao p\u00fablico projetos e solu\u00e7\u00f5es previamente selecionados, alinhados \u00e0 tem\u00e1tica do evento e aos Objetivos do Desenvolvimento Sustent\u00e1vel ODS\/ONU.<\/span><\/p>\n<p style=\"text-align: justify;\">\n<\/p><p style=\"text-align: justify;\">Em 2023, em sua sexta edi\u00e7\u00e3o, a Expo Ecoinovar ocorrer\u00e1 em formato on-line. Em breve ser\u00e3o divulgadas mais informa\u00e7\u00f5es.<\/p>\n<div style=\"text-align: justify;\">&nbsp;<\/div>\t\t\t\t\t\t\t\t<\/div>\n\t\t\t\t<\/div>\n\t\t\t\t\t<\/div>\n\t\t<\/div>\n\t\t\t\t<div class=\"elementor-column elementor-col-50 elementor-top-column elementor-element elementor-element-aa952d2\" data-id=\"aa952d2\" data-element_type=\"column\">\n\t\t\t<div class=\"elementor-widget-wrap elementor-element-populated\">\n\t\t\t\t\t\t<div class=\"elementor-element elementor-element-32d2597 elementor-widget elementor-widget-image\" data-id=\"32d2597\" data-element_type=\"widget\" data-widget_type=\"image.default\">\n\t\t\t\t<div class=\"elementor-widget-container\">\n\t\t\t\t\t\t\t\t\t\t\t\t\t\t\t<img decoding=\"async\" width=\"300\" height=\"185\" src=\"https:\/\/ecoinovar.com\/12\/wp-content\/uploads\/sites\/17\/2023\/07\/logotipo-1-300x185.png\" class=\"attachment-medium size-medium wp-image-149\" alt=\"\" srcset=\"https:\/\/ecoinovar.com\/12\/wp-content\/uploads\/sites\/17\/2023\/07\/logotipo-1-300x185.png 300w, https:\/\/ecoinovar.com\/12\/wp-content\/uploads\/sites\/17\/2023\/07\/logotipo-1.png 674w\" sizes=\"(max-width: 300px) 100vw, 300px\" \/>\t\t\t\t\t\t\t\t\t\t\t\t\t\t\t<\/div>\n\t\t\t\t<\/div>\n\t\t\t\t<div class=\"elementor-element elementor-element-1c77a90 elementor-align-justify elementor-widget elementor-widget-button\" data-id=\"1c77a90\" data-element_type=\"widget\" data-widget_type=\"button.default\">\n\t\t\t\t<div class=\"elementor-widget-container\">\n\t\t\t\t\t\t\t\t\t<div class=\"elementor-button-wrapper\">\n\t\t\t\t\t<a class=\"elementor-button elementor-button-link elementor-size-sm\" href=\"https:\/\/ecoinovar.com\/12\/expo\/edicoes-anteriores\/\">\n\t\t\t\t\t\t<span class=\"elementor-button-content-wrapper\">\n\t\t\t\t\t\t\t\t\t<span class=\"elementor-button-text\">Edi\u00e7\u00f5es anteriores<\/span>\n\t\t\t\t\t<\/span>\n\t\t\t\t\t<\/a>\n\t\t\t\t<\/div>\n\t\t\t\t\t\t\t\t<\/div>\n\t\t\t\t<\/div>\n\t\t\t\t<div class=\"elementor-element elementor-element-87ad895 elementor-align-justify elementor-widget elementor-widget-button\" data-id=\"87ad895\" data-element_type=\"widget\" data-widget_type=\"button.default\">\n\t\t\t\t<div class=\"elementor-widget-container\">\n\t\t\t\t\t\t\t\t\t<div class=\"elementor-button-wrapper\">\n\t\t\t\t\t<a class=\"elementor-button elementor-button-link elementor-size-sm\" href=\"https:\/\/ecoinovar.com\/12\/expo\/submissao-de-trabalhos\/\">\n\t\t\t\t\t\t<span class=\"elementor-button-content-wrapper\">\n\t\t\t\t\t\t\t\t\t<span class=\"elementor-button-text\">Submiss\u00e3o de trabalhos<\/span>\n\t\t\t\t\t<\/span>\n\t\t\t\t\t<\/a>\n\t\t\t\t<\/div>\n\t\t\t\t\t\t\t\t<\/div>\n\t\t\t\t<\/div>\n\t\t\t\t<div class=\"elementor-element elementor-element-905a061 elementor-align-justify elementor-widget elementor-widget-button\" data-id=\"905a061\" data-element_type=\"widget\" data-widget_type=\"button.default\">\n\t\t\t\t<div class=\"elementor-widget-container\">\n\t\t\t\t\t\t\t\t\t<div class=\"elementor-button-wrapper\">\n\t\t\t\t\t<a class=\"elementor-button elementor-button-link elementor-size-sm\" href=\"https:\/\/ecoinovar.com\/12\/expo\/instrucoes-para-apresentacao\/\">\n\t\t\t\t\t\t<span class=\"elementor-button-content-wrapper\">\n\t\t\t\t\t\t\t\t\t<span class=\"elementor-button-text\">Instru\u00e7\u00f5es para apresenta\u00e7\u00e3o<\/span>\n\t\t\t\t\t<\/span>\n\t\t\t\t\t<\/a>\n\t\t\t\t<\/div>\n\t\t\t\t\t\t\t\t<\/div>\n\t\t\t\t<\/div>\n\t\t\t\t\t<\/div>\n\t\t<\/div>\n\t\t\t\t\t<\/div>\n\t\t<\/section>\n\t\t\t\t<\/div>\n\t\t","protected":false},"excerpt":{"rendered":"<p>A VI Expo Ecoinovar \u00e9 uma realiza\u00e7\u00e3o do Programa de P\u00f3s-Gradua\u00e7\u00e3o em Administra\u00e7\u00e3o (PPGA) da Universidade Federal do Rio Grande (FURG). A Expo Ecoinovar reunir\u00e1 estudantes do n\u00edvel superior, de institui\u00e7\u00f5es p\u00fablicas e privadas, e empreendedores de Startups, Empresas e Organiza\u00e7\u00f5es N\u00e3o Governamentais (ONGs). O objetivo do evento consiste em apresentar projetos e solu\u00e7\u00f5es que&hellip;<\/p>\n","protected":false},"author":1,"featured_media":0,"parent":0,"menu_order":0,"comment_status":"closed","ping_status":"closed","template":"","meta":{"footnotes":"","_links_to":"","_links_to_target":""},"class_list":["post-146","page","type-page","status-publish","hentry"],"_links":{"self":[{"href":"https:\/\/ecoinovar.com\/12\/wp-json\/wp\/v2\/pages\/146","targetHints":{"allow":["GET"]}}],"collection":[{"href":"https:\/\/ecoinovar.com\/12\/wp-json\/wp\/v2\/pages"}],"about":[{"href":"https:\/\/ecoinovar.com\/12\/wp-json\/wp\/v2\/types\/page"}],"author":[{"embeddable":true,"href":"https:\/\/ecoinovar.com\/12\/wp-json\/wp\/v2\/users\/1"}],"replies":[{"embeddable":true,"href":"https:\/\/ecoinovar.com\/12\/wp-json\/wp\/v2\/comments?post=146"}],"version-history":[{"count":83,"href":"https:\/\/ecoinovar.com\/12\/wp-json\/wp\/v2\/pages\/146\/revisions"}],"predecessor-version":[{"id":728,"href":"https:\/\/ecoinovar.com\/12\/wp-json\/wp\/v2\/pages\/146\/revisions\/728"}],"wp:attachment":[{"href":"https:\/\/ecoinovar.com\/12\/wp-json\/wp\/v2\/media?parent=146"}],"curies":[{"name":"wp","href":"https:\/\/api.w.org\/{rel}","templated":true}]}}