{"id":130,"date":"2023-07-03T17:10:49","date_gmt":"2023-07-03T20:10:49","guid":{"rendered":"https:\/\/ecoinovar.com\/12\/?page_id=130"},"modified":"2023-08-21T14:38:06","modified_gmt":"2023-08-21T17:38:06","slug":"mostra-cientifica","status":"publish","type":"page","link":"https:\/\/ecoinovar.com\/12\/mostra-cientifica\/","title":{"rendered":"Mostra Cient\u00edfica"},"content":{"rendered":"\t\t<div data-elementor-type=\"wp-page\" data-elementor-id=\"130\" class=\"elementor elementor-130\" data-elementor-post-type=\"page\">\n\t\t\t\t\t\t<section class=\"elementor-section elementor-top-section elementor-element elementor-element-f6e617d elementor-section-boxed elementor-section-height-default elementor-section-height-default\" data-id=\"f6e617d\" data-element_type=\"section\">\n\t\t\t\t\t\t<div class=\"elementor-container elementor-column-gap-default\">\n\t\t\t\t\t<div class=\"elementor-column elementor-col-50 elementor-top-column elementor-element elementor-element-3b96f2e\" data-id=\"3b96f2e\" data-element_type=\"column\">\n\t\t\t<div class=\"elementor-widget-wrap elementor-element-populated\">\n\t\t\t\t\t\t<div class=\"elementor-element elementor-element-a4dc3ad elementor-widget elementor-widget-text-editor\" data-id=\"a4dc3ad\" data-element_type=\"widget\" data-widget_type=\"text-editor.default\">\n\t\t\t\t<div class=\"elementor-widget-container\">\n\t\t\t\t\t\t\t\t\t<p>A VII Mostra Cient\u00edfica Ecoinovar \u00e9 uma realiza\u00e7\u00e3o do&nbsp;Programa de P\u00f3s-Gradua\u00e7\u00e3o em Administra\u00e7\u00e3o (PPGA) da Universidade Federal do Rio Grande (FURG).<\/p>\n<p>A Mostra Cient\u00edfica Ecoinovar reunir\u00e1 estudantes do ensino fundamental, m\u00e9dio e t\u00e9cnico, de escolas p\u00fablicas e privadas, do pa\u00eds.<\/p>\n<p>O principal objetivo da Mostra Cient\u00edfica consiste em promover o interc\u00e2mbio, a divulga\u00e7\u00e3o e o est\u00edmulo \u00e0 produ\u00e7\u00e3o de conhecimento, propostas e solu\u00e7\u00f5es que contribuam para o desenvolvimento de novas ideias, iniciativas e a constru\u00e7\u00e3o de alian\u00e7as para a inova\u00e7\u00e3o e a sustentabilidade, despertando e estimulando voca\u00e7\u00f5es cient\u00edficas e tecnol\u00f3gicas em jovens talentosos, estimulando-os a seguirem carreiras cient\u00edfico-tecnol\u00f3gicas.<\/p>\n<p>Em 2023, em sua s\u00e9tima edi\u00e7\u00e3o, a Mostra Cient\u00edfica Ecoinovar ocorrer\u00e1 em formato on-line. Em breve ser\u00e3o divulgadas mais informa\u00e7\u00f5es.<\/p>\t\t\t\t\t\t\t\t<\/div>\n\t\t\t\t<\/div>\n\t\t\t\t\t<\/div>\n\t\t<\/div>\n\t\t\t\t<div class=\"elementor-column elementor-col-50 elementor-top-column elementor-element elementor-element-aa27b46\" data-id=\"aa27b46\" data-element_type=\"column\">\n\t\t\t<div class=\"elementor-widget-wrap elementor-element-populated\">\n\t\t\t\t\t\t<div class=\"elementor-element elementor-element-23de0e5 elementor-widget elementor-widget-image\" data-id=\"23de0e5\" data-element_type=\"widget\" data-widget_type=\"image.default\">\n\t\t\t\t<div class=\"elementor-widget-container\">\n\t\t\t\t\t\t\t\t\t\t\t\t\t\t\t<img fetchpriority=\"high\" decoding=\"async\" width=\"365\" height=\"227\" src=\"https:\/\/ecoinovar.com\/12\/wp-content\/uploads\/sites\/17\/2023\/07\/logotipo.png\" class=\"attachment-large size-large wp-image-132\" alt=\"\" srcset=\"https:\/\/ecoinovar.com\/12\/wp-content\/uploads\/sites\/17\/2023\/07\/logotipo.png 365w, https:\/\/ecoinovar.com\/12\/wp-content\/uploads\/sites\/17\/2023\/07\/logotipo-300x187.png 300w\" sizes=\"(max-width: 365px) 100vw, 365px\" \/>\t\t\t\t\t\t\t\t\t\t\t\t\t\t\t<\/div>\n\t\t\t\t<\/div>\n\t\t\t\t<div class=\"elementor-element elementor-element-abe97a4 elementor-align-justify elementor-widget elementor-widget-button\" data-id=\"abe97a4\" data-element_type=\"widget\" data-widget_type=\"button.default\">\n\t\t\t\t<div class=\"elementor-widget-container\">\n\t\t\t\t\t\t\t\t\t<div class=\"elementor-button-wrapper\">\n\t\t\t\t\t<a class=\"elementor-button elementor-button-link elementor-size-sm\" href=\"https:\/\/ecoinovar.com\/12\/mostra-cientifica\/submissao-de-trabalhos\/\">\n\t\t\t\t\t\t<span class=\"elementor-button-content-wrapper\">\n\t\t\t\t\t\t\t\t\t<span class=\"elementor-button-text\">Submiss\u00e3o de Trabalhos<\/span>\n\t\t\t\t\t<\/span>\n\t\t\t\t\t<\/a>\n\t\t\t\t<\/div>\n\t\t\t\t\t\t\t\t<\/div>\n\t\t\t\t<\/div>\n\t\t\t\t<div class=\"elementor-element elementor-element-40e6179 elementor-align-justify elementor-widget elementor-widget-button\" data-id=\"40e6179\" data-element_type=\"widget\" data-widget_type=\"button.default\">\n\t\t\t\t<div class=\"elementor-widget-container\">\n\t\t\t\t\t\t\t\t\t<div class=\"elementor-button-wrapper\">\n\t\t\t\t\t<a class=\"elementor-button elementor-button-link elementor-size-sm\" href=\"https:\/\/ecoinovar.com\/12\/mostra-cientifica\/instrucoes-para-apresentacao\/\">\n\t\t\t\t\t\t<span class=\"elementor-button-content-wrapper\">\n\t\t\t\t\t\t\t\t\t<span class=\"elementor-button-text\">Instru\u00e7\u00f5es para apresenta\u00e7\u00e3o<\/span>\n\t\t\t\t\t<\/span>\n\t\t\t\t\t<\/a>\n\t\t\t\t<\/div>\n\t\t\t\t\t\t\t\t<\/div>\n\t\t\t\t<\/div>\n\t\t\t\t<div class=\"elementor-element elementor-element-790a8d9 elementor-align-justify elementor-widget elementor-widget-button\" data-id=\"790a8d9\" data-element_type=\"widget\" data-widget_type=\"button.default\">\n\t\t\t\t<div class=\"elementor-widget-container\">\n\t\t\t\t\t\t\t\t\t<div class=\"elementor-button-wrapper\">\n\t\t\t\t\t<a class=\"elementor-button elementor-button-link elementor-size-sm\" href=\"https:\/\/ecoinovar.com\/12\/mostra-cientifica\/edicoes-anteriores\/\">\n\t\t\t\t\t\t<span class=\"elementor-button-content-wrapper\">\n\t\t\t\t\t\t\t\t\t<span class=\"elementor-button-text\">Edi\u00e7\u00f5es Anteriores<\/span>\n\t\t\t\t\t<\/span>\n\t\t\t\t\t<\/a>\n\t\t\t\t<\/div>\n\t\t\t\t\t\t\t\t<\/div>\n\t\t\t\t<\/div>\n\t\t\t\t\t<\/div>\n\t\t<\/div>\n\t\t\t\t\t<\/div>\n\t\t<\/section>\n\t\t\t\t<section class=\"elementor-section elementor-top-section elementor-element elementor-element-6a1d691 elementor-section-boxed elementor-section-height-default elementor-section-height-default\" data-id=\"6a1d691\" data-element_type=\"section\">\n\t\t\t\t\t\t<div class=\"elementor-container elementor-column-gap-default\">\n\t\t\t\t\t<div class=\"elementor-column elementor-col-100 elementor-top-column elementor-element elementor-element-c1392fe\" data-id=\"c1392fe\" data-element_type=\"column\">\n\t\t\t<div class=\"elementor-widget-wrap elementor-element-populated\">\n\t\t\t\t\t\t<div class=\"elementor-element elementor-element-61832ef elementor-widget elementor-widget-slider_revolution\" data-id=\"61832ef\" data-element_type=\"widget\" data-widget_type=\"slider_revolution.default\">\n\t\t\t\t<div class=\"elementor-widget-container\">\n\t\t\t\t\t\t\t<script>window.parent.elementorSelectRevSlider();<\/script>\n\t\t\n\t\t<div class=\"wp-block-themepunch-revslider\"><\/div>\n\n\t\t\t\t\t\t<\/div>\n\t\t\t\t<\/div>\n\t\t\t\t\t<\/div>\n\t\t<\/div>\n\t\t\t\t\t<\/div>\n\t\t<\/section>\n\t\t\t\t<\/div>\n\t\t","protected":false},"excerpt":{"rendered":"<p>A VII Mostra Cient\u00edfica Ecoinovar \u00e9 uma realiza\u00e7\u00e3o do&nbsp;Programa de P\u00f3s-Gradua\u00e7\u00e3o em Administra\u00e7\u00e3o (PPGA) da Universidade Federal do Rio Grande (FURG). A Mostra Cient\u00edfica Ecoinovar reunir\u00e1 estudantes do ensino fundamental, m\u00e9dio e t\u00e9cnico, de escolas p\u00fablicas e privadas, do pa\u00eds. O principal objetivo da Mostra Cient\u00edfica consiste em promover o interc\u00e2mbio, a divulga\u00e7\u00e3o e o&hellip;<\/p>\n","protected":false},"author":1,"featured_media":0,"parent":0,"menu_order":0,"comment_status":"closed","ping_status":"closed","template":"","meta":{"footnotes":"","_links_to":"","_links_to_target":""},"class_list":["post-130","page","type-page","status-publish","hentry"],"_links":{"self":[{"href":"https:\/\/ecoinovar.com\/12\/wp-json\/wp\/v2\/pages\/130","targetHints":{"allow":["GET"]}}],"collection":[{"href":"https:\/\/ecoinovar.com\/12\/wp-json\/wp\/v2\/pages"}],"about":[{"href":"https:\/\/ecoinovar.com\/12\/wp-json\/wp\/v2\/types\/page"}],"author":[{"embeddable":true,"href":"https:\/\/ecoinovar.com\/12\/wp-json\/wp\/v2\/users\/1"}],"replies":[{"embeddable":true,"href":"https:\/\/ecoinovar.com\/12\/wp-json\/wp\/v2\/comments?post=130"}],"version-history":[{"count":40,"href":"https:\/\/ecoinovar.com\/12\/wp-json\/wp\/v2\/pages\/130\/revisions"}],"predecessor-version":[{"id":725,"href":"https:\/\/ecoinovar.com\/12\/wp-json\/wp\/v2\/pages\/130\/revisions\/725"}],"wp:attachment":[{"href":"https:\/\/ecoinovar.com\/12\/wp-json\/wp\/v2\/media?parent=130"}],"curies":[{"name":"wp","href":"https:\/\/api.w.org\/{rel}","templated":true}]}}