{"id":120,"date":"2023-07-03T17:06:03","date_gmt":"2023-07-03T20:06:03","guid":{"rendered":"https:\/\/ecoinovar.com\/12\/?page_id=120"},"modified":"2023-07-14T16:19:23","modified_gmt":"2023-07-14T19:19:23","slug":"contato","status":"publish","type":"page","link":"https:\/\/ecoinovar.com\/12\/contato\/","title":{"rendered":"Contato"},"content":{"rendered":"\t\t<div data-elementor-type=\"wp-page\" data-elementor-id=\"120\" class=\"elementor elementor-120\" data-elementor-post-type=\"page\">\n\t\t\t\t\t\t<section class=\"elementor-section elementor-top-section elementor-element elementor-element-8518540 elementor-section-boxed elementor-section-height-default elementor-section-height-default\" data-id=\"8518540\" data-element_type=\"section\">\n\t\t\t\t\t\t<div class=\"elementor-container elementor-column-gap-default\">\n\t\t\t\t\t<div class=\"elementor-column elementor-col-50 elementor-top-column elementor-element elementor-element-98301b9\" data-id=\"98301b9\" data-element_type=\"column\">\n\t\t\t<div class=\"elementor-widget-wrap elementor-element-populated\">\n\t\t\t\t\t\t<div class=\"elementor-element elementor-element-e9c5dfb elementor-widget elementor-widget-text-editor\" data-id=\"e9c5dfb\" data-element_type=\"widget\" data-widget_type=\"text-editor.default\">\n\t\t\t\t<div class=\"elementor-widget-container\">\n\t\t\t\t\t\t\t\t\t<p><b>Endere\u00e7o:<\/b> Campus FURG<br \/><b><\/b><b>Cidade:<\/b> Rio Grande do Sul , Rio Grande do Sul<br \/>D\u00favidas poder\u00e3o ser esclarecidas por meio do e-mail <a href=\"mailto:contato@ecoinovar.com\">contato@ecoinovar.com<\/a><\/p>\t\t\t\t\t\t\t\t<\/div>\n\t\t\t\t<\/div>\n\t\t\t\t\t<\/div>\n\t\t<\/div>\n\t\t\t\t<div class=\"elementor-column elementor-col-50 elementor-top-column elementor-element elementor-element-38d01e5\" data-id=\"38d01e5\" data-element_type=\"column\">\n\t\t\t<div class=\"elementor-widget-wrap\">\n\t\t\t\t\t\t\t<\/div>\n\t\t<\/div>\n\t\t\t\t\t<\/div>\n\t\t<\/section>\n\t\t\t\t<\/div>\n\t\t","protected":false},"excerpt":{"rendered":"<p>Endere\u00e7o: Campus FURGCidade: Rio Grande do Sul , Rio Grande do SulD\u00favidas poder\u00e3o ser esclarecidas por meio do e-mail contato@ecoinovar.com<\/p>\n","protected":false},"author":1,"featured_media":0,"parent":0,"menu_order":0,"comment_status":"closed","ping_status":"closed","template":"","meta":{"footnotes":"","_links_to":"","_links_to_target":""},"class_list":["post-120","page","type-page","status-publish","hentry"],"_links":{"self":[{"href":"https:\/\/ecoinovar.com\/12\/wp-json\/wp\/v2\/pages\/120","targetHints":{"allow":["GET"]}}],"collection":[{"href":"https:\/\/ecoinovar.com\/12\/wp-json\/wp\/v2\/pages"}],"about":[{"href":"https:\/\/ecoinovar.com\/12\/wp-json\/wp\/v2\/types\/page"}],"author":[{"embeddable":true,"href":"https:\/\/ecoinovar.com\/12\/wp-json\/wp\/v2\/users\/1"}],"replies":[{"embeddable":true,"href":"https:\/\/ecoinovar.com\/12\/wp-json\/wp\/v2\/comments?post=120"}],"version-history":[{"count":19,"href":"https:\/\/ecoinovar.com\/12\/wp-json\/wp\/v2\/pages\/120\/revisions"}],"predecessor-version":[{"id":479,"href":"https:\/\/ecoinovar.com\/12\/wp-json\/wp\/v2\/pages\/120\/revisions\/479"}],"wp:attachment":[{"href":"https:\/\/ecoinovar.com\/12\/wp-json\/wp\/v2\/media?parent=120"}],"curies":[{"name":"wp","href":"https:\/\/api.w.org\/{rel}","templated":true}]}}