{"id":115,"date":"2023-07-03T17:04:44","date_gmt":"2023-07-03T20:04:44","guid":{"rendered":"https:\/\/ecoinovar.com\/12\/?page_id=115"},"modified":"2023-10-18T12:41:44","modified_gmt":"2023-10-18T15:41:44","slug":"datas-importantes","status":"publish","type":"page","link":"https:\/\/ecoinovar.com\/12\/datas-importantes\/","title":{"rendered":"Datas importantes"},"content":{"rendered":"\t\t<div data-elementor-type=\"wp-page\" data-elementor-id=\"115\" class=\"elementor elementor-115\" data-elementor-post-type=\"page\">\n\t\t\t\t\t\t<section class=\"elementor-section elementor-top-section elementor-element elementor-element-83d10f8 elementor-section-boxed elementor-section-height-default elementor-section-height-default\" data-id=\"83d10f8\" data-element_type=\"section\">\n\t\t\t\t\t\t<div class=\"elementor-container elementor-column-gap-default\">\n\t\t\t\t\t<div class=\"elementor-column elementor-col-100 elementor-top-column elementor-element elementor-element-f29261f\" data-id=\"f29261f\" data-element_type=\"column\">\n\t\t\t<div class=\"elementor-widget-wrap elementor-element-populated\">\n\t\t\t\t\t\t<div class=\"elementor-element elementor-element-2fdc72b elementor-widget elementor-widget-text-editor\" data-id=\"2fdc72b\" data-element_type=\"widget\" data-widget_type=\"text-editor.default\">\n\t\t\t\t<div class=\"elementor-widget-container\">\n\t\t\t\t\t\t\t\t\t<figure>\n<table width=\"100%\">\n<tbody>\n<tr>\n<td>\n<p><strong>ETAPAS<\/strong><\/p>\n<\/td>\n<td>\n<p><strong>DATAS LIMITES<\/strong><\/p>\n<\/td>\n<\/tr>\n<tr>\n<td>\n<p>Prazo para submiss\u00e3o dos trabalhos<\/p>\n<\/td>\n<td>\n<p>16\/out<\/p>\n<\/td>\n<\/tr>\n<tr>\n<td>\n<p>Prazo para divulga\u00e7\u00e3o dos resultados<\/p>\n<\/td>\n<td>\n<p>26\/out<\/p>\n<\/td>\n<\/tr>\n<tr>\n<td>\n<p>Prazo para inscri\u00e7\u00e3o dos trabalhos aprovados<\/p>\n<\/td>\n<td>\n<p>31\/out<\/p>\n<\/td>\n<\/tr>\n<tr>\n<td>\n<p>Divulga\u00e7\u00e3o da programa\u00e7\u00e3o detalhada e sint\u00e9tica no site<\/p>\n<\/td>\n<td>\n<p>03\/nov<\/p>\n<\/td>\n<\/tr>\n<tr>\n<td>\n<p>Prazo para inscri\u00e7\u00e3o<\/p>\n<\/td>\n<td>\n<p>06\/nov<\/p>\n<\/td>\n<\/tr>\n<tr>\n<td>\n<p>Realiza\u00e7\u00e3o do Evento<\/p>\n<\/td>\n<td>\n<p>13\/nov 14\/nov<\/p>\n<\/td>\n<\/tr>\n<\/tbody>\n<\/table>\n<\/figure>\t\t\t\t\t\t\t\t<\/div>\n\t\t\t\t<\/div>\n\t\t\t\t\t<\/div>\n\t\t<\/div>\n\t\t\t\t\t<\/div>\n\t\t<\/section>\n\t\t\t\t<\/div>\n\t\t","protected":false},"excerpt":{"rendered":"<p>ETAPAS DATAS LIMITES Prazo para submiss\u00e3o dos trabalhos 16\/out Prazo para divulga\u00e7\u00e3o dos resultados 26\/out Prazo para inscri\u00e7\u00e3o dos trabalhos aprovados 31\/out Divulga\u00e7\u00e3o da programa\u00e7\u00e3o detalhada e sint\u00e9tica no site 03\/nov Prazo para inscri\u00e7\u00e3o 06\/nov Realiza\u00e7\u00e3o do Evento 13\/nov 14\/nov<\/p>\n","protected":false},"author":1,"featured_media":0,"parent":0,"menu_order":0,"comment_status":"closed","ping_status":"closed","template":"","meta":{"footnotes":"","_links_to":"","_links_to_target":""},"class_list":["post-115","page","type-page","status-publish","hentry"],"_links":{"self":[{"href":"https:\/\/ecoinovar.com\/12\/wp-json\/wp\/v2\/pages\/115","targetHints":{"allow":["GET"]}}],"collection":[{"href":"https:\/\/ecoinovar.com\/12\/wp-json\/wp\/v2\/pages"}],"about":[{"href":"https:\/\/ecoinovar.com\/12\/wp-json\/wp\/v2\/types\/page"}],"author":[{"embeddable":true,"href":"https:\/\/ecoinovar.com\/12\/wp-json\/wp\/v2\/users\/1"}],"replies":[{"embeddable":true,"href":"https:\/\/ecoinovar.com\/12\/wp-json\/wp\/v2\/comments?post=115"}],"version-history":[{"count":19,"href":"https:\/\/ecoinovar.com\/12\/wp-json\/wp\/v2\/pages\/115\/revisions"}],"predecessor-version":[{"id":831,"href":"https:\/\/ecoinovar.com\/12\/wp-json\/wp\/v2\/pages\/115\/revisions\/831"}],"wp:attachment":[{"href":"https:\/\/ecoinovar.com\/12\/wp-json\/wp\/v2\/media?parent=115"}],"curies":[{"name":"wp","href":"https:\/\/api.w.org\/{rel}","templated":true}]}}