{"id":110,"date":"2023-07-03T17:02:52","date_gmt":"2023-07-03T20:02:52","guid":{"rendered":"https:\/\/ecoinovar.com\/12\/?page_id=110"},"modified":"2023-09-11T18:06:57","modified_gmt":"2023-09-11T21:06:57","slug":"comissao-organizadora-do-evento","status":"publish","type":"page","link":"https:\/\/ecoinovar.com\/12\/comissao-organizadora-do-evento\/","title":{"rendered":"Comiss\u00e3o Organizadora do Evento"},"content":{"rendered":"\t\t<div data-elementor-type=\"wp-page\" data-elementor-id=\"110\" class=\"elementor elementor-110\" data-elementor-post-type=\"page\">\n\t\t\t\t\t\t<section class=\"elementor-section elementor-top-section elementor-element elementor-element-93d3026 elementor-section-boxed elementor-section-height-default elementor-section-height-default\" data-id=\"93d3026\" data-element_type=\"section\">\n\t\t\t\t\t\t<div class=\"elementor-container elementor-column-gap-default\">\n\t\t\t\t\t<div class=\"elementor-column elementor-col-100 elementor-top-column elementor-element elementor-element-9046379\" data-id=\"9046379\" data-element_type=\"column\">\n\t\t\t<div class=\"elementor-widget-wrap elementor-element-populated\">\n\t\t\t\t\t\t<div class=\"elementor-element elementor-element-4d1f429 elementor-widget elementor-widget-text-editor\" data-id=\"4d1f429\" data-element_type=\"widget\" data-widget_type=\"text-editor.default\">\n\t\t\t\t<div class=\"elementor-widget-container\">\n\t\t\t\t\t\t\t\t\t<p><strong>Coordena\u00e7\u00e3o Geral do evento<\/strong>: Prof\u00aa. Dr\u00aa. Clandia Maffini Gomes, PPGA \u2013 FURG, Brasil<\/p>\t\t\t\t\t\t\t\t<\/div>\n\t\t\t\t<\/div>\n\t\t\t\t<div class=\"elementor-element elementor-element-b65388d elementor-widget elementor-widget-text-editor\" data-id=\"b65388d\" data-element_type=\"widget\" data-widget_type=\"text-editor.default\">\n\t\t\t\t<div class=\"elementor-widget-container\">\n\t\t\t\t\t\t\t\t\t<p><strong>Comit\u00ea Cient\u00edfico<\/strong><\/p>\n<ul>\n<li>Alet\u00e9ia de Moura Carpes, PPGA \u2013 UFSM, Brasil (in memorian)<\/li>\n<li>Alexandre Costa Quintana, PPGCONT\/FURG, Brasil<\/li>\n<li>Alisson Eduardo Maehler, PPGDTSA \u2013 UFPel, Brasil<\/li>\n<li>Amir Rezaee, Institut Sup\u00e9rieur de Gestion, Paris, Fran\u00e7a<\/li>\n<li>Andressa Hennig Silva, PPGA \u2013 UNIPAMPA, Brasil<\/li>\n<li>Andressa Schaurich dos Santos, FISMA, Brasil<\/li>\n<li>Angela Isabel dos Santos Dullius, PPGEMQ \u2013 UFSM, Brasil<\/li>\n<li>Antonio Zanin, PPGCCA \u2013 UNOCHAPEC\u00d3, Brasil<\/li>\n<li>Breno Nunes, Aston University, Reino Unido<\/li>\n<li>Carlos Alberto Diehl, PPGCC \u2013 UNISINOS, Brasil<\/li>\n<li>Carlos Heitor Cunha Moreira, PPGO \u2013 CCS, Brasil<\/li>\n<li>Cibele Martins, UFSC, Brasil<\/li>\n<li>Cl\u00e1udia Terezinha Kniess, USJT e UNIFESP, Brasil<\/li>\n<li>Cl\u00e1udio Senna Venzke, UDESC, Brasil<\/li>\n<li>Cristiano Sausen Soares, PPGCC \u2013 UFSM, Brasil<\/li>\n<li>Emerson Ant\u00f3nio Maccari, PPGA \u2013 UNINOVE, Brasil<\/li>\n<li>Fl\u00e1via Luciane Scherer, PPGA \u2013 UFSM, Brasil<\/li>\n<li>Fl\u00e1vio Hourneaux, PPGA \u2013 USP, Brasil<\/li>\n<li>Gilnei Luiz de Moura, PPGA \u2013 UFSM, Brasil<\/li>\n<li>Gustavo da Rosa Borges, PPGA \u2013 UNIPAMPA, Brasil<\/li>\n<li>Helena Maria Santos Rodrigues, I. Polit\u00e9cnico de Viana do Castelo, Portugal<\/li>\n<li>Igor Sonza, PPGA \u2013 UFSM, Brasil<\/li>\n<li>Inna Choban de Sousa Paiva, Instituto Universit\u00e1rio de Lisboa, Portugal<\/li>\n<li>Isabel Teresinha Dutra Soares, UFPEL, Brasil<\/li>\n<li>Isak Kruglianskas, PPGA \u2013 USP, Brasil<\/li>\n<li>\u00cdtalo Fernando Minello, PPGA \u2013 UFSM, Brasil (in memorian)<\/li>\n<li>Ivanete Schneider Hahn \u2013 UNIARP, Brasil<\/li>\n<li>Jessye Melgarejo do Amaral Giordani, PPGO \u2013 CCS, Brasil<\/li>\n<li>Jo\u00e3o Fernando Zamberlan, UNICRUZ, Brasil<\/li>\n<li>Jo\u00e3o Garibaldi Almeida Viana, PPGA \u2013 UNIPAMPA, Brasil<\/li>\n<li>Jo\u00e3o Paulo Martins Ribeiro, Empreend, Portugal<\/li>\n<li>Jos\u00e9 Antonio Gonzalez da Silva, PPGMM \u2013 UNIJU\u00cd, Brasil<\/li>\n<li>Jordana Marques Kneipp, PPGA \u2013 UFSM, Brasil<br><\/li>\n<li>Julio Siluk, PPGEP, UFSM, Brasil<\/li>\n<li>Larissa Degenhart, PPGCC \u2013 UFSM, Brasil<\/li>\n<li>L\u00edlian Caporl\u00edngua Giesta Cabral, UFERSA, Brasil<\/li>\n<li>Lucas Veiga \u00c1vila, UFSM, Brasil<\/li>\n<li>L\u00facia Rejane da R. Gama Madruga, PPGA \u2013 UFSM, Brasil<\/li>\n<li>Luis Felipe Dias Lopes, PPGA \u2013 UFSM, Brasil<\/li>\n<li>Luis Felipe Machado do Nascimento, PPGA \u2013 UFRGS, Brasil<\/li>\n<li>Luisa Cagica Carvalho, Instituto Polit\u00e9cnico de Set\u00fabal, Portugal<\/li>\n<li>Luiz Henrique Figueira Marquezan, PPGCC \u2013 UFSM, Brasil<\/li>\n<li>M\u00e1rcia Bianchi, PPGCONT \u2013 UFRGS, Brasil<\/li>\n<li>Marcia Helena do Nascimento Lorentz, PROGEP \u2013 UFSM, Brasil<\/li>\n<li>Maria Carolina Rodrigues, Universidade de Extremadura, Espanha,CIEO, Empreend<\/li>\n<li>Maria de F\u00e1tima Morais Lob\u00e3o, Empreend, Portugal<\/li>\n<li>Maria Em\u00edlia Camargo, PPGA \u2013 UFSM, Brasil<\/li>\n<li>Maria Isabel Sanchez Hernandez, Universidade de Extremadura, Espanha<\/li>\n<li>Maria Jose Aguilar Madeira, Universidade da Beira Interior, Portugal<\/li>\n<li>Maria Margarete Baccin Brizolla, PPGDR \u2013 UNIJU\u00cd, Brasil<\/li>\n<li>Mar\u00eda Pache Duran, Universidad de M\u00e1laga, Espanha<\/li>\n<li>Mar\u00eda Teresa Nevado Gil, Instituto Polit\u00e9cnico de Set\u00fabal, Portugal<\/li>\n<li>M\u00e1rio Carrilho Negas, U.Aberta, UMCLA\/ELO, Laborat\u00f3rio de Educa\u00e7\u00e3o a Dist\u00e2ncia e eLearning (LE@D) \u2013 Empreend, Portugal<\/li>\n<li>Marivane Vestena Rossato, PPGCC \u2013 UFSM, Brasil<\/li>\n<li>Mois\u00e9s Centenaro, PPGDRS \u2013 UEMS, Brasil<\/li>\n<li>Patricia Maria Bortolon, PPGCON \u2013 UFES, Brasil<\/li>\n<li>Paulo Cassanego Junior, PPGA \u2013 UNIPAMPA, Brasil<\/li>\n<li>Ricardo Ribeiro Alves, PPGA \u2013 UNIPAMPA, Brasil<\/li>\n<li>Roberto Schoproni Bichueti, PPGA \u2013 UFSM, Brasil<br><\/li>\n<li>Sebasti\u00e3o Airton da Rosa Cerqueira-Ad\u00e3o, PPGA \u2013 UNIPAMPA, Brasil<\/li>\n<li>Thiago Ant\u00f4nio Beuron, PPGA \u2013 UNIPAMPA, Brasil<\/li>\n<li>Thiago Machado Ardenghi, PPGO \u2013 CCS, Brasil<\/li>\n<li>Tiago Patias, PPGAGR \u2013 UFSM, Brasil<\/li>\n<li>Vanessa Almeida da Silva, IFFAR, Brasil<\/li>\n<li>Vin\u00edcius Costa da Silva Zonatto, PPGCC \u2013 UFSM, Brasil<\/li>\n<li>Walter Priesnitz Filho, CTISM \u2013 UFSM, Brasil<\/li>\n<li>Yerko Cortes Soza, Universidad Tecnol\u00f3gica de Chile, INACAP e Universidad de Concepci\u00f3n, Chile.<\/li>\n<\/ul>\t\t\t\t\t\t\t\t<\/div>\n\t\t\t\t<\/div>\n\t\t\t\t<div class=\"elementor-element elementor-element-0ffd4c2 elementor-widget elementor-widget-text-editor\" data-id=\"0ffd4c2\" data-element_type=\"widget\" data-widget_type=\"text-editor.default\">\n\t\t\t\t<div class=\"elementor-widget-container\">\n\t\t\t\t\t\t\t\t\t<strong>Comit\u00ea Operacional<\/strong>\n<ul>\n \t<li>Dr. Francies Diego Motke, Brasil<\/li>\n \t<li>Dr\u00aa. Kamila Frizzo, Bolsista de Extens\u00e3o no Pa\u00eds A, Brasil <\/ul>\n<strong>Equipe de apoio e divulga\u00e7\u00e3o<\/strong><ul><\/li>\n \t<li>Jeferson Mesquita Sigales, PPGA \u2013 FURG, Brasil<\/li>\n<\/ul>\t\t\t\t\t\t\t\t<\/div>\n\t\t\t\t<\/div>\n\t\t\t\t\t<\/div>\n\t\t<\/div>\n\t\t\t\t\t<\/div>\n\t\t<\/section>\n\t\t\t\t<\/div>\n\t\t","protected":false},"excerpt":{"rendered":"<p>Coordena\u00e7\u00e3o Geral do evento: Prof\u00aa. Dr\u00aa. Clandia Maffini Gomes, PPGA \u2013 FURG, Brasil Comit\u00ea Cient\u00edfico Alet\u00e9ia de Moura Carpes, PPGA \u2013 UFSM, Brasil (in memorian) Alexandre Costa Quintana, PPGCONT\/FURG, Brasil Alisson Eduardo Maehler, PPGDTSA \u2013 UFPel, Brasil Amir Rezaee, Institut Sup\u00e9rieur de Gestion, Paris, Fran\u00e7a Andressa Hennig Silva, PPGA \u2013 UNIPAMPA, Brasil Andressa Schaurich dos&hellip;<\/p>\n","protected":false},"author":1,"featured_media":0,"parent":0,"menu_order":0,"comment_status":"closed","ping_status":"closed","template":"","meta":{"footnotes":"","_links_to":"","_links_to_target":""},"class_list":["post-110","page","type-page","status-publish","hentry"],"_links":{"self":[{"href":"https:\/\/ecoinovar.com\/12\/wp-json\/wp\/v2\/pages\/110","targetHints":{"allow":["GET"]}}],"collection":[{"href":"https:\/\/ecoinovar.com\/12\/wp-json\/wp\/v2\/pages"}],"about":[{"href":"https:\/\/ecoinovar.com\/12\/wp-json\/wp\/v2\/types\/page"}],"author":[{"embeddable":true,"href":"https:\/\/ecoinovar.com\/12\/wp-json\/wp\/v2\/users\/1"}],"replies":[{"embeddable":true,"href":"https:\/\/ecoinovar.com\/12\/wp-json\/wp\/v2\/comments?post=110"}],"version-history":[{"count":31,"href":"https:\/\/ecoinovar.com\/12\/wp-json\/wp\/v2\/pages\/110\/revisions"}],"predecessor-version":[{"id":758,"href":"https:\/\/ecoinovar.com\/12\/wp-json\/wp\/v2\/pages\/110\/revisions\/758"}],"wp:attachment":[{"href":"https:\/\/ecoinovar.com\/12\/wp-json\/wp\/v2\/media?parent=110"}],"curies":[{"name":"wp","href":"https:\/\/api.w.org\/{rel}","templated":true}]}}