{"id":1027,"date":"2024-01-23T17:53:18","date_gmt":"2024-01-23T20:53:18","guid":{"rendered":"https:\/\/ecoinovar.com\/12\/?page_id=1027"},"modified":"2024-02-01T15:16:56","modified_gmt":"2024-02-01T18:16:56","slug":"melhores-trabalhos","status":"publish","type":"page","link":"https:\/\/ecoinovar.com\/12\/melhores-trabalhos\/","title":{"rendered":"Melhores Trabalhos"},"content":{"rendered":"\n<figure class=\"wp-block-table\"><table><tbody><tr><td><strong>1\u00ba lugar<\/strong><\/td><td><strong>AN\u00c1LISE DE UM \u00cdNDICE DE PROPENS\u00c3O \u00c0 SUCESS\u00c3O (IPS) DAS PROPRIEDADES RURAIS UTILIZANDO SISTEMAS DE FUZZY<\/strong><br>Mariele Boscardin, Sibele Vasconcelos de Oliveira e Andrea Cristina Dorr<br><em>Universidade Federal de Santa Maria<\/em><\/td><\/tr><tr><td><strong>2\u00ba lugar<\/strong><\/td><td><strong>EVID\u00caNCIAS DOS VIESES, EXCESSO DE CONFIAN\u00c7A E CONSERVADORISMO, NA TOMADA DE DECIS\u00c3O DE INVESTIMENTOS DOS GESTORES\/ EMPRES\u00c1RIOS DE MPEs<\/strong><br>Larissa Duarte Costa Da Silva, Francisca Josel\u00e2nia da Silva Bento, Francisco das Chagas Silveira Souza, F\u00e1bio Chaves Nobre e Liana Holanda Nepomuceno Nobre<br><em>Universidade Federal Rural do Semi Arido e Universidade do Estado do Rio Grande do Norte<\/em><\/td><\/tr><tr><td><strong>3\u00ba lugar<\/strong><\/td><td><strong>ENTRE CICLOS: UM OLHAR NETNOGR\u00c1FICO EM UMA COMUNIDADE DE PRODUTOS MENSTRUAIS REUTILIZ\u00c1VEIS<\/strong><br>Sandra Beatriz Belo Guimar\u00e3es Daboit, B\u00e1rbara Oliveira de Morais, Lidiane Manthay Leal e Ana Paula Araujo<br><em>Universidade Federal Fluminense<\/em><\/td><\/tr><\/tbody><\/table><\/figure>\n","protected":false},"excerpt":{"rendered":"<p>1\u00ba lugar AN\u00c1LISE DE UM \u00cdNDICE DE PROPENS\u00c3O \u00c0 SUCESS\u00c3O (IPS) DAS PROPRIEDADES RURAIS UTILIZANDO SISTEMAS DE FUZZYMariele Boscardin, Sibele Vasconcelos de Oliveira e Andrea Cristina DorrUniversidade Federal de Santa Maria 2\u00ba lugar EVID\u00caNCIAS DOS VIESES, EXCESSO DE CONFIAN\u00c7A E CONSERVADORISMO, NA TOMADA DE DECIS\u00c3O DE INVESTIMENTOS DOS GESTORES\/ EMPRES\u00c1RIOS DE MPEsLarissa Duarte Costa Da&hellip;<\/p>\n","protected":false},"author":1,"featured_media":0,"parent":0,"menu_order":0,"comment_status":"closed","ping_status":"closed","template":"","meta":{"footnotes":"","_links_to":"","_links_to_target":""},"class_list":["post-1027","page","type-page","status-publish","hentry","description-off"],"_links":{"self":[{"href":"https:\/\/ecoinovar.com\/12\/wp-json\/wp\/v2\/pages\/1027","targetHints":{"allow":["GET"]}}],"collection":[{"href":"https:\/\/ecoinovar.com\/12\/wp-json\/wp\/v2\/pages"}],"about":[{"href":"https:\/\/ecoinovar.com\/12\/wp-json\/wp\/v2\/types\/page"}],"author":[{"embeddable":true,"href":"https:\/\/ecoinovar.com\/12\/wp-json\/wp\/v2\/users\/1"}],"replies":[{"embeddable":true,"href":"https:\/\/ecoinovar.com\/12\/wp-json\/wp\/v2\/comments?post=1027"}],"version-history":[{"count":5,"href":"https:\/\/ecoinovar.com\/12\/wp-json\/wp\/v2\/pages\/1027\/revisions"}],"predecessor-version":[{"id":1046,"href":"https:\/\/ecoinovar.com\/12\/wp-json\/wp\/v2\/pages\/1027\/revisions\/1046"}],"wp:attachment":[{"href":"https:\/\/ecoinovar.com\/12\/wp-json\/wp\/v2\/media?parent=1027"}],"curies":[{"name":"wp","href":"https:\/\/api.w.org\/{rel}","templated":true}]}}