{"id":944,"date":"2018-09-19T14:35:26","date_gmt":"2018-09-19T17:35:26","guid":{"rendered":"http:\/\/ecoinovar.institucional.ws\/?page_id=944"},"modified":"2023-07-19T14:35:21","modified_gmt":"2023-07-19T17:35:21","slug":"expo","status":"publish","type":"page","link":"https:\/\/ecoinovar.com\/11\/expo\/","title":{"rendered":"Expo Ecoinovar"},"content":{"rendered":"\t\t<div data-elementor-type=\"wp-page\" data-elementor-id=\"944\" class=\"elementor elementor-944\" data-elementor-post-type=\"page\">\n\t\t\t\t\t\t<section class=\"elementor-section elementor-top-section elementor-element elementor-element-4e69c48f elementor-section-boxed elementor-section-height-default elementor-section-height-default\" data-id=\"4e69c48f\" data-element_type=\"section\">\n\t\t\t\t\t\t<div class=\"elementor-container elementor-column-gap-default\">\n\t\t\t\t\t<div class=\"elementor-column elementor-col-50 elementor-top-column elementor-element elementor-element-2d9a63ba\" data-id=\"2d9a63ba\" data-element_type=\"column\">\n\t\t\t<div class=\"elementor-widget-wrap elementor-element-populated\">\n\t\t\t\t\t\t<div class=\"elementor-element elementor-element-33a395aa elementor-widget elementor-widget-text-editor\" data-id=\"33a395aa\" data-element_type=\"widget\" data-widget_type=\"text-editor.default\">\n\t\t\t\t<div class=\"elementor-widget-container\">\n\t\t\t\t\t\t\t\t\t<p style=\"margin-bottom: 0px; text-align: justify;\">A V Expo Ecoinovar reunir\u00e1 estudantes do n\u00edvel superior, de institui\u00e7\u00f5es p\u00fablicas e privadas, e empreendedores de Startups, Empresas e Organiza\u00e7\u00f5es N\u00e3o Governamentais (ONGs).<u><\/u><u><\/u><\/p><p style=\"text-align: justify;\"><span style=\"color: var( --e-global-color-text ); font-family: var( --e-global-typography-text-font-family ), Sans-serif; font-weight: var( --e-global-typography-text-font-weight ); word-spacing: normal;\">O objetivo da Expo Ecoinovar consiste em apresentar projetos e solu\u00e7\u00f5es que possam contribuir para a constru\u00e7\u00e3o de um futuro mais justo e sustent\u00e1vel, dos pontos de vista ambiental, social e econ\u00f4mico. A exposi\u00e7\u00e3o apresentar\u00e1 ao p\u00fablico projetos e solu\u00e7\u00f5es previamente selecionados, alinhados \u00e0 tem\u00e1tica do evento e aos Objetivos do Desenvolvimento Sustent\u00e1vel ODS\/ONU.<\/span><\/p>\t\t\t\t\t\t\t\t<\/div>\n\t\t\t\t<\/div>\n\t\t\t\t\t<\/div>\n\t\t<\/div>\n\t\t\t\t<div class=\"elementor-column elementor-col-50 elementor-top-column elementor-element elementor-element-f55842a\" data-id=\"f55842a\" data-element_type=\"column\">\n\t\t\t<div class=\"elementor-widget-wrap elementor-element-populated\">\n\t\t\t\t\t\t<div class=\"elementor-element elementor-element-4c58b52 elementor-widget elementor-widget-image\" data-id=\"4c58b52\" data-element_type=\"widget\" data-widget_type=\"image.default\">\n\t\t\t\t<div class=\"elementor-widget-container\">\n\t\t\t\t\t\t\t\t\t\t\t\t\t\t\t<img decoding=\"async\" src=\"https:\/\/ecoinovar.com\/10\/wp-content\/uploads\/sites\/5\/2021\/07\/logotipo-1.png\" title=\"\" alt=\"\" loading=\"lazy\" \/>\t\t\t\t\t\t\t\t\t\t\t\t\t\t\t<\/div>\n\t\t\t\t<\/div>\n\t\t\t\t\t<\/div>\n\t\t<\/div>\n\t\t\t\t\t<\/div>\n\t\t<\/section>\n\t\t\t\t<\/div>\n\t\t","protected":false},"excerpt":{"rendered":"<p>A V Expo Ecoinovar reunir\u00e1 estudantes do n\u00edvel superior, de institui\u00e7\u00f5es p\u00fablicas e privadas, e empreendedores de Startups, Empresas e Organiza\u00e7\u00f5es N\u00e3o Governamentais (ONGs). O objetivo da Expo Ecoinovar consiste em apresentar projetos e solu\u00e7\u00f5es que possam contribuir para a constru\u00e7\u00e3o de um futuro mais justo e sustent\u00e1vel, dos pontos de vista ambiental, social e&hellip;<\/p>\n","protected":false},"author":1,"featured_media":0,"parent":0,"menu_order":0,"comment_status":"closed","ping_status":"closed","template":"","meta":{"footnotes":"","_links_to":"","_links_to_target":""},"class_list":["post-944","page","type-page","status-publish","hentry"],"_links":{"self":[{"href":"https:\/\/ecoinovar.com\/11\/wp-json\/wp\/v2\/pages\/944","targetHints":{"allow":["GET"]}}],"collection":[{"href":"https:\/\/ecoinovar.com\/11\/wp-json\/wp\/v2\/pages"}],"about":[{"href":"https:\/\/ecoinovar.com\/11\/wp-json\/wp\/v2\/types\/page"}],"author":[{"embeddable":true,"href":"https:\/\/ecoinovar.com\/11\/wp-json\/wp\/v2\/users\/1"}],"replies":[{"embeddable":true,"href":"https:\/\/ecoinovar.com\/11\/wp-json\/wp\/v2\/comments?post=944"}],"version-history":[{"count":30,"href":"https:\/\/ecoinovar.com\/11\/wp-json\/wp\/v2\/pages\/944\/revisions"}],"predecessor-version":[{"id":4661,"href":"https:\/\/ecoinovar.com\/11\/wp-json\/wp\/v2\/pages\/944\/revisions\/4661"}],"wp:attachment":[{"href":"https:\/\/ecoinovar.com\/11\/wp-json\/wp\/v2\/media?parent=944"}],"curies":[{"name":"wp","href":"https:\/\/api.w.org\/{rel}","templated":true}]}}