{"id":499,"date":"2017-05-05T11:01:57","date_gmt":"2017-05-05T14:01:57","guid":{"rendered":"http:\/\/ecoinovar.institucional.ws\/?page_id=499"},"modified":"2023-06-30T14:56:46","modified_gmt":"2023-06-30T17:56:46","slug":"programacao-do-evento","status":"publish","type":"page","link":"https:\/\/ecoinovar.com\/11\/programacao-do-evento\/","title":{"rendered":"Programa\u00e7\u00e3o dos Eventos"},"content":{"rendered":"\t\t<div data-elementor-type=\"wp-page\" data-elementor-id=\"499\" class=\"elementor elementor-499\" data-elementor-post-type=\"page\">\n\t\t\t\t\t\t<section class=\"elementor-section elementor-top-section elementor-element elementor-element-1ad9cdf elementor-section-boxed elementor-section-height-default elementor-section-height-default\" data-id=\"1ad9cdf\" data-element_type=\"section\">\n\t\t\t\t\t\t<div class=\"elementor-container elementor-column-gap-default\">\n\t\t\t\t\t<div class=\"elementor-column elementor-col-100 elementor-top-column elementor-element elementor-element-02295c2\" data-id=\"02295c2\" data-element_type=\"column\">\n\t\t\t<div class=\"elementor-widget-wrap elementor-element-populated\">\n\t\t\t\t\t\t<div class=\"elementor-element elementor-element-649740e elementor-widget elementor-widget-text-editor\" data-id=\"649740e\" data-element_type=\"widget\" data-widget_type=\"text-editor.default\">\n\t\t\t\t<div class=\"elementor-widget-container\">\n\t\t\t\t\t\t\t\t\t<p style=\"text-align: justify;\"><span style=\"font-weight: bold;\">PROGRAMA\u00c7\u00c3O GERAL<\/span><\/p>\n<p>A programa\u00e7\u00e3o ser\u00e1 divulgada em breve.<\/p>\t\t\t\t\t\t\t\t<\/div>\n\t\t\t\t<\/div>\n\t\t\t\t\t<\/div>\n\t\t<\/div>\n\t\t\t\t\t<\/div>\n\t\t<\/section>\n\t\t\t\t<\/div>\n\t\t","protected":false},"excerpt":{"rendered":"<p>PROGRAMA\u00c7\u00c3O GERAL A programa\u00e7\u00e3o ser\u00e1 divulgada em breve.<\/p>\n","protected":false},"author":1,"featured_media":0,"parent":0,"menu_order":0,"comment_status":"closed","ping_status":"closed","template":"","meta":{"footnotes":"","_links_to":"","_links_to_target":""},"class_list":["post-499","page","type-page","status-publish","hentry"],"_links":{"self":[{"href":"https:\/\/ecoinovar.com\/11\/wp-json\/wp\/v2\/pages\/499","targetHints":{"allow":["GET"]}}],"collection":[{"href":"https:\/\/ecoinovar.com\/11\/wp-json\/wp\/v2\/pages"}],"about":[{"href":"https:\/\/ecoinovar.com\/11\/wp-json\/wp\/v2\/types\/page"}],"author":[{"embeddable":true,"href":"https:\/\/ecoinovar.com\/11\/wp-json\/wp\/v2\/users\/1"}],"replies":[{"embeddable":true,"href":"https:\/\/ecoinovar.com\/11\/wp-json\/wp\/v2\/comments?post=499"}],"version-history":[{"count":10,"href":"https:\/\/ecoinovar.com\/11\/wp-json\/wp\/v2\/pages\/499\/revisions"}],"predecessor-version":[{"id":4626,"href":"https:\/\/ecoinovar.com\/11\/wp-json\/wp\/v2\/pages\/499\/revisions\/4626"}],"wp:attachment":[{"href":"https:\/\/ecoinovar.com\/11\/wp-json\/wp\/v2\/media?parent=499"}],"curies":[{"name":"wp","href":"https:\/\/api.w.org\/{rel}","templated":true}]}}