{"id":398,"date":"2017-05-04T09:51:53","date_gmt":"2017-05-04T12:51:53","guid":{"rendered":"http:\/\/ecoinovar.institucional.ws\/?page_id=398"},"modified":"2023-06-30T15:00:14","modified_gmt":"2023-06-30T18:00:14","slug":"apresentacao-2","status":"publish","type":"page","link":"https:\/\/ecoinovar.com\/11\/apresentacao-2\/","title":{"rendered":"Apresenta\u00e7\u00e3o"},"content":{"rendered":"\t\t<div data-elementor-type=\"wp-page\" data-elementor-id=\"398\" class=\"elementor elementor-398\" data-elementor-post-type=\"page\">\n\t\t\t\t\t\t<section class=\"elementor-section elementor-top-section elementor-element elementor-element-10fadd7f elementor-section-boxed elementor-section-height-default elementor-section-height-default\" data-id=\"10fadd7f\" data-element_type=\"section\">\n\t\t\t\t\t\t<div class=\"elementor-container elementor-column-gap-default\">\n\t\t\t\t\t<div class=\"elementor-column elementor-col-100 elementor-top-column elementor-element elementor-element-76f854b\" data-id=\"76f854b\" data-element_type=\"column\">\n\t\t\t<div class=\"elementor-widget-wrap elementor-element-populated\">\n\t\t\t\t\t\t<div class=\"elementor-element elementor-element-46d46d62 elementor-widget elementor-widget-text-editor\" data-id=\"46d46d62\" data-element_type=\"widget\" data-widget_type=\"text-editor.default\">\n\t\t\t\t<div class=\"elementor-widget-container\">\n\t\t\t\t\t\t\t\t\t<p style=\"text-align: justify;\">O F\u00f3rum Internacional Ecoinovar \u00e9 uma realiza\u00e7\u00e3o do Grupo de Pesquisa Ecoinovar. por meio do Grupo de Pesquisa Ecoinovar, Programa de P\u00f3s Gradua\u00e7\u00e3o em Administra\u00e7\u00e3o \u2013 PPGA e Curso de Administra\u00e7\u00e3o.<\/p>\n<p style=\"text-align: justify;\">O objetivo do Ecoinovar consiste em promover o interc\u00e2mbio, a divulga\u00e7\u00e3o e o est\u00edmulo \u00e0 produ\u00e7\u00e3o de conhecimento, propostas e solu\u00e7\u00f5es que contribuam para o desenvolvimento de novas ideias, iniciativas e a constru\u00e7\u00e3o de alian\u00e7as para a inova\u00e7\u00e3o e a sustentabilidade.&nbsp;<\/p>\n<p style=\"text-align: justify;\">O evento acad\u00eamico e empresarial re\u00fane, anualmente, estudantes de gradua\u00e7\u00e3o e p\u00f3s-gradua\u00e7\u00e3o,&nbsp;empres\u00e1rios, pesquisadores, administradores, ONGs ambientalistas e profissionais de diferentes \u00e1reas. Nos&nbsp;\u00faltimos onze anos, o F\u00f3rum Internacional Ecoinovar contou com uma m\u00e9dia de p\u00fablico de aproximadamente 400 pessoas. Em&nbsp;sua programa\u00e7\u00e3o, s\u00e3o apresentados trabalhos acad\u00eamicos advindos de institui\u00e7\u00f5es de ensino superior de diversos&nbsp;estados brasileiros e universidades estrangeiras. O evento conta, ainda, com a participa\u00e7\u00e3o de renomados&nbsp;professores e palestrantes das mais conceituadas universidades do pa\u00eds e do exterior.<\/p>\n<p style=\"text-align: justify;\">Em sua programa\u00e7\u00e3o, est\u00e3o previstas palestras, apresenta\u00e7\u00f5es de trabalhos, nas modalidades oral e p\u00f4ster, exposi\u00e7\u00e3o de cases empresariais, minicursos e a realiza\u00e7\u00e3o do tradicional Painel Internacional, que contar\u00e1 com a presen\u00e7a de professores estrangeiros.&nbsp;<\/p>\t\t\t\t\t\t\t\t<\/div>\n\t\t\t\t<\/div>\n\t\t\t\t\t<\/div>\n\t\t<\/div>\n\t\t\t\t\t<\/div>\n\t\t<\/section>\n\t\t\t\t<\/div>\n\t\t","protected":false},"excerpt":{"rendered":"<p>O F\u00f3rum Internacional Ecoinovar \u00e9 uma realiza\u00e7\u00e3o do Grupo de Pesquisa Ecoinovar. por meio do Grupo de Pesquisa Ecoinovar, Programa de P\u00f3s Gradua\u00e7\u00e3o em Administra\u00e7\u00e3o \u2013 PPGA e Curso de Administra\u00e7\u00e3o. O objetivo do Ecoinovar consiste em promover o interc\u00e2mbio, a divulga\u00e7\u00e3o e o est\u00edmulo \u00e0 produ\u00e7\u00e3o de conhecimento, propostas e solu\u00e7\u00f5es que contribuam para&hellip;<\/p>\n","protected":false},"author":1,"featured_media":0,"parent":0,"menu_order":0,"comment_status":"closed","ping_status":"closed","template":"","meta":{"footnotes":"","_links_to":"","_links_to_target":""},"class_list":["post-398","page","type-page","status-publish","hentry"],"_links":{"self":[{"href":"https:\/\/ecoinovar.com\/11\/wp-json\/wp\/v2\/pages\/398","targetHints":{"allow":["GET"]}}],"collection":[{"href":"https:\/\/ecoinovar.com\/11\/wp-json\/wp\/v2\/pages"}],"about":[{"href":"https:\/\/ecoinovar.com\/11\/wp-json\/wp\/v2\/types\/page"}],"author":[{"embeddable":true,"href":"https:\/\/ecoinovar.com\/11\/wp-json\/wp\/v2\/users\/1"}],"replies":[{"embeddable":true,"href":"https:\/\/ecoinovar.com\/11\/wp-json\/wp\/v2\/comments?post=398"}],"version-history":[{"count":9,"href":"https:\/\/ecoinovar.com\/11\/wp-json\/wp\/v2\/pages\/398\/revisions"}],"predecessor-version":[{"id":4629,"href":"https:\/\/ecoinovar.com\/11\/wp-json\/wp\/v2\/pages\/398\/revisions\/4629"}],"wp:attachment":[{"href":"https:\/\/ecoinovar.com\/11\/wp-json\/wp\/v2\/media?parent=398"}],"curies":[{"name":"wp","href":"https:\/\/api.w.org\/{rel}","templated":true}]}}