{"id":3304,"date":"2020-11-10T08:16:16","date_gmt":"2020-11-10T11:16:16","guid":{"rendered":"http:\/\/ecoinovar.com\/10\/?page_id=3304"},"modified":"2022-10-28T09:16:42","modified_gmt":"2022-10-28T12:16:42","slug":"instrucoes-para-apresentacao","status":"publish","type":"page","link":"https:\/\/ecoinovar.com\/11\/mostra-cientifica\/instrucoes-para-apresentacao\/","title":{"rendered":"Instru\u00e7\u00f5es para apresenta\u00e7\u00e3o"},"content":{"rendered":"\t\t<div data-elementor-type=\"wp-page\" data-elementor-id=\"3304\" class=\"elementor elementor-3304\" data-elementor-post-type=\"page\">\n\t\t\t\t\t\t<section class=\"elementor-section elementor-top-section elementor-element elementor-element-178969e6 elementor-section-boxed elementor-section-height-default elementor-section-height-default\" data-id=\"178969e6\" data-element_type=\"section\">\n\t\t\t\t\t\t<div class=\"elementor-container elementor-column-gap-default\">\n\t\t\t\t\t<div class=\"elementor-column elementor-col-100 elementor-top-column elementor-element elementor-element-46d049fa\" data-id=\"46d049fa\" data-element_type=\"column\">\n\t\t\t<div class=\"elementor-widget-wrap elementor-element-populated\">\n\t\t\t\t\t\t<div class=\"elementor-element elementor-element-c605772 elementor-widget elementor-widget-text-editor\" data-id=\"c605772\" data-element_type=\"widget\" data-widget_type=\"text-editor.default\">\n\t\t\t\t<div class=\"elementor-widget-container\">\n\t\t\t\t\t\t\t\t\t<p><\/p>\n<p>A equipe dever\u00e1 produzir o v\u00eddeo com a apresenta\u00e7\u00e3o do trabalho aprovado e fazer o upload no Formul\u00e1rio do Google Forms \u2013\u00a0https:\/\/forms.gle\/Cd21rpKMWsB8aKAWA ( \u00c9 necess\u00e1rio realizar o login com uma conta do Google\u00a0). Assim que as informa\u00e7\u00f5es do trabalho (c\u00f3digo do trabalho gerado no sistema de submiss\u00e3o, t\u00edtulo do trabalho e professor coordenador) forem informadas e o v\u00eddeo adicionado ser\u00e1 necess\u00e1rio submeter o formul\u00e1rio no campo \u201cEnviar\u201d.<\/p>\n<p>Os v\u00eddeos poder\u00e3o ser produzidos por meio da ferramenta Zoom, Power Point ou de aparelhos como c\u00e2meras e celulares.<\/p>\n<p>Todos os passos para gravar v\u00eddeos no Zoom e Power Point est\u00e3o descritos, com detalhes, nos tutoriais abaixo:<\/p>\n<div><a href=\"https:\/\/ecoinovar.com\/9\/wp-content\/uploads\/sites\/6\/2020\/11\/TUTORIAL-PARA-PRODUCAO-DE-VIDEOS-PowerPoint.pdf\" target=\"_blank\" rel=\"noopener\">TUTORIAL PARA PRODU\u00c7\u00c3O DE V\u00cdDEO NO POWER POINT<\/a><\/div>\n<div><a href=\"https:\/\/ecoinovar.com\/9\/wp-content\/uploads\/sites\/6\/2020\/11\/TUTORIAL-PARA-PRODUCAO-DE-VIDEOS-ZOOM.pdf\">TUTORIAL PARA PRODU\u00c7\u00c3O DE V\u00cdDEOS NO ZOOM<\/a><\/div>\n<p><a href=\"https:\/\/ecoinovar.com\/10\/wp-content\/uploads\/sites\/5\/2021\/10\/Mostra_Ecoinovar-2021_Fundo-Zoom.png\" target=\"_blank\" rel=\"noreferrer noopener\">Fundo oficial para utiliza\u00e7\u00e3o no Zoom ( Virtual Background )<\/a><\/p>\n<p>Para a confec\u00e7\u00e3o dos v\u00eddeos \u00e9 sugerido o\u00a0<em>template<\/em>\u00a0que pode ser acessado em:<\/p>\n<p><a href=\"https:\/\/ecoinovar.com\/9\/wp-content\/uploads\/sites\/6\/2020\/11\/Template-poster-Mostra.pptx\">Template P\u00f4ster<\/a><\/p>\n<p><a href=\"https:\/\/ecoinovar.com\/9\/wp-content\/uploads\/sites\/6\/2020\/11\/Template-Ap.-Oral-Mostra.pptx\">Template Apresenta\u00e7\u00e3o Oral<\/a><\/p>\n<p>Sugerimos seguir este roteiro:<\/p>\n<ul>\n<li>Apresenta\u00e7\u00e3o Pessoal;<\/li>\n<li>Apresenta\u00e7\u00e3o da Escola;<\/li>\n<li>Detalhes do trabalho.<\/li>\n<\/ul>\n<p>Por fim, outras informa\u00e7\u00f5es importantes:<\/p>\n<p>\u2013 A grava\u00e7\u00e3o do v\u00eddeo n\u00e3o poder\u00e1 ultrapassar\u00a0<strong>5 minutos<\/strong>;<\/p>\n<p>\u2013 O link do v\u00eddeo deve ser postado impreterivelmente at\u00e9 o dia <strong>25 de outubro<\/strong>;<\/p>\n<p>\u2013 Recomenda-se a grava\u00e7\u00e3o dos v\u00eddeos em qualidade Full HD-1080p e na extens\u00e3o .mp4;<\/p>\n<p><strong>\u2013 Os trabalhos e as apresenta\u00e7\u00f5es ficar\u00e3o expostos durante o dia 28 de outubro para aprecia\u00e7\u00e3o dos avaliadores e demais participantes do evento. As apresenta\u00e7\u00f5es poder\u00e3o receber coment\u00e1rios e curtidas. \u00c9 importante que os autores atentem em responder as perguntas que forem feitas em seu respectivo trabalho.<\/strong><\/p>\n<p><strong>\u2013 As equipes e demais participantes s\u00e3o convidados a trocar ideias sobre os trabalhos e demais atividades do evento na Sess\u00e3o de Networking prevista na programa\u00e7\u00e3o.<\/strong><\/p>\n<p>D\u00favidas poder\u00e3o ser esclarecidas por meio do e-mail\u00a0<a href=\"mailto:contato@ecoinovar.com.br\">contato@ecoinovar.com.br<\/a><\/p>\n<p><\/p>\n<p><\/p>\n<div style=\"height: 100px;\" aria-hidden=\"true\">\u00a0<\/div>\n<p><\/p>\t\t\t\t\t\t\t\t<\/div>\n\t\t\t\t<\/div>\n\t\t\t\t\t<\/div>\n\t\t<\/div>\n\t\t\t\t\t<\/div>\n\t\t<\/section>\n\t\t\t\t<\/div>\n\t\t","protected":false},"excerpt":{"rendered":"<p>A equipe dever\u00e1 produzir o v\u00eddeo com a apresenta\u00e7\u00e3o do trabalho aprovado e fazer o upload no Formul\u00e1rio do Google Forms \u2013\u00a0https:\/\/forms.gle\/44gsCShV9ETg79KG9 ( \u00c9 necess\u00e1rio realizar o login com uma conta do Google\u00a0). Assim que as informa\u00e7\u00f5es do trabalho (c\u00f3digo do trabalho gerado no sistema de submiss\u00e3o, t\u00edtulo do trabalho e professor coordenador) forem informadas&hellip;<\/p>\n","protected":false},"author":1,"featured_media":0,"parent":578,"menu_order":0,"comment_status":"closed","ping_status":"closed","template":"","meta":{"footnotes":"","_links_to":"","_links_to_target":""},"class_list":["post-3304","page","type-page","status-publish","hentry"],"_links":{"self":[{"href":"https:\/\/ecoinovar.com\/11\/wp-json\/wp\/v2\/pages\/3304","targetHints":{"allow":["GET"]}}],"collection":[{"href":"https:\/\/ecoinovar.com\/11\/wp-json\/wp\/v2\/pages"}],"about":[{"href":"https:\/\/ecoinovar.com\/11\/wp-json\/wp\/v2\/types\/page"}],"author":[{"embeddable":true,"href":"https:\/\/ecoinovar.com\/11\/wp-json\/wp\/v2\/users\/1"}],"replies":[{"embeddable":true,"href":"https:\/\/ecoinovar.com\/11\/wp-json\/wp\/v2\/comments?post=3304"}],"version-history":[{"count":3,"href":"https:\/\/ecoinovar.com\/11\/wp-json\/wp\/v2\/pages\/3304\/revisions"}],"predecessor-version":[{"id":4501,"href":"https:\/\/ecoinovar.com\/11\/wp-json\/wp\/v2\/pages\/3304\/revisions\/4501"}],"up":[{"embeddable":true,"href":"https:\/\/ecoinovar.com\/11\/wp-json\/wp\/v2\/pages\/578"}],"wp:attachment":[{"href":"https:\/\/ecoinovar.com\/11\/wp-json\/wp\/v2\/media?parent=3304"}],"curies":[{"name":"wp","href":"https:\/\/api.w.org\/{rel}","templated":true}]}}