{"id":944,"date":"2018-09-19T14:35:26","date_gmt":"2018-09-19T17:35:26","guid":{"rendered":"http:\/\/ecoinovar.institucional.ws\/?page_id=944"},"modified":"2021-08-31T18:36:08","modified_gmt":"2021-08-31T21:36:08","slug":"expo","status":"publish","type":"page","link":"https:\/\/ecoinovar.com\/10\/expo\/","title":{"rendered":"IV Expo Ecoinovar"},"content":{"rendered":"\t\t<div data-elementor-type=\"wp-page\" data-elementor-id=\"944\" class=\"elementor elementor-944\" data-elementor-post-type=\"page\">\n\t\t\t\t\t\t<section class=\"elementor-section elementor-top-section elementor-element elementor-element-4e69c48f elementor-section-boxed elementor-section-height-default elementor-section-height-default\" data-id=\"4e69c48f\" data-element_type=\"section\">\n\t\t\t\t\t\t<div class=\"elementor-container elementor-column-gap-default\">\n\t\t\t\t\t<div class=\"elementor-column elementor-col-100 elementor-top-column elementor-element elementor-element-2d9a63ba\" data-id=\"2d9a63ba\" data-element_type=\"column\">\n\t\t\t<div class=\"elementor-widget-wrap elementor-element-populated\">\n\t\t\t\t\t\t<div class=\"elementor-element elementor-element-33a395aa elementor-widget elementor-widget-text-editor\" data-id=\"33a395aa\" data-element_type=\"widget\" data-widget_type=\"text-editor.default\">\n\t\t\t\t<div class=\"elementor-widget-container\">\n\t\t\t\t\t\t\t\t\t<p style=\"text-align: justify;\">A Expo Ecoinovar \u2013 Solu\u00e7\u00f5es Inovadoras para um Futuro Sustent\u00e1vel \u00e9 um evento participante da XVIII Semana Nacional de Ci\u00eancia e Tecnologia e reunir\u00e1 estudantes do n\u00edvel superior, de institui\u00e7\u00f5es p\u00fablicas e privadas, e empreendedores de Startups, Empresas e Organiza\u00e7\u00f5es N\u00e3o Governamentais (ONGs). Em 2021, em sua quarta edi\u00e7\u00e3o, tem como tem\u00e1tica \u201c A transversalidade da ci\u00eancia, tecnologia e inova\u00e7\u00f5es para o planeta&#8221;.<\/p><p style=\"text-align: justify;\">O objetivo da Expo Ecoinovar consiste em apresentar projetos e solu\u00e7\u00f5es que possam contribuir para a constru\u00e7\u00e3o de um futuro mais justo e sustent\u00e1vel, dos pontos de vista ambiental, social e econ\u00f4mico. A exposi\u00e7\u00e3o apresentar\u00e1 ao p\u00fablico projetos e solu\u00e7\u00f5es previamente selecionados, alinhados \u00e0 tem\u00e1tica do evento e aos Objetivos do Desenvolvimento Sustent\u00e1vel ODS\/ONU.<\/p><p style=\"text-align: justify;\"><strong>A IV Expo Ecoinovar ser\u00e1 realizada no dia 28 de outubro de 2021, em formato on-line.<\/strong><\/p><p><a href=\"https:\/\/ecoinovar.com\/10\/expo\/submissao-de-projetos\/\">Clique aqui<\/a>\u00a0para informa\u00e7\u00f5es sobre as submiss\u00f5es e regulamento.<\/p>\t\t\t\t\t\t\t\t<\/div>\n\t\t\t\t<\/div>\n\t\t\t\t\t<\/div>\n\t\t<\/div>\n\t\t\t\t\t<\/div>\n\t\t<\/section>\n\t\t\t\t<\/div>\n\t\t","protected":false},"excerpt":{"rendered":"<p>A Expo Ecoinovar \u2013 Solu\u00e7\u00f5es Inovadoras para um Futuro Sustent\u00e1vel \u00e9 um evento participante da XVIII Semana Nacional de Ci\u00eancia e Tecnologia e reunir\u00e1 estudantes do n\u00edvel superior, de institui\u00e7\u00f5es p\u00fablicas e privadas, e empreendedores de Startups, Empresas e Organiza\u00e7\u00f5es N\u00e3o Governamentais (ONGs). Em 2021, em sua quarta edi\u00e7\u00e3o, tem como tem\u00e1tica \u201c A transversalidade&hellip;<\/p>\n","protected":false},"author":1,"featured_media":0,"parent":0,"menu_order":0,"comment_status":"closed","ping_status":"closed","template":"","meta":{"footnotes":"","_links_to":"","_links_to_target":""},"class_list":["post-944","page","type-page","status-publish","hentry"],"_links":{"self":[{"href":"https:\/\/ecoinovar.com\/10\/wp-json\/wp\/v2\/pages\/944","targetHints":{"allow":["GET"]}}],"collection":[{"href":"https:\/\/ecoinovar.com\/10\/wp-json\/wp\/v2\/pages"}],"about":[{"href":"https:\/\/ecoinovar.com\/10\/wp-json\/wp\/v2\/types\/page"}],"author":[{"embeddable":true,"href":"https:\/\/ecoinovar.com\/10\/wp-json\/wp\/v2\/users\/1"}],"replies":[{"embeddable":true,"href":"https:\/\/ecoinovar.com\/10\/wp-json\/wp\/v2\/comments?post=944"}],"version-history":[{"count":16,"href":"https:\/\/ecoinovar.com\/10\/wp-json\/wp\/v2\/pages\/944\/revisions"}],"predecessor-version":[{"id":3962,"href":"https:\/\/ecoinovar.com\/10\/wp-json\/wp\/v2\/pages\/944\/revisions\/3962"}],"wp:attachment":[{"href":"https:\/\/ecoinovar.com\/10\/wp-json\/wp\/v2\/media?parent=944"}],"curies":[{"name":"wp","href":"https:\/\/api.w.org\/{rel}","templated":true}]}}