{"id":621,"date":"2017-07-20T15:19:42","date_gmt":"2017-07-20T18:19:42","guid":{"rendered":"http:\/\/ecoinovar.institucional.ws\/?page_id=621"},"modified":"2022-02-17T13:14:57","modified_gmt":"2022-02-17T16:14:57","slug":"consorcio","status":"publish","type":"page","link":"https:\/\/ecoinovar.com\/10\/consorcio\/","title":{"rendered":"Cons\u00f3rcio Mestral e Doutoral"},"content":{"rendered":"\t\t<div data-elementor-type=\"wp-page\" data-elementor-id=\"621\" class=\"elementor elementor-621\" data-elementor-post-type=\"page\">\n\t\t\t\t\t\t<section class=\"elementor-section elementor-top-section elementor-element elementor-element-88f4227 elementor-section-boxed elementor-section-height-default elementor-section-height-default\" data-id=\"88f4227\" data-element_type=\"section\">\n\t\t\t\t\t\t<div class=\"elementor-container elementor-column-gap-default\">\n\t\t\t\t\t<div class=\"elementor-column elementor-col-100 elementor-top-column elementor-element elementor-element-3be84c41\" data-id=\"3be84c41\" data-element_type=\"column\">\n\t\t\t<div class=\"elementor-widget-wrap elementor-element-populated\">\n\t\t\t\t\t\t<div class=\"elementor-element elementor-element-4763e9cd elementor-widget elementor-widget-text-editor\" data-id=\"4763e9cd\" data-element_type=\"widget\" data-widget_type=\"text-editor.default\">\n\t\t\t\t<div class=\"elementor-widget-container\">\n\t\t\t\t\t\t\t\t\t<p style=\"text-align: justify;\">O&nbsp;<strong>Cons\u00f3rcio Mestral e Doutoral do 10\u00ba F\u00f3rum Internacional Ecoinovar<\/strong>&nbsp;tem como objetivo promover o interc\u00e2mbio, a divulga\u00e7\u00e3o e o est\u00edmulo \u00e0 produ\u00e7\u00e3o de conhecimento e de ideias entre os p\u00f3s-graduandos e docentes dos cursos de Doutorado e Mestrado em Administra\u00e7\u00e3o e de \u00e1reas afins \u00e0 tem\u00e1tica do F\u00f3rum, tornando-se, portanto, um espa\u00e7o privilegiado, interdisciplinar e interinstitucional.<\/p>\n<p style=\"text-align: justify;\">O&nbsp;<strong>Cons\u00f3rcio Mestral e Doutoral&nbsp;<\/strong>contar\u00e1 com sess\u00f5es exclusivas para apresenta\u00e7\u00e3o dos projetos de disserta\u00e7\u00e3o de mestrado e de teses de doutorado, na forma de bancas examinadoras informais, composta por pesquisadores com experi\u00eancia nas tem\u00e1ticas que est\u00e3o sendo trabalhadas pelos mestrandos e doutorandos, no intuito de gerar contribui\u00e7\u00f5es para estes projetos em andamento.<\/p>\n<p>Os projetos dever\u00e3o ser enviados pelo sistema do evento, <strong>at\u00e9 \u00e0s 23h59m do dia 07 de outubro de 2021.<\/strong><\/p>\n<p><strong>&nbsp;<\/strong><\/p>\n<p><strong>Coordena\u00e7\u00e3o: Prof\u00aa. Dr\u00aa. Sirlei Glasenapp &#8211; DCA\/UFSM.<\/strong><\/p>\n<p><span style=\"color: #777777; font-family: 'Trebuchet MS', Helvetica, Arial, Verdana, sans-serif;\">&nbsp; &nbsp; &nbsp; &nbsp; &nbsp; &nbsp; &nbsp; &nbsp; &nbsp; &nbsp; &nbsp; <b>Prof\u00aa. Dr\u00aa. Luisa Cagica Carvalho &#8211; Instituto Polit\u00e9cnico de Set\u00fabal.<\/b><\/span><strong><br><\/strong><\/p>\t\t\t\t\t\t\t\t<\/div>\n\t\t\t\t<\/div>\n\t\t\t\t\t<\/div>\n\t\t<\/div>\n\t\t\t\t\t<\/div>\n\t\t<\/section>\n\t\t\t\t<section class=\"elementor-section elementor-top-section elementor-element elementor-element-ae20dce elementor-section-boxed elementor-section-height-default elementor-section-height-default\" data-id=\"ae20dce\" data-element_type=\"section\">\n\t\t\t\t\t\t<div class=\"elementor-container elementor-column-gap-default\">\n\t\t\t\t\t<div class=\"elementor-column elementor-col-100 elementor-top-column elementor-element elementor-element-b062f3f\" data-id=\"b062f3f\" data-element_type=\"column\">\n\t\t\t<div class=\"elementor-widget-wrap elementor-element-populated\">\n\t\t\t\t\t\t<div class=\"elementor-element elementor-element-c9969db elementor-widget elementor-widget-heading\" data-id=\"c9969db\" data-element_type=\"widget\" data-widget_type=\"heading.default\">\n\t\t\t\t<div class=\"elementor-widget-container\">\n\t\t\t\t\t<h3 class=\"elementor-heading-title elementor-size-large\">Diretrizes para envio dos Projetos<\/h3>\t\t\t\t<\/div>\n\t\t\t\t<\/div>\n\t\t\t\t<section class=\"elementor-section elementor-inner-section elementor-element elementor-element-82d501f elementor-section-boxed elementor-section-height-default elementor-section-height-default\" data-id=\"82d501f\" data-element_type=\"section\">\n\t\t\t\t\t\t<div class=\"elementor-container elementor-column-gap-default\">\n\t\t\t\t\t<div class=\"elementor-column elementor-col-50 elementor-inner-column elementor-element elementor-element-c7ba70a\" data-id=\"c7ba70a\" data-element_type=\"column\">\n\t\t\t<div class=\"elementor-widget-wrap elementor-element-populated\">\n\t\t\t\t\t\t<div class=\"elementor-element elementor-element-9b2639b elementor-align-center elementor-widget elementor-widget-button\" data-id=\"9b2639b\" data-element_type=\"widget\" data-widget_type=\"button.default\">\n\t\t\t\t<div class=\"elementor-widget-container\">\n\t\t\t\t\t\t\t\t\t<div class=\"elementor-button-wrapper\">\n\t\t\t\t\t<a class=\"elementor-button elementor-button-link elementor-size-xl\" href=\"https:\/\/ecoinovar.com\/10\/wp-content\/uploads\/sites\/5\/2021\/07\/Consorcio-Mestral-e-Doutoral_2021_1.pdf\" target=\"_blank\" id=\"btn-home\">\n\t\t\t\t\t\t<span class=\"elementor-button-content-wrapper\">\n\t\t\t\t\t\t\t\t\t<span class=\"elementor-button-text\">CLIQUE AQUI PARA BAIXAR AS DIRETRIZES<\/span>\n\t\t\t\t\t<\/span>\n\t\t\t\t\t<\/a>\n\t\t\t\t<\/div>\n\t\t\t\t\t\t\t\t<\/div>\n\t\t\t\t<\/div>\n\t\t\t\t\t<\/div>\n\t\t<\/div>\n\t\t\t\t<div class=\"elementor-column elementor-col-50 elementor-inner-column elementor-element elementor-element-468b3c3\" data-id=\"468b3c3\" data-element_type=\"column\">\n\t\t\t<div class=\"elementor-widget-wrap\">\n\t\t\t\t\t\t\t<\/div>\n\t\t<\/div>\n\t\t\t\t\t<\/div>\n\t\t<\/section>\n\t\t\t\t\t<\/div>\n\t\t<\/div>\n\t\t\t\t\t<\/div>\n\t\t<\/section>\n\t\t\t\t<section class=\"elementor-section elementor-top-section elementor-element elementor-element-31c1e0e elementor-section-boxed elementor-section-height-default elementor-section-height-default\" data-id=\"31c1e0e\" data-element_type=\"section\">\n\t\t\t\t\t\t<div class=\"elementor-container elementor-column-gap-default\">\n\t\t\t\t\t<div class=\"elementor-column elementor-col-100 elementor-top-column elementor-element elementor-element-2ff6f76\" data-id=\"2ff6f76\" data-element_type=\"column\">\n\t\t\t<div class=\"elementor-widget-wrap elementor-element-populated\">\n\t\t\t\t\t\t<div class=\"elementor-element elementor-element-1bb6440 elementor-widget elementor-widget-heading\" data-id=\"1bb6440\" data-element_type=\"widget\" data-widget_type=\"heading.default\">\n\t\t\t\t<div class=\"elementor-widget-container\">\n\t\t\t\t\t<h3 class=\"elementor-heading-title elementor-size-large\">Submiss\u00f5es abertas!<\/h3>\t\t\t\t<\/div>\n\t\t\t\t<\/div>\n\t\t\t\t<section class=\"elementor-section elementor-inner-section elementor-element elementor-element-c67973e elementor-section-boxed elementor-section-height-default elementor-section-height-default\" data-id=\"c67973e\" data-element_type=\"section\">\n\t\t\t\t\t\t<div class=\"elementor-container elementor-column-gap-default\">\n\t\t\t\t\t<div class=\"elementor-column elementor-col-50 elementor-inner-column elementor-element elementor-element-4ab5ff2\" data-id=\"4ab5ff2\" data-element_type=\"column\">\n\t\t\t<div class=\"elementor-widget-wrap elementor-element-populated\">\n\t\t\t\t\t\t<div class=\"elementor-element elementor-element-b597667 elementor-align-center elementor-widget elementor-widget-button\" data-id=\"b597667\" data-element_type=\"widget\" data-widget_type=\"button.default\">\n\t\t\t\t<div class=\"elementor-widget-container\">\n\t\t\t\t\t\t\t\t\t<div class=\"elementor-button-wrapper\">\n\t\t\t\t\t<a class=\"elementor-button elementor-button-link elementor-size-xl\" href=\"https:\/\/ecoinovar.submissao.com.br\/10ecoinovar\/login.php\" target=\"_blank\" id=\"btn-home\">\n\t\t\t\t\t\t<span class=\"elementor-button-content-wrapper\">\n\t\t\t\t\t\t\t\t\t<span class=\"elementor-button-text\">ACESSE O SISTEMA <br> <span class=\"subtituloBtnCaixa\"> Acesse o sistema e envie seu projeto <\/span><\/span>\n\t\t\t\t\t<\/span>\n\t\t\t\t\t<\/a>\n\t\t\t\t<\/div>\n\t\t\t\t\t\t\t\t<\/div>\n\t\t\t\t<\/div>\n\t\t\t\t\t<\/div>\n\t\t<\/div>\n\t\t\t\t<div class=\"elementor-column elementor-col-50 elementor-inner-column elementor-element elementor-element-8f13f8e\" data-id=\"8f13f8e\" data-element_type=\"column\">\n\t\t\t<div class=\"elementor-widget-wrap\">\n\t\t\t\t\t\t\t<\/div>\n\t\t<\/div>\n\t\t\t\t\t<\/div>\n\t\t<\/section>\n\t\t\t\t\t<\/div>\n\t\t<\/div>\n\t\t\t\t\t<\/div>\n\t\t<\/section>\n\t\t\t\t<\/div>\n\t\t","protected":false},"excerpt":{"rendered":"<p>O&nbsp;Cons\u00f3rcio Mestral e Doutoral do 10\u00ba F\u00f3rum Internacional Ecoinovar&nbsp;tem como objetivo promover o interc\u00e2mbio, a divulga\u00e7\u00e3o e o est\u00edmulo \u00e0 produ\u00e7\u00e3o de conhecimento e de ideias entre os p\u00f3s-graduandos e docentes dos cursos de Doutorado e Mestrado em Administra\u00e7\u00e3o e de \u00e1reas afins \u00e0 tem\u00e1tica do F\u00f3rum, tornando-se, portanto, um espa\u00e7o privilegiado, interdisciplinar e interinstitucional.&hellip;<\/p>\n","protected":false},"author":1,"featured_media":0,"parent":0,"menu_order":0,"comment_status":"closed","ping_status":"closed","template":"","meta":{"footnotes":"","_links_to":"","_links_to_target":""},"class_list":["post-621","page","type-page","status-publish","hentry"],"_links":{"self":[{"href":"https:\/\/ecoinovar.com\/10\/wp-json\/wp\/v2\/pages\/621","targetHints":{"allow":["GET"]}}],"collection":[{"href":"https:\/\/ecoinovar.com\/10\/wp-json\/wp\/v2\/pages"}],"about":[{"href":"https:\/\/ecoinovar.com\/10\/wp-json\/wp\/v2\/types\/page"}],"author":[{"embeddable":true,"href":"https:\/\/ecoinovar.com\/10\/wp-json\/wp\/v2\/users\/1"}],"replies":[{"embeddable":true,"href":"https:\/\/ecoinovar.com\/10\/wp-json\/wp\/v2\/comments?post=621"}],"version-history":[{"count":44,"href":"https:\/\/ecoinovar.com\/10\/wp-json\/wp\/v2\/pages\/621\/revisions"}],"predecessor-version":[{"id":4341,"href":"https:\/\/ecoinovar.com\/10\/wp-json\/wp\/v2\/pages\/621\/revisions\/4341"}],"wp:attachment":[{"href":"https:\/\/ecoinovar.com\/10\/wp-json\/wp\/v2\/media?parent=621"}],"curies":[{"name":"wp","href":"https:\/\/api.w.org\/{rel}","templated":true}]}}