{"id":583,"date":"2017-06-05T17:41:24","date_gmt":"2017-06-05T20:41:24","guid":{"rendered":"http:\/\/ecoinovar.institucional.ws\/?page_id=583"},"modified":"2021-09-20T17:18:53","modified_gmt":"2021-09-20T20:18:53","slug":"submissao-de-trabalhos","status":"publish","type":"page","link":"https:\/\/ecoinovar.com\/10\/mostra-cientifica\/submissao-de-trabalhos\/","title":{"rendered":"Submiss\u00e3o de Trabalhos"},"content":{"rendered":"\t\t<div data-elementor-type=\"wp-page\" data-elementor-id=\"583\" class=\"elementor elementor-583\" data-elementor-post-type=\"page\">\n\t\t\t\t\t\t<section class=\"elementor-section elementor-top-section elementor-element elementor-element-da7d502 elementor-section-boxed elementor-section-height-default elementor-section-height-default\" data-id=\"da7d502\" data-element_type=\"section\">\n\t\t\t\t\t\t<div class=\"elementor-container elementor-column-gap-default\">\n\t\t\t\t\t<div class=\"elementor-column elementor-col-100 elementor-top-column elementor-element elementor-element-664b2c6\" data-id=\"664b2c6\" data-element_type=\"column\">\n\t\t\t<div class=\"elementor-widget-wrap elementor-element-populated\">\n\t\t\t\t\t\t<div class=\"elementor-element elementor-element-daaf5ac elementor-widget elementor-widget-text-editor\" data-id=\"daaf5ac\" data-element_type=\"widget\" data-widget_type=\"text-editor.default\">\n\t\t\t\t<div class=\"elementor-widget-container\">\n\t\t\t\t\t\t\t\t\t<p>As submiss\u00f5es de projetos para a V&nbsp;Mostra Cient\u00edfica Ecoinovar est\u00e3o abertas <b>at\u00e9 as 23h59m do dia 07 de outubro<br>de 2021.<\/b><\/p>\n<p><span style=\"color: var( --e-global-color-text ); font-family: var( --e-global-typography-text-font-family ), Trebushed; font-weight: var( --e-global-typography-text-font-weight ); word-spacing: normal;\">Os trabalhos podem ser submetidos em&nbsp;duas categorias: <\/span><b style=\"color: var( --e-global-color-text ); font-family: var( --e-global-typography-text-font-family ), Trebushed; word-spacing: normal;\">1) projetos; 2) trabalhos art\u00edsticos.<\/b><span style=\"color: var( --e-global-color-text ); font-family: var( --e-global-typography-text-font-family ), Trebushed; font-weight: var( --e-global-typography-text-font-weight ); word-spacing: normal;\"> Devem ser&nbsp;<\/span><span style=\"color: var( --e-global-color-text ); font-family: var( --e-global-typography-text-font-family ), Trebushed; font-weight: var( --e-global-typography-text-font-weight ); word-spacing: normal;\">submetidos em formato resumo e abordar temas relacionados a <\/span><b style=\"color: var( --e-global-color-text ); font-family: var( --e-global-typography-text-font-family ), Trebushed; word-spacing: normal;\">Inova\u00e7\u00e3o <\/b><span style=\"color: var( --e-global-color-text ); font-family: var( --e-global-typography-text-font-family ), Trebushed; font-weight: var( --e-global-typography-text-font-weight ); word-spacing: normal;\">e\/ou <\/span><b style=\"color: var( --e-global-color-text ); font-family: var( --e-global-typography-text-font-family ), Trebushed; word-spacing: normal;\">Sustentabilidade<\/b><span style=\"color: var( --e-global-color-text ); font-family: var( --e-global-typography-text-font-family ), Trebushed; font-weight: var( --e-global-typography-text-font-weight ); word-spacing: normal;\">,&nbsp;contendo introdu\u00e7\u00e3o, objetivos, metodologia, resultados (esperados\/alcan\u00e7ados)&nbsp;e conclus\u00e3o. No caso de trabalhos art\u00edsticos, pode ser enviado apenas um breve&nbsp;relato do trabalho, incluindo materiais visuais e\/ou fotografias.<\/span><\/p>\n<p>Observa-se que os trabalhos devem ser&nbsp;submetidos em arquivo formato .PDF de, no m\u00e1ximo, uma (1) p\u00e1gina. Al\u00e9m<br>disso, n\u00e3o ter\u00e1 n\u00famero limite para a inscri\u00e7\u00e3o de equipes por escola, desde que&nbsp;cada aluno participe apenas de um projeto.<\/p>\n<p>Os projetos que estiverem associados&nbsp;a uma equipe dever\u00e3o ser compostos por, no m\u00e1ximo, quatro (4) alunos, sendo um<br>(1) aluno l\u00edder. Preferencialmente, os estudantes devem estar no mesmo n\u00edvel de<br>ensino da mesma institui\u00e7\u00e3o. Al\u00e9m disso, devem conter um professor coordenador,&nbsp;respons\u00e1vel pela submiss\u00e3o, al\u00e9m da op\u00e7\u00e3o de mais dois professores&nbsp;colaboradores.<\/p>\n<p>A equipe dever\u00e1 se inscrever em um&nbsp;dos n\u00edveis de ensino, a seguir:<\/p>\n<ul>\n<li>EDUCA\u00c7\u00c3O INFANTIL<\/li>\n<li>ENSINO FUNDAMENTAL \u2013 ANOS INICIAIS (1\u00b0AO 5\u00b0 ANO)<\/li>\n<li>ENSINO FUNDAMENTAL \u2013 ANOS FINAIS (6\u00b0AO 9\u00b0 ANO)<\/li>\n<li>ENSINO M\u00c9DIO<\/li>\n<li>ENSINO T\u00c9CNICO<\/li>\n<\/ul>\n<p>IMPORTANTE: <u>O professor coordenador dever\u00e1 realizar um cadastro no sistema <\/u>e, ap\u00f3s, iniciar o processo de submiss\u00e3o do resumo no sistema. Na submiss\u00e3o, o professor coordenador, entre outras informa\u00e7\u00f5es, dever\u00e1 informar os alunos participantes do projeto, incluindo o aluno l\u00edder, e os professores colaboradores (caso houver). <u>Os alunos e os professores colaboradores n\u00e3o necessitam realizar cadastro no sistema.<\/u><\/p>\n<p>Todos os trabalhos apresentados na V&nbsp;Mostra Cient\u00edfica Ecoinovar ser\u00e3o publicados nos Anais no evento.<\/p>\t\t\t\t\t\t\t\t<\/div>\n\t\t\t\t<\/div>\n\t\t\t\t\t<\/div>\n\t\t<\/div>\n\t\t\t\t\t<\/div>\n\t\t<\/section>\n\t\t\t\t<section class=\"elementor-section elementor-top-section elementor-element elementor-element-933f392 elementor-section-boxed elementor-section-height-default elementor-section-height-default\" data-id=\"933f392\" data-element_type=\"section\">\n\t\t\t\t\t\t<div class=\"elementor-container elementor-column-gap-default\">\n\t\t\t\t\t<div class=\"elementor-column elementor-col-50 elementor-top-column elementor-element elementor-element-9bf9a97\" data-id=\"9bf9a97\" data-element_type=\"column\">\n\t\t\t<div class=\"elementor-widget-wrap elementor-element-populated\">\n\t\t\t\t\t\t<div class=\"elementor-element elementor-element-9630573 elementor-align-center elementor-widget elementor-widget-button\" data-id=\"9630573\" data-element_type=\"widget\" data-widget_type=\"button.default\">\n\t\t\t\t<div class=\"elementor-widget-container\">\n\t\t\t\t\t\t\t\t\t<div class=\"elementor-button-wrapper\">\n\t\t\t\t\t<a class=\"elementor-button elementor-button-link elementor-size-xl\" href=\"https:\/\/ecoinovar.com\/10\/wp-content\/uploads\/sites\/5\/2021\/09\/Regulamento_MostraEcoinovar_2021_07-10.pdf\" target=\"_blank\" id=\"btn-home\">\n\t\t\t\t\t\t<span class=\"elementor-button-content-wrapper\">\n\t\t\t\t\t\t\t\t\t<span class=\"elementor-button-text\">REGULAMENTO - V MOSTRA CIENT\u00cdFICA ECOINOVAR<br> <span class=\"subtituloBtnCaixa\"> Baixe o regulamento<\/span><\/span>\n\t\t\t\t\t<\/span>\n\t\t\t\t\t<\/a>\n\t\t\t\t<\/div>\n\t\t\t\t\t\t\t\t<\/div>\n\t\t\t\t<\/div>\n\t\t\t\t\t<\/div>\n\t\t<\/div>\n\t\t\t\t<div class=\"elementor-column elementor-col-50 elementor-top-column elementor-element elementor-element-cfd33f8\" data-id=\"cfd33f8\" data-element_type=\"column\">\n\t\t\t<div class=\"elementor-widget-wrap\">\n\t\t\t\t\t\t\t<\/div>\n\t\t<\/div>\n\t\t\t\t\t<\/div>\n\t\t<\/section>\n\t\t\t\t<section class=\"elementor-section elementor-top-section elementor-element elementor-element-df96a61 elementor-section-boxed elementor-section-height-default elementor-section-height-default\" data-id=\"df96a61\" data-element_type=\"section\">\n\t\t\t\t\t\t<div class=\"elementor-container elementor-column-gap-default\">\n\t\t\t\t\t<div class=\"elementor-column elementor-col-100 elementor-top-column elementor-element elementor-element-d37a4b3\" data-id=\"d37a4b3\" data-element_type=\"column\">\n\t\t\t<div class=\"elementor-widget-wrap elementor-element-populated\">\n\t\t\t\t\t\t<div class=\"elementor-element elementor-element-f3b139f elementor-widget elementor-widget-heading\" data-id=\"f3b139f\" data-element_type=\"widget\" data-widget_type=\"heading.default\">\n\t\t\t\t<div class=\"elementor-widget-container\">\n\t\t\t\t\t<h3 class=\"elementor-heading-title elementor-size-default\">Envie seu Trabalho online<\/h3>\t\t\t\t<\/div>\n\t\t\t\t<\/div>\n\t\t\t\t\t<\/div>\n\t\t<\/div>\n\t\t\t\t\t<\/div>\n\t\t<\/section>\n\t\t\t\t<section class=\"elementor-section elementor-top-section elementor-element elementor-element-ff17926 elementor-section-boxed elementor-section-height-default elementor-section-height-default\" data-id=\"ff17926\" data-element_type=\"section\">\n\t\t\t\t\t\t<div class=\"elementor-container elementor-column-gap-default\">\n\t\t\t\t\t<div class=\"elementor-column elementor-col-50 elementor-top-column elementor-element elementor-element-da0f092\" data-id=\"da0f092\" data-element_type=\"column\">\n\t\t\t<div class=\"elementor-widget-wrap elementor-element-populated\">\n\t\t\t\t\t\t<div class=\"elementor-element elementor-element-de9638c elementor-align-center elementor-widget elementor-widget-button\" data-id=\"de9638c\" data-element_type=\"widget\" data-widget_type=\"button.default\">\n\t\t\t\t<div class=\"elementor-widget-container\">\n\t\t\t\t\t\t\t\t\t<div class=\"elementor-button-wrapper\">\n\t\t\t\t\t<a class=\"elementor-button elementor-button-link elementor-size-xl\" href=\"http:\/\/ecoinovar.submissao.com.br\/5mostraecoinovar\/login.php\" target=\"_blank\" id=\"btn-home\">\n\t\t\t\t\t\t<span class=\"elementor-button-content-wrapper\">\n\t\t\t\t\t\t\t\t\t<span class=\"elementor-button-text\">ACESSE O SISTEMA<br> <span class=\"subtituloBtnCaixa\"> Acesse o sistema e envie seu trabalho <\/span><\/span>\n\t\t\t\t\t<\/span>\n\t\t\t\t\t<\/a>\n\t\t\t\t<\/div>\n\t\t\t\t\t\t\t\t<\/div>\n\t\t\t\t<\/div>\n\t\t\t\t\t<\/div>\n\t\t<\/div>\n\t\t\t\t<div class=\"elementor-column elementor-col-50 elementor-top-column elementor-element elementor-element-a6e0e64\" data-id=\"a6e0e64\" data-element_type=\"column\">\n\t\t\t<div class=\"elementor-widget-wrap\">\n\t\t\t\t\t\t\t<\/div>\n\t\t<\/div>\n\t\t\t\t\t<\/div>\n\t\t<\/section>\n\t\t\t\t<\/div>\n\t\t","protected":false},"excerpt":{"rendered":"<p>As submiss\u00f5es de projetos para a V&nbsp;Mostra Cient\u00edfica Ecoinovar est\u00e3o abertas at\u00e9 as 23h59m do dia 07 de outubrode 2021. Os trabalhos podem ser submetidos em&nbsp;duas categorias: 1) projetos; 2) trabalhos art\u00edsticos. Devem ser&nbsp;submetidos em formato resumo e abordar temas relacionados a Inova\u00e7\u00e3o e\/ou Sustentabilidade,&nbsp;contendo introdu\u00e7\u00e3o, objetivos, metodologia, resultados (esperados\/alcan\u00e7ados)&nbsp;e conclus\u00e3o. No caso de trabalhos&hellip;<\/p>\n","protected":false},"author":1,"featured_media":0,"parent":578,"menu_order":20,"comment_status":"closed","ping_status":"closed","template":"","meta":{"footnotes":"","_links_to":"","_links_to_target":""},"class_list":["post-583","page","type-page","status-publish","hentry"],"_links":{"self":[{"href":"https:\/\/ecoinovar.com\/10\/wp-json\/wp\/v2\/pages\/583","targetHints":{"allow":["GET"]}}],"collection":[{"href":"https:\/\/ecoinovar.com\/10\/wp-json\/wp\/v2\/pages"}],"about":[{"href":"https:\/\/ecoinovar.com\/10\/wp-json\/wp\/v2\/types\/page"}],"author":[{"embeddable":true,"href":"https:\/\/ecoinovar.com\/10\/wp-json\/wp\/v2\/users\/1"}],"replies":[{"embeddable":true,"href":"https:\/\/ecoinovar.com\/10\/wp-json\/wp\/v2\/comments?post=583"}],"version-history":[{"count":53,"href":"https:\/\/ecoinovar.com\/10\/wp-json\/wp\/v2\/pages\/583\/revisions"}],"predecessor-version":[{"id":4035,"href":"https:\/\/ecoinovar.com\/10\/wp-json\/wp\/v2\/pages\/583\/revisions\/4035"}],"up":[{"embeddable":true,"href":"https:\/\/ecoinovar.com\/10\/wp-json\/wp\/v2\/pages\/578"}],"wp:attachment":[{"href":"https:\/\/ecoinovar.com\/10\/wp-json\/wp\/v2\/media?parent=583"}],"curies":[{"name":"wp","href":"https:\/\/api.w.org\/{rel}","templated":true}]}}