{"id":578,"date":"2017-06-05T17:38:33","date_gmt":"2017-06-05T20:38:33","guid":{"rendered":"http:\/\/ecoinovar.institucional.ws\/?page_id=578"},"modified":"2021-08-31T18:35:30","modified_gmt":"2021-08-31T21:35:30","slug":"mostra-cientifica","status":"publish","type":"page","link":"https:\/\/ecoinovar.com\/10\/mostra-cientifica\/","title":{"rendered":"V Mostra Cient\u00edfica"},"content":{"rendered":"\t\t<div data-elementor-type=\"wp-page\" data-elementor-id=\"578\" class=\"elementor elementor-578\" data-elementor-post-type=\"page\">\n\t\t\t\t\t\t<section class=\"elementor-section elementor-top-section elementor-element elementor-element-2714164b elementor-section-boxed elementor-section-height-default elementor-section-height-default\" data-id=\"2714164b\" data-element_type=\"section\">\n\t\t\t\t\t\t<div class=\"elementor-container elementor-column-gap-default\">\n\t\t\t\t\t<div class=\"elementor-column elementor-col-100 elementor-top-column elementor-element elementor-element-3ededb3c\" data-id=\"3ededb3c\" data-element_type=\"column\">\n\t\t\t<div class=\"elementor-widget-wrap elementor-element-populated\">\n\t\t\t\t\t\t<div class=\"elementor-element elementor-element-3dc034eb elementor-widget elementor-widget-text-editor\" data-id=\"3dc034eb\" data-element_type=\"widget\" data-widget_type=\"text-editor.default\">\n\t\t\t\t<div class=\"elementor-widget-container\">\n\t\t\t\t\t\t\t\t\t<p style=\"text-align: justify;\">A V Mostra Cient\u00edfica Ecoinovar \u00e9 uma realiza\u00e7\u00e3o do Departamento de Ci\u00eancias Administrativas do Centro de Ci\u00eancias Sociais e Humanas \u2013 CCSH da Universidade Federal de Santa Maria \u2013 UFSM, por meio do Grupo de Pesquisa Ecoinovar, do Programa de P\u00f3s-Gradua\u00e7\u00e3o em Administra\u00e7\u00e3o \u2013 PPGA, do Curso de Administra\u00e7\u00e3o e do Col\u00e9gio Polit\u00e9cnico da Universidade Federal de Santa Maria.<\/p><p style=\"text-align: justify;\">A Mostra Cient\u00edfica Ecoinovar reunir\u00e1 estudantes do ensino fundamental, m\u00e9dio e t\u00e9cnico, de escolas p\u00fablicas e privadas, do munic\u00edpio de Santa Maria\/RS. Em 2021, em sua quinta edi\u00e7\u00e3o, o evento ter\u00e1 como tem\u00e1tica: \u201cConstruindo novas ideias e iniciativas colaborativas para a sustentabilidade&#8221;.<\/p><p style=\"text-align: justify;\">O principal objetivo da Mostra Cient\u00edfica consiste em promover o interc\u00e2mbio, a divulga\u00e7\u00e3o e o est\u00edmulo \u00e0 produ\u00e7\u00e3o de conhecimento, propostas e solu\u00e7\u00f5es que contribuam para o desenvolvimento de novas ideias, iniciativas e a constru\u00e7\u00e3o de alian\u00e7as para a inova\u00e7\u00e3o e a sustentabilidade, despertando e estimulando voca\u00e7\u00f5es cient\u00edficas e tecnol\u00f3gicas em jovens talentosos, estimulando-os a seguirem carreiras cient\u00edfico-tecnol\u00f3gicas.<\/p><p style=\"text-align: justify;\">O evento ocorrer\u00e1 paralelamente \u00e0 realiza\u00e7\u00e3o do 10\u00ba F\u00f3rum Internacional Ecoinovar no dia \u00a028 de outubro de 2021, ON-LINE.<\/p><p style=\"text-align: justify;\"><a href=\"https:\/\/ecoinovar.com\/10\/mostra-cientifica\/submissao-de-trabalhos\/\">Clique aqui<\/a>\u00a0para informa\u00e7\u00f5es sobre as submiss\u00f5es e regulamento.<\/p>\t\t\t\t\t\t\t\t<\/div>\n\t\t\t\t<\/div>\n\t\t\t\t\t<\/div>\n\t\t<\/div>\n\t\t\t\t\t<\/div>\n\t\t<\/section>\n\t\t\t\t<\/div>\n\t\t","protected":false},"excerpt":{"rendered":"<p>A V Mostra Cient\u00edfica Ecoinovar \u00e9 uma realiza\u00e7\u00e3o do Departamento de Ci\u00eancias Administrativas do Centro de Ci\u00eancias Sociais e Humanas \u2013 CCSH da Universidade Federal de Santa Maria \u2013 UFSM, por meio do Grupo de Pesquisa Ecoinovar, do Programa de P\u00f3s-Gradua\u00e7\u00e3o em Administra\u00e7\u00e3o \u2013 PPGA, do Curso de Administra\u00e7\u00e3o e do Col\u00e9gio Polit\u00e9cnico da Universidade&hellip;<\/p>\n","protected":false},"author":1,"featured_media":0,"parent":0,"menu_order":0,"comment_status":"closed","ping_status":"closed","template":"","meta":{"footnotes":"","_links_to":"","_links_to_target":""},"class_list":["post-578","page","type-page","status-publish","hentry"],"_links":{"self":[{"href":"https:\/\/ecoinovar.com\/10\/wp-json\/wp\/v2\/pages\/578","targetHints":{"allow":["GET"]}}],"collection":[{"href":"https:\/\/ecoinovar.com\/10\/wp-json\/wp\/v2\/pages"}],"about":[{"href":"https:\/\/ecoinovar.com\/10\/wp-json\/wp\/v2\/types\/page"}],"author":[{"embeddable":true,"href":"https:\/\/ecoinovar.com\/10\/wp-json\/wp\/v2\/users\/1"}],"replies":[{"embeddable":true,"href":"https:\/\/ecoinovar.com\/10\/wp-json\/wp\/v2\/comments?post=578"}],"version-history":[{"count":10,"href":"https:\/\/ecoinovar.com\/10\/wp-json\/wp\/v2\/pages\/578\/revisions"}],"predecessor-version":[{"id":3959,"href":"https:\/\/ecoinovar.com\/10\/wp-json\/wp\/v2\/pages\/578\/revisions\/3959"}],"wp:attachment":[{"href":"https:\/\/ecoinovar.com\/10\/wp-json\/wp\/v2\/media?parent=578"}],"curies":[{"name":"wp","href":"https:\/\/api.w.org\/{rel}","templated":true}]}}