{"id":499,"date":"2017-05-05T11:01:57","date_gmt":"2017-05-05T14:01:57","guid":{"rendered":"http:\/\/ecoinovar.institucional.ws\/?page_id=499"},"modified":"2021-10-27T09:43:54","modified_gmt":"2021-10-27T12:43:54","slug":"programacao-do-evento","status":"publish","type":"page","link":"https:\/\/ecoinovar.com\/10\/programacao-do-evento\/","title":{"rendered":"Programa\u00e7\u00e3o dos Eventos"},"content":{"rendered":"\t\t<div data-elementor-type=\"wp-page\" data-elementor-id=\"499\" class=\"elementor elementor-499\" data-elementor-post-type=\"page\">\n\t\t\t\t\t\t<section class=\"elementor-section elementor-top-section elementor-element elementor-element-1ad9cdf elementor-section-boxed elementor-section-height-default elementor-section-height-default\" data-id=\"1ad9cdf\" data-element_type=\"section\">\n\t\t\t\t\t\t<div class=\"elementor-container elementor-column-gap-default\">\n\t\t\t\t\t<div class=\"elementor-column elementor-col-100 elementor-top-column elementor-element elementor-element-02295c2\" data-id=\"02295c2\" data-element_type=\"column\">\n\t\t\t<div class=\"elementor-widget-wrap elementor-element-populated\">\n\t\t\t\t\t\t<div class=\"elementor-element elementor-element-649740e elementor-widget elementor-widget-text-editor\" data-id=\"649740e\" data-element_type=\"widget\" data-widget_type=\"text-editor.default\">\n\t\t\t\t<div class=\"elementor-widget-container\">\n\t\t\t\t\t\t\t\t\t<p style=\"text-align: justify;\"><span style=\"font-weight: bold;\">PROGRAMA\u00c7\u00c3O GERAL<\/span><\/p><p style=\"text-align: justify;\">Programa\u00e7\u00e3o Geral do 10\u00ba F\u00f3rum Internacional Ecoinovar,\u00a0<span style=\"color: var( --e-global-color-text ); font-family: var( --e-global-typography-text-font-family ), Trebushed; font-weight: var( --e-global-typography-text-font-weight ); word-spacing: normal;\">da V Mostra Cient\u00edfica Ecoinovar e da IV\u00aa Expo Ecoinovar.<\/span><\/p>\t\t\t\t\t\t\t\t<\/div>\n\t\t\t\t<\/div>\n\t\t\t\t<section class=\"elementor-section elementor-inner-section elementor-element elementor-element-ff74399 elementor-section-boxed elementor-section-height-default elementor-section-height-default\" data-id=\"ff74399\" data-element_type=\"section\">\n\t\t\t\t\t\t<div class=\"elementor-container elementor-column-gap-default\">\n\t\t\t\t\t<div class=\"elementor-column elementor-col-50 elementor-inner-column elementor-element elementor-element-bb7f4ed\" data-id=\"bb7f4ed\" data-element_type=\"column\">\n\t\t\t<div class=\"elementor-widget-wrap elementor-element-populated\">\n\t\t\t\t\t\t<div class=\"elementor-element elementor-element-fb93bc8 elementor-align-center elementor-widget elementor-widget-button\" data-id=\"fb93bc8\" data-element_type=\"widget\" data-widget_type=\"button.default\">\n\t\t\t\t<div class=\"elementor-widget-container\">\n\t\t\t\t\t\t\t\t\t<div class=\"elementor-button-wrapper\">\n\t\t\t\t\t<a class=\"elementor-button elementor-button-link elementor-size-xl\" href=\"https:\/\/ecoinovar.com\/10\/wp-content\/uploads\/sites\/5\/2021\/10\/Programacao_Ecoinovar_2021_divulgacao-2.pdf\" target=\"_blank\" id=\"btn-home\">\n\t\t\t\t\t\t<span class=\"elementor-button-content-wrapper\">\n\t\t\t\t\t\t\t\t\t<span class=\"elementor-button-text\">PROGRAMA\u00c7\u00c3O GERAL <br> <span class=\"subtituloBtnCaixa\">Dispon\u00edvel<\/span><\/span>\n\t\t\t\t\t<\/span>\n\t\t\t\t\t<\/a>\n\t\t\t\t<\/div>\n\t\t\t\t\t\t\t\t<\/div>\n\t\t\t\t<\/div>\n\t\t\t\t\t<\/div>\n\t\t<\/div>\n\t\t\t\t<div class=\"elementor-column elementor-col-50 elementor-inner-column elementor-element elementor-element-c904df1\" data-id=\"c904df1\" data-element_type=\"column\">\n\t\t\t<div class=\"elementor-widget-wrap\">\n\t\t\t\t\t\t\t<\/div>\n\t\t<\/div>\n\t\t\t\t\t<\/div>\n\t\t<\/section>\n\t\t\t\t\t<\/div>\n\t\t<\/div>\n\t\t\t\t\t<\/div>\n\t\t<\/section>\n\t\t\t\t<section class=\"elementor-section elementor-top-section elementor-element elementor-element-18e198b elementor-section-boxed elementor-section-height-default elementor-section-height-default\" data-id=\"18e198b\" data-element_type=\"section\">\n\t\t\t\t\t\t<div class=\"elementor-container elementor-column-gap-default\">\n\t\t\t\t\t<div class=\"elementor-column elementor-col-100 elementor-top-column elementor-element elementor-element-b4dc1be\" data-id=\"b4dc1be\" data-element_type=\"column\">\n\t\t\t<div class=\"elementor-widget-wrap elementor-element-populated\">\n\t\t\t\t\t\t<div class=\"elementor-element elementor-element-c80586c elementor-widget elementor-widget-text-editor\" data-id=\"c80586c\" data-element_type=\"widget\" data-widget_type=\"text-editor.default\">\n\t\t\t\t<div class=\"elementor-widget-container\">\n\t\t\t\t\t\t\t\t\t<p style=\"text-align: justify;\"><span style=\"font-weight: bold;\">PROGRAMA\u00c7\u00c3O DE APRESENTA\u00c7\u00c3O &#8211; 10\u00ba F\u00d3RUM INTERNACIONAL ECOINOVAR<\/span><\/p>\t\t\t\t\t\t\t\t<\/div>\n\t\t\t\t<\/div>\n\t\t\t\t<section class=\"elementor-section elementor-inner-section elementor-element elementor-element-16b790d elementor-section-boxed elementor-section-height-default elementor-section-height-default\" data-id=\"16b790d\" data-element_type=\"section\">\n\t\t\t\t\t\t<div class=\"elementor-container elementor-column-gap-default\">\n\t\t\t\t\t<div class=\"elementor-column elementor-col-50 elementor-inner-column elementor-element elementor-element-74477b5\" data-id=\"74477b5\" data-element_type=\"column\">\n\t\t\t<div class=\"elementor-widget-wrap elementor-element-populated\">\n\t\t\t\t\t\t<div class=\"elementor-element elementor-element-19d2697 elementor-align-center elementor-widget elementor-widget-button\" data-id=\"19d2697\" data-element_type=\"widget\" data-widget_type=\"button.default\">\n\t\t\t\t<div class=\"elementor-widget-container\">\n\t\t\t\t\t\t\t\t\t<div class=\"elementor-button-wrapper\">\n\t\t\t\t\t<a class=\"elementor-button elementor-button-link elementor-size-xl\" href=\"https:\/\/ecoinovar.com\/10\/wp-content\/uploads\/sites\/5\/2021\/10\/programacao-v3.pdf\" target=\"_blank\" id=\"btn-home\">\n\t\t\t\t\t\t<span class=\"elementor-button-content-wrapper\">\n\t\t\t\t\t\t\t\t\t<span class=\"elementor-button-text\">PROGRAMA\u00c7\u00c3O DOS TRABALHOS - F\u00d3RUM <br><span class=\"subtituloBtnCaixa\">Dispon\u00edvel<\/span><\/span>\n\t\t\t\t\t<\/span>\n\t\t\t\t\t<\/a>\n\t\t\t\t<\/div>\n\t\t\t\t\t\t\t\t<\/div>\n\t\t\t\t<\/div>\n\t\t\t\t\t<\/div>\n\t\t<\/div>\n\t\t\t\t<div class=\"elementor-column elementor-col-50 elementor-inner-column elementor-element elementor-element-0d0ce9d\" data-id=\"0d0ce9d\" data-element_type=\"column\">\n\t\t\t<div class=\"elementor-widget-wrap\">\n\t\t\t\t\t\t\t<\/div>\n\t\t<\/div>\n\t\t\t\t\t<\/div>\n\t\t<\/section>\n\t\t\t\t\t<\/div>\n\t\t<\/div>\n\t\t\t\t\t<\/div>\n\t\t<\/section>\n\t\t\t\t<section class=\"elementor-section elementor-top-section elementor-element elementor-element-025d8b3 elementor-section-boxed elementor-section-height-default elementor-section-height-default\" data-id=\"025d8b3\" data-element_type=\"section\">\n\t\t\t\t\t\t<div class=\"elementor-container elementor-column-gap-default\">\n\t\t\t\t\t<div class=\"elementor-column elementor-col-100 elementor-top-column elementor-element elementor-element-87d4473\" data-id=\"87d4473\" data-element_type=\"column\">\n\t\t\t<div class=\"elementor-widget-wrap elementor-element-populated\">\n\t\t\t\t\t\t<div class=\"elementor-element elementor-element-505b2ba elementor-widget elementor-widget-text-editor\" data-id=\"505b2ba\" data-element_type=\"widget\" data-widget_type=\"text-editor.default\">\n\t\t\t\t<div class=\"elementor-widget-container\">\n\t\t\t\t\t\t\t\t\t<p><span style=\"font-weight: bold;\">PROGRAMA\u00c7\u00c3O CONS\u00d3RCIO DOUTORAL<\/span><\/p><p>Programa\u00e7\u00e3o do Cons\u00f3rcio Doutoral com informa\u00e7\u00f5es dos trabalhos a serem apresentados e seus respectivos locais de apresenta\u00e7\u00e3o.<\/p>\t\t\t\t\t\t\t\t<\/div>\n\t\t\t\t<\/div>\n\t\t\t\t\t<\/div>\n\t\t<\/div>\n\t\t\t\t\t<\/div>\n\t\t<\/section>\n\t\t\t\t<section class=\"elementor-section elementor-top-section elementor-element elementor-element-d697ab3 elementor-section-boxed elementor-section-height-default elementor-section-height-default\" data-id=\"d697ab3\" data-element_type=\"section\">\n\t\t\t\t\t\t<div class=\"elementor-container elementor-column-gap-default\">\n\t\t\t\t\t<div class=\"elementor-column elementor-col-100 elementor-top-column elementor-element elementor-element-9755771\" data-id=\"9755771\" data-element_type=\"column\">\n\t\t\t<div class=\"elementor-widget-wrap elementor-element-populated\">\n\t\t\t\t\t\t<section class=\"elementor-section elementor-inner-section elementor-element elementor-element-0fad035 elementor-section-boxed elementor-section-height-default elementor-section-height-default\" data-id=\"0fad035\" data-element_type=\"section\">\n\t\t\t\t\t\t<div class=\"elementor-container elementor-column-gap-default\">\n\t\t\t\t\t<div class=\"elementor-column elementor-col-50 elementor-inner-column elementor-element elementor-element-6b53f8a\" data-id=\"6b53f8a\" data-element_type=\"column\">\n\t\t\t<div class=\"elementor-widget-wrap elementor-element-populated\">\n\t\t\t\t\t\t<div class=\"elementor-element elementor-element-76e5522 elementor-align-center elementor-widget elementor-widget-button\" data-id=\"76e5522\" data-element_type=\"widget\" data-widget_type=\"button.default\">\n\t\t\t\t<div class=\"elementor-widget-container\">\n\t\t\t\t\t\t\t\t\t<div class=\"elementor-button-wrapper\">\n\t\t\t\t\t<a class=\"elementor-button elementor-button-link elementor-size-xl\" href=\"https:\/\/ecoinovar.com\/10\/wp-content\/uploads\/sites\/5\/2021\/10\/programacao-consorcio-mestral-doutoral-v3.pdf\" target=\"_blank\" id=\"btn-home\">\n\t\t\t\t\t\t<span class=\"elementor-button-content-wrapper\">\n\t\t\t\t\t\t\t\t\t<span class=\"elementor-button-text\">PROGRAMA\u00c7\u00c3O - CONS\u00d3RCIO MESTRAL E DOUTORAL <br><span class=\"subtituloBtnCaixa\">Dispon\u00edvel<\/span><\/span>\n\t\t\t\t\t<\/span>\n\t\t\t\t\t<\/a>\n\t\t\t\t<\/div>\n\t\t\t\t\t\t\t\t<\/div>\n\t\t\t\t<\/div>\n\t\t\t\t\t<\/div>\n\t\t<\/div>\n\t\t\t\t<div class=\"elementor-column elementor-col-50 elementor-inner-column elementor-element elementor-element-c5e793b\" data-id=\"c5e793b\" data-element_type=\"column\">\n\t\t\t<div class=\"elementor-widget-wrap\">\n\t\t\t\t\t\t\t<\/div>\n\t\t<\/div>\n\t\t\t\t\t<\/div>\n\t\t<\/section>\n\t\t\t\t\t<\/div>\n\t\t<\/div>\n\t\t\t\t\t<\/div>\n\t\t<\/section>\n\t\t\t\t<\/div>\n\t\t","protected":false},"excerpt":{"rendered":"<p>PROGRAMA\u00c7\u00c3O GERAL Programa\u00e7\u00e3o Geral do 10\u00ba F\u00f3rum Internacional Ecoinovar,\u00a0da V Mostra Cient\u00edfica Ecoinovar e da IV\u00aa Expo Ecoinovar. PROGRAMA\u00c7\u00c3O GERAL Dispon\u00edvel PROGRAMA\u00c7\u00c3O DE APRESENTA\u00c7\u00c3O &#8211; 10\u00ba F\u00d3RUM INTERNACIONAL ECOINOVAR PROGRAMA\u00c7\u00c3O DOS TRABALHOS &#8211; F\u00d3RUM Dispon\u00edvel PROGRAMA\u00c7\u00c3O CONS\u00d3RCIO DOUTORAL Programa\u00e7\u00e3o do Cons\u00f3rcio Doutoral com informa\u00e7\u00f5es dos trabalhos a serem apresentados e seus respectivos locais de apresenta\u00e7\u00e3o.&hellip;<\/p>\n","protected":false},"author":1,"featured_media":0,"parent":0,"menu_order":0,"comment_status":"closed","ping_status":"closed","template":"","meta":{"footnotes":"","_links_to":"","_links_to_target":""},"class_list":["post-499","page","type-page","status-publish","hentry"],"_links":{"self":[{"href":"https:\/\/ecoinovar.com\/10\/wp-json\/wp\/v2\/pages\/499","targetHints":{"allow":["GET"]}}],"collection":[{"href":"https:\/\/ecoinovar.com\/10\/wp-json\/wp\/v2\/pages"}],"about":[{"href":"https:\/\/ecoinovar.com\/10\/wp-json\/wp\/v2\/types\/page"}],"author":[{"embeddable":true,"href":"https:\/\/ecoinovar.com\/10\/wp-json\/wp\/v2\/users\/1"}],"replies":[{"embeddable":true,"href":"https:\/\/ecoinovar.com\/10\/wp-json\/wp\/v2\/comments?post=499"}],"version-history":[{"count":64,"href":"https:\/\/ecoinovar.com\/10\/wp-json\/wp\/v2\/pages\/499\/revisions"}],"predecessor-version":[{"id":4244,"href":"https:\/\/ecoinovar.com\/10\/wp-json\/wp\/v2\/pages\/499\/revisions\/4244"}],"wp:attachment":[{"href":"https:\/\/ecoinovar.com\/10\/wp-json\/wp\/v2\/media?parent=499"}],"curies":[{"name":"wp","href":"https:\/\/api.w.org\/{rel}","templated":true}]}}