{"id":471,"date":"2017-05-04T14:08:56","date_gmt":"2017-05-04T17:08:56","guid":{"rendered":"http:\/\/ecoinovar.institucional.ws\/?page_id=471"},"modified":"2018-09-28T16:34:06","modified_gmt":"2018-09-28T19:34:06","slug":"galeria-de-videos","status":"publish","type":"page","link":"https:\/\/ecoinovar.com\/10\/galeria-de-videos\/","title":{"rendered":"Galeria de v\u00eddeos"},"content":{"rendered":"<table class=\"table table-striped\">\n<thead>\n<tr>\n<th>Nome do v\u00eddeo<\/th>\n<th>Link<\/th>\n<th>Dura\u00e7\u00e3o<\/th>\n<\/tr>\n<\/thead>\n<tbody>\n<table class=\"table table-striped\">\n<thead>\n<tr>\n<th>Nome do v\u00eddeo<\/th>\n<th>Link<\/th>\n<th>Dura\u00e7\u00e3o<\/th>\n<\/tr>\n<\/thead>\n<tbody>\n<tr>\n<td>7\u00ba Ecoinovar &#8211; Painel Comemorativo aos 10 anos da ReA-UFSM<\/td>\n<td><a href=\"https:\/\/www.youtube.com\/watch?v=SaRKffxwv30\" target=\"_blank\">Acessar<\/a><\/td>\n<td>01:11:02<\/td>\n<\/tr>\n<tr>\n<td>6\u00ba Ecoinovar &#8211; Cerim\u00f4nia de Abertura do F\u00f3rum<\/td>\n<td><a href=\"https:\/\/www.youtube.com\/watch?v=rBQfqHtRoKU\" target=\"_blank\">Acessar<\/a><\/td>\n<td>00:44:06<\/td>\n<\/tr>\n<tr>\n<td>6\u00ba Ecoinovar &#8211; Atividade Cultural<\/td>\n<td><a href=\"https:\/\/www.youtube.com\/watch?v=KTWlHqXdIas\" target=\"_blank\">Acessar<\/a><\/td>\n<td>00:37:47<\/td>\n<\/tr>\n<tr>\n<td>6\u00ba Ecoinovar &#8211; Perspectivas do Financiamento da Sustentabilidade e do Empreendedorismo Social<\/td>\n<td><a href=\"https:\/\/www.youtube.com\/watch?v=pXznyEY5lRI\" target=\"_blank\">Acessar<\/a><\/td>\n<td>00:46:59<\/td>\n<\/tr>\n<tr>\n<td>6\u00ba Ecoinovar &#8211; Inova\u00e7\u00e3o na Justi\u00e7a: desafios conceituais e metodol\u00f3gicos<\/td>\n<td><a href=\"https:\/\/www.youtube.com\/watch?v=u-O3iwJvz0A\" target=\"_blank\">Acessar<\/a><\/td>\n<td>01:05:25<\/td>\n<\/tr>\n<tr>\n<td>6\u00ba Ecoinovar &#8211; Painel: O Cooperativismo e suas Tend\u00eancias Nacionais e Internacioanais<\/td>\n<td><a href=\"https:\/\/www.youtube.com\/watch?v=Y3sNCVG9X78\" target=\"_blank\">Acessar<\/a><\/td>\n<td>01:32:01<\/td>\n<\/tr>\n<tr>\n<td>6\u00ba Ecoinovar &#8211; Inova\u00e7\u00e3o em Servi\u00e7o para o Setor P\u00fablico<\/td>\n<td><a href=\"https:\/\/www.youtube.com\/watch?v=bWE235jTLqw\" target=\"_blank\">Acessar<\/a><\/td>\n<td>01:30:22<\/td>\n<\/tr>\n<tr>\n<td>6\u00ba Ecoinovar &#8211; Painel: Cidades Sustent\u00e1veis e Inteligentes<\/td>\n<td><a href=\"https:\/\/www.youtube.com\/watch?v=4MJ5iXsXVsA\" target=\"_blank\">Acessar<\/a><\/td>\n<td>01:44:06<\/td>\n<\/tr>\n<tr>\n<td>6\u00ba Ecoinovar &#8211; Cerim\u00f4nia de Abertura: II Mostra Cient\u00edfica Ecoinovar<\/td>\n<td><a href=\"https:\/\/www.youtube.com\/watch?v=Nct3uJ3-HPU\" target=\"_blank\">Acessar<\/a><\/td>\n<td>00:33:34<\/td>\n<\/tr>\n<tr>\n<td>6\u00ba Ecoinovar &#8211; Painel: A Sustentabilidade e a Inova\u00e7\u00e3o na Educa\u00e7\u00e3o<\/td>\n<td><a href=\"https:\/\/www.youtube.com\/watch?v=XvkVv6xpvWI\" target=\"_blank\">Acessar<\/a><\/td>\n<td>00:42:48<\/td>\n<\/tr>\n<tr>\n<td>6\u00ba Ecoinovar &#8211; Cerim\u00f4nia de Encerramento<\/td>\n<td><a href=\"https:\/\/www.youtube.com\/watch?v=1rl8ty_Bt7Q\" target=\"_blank\">Acessar<\/a><\/td>\n<td>00:33:34<\/td>\n<\/tr>\n<tr>\n<td>6\u00ba Ecoinovar &#8211; Cerim\u00f4nia de Premia\u00e7\u00e3o<\/td>\n<td><a href=\"https:\/\/www.youtube.com\/watch?v=SAL8DfvmQdY\" target=\"_blank\">Acessar<\/a><\/td>\n<td>00:31:51<\/td>\n<\/tr>\n<tr>\n<td>5\u00ba Ecoinovar &#8211; Painel com Empres\u00e1rios: O Polo de Conhecimento de Santa Maria<\/td>\n<td><a href=\"https:\/\/www.youtube.com\/watch?v=Y9bvsJI1vBI\" target=\"_blank\">Acessar<\/a><\/td>\n<td>01:47:29<\/td>\n<\/tr>\n<tr>\n<td>5\u00ba Ecoinovar &#8211; Apresenta\u00e7\u00e3o do Projeto Atitude Empreendedora<\/td>\n<td><a href=\"https:\/\/www.youtube.com\/watch?v=NYXvbzX7TyY\" target=\"_blank\">Acessar<\/a><\/td>\n<td>00:28:25<\/td>\n<\/tr>\n<tr>\n<td>5\u00ba Ecoinovar &#8211; Orienta\u00e7\u00e3o para o mercado e inova\u00e7\u00e3o em Pequenas e Micro Empresas (PME&#8217;s)<\/td>\n<td><a href=\"https:\/\/www.youtube.com\/watch?v=XXPrV-dUnw0\" target=\"_blank\">Acessar<\/a><\/td>\n<td>00:49:01<\/td>\n<\/tr>\n<tr>\n<td>5\u00ba Ecoinovar &#8211; Sustentabilidade e Responsabilidade Social na Administra\u00e7\u00e3o P\u00fablica &#8211; Maria Hernandez<\/td>\n<td><a href=\"https:\/\/www.youtube.com\/watch?v=YbezR7Q9QXo\" target=\"_blank\">Acessar<\/a><\/td>\n<td>01:28:16<\/td>\n<\/tr>\n<tr>\n<td>5\u00ba Ecoinovar &#8211; As Boas Pr\u00e1ticas Ambientais nas For\u00e7as Armadas Portuguesas<\/td>\n<td><a href=\"https:\/\/www.youtube.com\/watch?v=_ywcNeXiMC0\" target=\"_blank\">Acessar<\/a><\/td>\n<td>01:15:38<\/td>\n<\/tr>\n<tr>\n<td>5\u00ba Ecoinovar &#8211; Painel Seguran\u00e7a e Cidadania<\/td>\n<td><a href=\"https:\/\/www.youtube.com\/watch?v=IF1OBp_MR68\" target=\"_blank\">Acessar<\/a><\/td>\n<td>01:25:05<\/td>\n<\/tr>\n<tr>\n<td>5\u00ba Ecoinovar &#8211; Solenidade de Encerramento e Premia\u00e7\u00e3o<\/td>\n<td><a href=\"https:\/\/www.youtube.com\/watch?v=ypao15Oh6LU\" target=\"_blank\">Acessar<\/a><\/td>\n<td>00:38:31<\/td>\n<\/tr>\n<tr>\n<td>5\u00ba F\u00f3rum Internacional Ecoinovar<\/td>\n<td><a href=\"https:\/\/www.youtube.com\/watch?v=kAjxFX_AN2I\" target=\"_blank\">Acessar<\/a><\/td>\n<td>00:02:38<\/td>\n<\/tr>\n<tr>\n<td>4\u00ba F\u00f3rum Internacional Ecoinovar<\/td>\n<td><a href=\"https:\/\/www.youtube.com\/watch?v=jZZ5kOoGpOs\" target=\"_blank\">Acessar<\/a><\/td>\n<td>00:07:17<\/td>\n<\/tr>\n<tr>\n<td>3\u00ba F\u00f3rum Internacional Ecoinovar<\/td>\n<td><a href=\"https:\/\/www.youtube.com\/watch?v=ncC4Oh94C94\" target=\"_blank\">Acessar<\/a><\/td>\n<td>00:08:58<\/td>\n<\/tr>\n<tr>\n<td>2\u00ba F\u00f3rum Internacional Ecoinovar<\/td>\n<td><a href=\"https:\/\/www.youtube.com\/watch?v=pYeww9dIK7o\" target=\"_blank\">Acessar<\/a><\/td>\n<td>00:15:07<\/td>\n<\/tr>\n<tr>\n<td>1\u00ba F\u00f3rum Internacional Ecoinovar<\/td>\n<td><a href=\"https:\/\/www.youtube.com\/watch?v=4-2CbfMDYDo\" target=\"_blank\">Acessar<\/a><\/td>\n<td>00:04:27<\/td>\n<\/tr>\n<\/tbody>\n<\/table>\n","protected":false},"excerpt":{"rendered":"<p>Nome do v\u00eddeo Link Dura\u00e7\u00e3o Nome do v\u00eddeo Link Dura\u00e7\u00e3o 7\u00ba Ecoinovar &#8211; Painel Comemorativo aos 10 anos da ReA-UFSM Acessar 01:11:02 6\u00ba Ecoinovar &#8211; Cerim\u00f4nia de Abertura do F\u00f3rum Acessar 00:44:06 6\u00ba Ecoinovar &#8211; Atividade Cultural Acessar 00:37:47 6\u00ba Ecoinovar &#8211; Perspectivas do Financiamento da Sustentabilidade e do Empreendedorismo Social Acessar 00:46:59 6\u00ba Ecoinovar&hellip;<\/p>\n","protected":false},"author":1,"featured_media":0,"parent":0,"menu_order":0,"comment_status":"closed","ping_status":"closed","template":"","meta":{"footnotes":"","_links_to":"","_links_to_target":""},"class_list":["post-471","page","type-page","status-publish","hentry","description-off"],"_links":{"self":[{"href":"https:\/\/ecoinovar.com\/10\/wp-json\/wp\/v2\/pages\/471","targetHints":{"allow":["GET"]}}],"collection":[{"href":"https:\/\/ecoinovar.com\/10\/wp-json\/wp\/v2\/pages"}],"about":[{"href":"https:\/\/ecoinovar.com\/10\/wp-json\/wp\/v2\/types\/page"}],"author":[{"embeddable":true,"href":"https:\/\/ecoinovar.com\/10\/wp-json\/wp\/v2\/users\/1"}],"replies":[{"embeddable":true,"href":"https:\/\/ecoinovar.com\/10\/wp-json\/wp\/v2\/comments?post=471"}],"version-history":[{"count":0,"href":"https:\/\/ecoinovar.com\/10\/wp-json\/wp\/v2\/pages\/471\/revisions"}],"wp:attachment":[{"href":"https:\/\/ecoinovar.com\/10\/wp-json\/wp\/v2\/media?parent=471"}],"curies":[{"name":"wp","href":"https:\/\/api.w.org\/{rel}","templated":true}]}}