{"id":4152,"date":"2021-10-23T15:01:09","date_gmt":"2021-10-23T18:01:09","guid":{"rendered":"https:\/\/ecoinovar.com\/10\/?page_id=4152"},"modified":"2021-10-27T10:29:36","modified_gmt":"2021-10-27T13:29:36","slug":"trabalhos-aprovados","status":"publish","type":"page","link":"https:\/\/ecoinovar.com\/10\/mostra-cientifica\/trabalhos-aprovados\/","title":{"rendered":"Trabalhos Aprovados"},"content":{"rendered":"\t\t<div data-elementor-type=\"wp-page\" data-elementor-id=\"4152\" class=\"elementor elementor-4152\" data-elementor-post-type=\"page\">\n\t\t\t\t\t\t<section class=\"elementor-section elementor-top-section elementor-element elementor-element-1a0d9f1e elementor-section-boxed elementor-section-height-default elementor-section-height-default\" data-id=\"1a0d9f1e\" data-element_type=\"section\">\n\t\t\t\t\t\t<div class=\"elementor-container elementor-column-gap-default\">\n\t\t\t\t\t<div class=\"elementor-column elementor-col-100 elementor-top-column elementor-element elementor-element-5ccfa9d8\" data-id=\"5ccfa9d8\" data-element_type=\"column\">\n\t\t\t<div class=\"elementor-widget-wrap elementor-element-populated\">\n\t\t\t\t\t\t<div class=\"elementor-element elementor-element-5f5ae99 elementor-widget elementor-widget-text-editor\" data-id=\"5f5ae99\" data-element_type=\"widget\" data-widget_type=\"text-editor.default\">\n\t\t\t\t<div class=\"elementor-widget-container\">\n\t\t\t\t\t\t\t\t\t<h3>Trabalhos Aprovados V Mostra Cient\u00edfica<\/h3>\n<div><\/div>\n<p><strong>IMPORTANTE:<\/strong>&nbsp;Todos os participantes das equipes com projetos aprovados informados no momento da submiss\u00e3o est\u00e3o automaticamente inscritos na IV Mostra Cient\u00edfica Ecoinovar.<\/p>\n<p>\u00c9 obrigat\u00f3ria a participa\u00e7\u00e3o do aluno l\u00edder e do professor coordenador (caso o aluno participante seja menor de 18 anos) de cada projeto aprovado. A participa\u00e7\u00e3o dos demais integrantes \u00e9 optativa.<\/p>\n<p>Ressalta-se que os integrantes das equipes com trabalhos aprovados na Mostra Cient\u00edfica Ecoinovar n\u00e3o precisar\u00e3o realizar o pagamento de taxa de inscri\u00e7\u00e3o.<\/p>\n<p>Al\u00e9m dos Certificados de Participa\u00e7\u00e3o na Mostra Cient\u00edfica Ecoinovar (8h\/aula) que ser\u00e3o concedidos para aqueles que obtiverem frequ\u00eancia m\u00ednima (75%) nas atividades, a Mostra ir\u00e1 premiar os projetos com melhores coloca\u00e7\u00f5es (vide o regulamento).<\/p>\n<p>Ressalta-se ainda, que os participantes da Mostra Cient\u00edfica Ecoinovar n\u00e3o receber\u00e3o certificado do 10\u00ba F\u00f3rum Internacional Ecoinovar, j\u00e1 que as atividades s\u00e3o distintas.<\/p>\t\t\t\t\t\t\t\t<\/div>\n\t\t\t\t<\/div>\n\t\t\t\t<div class=\"elementor-element elementor-element-5c1b000 elementor-widget elementor-widget-button\" data-id=\"5c1b000\" data-element_type=\"widget\" data-widget_type=\"button.default\">\n\t\t\t\t<div class=\"elementor-widget-container\">\n\t\t\t\t\t\t\t\t\t<div class=\"elementor-button-wrapper\">\n\t\t\t\t\t<a class=\"elementor-button elementor-button-link elementor-size-sm\" href=\"https:\/\/ecoinovar.com\/10\/wp-content\/uploads\/sites\/5\/2021\/10\/ECOINOVAR_vfinal1_Empreendedorismo-na-Educacao.pdf\">\n\t\t\t\t\t\t<span class=\"elementor-button-content-wrapper\">\n\t\t\t\t\t\t\t\t\t<span class=\"elementor-button-text\">Palestra de Abertura<\/span>\n\t\t\t\t\t<\/span>\n\t\t\t\t\t<\/a>\n\t\t\t\t<\/div>\n\t\t\t\t\t\t\t\t<\/div>\n\t\t\t\t<\/div>\n\t\t\t\t<div class=\"elementor-element elementor-element-3cf4505e elementor-widget elementor-widget-text-editor\" data-id=\"3cf4505e\" data-element_type=\"widget\" data-widget_type=\"text-editor.default\">\n\t\t\t\t<div class=\"elementor-widget-container\">\n\t\t\t\t\t\t\t\t\t<table class=\"table table-striped\">\n<tbody>\n<tr>\n<td>26<\/td>\n<td><a href=\"http:\/\/ecoinovar.submissao.com.br\/10ecoinovar\/arquivos\/26.pdf\" target=\"blank\">SEMEANDO INICIATIVAS: UM DESDOBRAMENTO DAS COMPET\u00caNCIAS<\/a>\n<div>Catiane Medianeira Limberger Guedes &#8211;\u00a0<em>Universidade Federal de Santa Maria &#8211; UFSM<\/em><\/div><\/td>\n<\/tr>\n\n<tr>\n<td>32<\/td>\n<td><a href=\"http:\/\/ecoinovar.submissao.com.br\/10ecoinovar\/arquivos\/32.pdf\" target=\"blank\">Programando eu aprendo<\/a>\n<div>Bruna Linhati De Oliveira &#8211;\u00a0<em>Universidade Federal de Santa Maria &#8211; UFSM<\/em><\/div><\/td>\n<\/tr>\n<tr>\n<td>80<\/td>\n<td><a href=\"http:\/\/ecoinovar.submissao.com.br\/10ecoinovar\/arquivos\/80.pdf\" target=\"blank\">ATELI\u00ca DE CRIA\u00c7\u00c3O DE MOBILI\u00c1RIO SUSTENT\u00c1VEL: UMA PROPOSTA PARA A EDUCA\u00c7\u00c3O PROFISSIONAL<\/a>\n<div>M\u00e1rcia Tomasi Vendruscolo &#8211;\u00a0<em>Escola Municipal de Aprendizagem Industrial (EMAI)<\/em><\/div><\/td>\n<\/tr>\n<tr>\n<td>101<\/td>\n<td><a href=\"http:\/\/ecoinovar.submissao.com.br\/10ecoinovar\/arquivos\/101.pdf\" target=\"blank\">CONECTA IFRO: CONHECIMENTO AL\u00c9M DAS FRONTEIRAS<\/a>\n<div>Luciana Aparecida Barbieri Da Rosa &#8211;\u00a0<em>Instituto Federal de Educa\u00e7\u00e3o, Ci\u00eancia e Tecnologia de Rond\u00f4nia IFRO<\/em><\/div><\/td>\n<\/tr>\n<tr>\n<td>142<\/td>\n<td><a href=\"http:\/\/ecoinovar.submissao.com.br\/10ecoinovar\/arquivos\/142.pdf\" target=\"blank\">Voa Passarinho<\/a>\n<div>Evelin Santos Teixeira &#8211;\u00a0<em>EMEF DI\u00c1CONO JO\u00c3O LUIZ POZZOBON<\/em><\/div><\/td>\n<\/tr>\n<tr>\n<td>149<\/td>\n<td><a href=\"http:\/\/ecoinovar.submissao.com.br\/10ecoinovar\/arquivos\/149.pdf\" target=\"blank\">PRESERVA\u00c7\u00c3O DOS CEMIT\u00c9RIOS DE SANTA MARIA, UM DOS PATRIM\u00d4NIOS MAIS ANTIGOS DA SOCIEDADE<\/a>\n<div>M\u00e1rcia Gerhardt &#8211;\u00a0<em>Col\u00e9gio Polit\u00e9cnico da UFSM<\/em><\/div><\/td>\n<\/tr>\n<tr>\n<td>240<\/td>\n<td><a href=\"http:\/\/ecoinovar.submissao.com.br\/10ecoinovar\/arquivos\/240.pdf\" target=\"blank\">O USO DE SISTEMAS DE INFORMA\u00c7\u00d5ES GERENCIAIS-SIG EM AGROIND\u00daSTRIAS<\/a>\n<div>Jean Marcos Da Silva &#8211;\u00a0<em>Instituto Federal Sul-rio-grandense &#8211; IFSul<\/em><\/div><\/td>\n<\/tr>\n<tr>\n<td>242<\/td>\n<td><a href=\"http:\/\/ecoinovar.submissao.com.br\/10ecoinovar\/arquivos\/242.pdf\" target=\"blank\">FEIR\u00c3O DE TROCAS: UMA EXPERI\u00caNCIA DE EDUCA\u00c7\u00c3O AMBIENTAL<\/a>\n<div>Jean Marcos Da Silva &#8211;\u00a0<em>Instituto Federal Sul-rio-grandense &#8211; IFSul<\/em><\/div><\/td>\n<\/tr>\n<tr>\n<td>250<\/td>\n<td><a href=\"http:\/\/ecoinovar.submissao.com.br\/10ecoinovar\/arquivos\/250.pdf\" target=\"blank\">ACESSIBILIDADE NO IFSUL: PR\u00c1TICAS PARA A INCLUS\u00c3O DE PESSOAS COM DEFICI\u00caNCIA<\/a>\n<div>Fernando Lu\u00eds Herrmann &#8211;\u00a0<em>Instituto Federal Sul-rio-grandense &#8211; IFSul<\/em><\/div><\/td>\n<\/tr>\n<tr>\n<td>259<\/td>\n<td><a href=\"http:\/\/ecoinovar.submissao.com.br\/10ecoinovar\/arquivos\/259.pdf\" target=\"blank\">Inova\u00e7\u00e3o a servi\u00e7o do Direito \u00e0 felicidade para jovens: desafios e possibilidades p\u00f3s-pandemia<\/a>\n<div>Josiane Paula Da Luz &#8211;\u00a0<em>Instituto Federal de Educa\u00e7\u00e3o, Ci\u00eancia e Tecnologia Sul-rio-grandense C\u00e2mpus Ven\u00e2ncio Aires<\/em><\/div><\/td>\n<\/tr>\n<tr>\n<td>284<\/td>\n<td><a href=\"http:\/\/ecoinovar.submissao.com.br\/10ecoinovar\/arquivos\/284.pdf\" target=\"blank\">Reinventando a Terra<\/a>\n<div>Carla Olegaria Correa Machado &#8211;\u00a0<em>Col\u00e9gio Tiradentes da Brigada Militar de Santa Maria<\/em><\/div><\/td>\n<\/tr>\n<tr>\n<td>302<\/td>\n<td><a href=\"http:\/\/ecoinovar.submissao.com.br\/10ecoinovar\/arquivos\/302.pdf\" target=\"blank\">ATITUDES SUSTENT\u00c1VEIS: CH\u00c1S E TEMPEROS NO COTIDIANO ESCOLAR<\/a>\n<div>Marcia Eliana Migotto Araujo &#8211;\u00a0<em>Universidade Federal de Santa Maria &#8211; UFSM<\/em><\/div><\/td>\n<\/tr>\n<tr>\n<td>319<\/td>\n<td><a href=\"http:\/\/ecoinovar.submissao.com.br\/10ecoinovar\/arquivos\/319.pdf\" target=\"blank\">PlaMoNA &#8211; Plataforma de monitoramento do n\u00edvel de \u00e1guas<\/a>\n<div>Geovane Griesang &#8211;\u00a0<em>Instituto Federal Sul-rio-grandense &#8211; IFSul<\/em><\/div><\/td>\n<\/tr>\n<tr>\n<td>374<\/td>\n<td><a href=\"http:\/\/ecoinovar.submissao.com.br\/10ecoinovar\/arquivos\/374.pdf\" target=\"blank\">Monitoramento de Cont\u00eaineres de Res\u00edduos Urbanos aplicando Plataforma ARDUINO<\/a>\n<div>Diego Dorneles Goulart &#8211;\u00a0<em>Escola Municipal de Aprendizagem Industrial (EMAI)<\/em><\/div><\/td>\n<\/tr>\n<tr>\n<td>376<\/td>\n<td><a href=\"http:\/\/ecoinovar.submissao.com.br\/10ecoinovar\/arquivos\/376.pdf\" target=\"blank\">A CONSTRU\u00c7\u00c3O DE UM MUNDO SUSTENT\u00c1VEL: CONFEC\u00c7\u00c3O DE ECOBAGS<\/a>\n<div>Renilda Genro &#8211;\u00a0<em>UNIFRAN &#8211; Universidade de Franca<\/em><\/div><\/td>\n<\/tr>\n<tr>\n<td>232<\/td>\n<td><a href=\"http:\/\/ecoinovar.submissao.com.br\/10ecoinovar\/arquivos\/232.pdf\" target=\"blank\">Sustent\u00e1gua<\/a>\n<div>Josi\u00e9li Demetrio Siqueira &#8211;\u00a0<em>Universidade Federal de Santa Maria &#8211; UFSM<\/em><\/div><\/td>\n<\/tr>\n<tr>\n<td>233<\/td>\n<td><a href=\"http:\/\/ecoinovar.submissao.com.br\/10ecoinovar\/arquivos\/233.pdf\" target=\"blank\">TELHA ECOL\u00d3GICA<\/a>\n<div>Josi\u00e9li Demetrio Siqueira &#8211;\u00a0<em>Universidade Federal de Santa Maria &#8211; UFSM<\/em><\/div><\/td>\n<\/tr>\n<tr>\n<td>234<\/td>\n<td><a href=\"http:\/\/ecoinovar.submissao.com.br\/10ecoinovar\/arquivos\/234.pdf\" target=\"blank\">BERGACIDA: um inseticida natural a base de extratos de bergamota para combater o mosquito da dengue.<\/a>\n<div>Josi\u00e9li Demetrio Siqueira &#8211;\u00a0<em>Universidade Federal de Santa Maria &#8211; UFSM<\/em><\/div><\/td>\n<\/tr>\n<tr>\n<td>304<\/td>\n<td><a href=\"http:\/\/ecoinovar.submissao.com.br\/10ecoinovar\/arquivos\/304.pdf\" target=\"blank\">BIODEGRADABILIDADE DE CANUDOS EM AMOSTRAS DE \u00c1GUA PROVENIENTES DE \u00c1REAS DE ESCOAMENTO PLUVIAL EM PORTO ALEGRE \u2013RS.<\/a>\n<div>Alessandra Faedrich Martins Rosa &#8211;\u00a0<em>Col\u00e9gio Farroupilha<\/em><\/div><\/td>\n<\/tr>\n<tr>\n<td>377<\/td>\n<td><a href=\"http:\/\/ecoinovar.submissao.com.br\/10ecoinovar\/arquivos\/377.pdf\" target=\"blank\">ECO VIS\u00c3O<\/a>\n<div>Josi\u00e9li Demetrio Siqueira &#8211;\u00a0<em>Universidade Federal de Santa Maria &#8211; UFSM<\/em><\/div><\/td>\n<\/tr>\n<\/tbody>\n<\/table>\t\t\t\t\t\t\t\t<\/div>\n\t\t\t\t<\/div>\n\t\t\t\t\t<\/div>\n\t\t<\/div>\n\t\t\t\t\t<\/div>\n\t\t<\/section>\n\t\t\t\t<\/div>\n\t\t","protected":false},"excerpt":{"rendered":"<p>Trabalhos Aprovados V Mostra Cient\u00edfica IMPORTANTE:&nbsp;Todos os participantes das equipes com projetos aprovados informados no momento da submiss\u00e3o est\u00e3o automaticamente inscritos na IV Mostra Cient\u00edfica Ecoinovar. \u00c9 obrigat\u00f3ria a participa\u00e7\u00e3o do aluno l\u00edder e do professor coordenador (caso o aluno participante seja menor de 18 anos) de cada projeto aprovado. A participa\u00e7\u00e3o dos demais integrantes&hellip;<\/p>\n","protected":false},"author":2,"featured_media":0,"parent":578,"menu_order":0,"comment_status":"closed","ping_status":"closed","template":"","meta":{"footnotes":"","_links_to":"","_links_to_target":""},"class_list":["post-4152","page","type-page","status-publish","hentry"],"_links":{"self":[{"href":"https:\/\/ecoinovar.com\/10\/wp-json\/wp\/v2\/pages\/4152","targetHints":{"allow":["GET"]}}],"collection":[{"href":"https:\/\/ecoinovar.com\/10\/wp-json\/wp\/v2\/pages"}],"about":[{"href":"https:\/\/ecoinovar.com\/10\/wp-json\/wp\/v2\/types\/page"}],"author":[{"embeddable":true,"href":"https:\/\/ecoinovar.com\/10\/wp-json\/wp\/v2\/users\/2"}],"replies":[{"embeddable":true,"href":"https:\/\/ecoinovar.com\/10\/wp-json\/wp\/v2\/comments?post=4152"}],"version-history":[{"count":25,"href":"https:\/\/ecoinovar.com\/10\/wp-json\/wp\/v2\/pages\/4152\/revisions"}],"predecessor-version":[{"id":4253,"href":"https:\/\/ecoinovar.com\/10\/wp-json\/wp\/v2\/pages\/4152\/revisions\/4253"}],"up":[{"embeddable":true,"href":"https:\/\/ecoinovar.com\/10\/wp-json\/wp\/v2\/pages\/578"}],"wp:attachment":[{"href":"https:\/\/ecoinovar.com\/10\/wp-json\/wp\/v2\/media?parent=4152"}],"curies":[{"name":"wp","href":"https:\/\/api.w.org\/{rel}","templated":true}]}}