{"id":402,"date":"2017-05-04T09:58:46","date_gmt":"2017-05-04T12:58:46","guid":{"rendered":"http:\/\/ecoinovar.institucional.ws\/?page_id=402"},"modified":"2021-10-07T15:26:46","modified_gmt":"2021-10-07T18:26:46","slug":"comissao","status":"publish","type":"page","link":"https:\/\/ecoinovar.com\/10\/apresentacao\/comissao\/","title":{"rendered":"Comiss\u00e3o Organizadora do Evento"},"content":{"rendered":"\t\t<div data-elementor-type=\"wp-page\" data-elementor-id=\"402\" class=\"elementor elementor-402\" data-elementor-post-type=\"page\">\n\t\t\t\t\t\t<section class=\"elementor-section elementor-top-section elementor-element elementor-element-250fc325 elementor-section-boxed elementor-section-height-default elementor-section-height-default\" data-id=\"250fc325\" data-element_type=\"section\">\n\t\t\t\t\t\t<div class=\"elementor-container elementor-column-gap-default\">\n\t\t\t\t\t<div class=\"elementor-column elementor-col-100 elementor-top-column elementor-element elementor-element-1b46d851\" data-id=\"1b46d851\" data-element_type=\"column\">\n\t\t\t<div class=\"elementor-widget-wrap elementor-element-populated\">\n\t\t\t\t\t\t<div class=\"elementor-element elementor-element-57416f30 elementor-widget elementor-widget-text-editor\" data-id=\"57416f30\" data-element_type=\"widget\" data-widget_type=\"text-editor.default\">\n\t\t\t\t<div class=\"elementor-widget-container\">\n\t\t\t\t\t\t\t\t\t<p><strong>Coordena\u00e7\u00e3o Geral do evento<\/strong>: Prof\u00aa.\u00a0Dr\u00aa. Clandia Maffini Gomes, PPGA \u2013 UFSM , Brasil<\/p>\t\t\t\t\t\t\t\t<\/div>\n\t\t\t\t<\/div>\n\t\t\t\t<div class=\"elementor-element elementor-element-6446a01 elementor-widget elementor-widget-text-editor\" data-id=\"6446a01\" data-element_type=\"widget\" data-widget_type=\"text-editor.default\">\n\t\t\t\t<div class=\"elementor-widget-container\">\n\t\t\t\t\t\t\t\t\t<p><span style=\"font-weight: bold;\">Comit\u00ea Cient\u00edfico<\/span><\/p><ul><li>Alet\u00e9ia de Moura Carpes, PPGA \u2013 UFSM, Brasil<\/li><li>Alexandre Costa Quintana, PPGCONT\/FURG, Brasil<\/li><li>Alisson Eduardo Maehler, PPGDTSA \u2013 UFPel, Brasil<\/li><li>Amir Rezaee, Institut Sup\u00e9rieur de Gestion, Paris, Fran\u00e7a<\/li><li>Andressa Hennig Silva, PPGA \u2013 UNIPAMPA, Brasil<\/li><li>Andressa Schaurich dos Santos, FISMA, Brasil<\/li><li>Angela Isabel dos Santos Dullius, PPGEMQ \u2013 UFSM, Brasil<\/li><li>Antonio Zanin, PPGCCA \u2013 UNOCHAPEC\u00d3, Brasil<\/li><li>Breno Nunes, Aston University, Reino Unido<\/li><li>Carlos Alberto Diehl, PPGCC \u2013 UNISINOS, Brasil<\/li><li>Carlos Heitor Cunha Moreira, PPGO \u2013 CCS, Brasil<\/li><li>Cibele Martins, UFSC, Brasil<\/li><li>Cl\u00e1udia Terezinha Kniess, USJT e UNIFESP, Brasil<\/li><li>Cl\u00e1udio Senna Venzke, UDESC, Brasil<\/li><li>Cristiano Sausen Soares, PPGCC \u2013 UFSM, Brasil<\/li><li>Emerson Ant\u00f3nio Maccari, PPGA \u2013 UNINOVE, Brasil<\/li><li>Fl\u00e1via Luciane Scherer, PPGA \u2013 UFSM, Brasil<\/li><li>Fl\u00e1vio Hourneaux, PPGA \u2013 USP, Brasil<\/li><li>Gilnei Luiz de Moura, PPGA \u2013 UFSM, Brasil<\/li><li>Gustavo da Rosa Borges, PPGA \u2013 UNIPAMPA, Brasil<\/li><li>Helena Maria Santos Rodrigues, I. Polit\u00e9cnico de Viana do Castelo, Portugal<\/li><li>Igor Sonza, PPGA \u2013 UFSM, Brasil<\/li><li>Inna Choban de Sousa Paiva, Instituto Universit\u00e1rio de Lisboa, Portugal<\/li><li>Isabel Teresinha Dutra Soares, UFPEL, Brasil<\/li><li>Isak Kruglianskas, PPGA \u2013 USP, Brasil<\/li><li>\u00cdtalo Fernando Minello, PPGA \u2013 UFSM, Brasil<\/li><li>Ivanete Schneider Hahn \u2013 UNIARP, Brasil<\/li><li>Jessye Melgarejo do Amaral Giordani, PPGO \u2013 CCS, Brasil<\/li><li>Jo\u00e3o Fernando Zamberlan, UNICRUZ, Brasil<\/li><li>Jo\u00e3o Garibaldi Almeida Viana, PPGA \u2013 UNIPAMPA, Brasil<\/li><li>Jo\u00e3o Paulo Martins Ribeiro, Empreend, Portugal<\/li><li>Jos\u00e9 Antonio Gonzalez da Silva, PPGMM \u2013 UNIJU\u00cd, Brasil<\/li><li>Julio Siluk, PPGEP, UFSM, Brasil<\/li><li>Larissa Degenhart, PPGCC \u2013 UFSM, Brasil<\/li><li>L\u00edlian Caporl\u00edngua Giesta Cabral, UFERSA, Brasil<\/li><li>Lucas Veiga \u00c1vila, UFSM, Brasil<\/li><li>L\u00facia Rejane da R. Gama Madruga, PPGA \u2013 UFSM, Brasil<\/li><li>Luis Felipe Dias Lopes, PPGA \u2013 UFSM, Brasil<\/li><li>Luis Felipe Machado do Nascimento, PPGA \u2013 UFRGS, Brasil<\/li><li>Luisa Cagica Carvalho, Instituto Polit\u00e9cnico de Set\u00fabal, Portugal<\/li><li>Luiz Henrique Figueira Marquezan, PPGCC \u2013 UFSM, Brasil<\/li><li>M\u00e1rcia Bianchi, PPGCONT \u2013 UFRGS, Brasil<\/li><li>Marcia Helena do Nascimento Lorentz, PROGEP \u2013 UFSM, Brasil<\/li><li>Maria Carolina Rodrigues, Universidade de Extremadura, Espanha, CIEO, Empreend<\/li><li>Maria de F\u00e1tima Morais Lob\u00e3o, Empreend, Portugal<\/li><li>Maria Em\u00edlia Camargo, PPGA \u2013 UFSM, Brasil<\/li><li>Maria Isabel Sanchez Hernandez, Universidade de Extremadura, Espanha<\/li><li>Maria Jose Aguilar Madeira, Universidade da Beira Interior, Portugal<\/li><li>Maria Margarete Baccin Brizolla, PPGDR \u2013 UNIJU\u00cd, Brasil<\/li><li>Mar\u00eda Pache Duran, Universidad de M\u00e1laga, Espanha<\/li><li>Mar\u00eda Teresa Nevado Gil, Instituto Polit\u00e9cnico de Set\u00fabal, Portugal<\/li><li>M\u00e1rio Carrilho Negas, U.Aberta, UMCLA\/ELO, Laborat\u00f3rio de Educa\u00e7\u00e3o a Dist\u00e2ncia e eLearning (LE@D) \u2013 Empreend, Portugal<\/li><li>Marivane Vestena Rossato, PPGCC \u2013 UFSM, Brasil<\/li><li>Mois\u00e9s Centenaro, PPGDRS \u2013 UEMS, Brasil<\/li><li>Patricia Maria Bortolon, PPGCON \u2013 UFES, Brasil<\/li><li>Paulo Cassanego Junior, PPGA \u2013 UNIPAMPA, Brasil<\/li><li>Ricardo Ribeiro Alves, PPGA \u2013 UNIPAMPA, Brasil<\/li><li>Sebasti\u00e3o Airton da Rosa Cerqueira-Ad\u00e3o, PPGA \u2013 UNIPAMPA, Brasil<\/li><li>Thiago Ant\u00f4nio Beuron, PPGA \u2013 UNIPAMPA, Brasil<\/li><li>Thiago Machado Ardenghi, PPGO \u2013 CCS, Brasil<\/li><li>Tiago Patias, PPGAGR \u2013 UFSM, Brasil<\/li><li>Vanessa Almeida da Silva, IFFAR, Brasil<\/li><li>Vin\u00edcius Costa da Silva Zonatto, PPGCC \u2013 UFSM, Brasil<\/li><li>V\u00edtor Francisco Schuch Jr., PPGA \u2013 UFSM, Brasil<\/li><li>Walter Priesnitz Filho, CTISM \u2013 UFSM, Brasil<\/li><li>Yerko Cortes Soza, Universidad Tecnol\u00f3gica de Chile, INACAP e Universidad de Concepci\u00f3n, Chile<\/li><\/ul>\t\t\t\t\t\t\t\t<\/div>\n\t\t\t\t<\/div>\n\t\t\t\t\t<\/div>\n\t\t<\/div>\n\t\t\t\t\t<\/div>\n\t\t<\/section>\n\t\t\t\t<section class=\"elementor-section elementor-top-section elementor-element elementor-element-ee397c7 elementor-section-boxed elementor-section-height-default elementor-section-height-default\" data-id=\"ee397c7\" data-element_type=\"section\">\n\t\t\t\t\t\t<div class=\"elementor-container elementor-column-gap-default\">\n\t\t\t\t\t<div class=\"elementor-column elementor-col-100 elementor-top-column elementor-element elementor-element-1faf172\" data-id=\"1faf172\" data-element_type=\"column\">\n\t\t\t<div class=\"elementor-widget-wrap elementor-element-populated\">\n\t\t\t\t\t\t<div class=\"elementor-element elementor-element-1ee90fd elementor-widget elementor-widget-text-editor\" data-id=\"1ee90fd\" data-element_type=\"widget\" data-widget_type=\"text-editor.default\">\n\t\t\t\t<div class=\"elementor-widget-container\">\n\t\t\t\t\t\t\t\t\t<p><span style=\"font-weight: bold;\">Coordena\u00e7\u00e3o Cient\u00edfica e Operacional<\/span><\/p><ul><li>Jordana Marques Kneipp,\u00a0PPGA \u2013\u00a0UFSM, Brasil<\/li><li>Roberto Schoproni Bichueti,\u00a0PPGA \u2013\u00a0UFSM, Brasil<\/li><\/ul>\t\t\t\t\t\t\t\t<\/div>\n\t\t\t\t<\/div>\n\t\t\t\t\t<\/div>\n\t\t<\/div>\n\t\t\t\t\t<\/div>\n\t\t<\/section>\n\t\t\t\t<\/div>\n\t\t","protected":false},"excerpt":{"rendered":"<p>Coordena\u00e7\u00e3o Geral do evento: Prof\u00aa.\u00a0Dr\u00aa. Clandia Maffini Gomes, PPGA \u2013 UFSM , Brasil Comit\u00ea Cient\u00edfico Alet\u00e9ia de Moura Carpes, PPGA \u2013 UFSM, Brasil Alexandre Costa Quintana, PPGCONT\/FURG, Brasil Alisson Eduardo Maehler, PPGDTSA \u2013 UFPel, Brasil Amir Rezaee, Institut Sup\u00e9rieur de Gestion, Paris, Fran\u00e7a Andressa Hennig Silva, PPGA \u2013 UNIPAMPA, Brasil Andressa Schaurich dos Santos, FISMA,&hellip;<\/p>\n","protected":false},"author":1,"featured_media":0,"parent":398,"menu_order":0,"comment_status":"closed","ping_status":"closed","template":"","meta":{"footnotes":"","_links_to":"","_links_to_target":""},"class_list":["post-402","page","type-page","status-publish","hentry"],"_links":{"self":[{"href":"https:\/\/ecoinovar.com\/10\/wp-json\/wp\/v2\/pages\/402","targetHints":{"allow":["GET"]}}],"collection":[{"href":"https:\/\/ecoinovar.com\/10\/wp-json\/wp\/v2\/pages"}],"about":[{"href":"https:\/\/ecoinovar.com\/10\/wp-json\/wp\/v2\/types\/page"}],"author":[{"embeddable":true,"href":"https:\/\/ecoinovar.com\/10\/wp-json\/wp\/v2\/users\/1"}],"replies":[{"embeddable":true,"href":"https:\/\/ecoinovar.com\/10\/wp-json\/wp\/v2\/comments?post=402"}],"version-history":[{"count":14,"href":"https:\/\/ecoinovar.com\/10\/wp-json\/wp\/v2\/pages\/402\/revisions"}],"predecessor-version":[{"id":4074,"href":"https:\/\/ecoinovar.com\/10\/wp-json\/wp\/v2\/pages\/402\/revisions\/4074"}],"up":[{"embeddable":true,"href":"https:\/\/ecoinovar.com\/10\/wp-json\/wp\/v2\/pages\/398"}],"wp:attachment":[{"href":"https:\/\/ecoinovar.com\/10\/wp-json\/wp\/v2\/media?parent=402"}],"curies":[{"name":"wp","href":"https:\/\/api.w.org\/{rel}","templated":true}]}}