{"id":3889,"date":"2021-08-19T17:10:44","date_gmt":"2021-08-19T20:10:44","guid":{"rendered":"https:\/\/ecoinovar.com\/10\/?page_id=3889"},"modified":"2021-09-13T16:52:06","modified_gmt":"2021-09-13T19:52:06","slug":"fast-track","status":"publish","type":"page","link":"https:\/\/ecoinovar.com\/10\/fast-track\/","title":{"rendered":"Fast-Track"},"content":{"rendered":"\n<p>Os melhores trabalhos do 10\u00ba F\u00f3rum Internacional Ecoinovar estar\u00e3o concorrendo a&nbsp;<em>fast-track<\/em>&nbsp;nos seguintes peri\u00f3dicos:<\/p>\n\n\n\n\n\n\n<hr class=\"wp-block-separator\"\/>\n\n\n\n<p><strong>Coordena\u00e7\u00e3o: Prof\u00aa. Dr\u00aa. Maria Em\u00edlia Camargo &#8211; PPGA\/UFSM<\/strong><\/p>\n\n\n\n<p><strong>&nbsp;&nbsp;&nbsp;&nbsp;&nbsp;&nbsp;&nbsp;&nbsp;&nbsp;&nbsp;&nbsp;&nbsp;&nbsp;&nbsp;&nbsp;&nbsp;&nbsp;&nbsp;&nbsp;&nbsp;&nbsp; <\/strong><strong>Prof\u00aa. Dr\u00aa.<\/strong><strong> <\/strong><strong>Cibele Martins &#8211; UFSC<\/strong><strong><\/strong><\/p>\n\n\n\n<p><\/p>\n","protected":false},"excerpt":{"rendered":"<p>Os melhores trabalhos do 10\u00ba F\u00f3rum Internacional Ecoinovar estar\u00e3o concorrendo a&nbsp;fast-track&nbsp;nos seguintes peri\u00f3dicos: Coordena\u00e7\u00e3o: Prof\u00aa. Dr\u00aa. Maria Em\u00edlia Camargo &#8211; PPGA\/UFSM &nbsp;&nbsp;&nbsp;&nbsp;&nbsp;&nbsp;&nbsp;&nbsp;&nbsp;&nbsp;&nbsp;&nbsp;&nbsp;&nbsp;&nbsp;&nbsp;&nbsp;&nbsp;&nbsp;&nbsp;&nbsp; Prof\u00aa. Dr\u00aa. Cibele Martins &#8211; UFSC<\/p>\n","protected":false},"author":2,"featured_media":0,"parent":0,"menu_order":0,"comment_status":"closed","ping_status":"closed","template":"","meta":{"footnotes":"","_links_to":"","_links_to_target":""},"class_list":["post-3889","page","type-page","status-publish","hentry","description-off"],"_links":{"self":[{"href":"https:\/\/ecoinovar.com\/10\/wp-json\/wp\/v2\/pages\/3889","targetHints":{"allow":["GET"]}}],"collection":[{"href":"https:\/\/ecoinovar.com\/10\/wp-json\/wp\/v2\/pages"}],"about":[{"href":"https:\/\/ecoinovar.com\/10\/wp-json\/wp\/v2\/types\/page"}],"author":[{"embeddable":true,"href":"https:\/\/ecoinovar.com\/10\/wp-json\/wp\/v2\/users\/2"}],"replies":[{"embeddable":true,"href":"https:\/\/ecoinovar.com\/10\/wp-json\/wp\/v2\/comments?post=3889"}],"version-history":[{"count":4,"href":"https:\/\/ecoinovar.com\/10\/wp-json\/wp\/v2\/pages\/3889\/revisions"}],"predecessor-version":[{"id":3994,"href":"https:\/\/ecoinovar.com\/10\/wp-json\/wp\/v2\/pages\/3889\/revisions\/3994"}],"wp:attachment":[{"href":"https:\/\/ecoinovar.com\/10\/wp-json\/wp\/v2\/media?parent=3889"}],"curies":[{"name":"wp","href":"https:\/\/api.w.org\/{rel}","templated":true}]}}