{"id":2823,"date":"2020-05-04T00:08:42","date_gmt":"2020-05-04T03:08:42","guid":{"rendered":"http:\/\/ecoinovar.institucional.ws\/?page_id=2823"},"modified":"2022-02-17T13:10:58","modified_gmt":"2022-02-17T16:10:58","slug":"datas-importantes","status":"publish","type":"page","link":"https:\/\/ecoinovar.com\/10\/datas-importantes\/","title":{"rendered":"Datas importantes"},"content":{"rendered":"\t\t<div data-elementor-type=\"wp-page\" data-elementor-id=\"2823\" class=\"elementor elementor-2823\" data-elementor-post-type=\"page\">\n\t\t\t\t\t\t<section class=\"elementor-section elementor-top-section elementor-element elementor-element-2550f073 elementor-section-boxed elementor-section-height-default elementor-section-height-default\" data-id=\"2550f073\" data-element_type=\"section\">\n\t\t\t\t\t\t<div class=\"elementor-container elementor-column-gap-default\">\n\t\t\t\t\t<div class=\"elementor-column elementor-col-100 elementor-top-column elementor-element elementor-element-291f9a8b\" data-id=\"291f9a8b\" data-element_type=\"column\">\n\t\t\t<div class=\"elementor-widget-wrap elementor-element-populated\">\n\t\t\t\t\t\t<div class=\"elementor-element elementor-element-b39fc04 elementor-widget elementor-widget-text-editor\" data-id=\"b39fc04\" data-element_type=\"widget\" data-widget_type=\"text-editor.default\">\n\t\t\t\t<div class=\"elementor-widget-container\">\n\t\t\t\t\t\t\t\t\t<figure>\n<table width=\"100%\">\n<tbody>\n<tr>\n<td>\n<p><strong>ETAPAS<\/strong><\/p>\n<\/td>\n<td>\n<p><strong>DATAS LIMITES<\/strong><\/p>\n<\/td>\n<\/tr>\n<tr>\n<td>\n<p>Envio de resumos expandidos&nbsp;(novo formato)<\/p>\n<\/td>\n<td>\n<p>22\/09\/2021<\/p>\n<\/td>\n<\/tr>\n<tr>\n<td>\n<p>Divulga\u00e7\u00e3o dos resultados<\/p>\n<\/td>\n<td>\n<p>01\/10\/2021<\/p>\n<\/td>\n<\/tr>\n<tr>\n<td>\n<p>Inscri\u00e7\u00f5es dos autores com trabalhos aprovados<\/p>\n<\/td>\n<td>\n<p>15\/10\/2021<\/p>\n<\/td>\n<\/tr>\n<tr>\n<td>\n<p>Envio de trabalhos completos (opcional)<\/p>\n<\/td>\n<td>\n<p>17\/10\/2021<\/p>\n<\/td>\n<\/tr>\n<tr>\n<td>\n<p>Envio do p\u00f4ster (para trabalhos apresentados nesta modalidade)<\/p>\n<\/td>\n<td>\n<p>17\/10\/2021<\/p>\n<\/td>\n<\/tr>\n<tr>\n<td>\n<p>Inscri\u00e7\u00f5es para participa\u00e7\u00e3o no evento<\/p>\n<\/td>\n<td>\n<p>22\/10\/2021<\/p>\n<\/td>\n<\/tr>\n<\/tbody>\n<\/table>\n<\/figure>\t\t\t\t\t\t\t\t<\/div>\n\t\t\t\t<\/div>\n\t\t\t\t\t<\/div>\n\t\t<\/div>\n\t\t\t\t\t<\/div>\n\t\t<\/section>\n\t\t\t\t<\/div>\n\t\t","protected":false},"excerpt":{"rendered":"<p>ETAPAS DATAS LIMITES Envio de resumos expandidos&nbsp;(novo formato) 22\/09\/2021 Divulga\u00e7\u00e3o dos resultados 01\/10\/2021 Inscri\u00e7\u00f5es dos autores com trabalhos aprovados 15\/10\/2021 Envio de trabalhos completos (opcional) 17\/10\/2021 Envio do p\u00f4ster (para trabalhos apresentados nesta modalidade) 17\/10\/2021 Inscri\u00e7\u00f5es para participa\u00e7\u00e3o no evento 22\/10\/2021<\/p>\n","protected":false},"author":2,"featured_media":0,"parent":0,"menu_order":0,"comment_status":"closed","ping_status":"closed","template":"","meta":{"footnotes":"","_links_to":"","_links_to_target":""},"class_list":["post-2823","page","type-page","status-publish","hentry"],"_links":{"self":[{"href":"https:\/\/ecoinovar.com\/10\/wp-json\/wp\/v2\/pages\/2823","targetHints":{"allow":["GET"]}}],"collection":[{"href":"https:\/\/ecoinovar.com\/10\/wp-json\/wp\/v2\/pages"}],"about":[{"href":"https:\/\/ecoinovar.com\/10\/wp-json\/wp\/v2\/types\/page"}],"author":[{"embeddable":true,"href":"https:\/\/ecoinovar.com\/10\/wp-json\/wp\/v2\/users\/2"}],"replies":[{"embeddable":true,"href":"https:\/\/ecoinovar.com\/10\/wp-json\/wp\/v2\/comments?post=2823"}],"version-history":[{"count":33,"href":"https:\/\/ecoinovar.com\/10\/wp-json\/wp\/v2\/pages\/2823\/revisions"}],"predecessor-version":[{"id":4339,"href":"https:\/\/ecoinovar.com\/10\/wp-json\/wp\/v2\/pages\/2823\/revisions\/4339"}],"wp:attachment":[{"href":"https:\/\/ecoinovar.com\/10\/wp-json\/wp\/v2\/media?parent=2823"}],"curies":[{"name":"wp","href":"https:\/\/api.w.org\/{rel}","templated":true}]}}